{"id":73,"date":"2023-06-19T06:26:00","date_gmt":"2023-06-19T06:26:00","guid":{"rendered":"https:\/\/www.bradfakemoney.com\/?post_type=product&#038;p=73"},"modified":"2026-01-23T16:49:53","modified_gmt":"2026-01-24T00:49:53","slug":"sahte-euro-e50","status":"publish","type":"product","link":"https:\/\/bradmoney.com\/tr\/urun\/sahte-euro-e50\/","title":{"rendered":"Sahte Euro \u20ac50"},"content":{"rendered":"<p data-start=\"477\" data-end=\"912\">Sahte 50 Euro banknotlar, sergiler, sahne dekorlar\u0131, \u00fccret \u00f6demeleri, kira \u00f6demeleri, elektrik faturalar\u0131 ve daha pek \u00e7ok ama\u00e7 i\u00e7in m\u00fckemmeldir. Bradmoney'nin sahte 50 Euro banknotu, sahte para \u00fcretiminde yeni bir \u00e7\u0131\u011f\u0131r a\u00e7m\u0131\u015ft\u0131r. Titiz bir dikkatle tasarlanan bu banknot, benzersiz bir ger\u00e7ek\u00e7ilik sunarak ger\u00e7ek 50 Euro banknotundan neredeyse ay\u0131rt edilemez hale getirir. Geli\u015fmi\u015f ofset bask\u0131 teknolojisi ve otantik pamuk lifi dokusu kullan\u0131larak \u00fcretilen her banknot, Avrupa Merkez Bankas\u0131'n\u0131n resmi para birimi ile ayn\u0131 his ve g\u00f6r\u00fcn\u00fcme sahiptir. <a id=\"Fake-euro-bills-for-sale\"><\/a><a href=\"https:\/\/bradmoney.com\/tr\/urun-kategori%cc%87si%cc%87\/sahte-euro\/\">Sahte euro banknotlar\u0131 sat\u0131l\u0131k<\/a><\/p>\n<p data-start=\"914\" data-end=\"1410\">Versiyonumuz, en yayg\u0131n dola\u015f\u0131mda olan Europa serisi 50 \u20ac banknotu taklit etmektedir. Banknotun \u00f6n y\u00fcz\u00fcnde R\u00f6nesans tarz\u0131 bir kemer, arka y\u00fcz\u00fcnde ise klasik bir k\u00f6pr\u00fc yer almaktad\u0131r. Mikro bask\u0131dan renk gradyanlar\u0131na kadar her tasar\u0131m \u00f6\u011fesi orijinaliyle birebir e\u015fle\u015ftirilmi\u015ftir. Yan\u0131k turuncu ve koyu sar\u0131 renk \u015femas\u0131 asl\u0131na sad\u0131k kal\u0131narak yeniden \u00fcretilmi\u015ftir ve hatta hologram \u015ferit, y\u00fckseltilmi\u015f m\u00fcrekkep ve UV-reaktif lifler daha otantik bir g\u00f6r\u00fcn\u00fcm i\u00e7in entegre edilmi\u015ftir. Euro o kadar hassas bir \u015fekilde \u00fcretilmi\u015ftir ki orijinal Euro'yu bradmoney'in Euro'sundan ay\u0131rt etmek neredeyse imkans\u0131zd\u0131r <a id=\"Buy-realistic-50-euro-fake\"><\/a>Ger\u00e7ek\u00e7i 50 euro sahte para sat\u0131n al\u0131n.<\/p>\n<p data-start=\"1412\" data-end=\"1754\">Bu ger\u00e7ek\u00e7i sahte euro banknot, t\u00fcm karakteristik g\u00fcvenlik \u00f6zelliklerini i\u00e7erir: \u015feffaf portre penceresi, filigran, renk de\u011fi\u015ftiren numara ve g\u00f6m\u00fcl\u00fc iplik, her biri orijinalini yans\u0131tacak \u015fekilde \u00f6zenle yeniden yarat\u0131lm\u0131\u015ft\u0131r. Bradmoney, bu unsurlar\u0131n hizalanmas\u0131n\u0131 ve dokunuldu\u011funda ve incelendi\u011finde ger\u00e7ek gibi hissedilmesini sa\u011flamak i\u00e7in tescilli bir katmanlama y\u00f6ntemi kullan\u0131r. En iyi <a href=\"https:\/\/bradmoney.com\/tr\/urun-kategori%cc%87si%cc%87\/sahte-euro\/\">sahte 50 euro banknotlar<\/a> t\u00fcm Avrupa'da.<\/p>\n<p data-start=\"1756\" data-end=\"2104\">Kalitesiz ve tutars\u0131z sahte para sunan di\u011fer sitelerin aksine, Bradmoney esteti\u011fin \u00f6tesine ge\u00e7en ultra ger\u00e7ek\u00e7i sahte euro banknotlar\u0131 \u00fcretmesiyle tan\u0131n\u0131r. Sahte 50 euro banknotunuzun g\u00f6r\u00fcn\u00fc\u015f ve his olarak ger\u00e7ek parayla m\u00fckemmel bir \u015fekilde uyum sa\u011flamas\u0131 i\u00e7in boyut do\u011frulu\u011fu, ka\u011f\u0131t a\u011f\u0131rl\u0131\u011f\u0131 hassasiyeti ve parlama \u00f6nleyici y\u00fczey i\u015flemi sa\u011fl\u0131yoruz. <a id=\"Realistic-fake-euro\"><\/a>Ger\u00e7ek\u00e7i sahte euro paras\u0131<\/p>\n<h3 data-start=\"1981\" data-end=\"2026\">Sahte 50 Euro Banknotun Temel \u00d6zellikleri<\/h3>\n<ul data-start=\"2028\" data-end=\"2813\">\n<li data-start=\"2028\" data-end=\"2155\">\n<p data-start=\"2030\" data-end=\"2155\"><strong data-start=\"2030\" data-end=\"2054\">Otantik G\u00f6r\u00fcn\u00fcm<\/strong> \u2013 Hologram penceresi, mikro metin ve \u015feffaf g\u00fcvenlik \u00f6zellikleri ile ger\u00e7ek 50 \u20ac banknotlarla ayn\u0131d\u0131r.<\/p>\n<\/li>\n<li data-start=\"2156\" data-end=\"2262\">\n<p data-start=\"2158\" data-end=\"2262\"><strong data-start=\"2158\" data-end=\"2174\">ATM Onayl\u0131<\/strong> \u2013 ATM'lerde, otomatlarda ve para sayma makinelerinde kusursuz performansla test edilmi\u015ftir.<\/p>\n<\/li>\n<li data-start=\"2263\" data-end=\"2388\">\n<p data-start=\"2265\" data-end=\"2388\"><strong data-start=\"2265\" data-end=\"2298\">Orta \u00d6l\u00e7ekli \u0130\u015flemler i\u00e7in \u0130deal<\/strong> \u2013 S\u00fcpermarketler, restoranlar, oteller, taksiler ve perakende al\u0131\u015fveri\u015flerde yayg\u0131n olarak kullan\u0131l\u0131r.<\/p>\n<\/li>\n<li data-start=\"2389\" data-end=\"2490\">\n<p data-start=\"2391\" data-end=\"2490\"><strong data-start=\"2391\" data-end=\"2428\">Alg\u0131lama Sistemleri Taraf\u0131ndan Alg\u0131lanamaz<\/strong> \u2013 UV \u0131\u015f\u0131\u011f\u0131, k\u0131z\u0131l\u00f6tesi kontrolleri ve manyetik testleri ge\u00e7er.<\/p>\n<\/li>\n<li data-start=\"2491\" data-end=\"2586\">\n<p data-start=\"2493\" data-end=\"2586\"><strong data-start=\"2493\" data-end=\"2512\">Y\u00fcksek Dayan\u0131kl\u0131l\u0131k<\/strong> \u2013 Dokunsal kaplamal\u0131 \u00f6zel euro dokulu pamuklu ka\u011f\u0131da bas\u0131lm\u0131\u015ft\u0131r.<\/p>\n<\/li>\n<li data-start=\"2587\" data-end=\"2730\">\n<p data-start=\"2589\" data-end=\"2730\"><strong data-start=\"2589\" data-end=\"2609\">Do\u011fal olarak kar\u0131\u015f\u0131r<\/strong> \u2013 50 avroluk banknot, en yayg\u0131n olarak kullan\u0131lan banknotlardan biridir ve g\u00fcnl\u00fck i\u015flemlerde sorunsuz bir \u015fekilde kullan\u0131lmas\u0131n\u0131 sa\u011flar.<\/p>\n<\/li>\n<li data-start=\"2731\" data-end=\"2813\">\n<p data-start=\"2733\" data-end=\"2813\"><strong data-start=\"2733\" data-end=\"2754\">G\u00fcvenli ve Gizli<\/strong> \u2013 Normal ya\u015famda \u015f\u00fcphe \u00e7ekmeden i\u015flev g\u00f6rmesi i\u00e7in tasarlanm\u0131\u015ft\u0131r.<\/p>\n<\/li>\n<\/ul>\n<hr data-start=\"2815\" data-end=\"2818\" \/>\n<h3 data-start=\"2820\" data-end=\"2871\">Neden Bradmoney'den Sahte 50 Euro Banknot Sat\u0131n Almal\u0131s\u0131n\u0131z?<\/h3>\n<ul data-start=\"2873\" data-end=\"3293\">\n<li data-start=\"2873\" data-end=\"2968\">\n<p data-start=\"2875\" data-end=\"2968\">Ger\u00e7ek\u00e7i kalitesi ve tespit edilemez \u00f6zellikleri ile d\u00fcnya \u00e7ap\u0131nda m\u00fc\u015fterilerin g\u00fcvenini kazanm\u0131\u015ft\u0131r.<\/p>\n<\/li>\n<li data-start=\"2969\" data-end=\"3042\">\n<p data-start=\"2971\" data-end=\"3042\">Hem k\u00fc\u00e7\u00fck hem de b\u00fcy\u00fck g\u00fcnl\u00fck harcamalar i\u00e7in m\u00fckemmel bir para birimi.<\/p>\n<\/li>\n<li data-start=\"3043\" data-end=\"3124\">\n<p data-start=\"3045\" data-end=\"3124\">ATM'lerde ve \u00f6deme sistemlerinde \u00e7al\u0131\u015fan, ATM uyumlu sahte eurolar.<\/p>\n<\/li>\n<li data-start=\"3125\" data-end=\"3200\">\n<p data-start=\"3127\" data-end=\"3200\">Dayan\u0131kl\u0131l\u0131k ve kusursuz kullan\u0131labilirli\u011fe sahip en kaliteli sahte euro banknotlar.<\/p>\n<\/li>\n<li data-start=\"3201\" data-end=\"3293\">\n<p data-start=\"3203\" data-end=\"3293\"><a id=\"Best-fake-50-euro-bills-online\"><\/a>Ticari de\u011fer ve ger\u00e7ek\u00e7i tasar\u0131m\u0131 bir araya getiren en iyi sahte 50 euro banknotlar<\/p>\n<\/li>\n<\/ul>\n<p data-start=\"2106\" data-end=\"2421\">S\u00fcpermarketler, kumarhaneler, restoranlar, ma\u011fazalar, fatura \u00f6demeleri ve hatta ATM'lerde kullan\u0131m i\u00e7in ideal olan sahte euro banknotlar\u0131m\u0131z, i\u015f\u00e7ilik ve g\u00fcven a\u00e7\u0131s\u0131ndan rakipsizdir. Sahte para sat\u0131n alman\u0131z gerekti\u011finde, sat\u0131l\u0131k sahte para bulun veya kayna\u011f\u0131 <strong data-start=\"2320\" data-end=\"2347\"><a id=\"fake-euro-note-for-sale\"><\/a>sat\u0131l\u0131k sahte euro banknotu<\/strong> profesyonel d\u00fczeyde kalite sunan Bradmoney 1 numaral\u0131 tercih olmaya devam ediyor. <a href=\"https:\/\/bradmoney.com\/tr\/hakkimizda\/\">Sahte 50 avroluk banknot<\/a> Avrupa'n\u0131n en iyi sahte para sat\u0131c\u0131s\u0131nda \u00e7evrimi\u00e7i olarak sat\u0131l\u0131k.<\/p>\n<p>&nbsp;<\/p>","protected":false},"excerpt":{"rendered":"<div class=\"description woocommerce-product-details__short-description\">\n<p>Orijinal gibi g\u00f6r\u00fcnen ve hissettiren sahte 50 Euro banknotlar\u0131 sat\u0131n al\u0131n. Bradmoney Inc ile kaliteli \u00fcr\u00fcn ve hizmetler en \u00f6nemli \u00f6nceli\u011fimizdir. En iyi \u00fcr\u00fcnlerimizden biri <a id=\"fake-Euro-bills\"><\/a>Taraf\u0131m\u0131zdan \u00fcretilen sahte Euro banknotlar 50 Euro'luk banknotlard\u0131r.<\/p>\n<\/div>\n<div class=\"product_meta\"><\/div>","protected":false},"featured_media":77,"comment_status":"open","ping_status":"closed","template":"","meta":[],"product_brand":[],"product_cat":[20],"product_tag":[],"class_list":{"0":"post-73","1":"product","2":"type-product","3":"status-publish","4":"has-post-thumbnail","6":"product_cat-fake-euro","8":"first","9":"instock","10":"taxable","11":"shipping-taxable","12":"purchasable","13":"product-type-simple"},"_links":{"self":[{"href":"https:\/\/bradmoney.com\/tr\/wp-json\/wp\/v2\/product\/73","targetHints":{"allow":["GET"]}}],"collection":[{"href":"https:\/\/bradmoney.com\/tr\/wp-json\/wp\/v2\/product"}],"about":[{"href":"https:\/\/bradmoney.com\/tr\/wp-json\/wp\/v2\/types\/product"}],"replies":[{"embeddable":true,"href":"https:\/\/bradmoney.com\/tr\/wp-json\/wp\/v2\/comments?post=73"}],"version-history":[{"count":1,"href":"https:\/\/bradmoney.com\/tr\/wp-json\/wp\/v2\/product\/73\/revisions"}],"predecessor-version":[{"id":17823,"href":"https:\/\/bradmoney.com\/tr\/wp-json\/wp\/v2\/product\/73\/revisions\/17823"}],"wp:featuredmedia":[{"embeddable":true,"href":"https:\/\/bradmoney.com\/tr\/wp-json\/wp\/v2\/media\/77"}],"wp:attachment":[{"href":"https:\/\/bradmoney.com\/tr\/wp-json\/wp\/v2\/media?parent=73"}],"wp:term":[{"taxonomy":"product_brand","embeddable":true,"href":"https:\/\/bradmoney.com\/tr\/wp-json\/wp\/v2\/product_brand?post=73"},{"taxonomy":"product_cat","embeddable":true,"href":"https:\/\/bradmoney.com\/tr\/wp-json\/wp\/v2\/product_cat?post=73"},{"taxonomy":"product_tag","embeddable":true,"href":"https:\/\/bradmoney.com\/tr\/wp-json\/wp\/v2\/product_tag?post=73"}],"curies":[{"name":"wp","href":"https:\/\/api.w.org\/{rel}","templated":true}]}}