{"id":64,"date":"2023-06-19T06:20:57","date_gmt":"2023-06-19T06:20:57","guid":{"rendered":"https:\/\/www.bradfakemoney.com\/?post_type=product&#038;p=64"},"modified":"2026-01-23T16:51:22","modified_gmt":"2026-01-24T00:51:22","slug":"sahte-euro-e100","status":"publish","type":"product","link":"https:\/\/bradmoney.com\/tr\/urun\/sahte-euro-e100\/","title":{"rendered":"Sahte Euro \u20ac100"},"content":{"rendered":"<h4 data-start=\"482\" data-end=\"889\">Sahte Euro \u20ac100<\/h4>\n<p data-start=\"482\" data-end=\"889\">Bradmoney taraf\u0131ndan ola\u011fan\u00fcst\u00fc ger\u00e7ek\u00e7ilik ve hassasiyetle \u00fcretilen sahte 100 avro banknotu tan\u0131t\u0131yoruz. Bu y\u00fcksek kaliteli replika, hem \u015fekil hem de i\u015flev a\u00e7\u0131s\u0131ndan orijinal avro banknotuyla ayn\u0131d\u0131r. En g\u00fcvenilir kaynaklardan biri olarak <a href=\"https:\/\/bradmoney.com\/tr\/urun\/sahte-euro-e20\/\">ger\u00e7ek\u00e7i sahte euro banknotlar\u0131<\/a>, Bradmoney, en son bask\u0131 teknolojisini ve ger\u00e7ek \u00f6l\u00e7ekli malzemeleri kullanarak \u00fcr\u00fcnlerini ger\u00e7ek banknotlardan ay\u0131rt edilemeyecek \u015fekilde tasarlamaktad\u0131r.<\/p>\n<p data-start=\"891\" data-end=\"1258\">Europa serisi 100 avroluk banknotu \u00f6rnek al\u0131narak tasarlanan bu replika, \u00f6n y\u00fcz\u00fcnde klasik Barok tarz\u0131 mimariyi ve orijinaline tam olarak uyan cesur ye\u015fil renk \u015femas\u0131n\u0131 i\u00e7eriyor. Mikro oyma \u00e7izgiler, kabartmal\u0131 dokular ve holografik \u015feritlerden UV ve k\u0131z\u0131l\u00f6tesi reaktif \u00f6zelliklere kadar her ayr\u0131nt\u0131 kusursuz bir \u015fekilde kopyalanm\u0131\u015ft\u0131r. <a id=\"Where-to-buy-fake-euro-online\"><\/a><a href=\"https:\/\/bradmoney.com\/tr\/\" rel=\"noopener\">Sahte euroyu \u00e7evrimi\u00e7i olarak nereden sat\u0131n alabilirim?<\/a><span class=\"___SBox_epc1q-ko_ ___SText_zko9t-ko_\" data-ui-name=\"Link.Text\">\u00a0? Daha fazla araman\u0131za gerek yok.<\/span><\/p>\n<p data-start=\"1260\" data-end=\"1661\">\u015eeffaf portre penceresi, Europa'y\u0131 net bir \u015fekilde g\u00f6sterirken, filigran ve renk de\u011fi\u015ftiren rakamlar, ger\u00e7ek gibi yans\u0131t\u0131lmalar\u0131n\u0131 sa\u011flamak i\u00e7in en son teknoloji katmanlama ile g\u00f6m\u00fcl\u00fcd\u00fcr. Y\u00fczey, resmi euro para biriminin ka\u011f\u0131d\u0131n\u0131 taklit eden pamuk lifi kompozitinden yap\u0131lm\u0131\u015ft\u0131r ve banknota sa\u011flam, katlanmaya dayan\u0131kl\u0131 ve do\u011fal mat bir y\u00fczey sa\u011flayan ger\u00e7ek bir doku kazand\u0131r\u0131r.<\/p>\n<p data-start=\"1663\" data-end=\"1958\">Bu sahte 100 avroluk banknot sadece ger\u00e7ek gibi g\u00f6r\u00fcnmekle kalmaz, ayn\u0131 zamanda ger\u00e7ek gibi hissedilir, do\u011fru a\u011f\u0131rl\u0131\u011fa sahiptir ve her t\u00fcrl\u00fc g\u00f6rsel ve dokunsal testte orijinaliyle ayn\u0131 performans\u0131 g\u00f6sterir. Solan veya lekelenen ucuz taklitlerin aksine, Bradmoney banknotlar\u0131 solmaya dayan\u0131kl\u0131 m\u00fcrekkepler ve bas\u0131n\u00e7 kalibreli bask\u0131 kullan\u0131larak uzun \u00f6m\u00fcrl\u00fc olacak \u015fekilde \u00fcretilmi\u015ftir. <a id=\"Buy-fake-euro\"><\/a><a href=\"https:\/\/bradmoney.com\/tr\/dukkan\/\">Sahte euro sat\u0131n al\u0131n<\/a> en iyi sahte para web sitesinden<\/p>\n<h3 data-start=\"2021\" data-end=\"2067\">Sahte 100 Euro Banknotun Temel \u00d6zellikleri<\/h3>\n<ul data-start=\"2069\" data-end=\"2825\">\n<li data-start=\"2069\" data-end=\"2200\">\n<p data-start=\"2071\" data-end=\"2200\"><strong data-start=\"2071\" data-end=\"2106\">M\u00fckemmel Otantik G\u00f6r\u00fcn\u00fcm ve His<\/strong> \u2013 Hologram yamalar\u0131 ve kabartmal\u0131 m\u00fcrekkep dahil olmak \u00fczere ger\u00e7ek 100 avroluk banknotun her ayr\u0131nt\u0131s\u0131n\u0131 yeniden \u00fcretir.<\/p>\n<\/li>\n<li data-start=\"2201\" data-end=\"2303\">\n<p data-start=\"2203\" data-end=\"2303\"><strong data-start=\"2203\" data-end=\"2221\">ATM Uyumlu<\/strong> \u2013 ATM'lerde, otomatlarda ve nakit para yat\u0131rma sistemlerinde sorunsuz bir \u015fekilde \u00e7al\u0131\u015f\u0131r.<\/p>\n<\/li>\n<li data-start=\"2304\" data-end=\"2422\">\n<p data-start=\"2306\" data-end=\"2422\"><strong data-start=\"2306\" data-end=\"2347\">Orta ve B\u00fcy\u00fck \u0130\u015flemler i\u00e7in \u0130deal<\/strong> \u2013 Seyahat, perakende al\u0131\u015fveri\u015f, oteller ve restoranlarda yayg\u0131n olarak kullan\u0131l\u0131r.<\/p>\n<\/li>\n<li data-start=\"2423\" data-end=\"2512\">\n<p data-start=\"2425\" data-end=\"2512\"><strong data-start=\"2425\" data-end=\"2453\">Taray\u0131c\u0131lar taraf\u0131ndan alg\u0131lanamaz<\/strong> \u2013 UV, k\u0131z\u0131l\u00f6tesi ve manyetik alg\u0131lama testlerini ge\u00e7mi\u015ftir.<\/p>\n<\/li>\n<li data-start=\"2513\" data-end=\"2612\">\n<p data-start=\"2515\" data-end=\"2612\"><strong data-start=\"2515\" data-end=\"2541\">Dayan\u0131kl\u0131 ve Uzun \u00d6m\u00fcrl\u00fc<\/strong> \u2013 \u0130leri d\u00fczeyde son i\u015flem uygulanm\u0131\u015f pamuk dokulu euro ka\u011f\u0131da bas\u0131lm\u0131\u015ft\u0131r.<\/p>\n<\/li>\n<li data-start=\"2613\" data-end=\"2730\">\n<p data-start=\"2615\" data-end=\"2730\"><strong data-start=\"2615\" data-end=\"2646\">Geni\u015f \u00c7apta G\u00fcvenilen Dini Mezhep<\/strong> \u2013 100 Euroluk banknot, sorunsuz kullan\u0131m i\u00e7in t\u00fcm Euro b\u00f6lgesi \u00fclkelerinde kabul edilmektedir.<\/p>\n<\/li>\n<li data-start=\"2731\" data-end=\"2825\">\n<p data-start=\"2733\" data-end=\"2825\"><strong data-start=\"2733\" data-end=\"2756\">G\u00fcvenli ve Emniyetli Kullan\u0131m<\/strong> \u2013 G\u00fcnl\u00fck faaliyetlere \u015f\u00fcphe uyand\u0131rmadan do\u011fal bir \u015fekilde uyum sa\u011flar.<\/p>\n<\/li>\n<\/ul>\n<hr data-start=\"2827\" data-end=\"2830\" \/>\n<h3 data-start=\"2832\" data-end=\"2884\">\ud83d\uded2 Neden Bradmoney'den sahte 100 Euro banknot sat\u0131n almal\u0131s\u0131n\u0131z?<\/h3>\n<ul data-start=\"2886\" data-end=\"3262\">\n<li data-start=\"2886\" data-end=\"2954\">\n<p data-start=\"2888\" data-end=\"2954\">Y\u00fcksek kaliteli, tespit edilemeyen sahte euro banknotlar\u0131, hassas bir \u015fekilde tasarlanm\u0131\u015ft\u0131r.<\/p>\n<\/li>\n<li data-start=\"2955\" data-end=\"3036\">\n<p data-start=\"2957\" data-end=\"3036\">Ticari s\u0131n\u0131f kullan\u0131labilirli\u011fe sahip en iyi sahte 100 euro banknotlar\u0131 \u00e7evrimi\u00e7i olarak sat\u0131lmaktad\u0131r.<\/p>\n<\/li>\n<li data-start=\"3037\" data-end=\"3113\">\n<p data-start=\"3039\" data-end=\"3113\">ATM'lerde ve perakende ortamlarda \u00e7al\u0131\u015fan sahte eurolar test edildi.<\/p>\n<\/li>\n<li data-start=\"3114\" data-end=\"3187\">\n<p data-start=\"3116\" data-end=\"3187\">Ger\u00e7ek\u00e7ilik, gizlilik ve dayan\u0131kl\u0131l\u0131k konusunda k\u00fcresel al\u0131c\u0131lar\u0131n g\u00fcvenini kazanm\u0131\u015ft\u0131r.<\/p>\n<\/li>\n<li data-start=\"3188\" data-end=\"3262\">\n<p data-start=\"3190\" data-end=\"3262\">G\u00fcnl\u00fck harcamalar ve daha y\u00fcksek tutarl\u0131 \u00f6demeler i\u00e7in ideal bir para birimi.<\/p>\n<\/li>\n<\/ul>\n<p data-start=\"1960\" data-end=\"2452\">Sahte 100 euro banknot, s\u00fcpermarketler, ATM'ler, oteller, araba kiralama \u015firketleri, restoranlar, perakende ma\u011fazalar ve benzin istasyonlar\u0131nda yayg\u0131n olarak kabul edilen \u00e7ok y\u00f6nl\u00fc bir banknotdur. Geli\u015fmi\u015f teknolojimiz, bu banknotlar\u0131n ATM ile uyumlu olmas\u0131n\u0131 sa\u011flar, yani nakit \u00e7ekme sistemleri, para yat\u0131rma makineleri, otomat sistemleri ve nakit sayma makinelerinde m\u00fckemmel \u015fekilde \u00e7al\u0131\u015f\u0131r. Bradmoney, \u00e7evrimi\u00e7i sahte para sat\u0131n alma konusunda d\u00fcnya lideridir ve e\u015fsiz kalite kontrol\u00fc ve m\u00fc\u015fteri memnuniyeti ile sahte para sat\u0131\u015f\u0131 sunar. Piyasadaki en ger\u00e7ek\u00e7i sahte paray\u0131 ar\u0131yorsan\u0131z, sahte 100 euro banknotlar\u0131m\u0131z sadece g\u00f6r\u00fcn\u00fc\u015f olarak de\u011fil, sekt\u00f6r\u00fcn alt\u0131n standard\u0131 olarak da beklentilerinizi a\u015facakt\u0131r. Sat\u0131l\u0131k sahte 100 euro banknotlar.<\/p>","protected":false},"excerpt":{"rendered":"<div class=\"description woocommerce-product-details__short-description\">\n<p>&nbsp;<\/p>\n<p>Sahte 100 euro banknot sat\u0131n al\u0131n \u2013 ger\u00e7ek\u00e7i, ATM uyumlu ve tespit edilemez. S\u00fcpermarketler, ATM'ler, seyahat masraflar\u0131 ve g\u00fcnl\u00fck ya\u015fam \u00f6demeleri i\u00e7in m\u00fckemmel. Orijinaline t\u0131pat\u0131p benzeyen sahte 100 Euro banknot sat\u0131n al\u0131n. Bradmoney Inc. Banknotlar\u0131 ile kaliteli \u00fcr\u00fcnler ve hizmetler bizim en b\u00fcy\u00fck \u00f6nceli\u011fimizdir. Taraf\u0131m\u0131zdan \u00fcretilen en iyi Euro banknotlar\u0131m\u0131zdan biri 100 Euro'luk banknotlard\u0131r.<\/p>\n<\/div>","protected":false},"featured_media":67,"comment_status":"open","ping_status":"closed","template":"","meta":[],"product_brand":[],"product_cat":[20],"product_tag":[],"class_list":{"0":"post-64","1":"product","2":"type-product","3":"status-publish","4":"has-post-thumbnail","6":"product_cat-fake-euro","8":"first","9":"instock","10":"taxable","11":"shipping-taxable","12":"purchasable","13":"product-type-simple"},"_links":{"self":[{"href":"https:\/\/bradmoney.com\/tr\/wp-json\/wp\/v2\/product\/64","targetHints":{"allow":["GET"]}}],"collection":[{"href":"https:\/\/bradmoney.com\/tr\/wp-json\/wp\/v2\/product"}],"about":[{"href":"https:\/\/bradmoney.com\/tr\/wp-json\/wp\/v2\/types\/product"}],"replies":[{"embeddable":true,"href":"https:\/\/bradmoney.com\/tr\/wp-json\/wp\/v2\/comments?post=64"}],"version-history":[{"count":1,"href":"https:\/\/bradmoney.com\/tr\/wp-json\/wp\/v2\/product\/64\/revisions"}],"predecessor-version":[{"id":17826,"href":"https:\/\/bradmoney.com\/tr\/wp-json\/wp\/v2\/product\/64\/revisions\/17826"}],"wp:featuredmedia":[{"embeddable":true,"href":"https:\/\/bradmoney.com\/tr\/wp-json\/wp\/v2\/media\/67"}],"wp:attachment":[{"href":"https:\/\/bradmoney.com\/tr\/wp-json\/wp\/v2\/media?parent=64"}],"wp:term":[{"taxonomy":"product_brand","embeddable":true,"href":"https:\/\/bradmoney.com\/tr\/wp-json\/wp\/v2\/product_brand?post=64"},{"taxonomy":"product_cat","embeddable":true,"href":"https:\/\/bradmoney.com\/tr\/wp-json\/wp\/v2\/product_cat?post=64"},{"taxonomy":"product_tag","embeddable":true,"href":"https:\/\/bradmoney.com\/tr\/wp-json\/wp\/v2\/product_tag?post=64"}],"curies":[{"name":"wp","href":"https:\/\/api.w.org\/{rel}","templated":true}]}}