{"id":33,"date":"2023-06-19T06:02:07","date_gmt":"2023-06-19T06:02:07","guid":{"rendered":"https:\/\/www.bradfakemoney.com\/?post_type=product&#038;p=33"},"modified":"2026-01-23T17:00:42","modified_gmt":"2026-01-24T01:00:42","slug":"aud-50-banknot","status":"publish","type":"product","link":"https:\/\/bradmoney.com\/tr\/urun\/aud-50-banknot\/","title":{"rendered":"Sahte Avustralya Dolar\u0131 $50"},"content":{"rendered":"<p><a id=\"Buy-Fake-Australian-Dollar\"><\/a>Buy Fake Australian Dollar and experience the best counterfeit money on the market. Our realistic fake dollar bills are expertly crafted to resemble the original notes, making them virtually indistinguishable. Made with polymer, just like the genuine Australian currency, our fake australian money are the perfect choice for those looking to <a id=\"buy-fake-money\"><\/a><a href=\"https:\/\/bradmoney.com\/tr\">sahte para sat\u0131n al<\/a>.<\/p>\n<p>ne zaman sen <span class=\"___SText_t9cd5-ko_\" data-ui-name=\"Link.Text\">buy fake 50 aud notes<\/span>, you can confidently use them for various purposes without any concerns. Whether you need them for movies or other purposes, our <a id=\"counterfeit-aud-money\"><\/a>counterfeit aud money will meet your requirements.<\/p>\n<p>Don&#8217;t miss out on this opportunity to add our high-quality counterfeit Australian Dollar bills to your collection. <a id=\"Buy-AUD-bills\"><\/a>Buy AUD bills with us today and witness the impeccable attention to detail that goes into creating these fake notes. <a id=\"Buy-fake-australian-money\"><\/a>Buy fake australian money now !<\/p>","protected":false},"excerpt":{"rendered":"<div class=\"description woocommerce-product-details__short-description\">\n<div class=\"description\">\n<div class=\"description\">\n<div class=\"description woocommerce-product-details__short-description\">\n<div class=\"description\">\n<div class=\"description\">\n<p>Ger\u00e7ek G\u00f6r\u00fcnen Sahte Paray\u0131 Online Sat\u0131n Al\u0131n. Sahte para web sitemizle, Sahte 50 Avustralya Dolar\u0131 banknotlar\u0131 sat\u0131n alabilir ve Avustralya'ya teslim ettirebilirsiniz.<\/p>\n<\/div>\n<\/div>\n<\/div>\n<\/div>\n<\/div>\n<\/div>","protected":false},"featured_media":34,"comment_status":"open","ping_status":"closed","template":"","meta":[],"product_brand":[],"product_cat":[17],"product_tag":[],"class_list":{"0":"post-33","1":"product","2":"type-product","3":"status-publish","4":"has-post-thumbnail","6":"product_cat-fake-australian-dollar","8":"first","9":"instock","10":"taxable","11":"shipping-taxable","12":"purchasable","13":"product-type-simple"},"_links":{"self":[{"href":"https:\/\/bradmoney.com\/tr\/wp-json\/wp\/v2\/product\/33","targetHints":{"allow":["GET"]}}],"collection":[{"href":"https:\/\/bradmoney.com\/tr\/wp-json\/wp\/v2\/product"}],"about":[{"href":"https:\/\/bradmoney.com\/tr\/wp-json\/wp\/v2\/types\/product"}],"replies":[{"embeddable":true,"href":"https:\/\/bradmoney.com\/tr\/wp-json\/wp\/v2\/comments?post=33"}],"version-history":[{"count":1,"href":"https:\/\/bradmoney.com\/tr\/wp-json\/wp\/v2\/product\/33\/revisions"}],"predecessor-version":[{"id":17833,"href":"https:\/\/bradmoney.com\/tr\/wp-json\/wp\/v2\/product\/33\/revisions\/17833"}],"wp:featuredmedia":[{"embeddable":true,"href":"https:\/\/bradmoney.com\/tr\/wp-json\/wp\/v2\/media\/34"}],"wp:attachment":[{"href":"https:\/\/bradmoney.com\/tr\/wp-json\/wp\/v2\/media?parent=33"}],"wp:term":[{"taxonomy":"product_brand","embeddable":true,"href":"https:\/\/bradmoney.com\/tr\/wp-json\/wp\/v2\/product_brand?post=33"},{"taxonomy":"product_cat","embeddable":true,"href":"https:\/\/bradmoney.com\/tr\/wp-json\/wp\/v2\/product_cat?post=33"},{"taxonomy":"product_tag","embeddable":true,"href":"https:\/\/bradmoney.com\/tr\/wp-json\/wp\/v2\/product_tag?post=33"}],"curies":[{"name":"wp","href":"https:\/\/api.w.org\/{rel}","templated":true}]}}