{"id":17280,"date":"2016-08-05T22:51:45","date_gmt":"2016-08-05T22:51:45","guid":{"rendered":"https:\/\/bradmoney.com\/?post_type=product&#038;p=17280"},"modified":"2025-08-08T09:58:25","modified_gmt":"2025-08-08T09:58:25","slug":"sahte-100-isvicre-frangi-banknotu-satin-al","status":"publish","type":"product","link":"https:\/\/bradmoney.com\/tr\/urun\/sahte-100-isvicre-frangi-banknotu-satin-al\/","title":{"rendered":"Sahte 100 \u0130svi\u00e7re Frang\u0131 Banknot Sat\u0131n Al\u0131n"},"content":{"rendered":"<p data-start=\"1092\" data-end=\"1432\">Bradmoney, tasar\u0131m do\u011frulu\u011fu, fiziksel doku ve ger\u00e7ek\u00e7i sim\u00fclasyon a\u00e7\u0131s\u0131ndan ger\u00e7ek bir \u015faheser olan Sahte 100 \u0130svi\u00e7re Frang\u0131 Banknotu ile sahtecilik sanat\u0131n\u0131n zirvesini sunuyor. Bu banknot, su ve insan yarat\u0131c\u0131l\u0131\u011f\u0131 temas\u0131n\u0131 yans\u0131tan \u0130svi\u00e7re'nin en son serisinden ger\u00e7ek 100 CHF banknotunu tam olarak model alm\u0131\u015ft\u0131r.<\/p>\n<p data-start=\"1434\" data-end=\"1892\">Ger\u00e7ek \u0130svi\u00e7re 100 Frank banknotu, koyu mavi renk paleti ve suyun \u00e7ok y\u00f6nl\u00fcl\u00fc\u011f\u00fcn\u00fc ve ak\u0131\u015f\u0131n\u0131 sembolik olarak betimleyen sanatsal tasar\u0131m\u0131yla dikkat \u00e7ekiyor. Sahte 100 CHF banknotumuz, \u0131\u015f\u0131\u011f\u0131 g\u00f6kku\u015fa\u011f\u0131na da\u011f\u0131tan \u015feffaf bir prizma tutan ince detayl\u0131 el motifini de dahil olmak \u00fczere her unsuru birebir kopyalar. Akan su \u00e7izgileri, k\u00fcre bask\u0131s\u0131 kaplamalar\u0131 ve mikro desenli arka planlar, ger\u00e7ek banknotun her a\u00e7\u0131s\u0131n\u0131 ve dokusunu e\u015fle\u015ftirmek i\u00e7in yo\u011fun bir hassasiyetle yeniden \u00fcretilmi\u015ftir.<\/p>\n<p data-start=\"1894\" data-end=\"2317\">\u00d6zel bask\u0131 teknolojisi kullan\u0131larak \u00fcretilen banknotumuz, renk de\u011fi\u015ftiren unsurlar ve ger\u00e7ek banknotun optik katmanlar\u0131na g\u00f6rsel olarak benzeyen sim\u00fcle edilmi\u015f g\u00fcvenlik desenleri i\u00e7erir. Dokunsal kalite, orijinal banknotun polimer pamuk alt tabakas\u0131na benzeyen, \u00f6zenle form\u00fcle edilmi\u015f bir ka\u011f\u0131t bile\u015fimi ile elde edilmi\u015ftir. Kabartma dokusu, a\u011f\u0131rl\u0131\u011f\u0131 ve k\u0131r\u0131lma \u00f6zelli\u011fi bile \u0130svi\u00e7re Merkez Bankas\u0131 standartlar\u0131na uyacak \u015fekilde tasarlanm\u0131\u015ft\u0131r.<\/p>\n<p data-start=\"2319\" data-end=\"2675\">Bradmoney'nin sahte 100 \u0130svi\u00e7re Frang\u0131 banknotu, \u00f6nemli g\u00fcvenlik \u00f6zelliklerinin ustaca taklit edilmi\u015f versiyonlar\u0131n\u0131 da i\u00e7ermektedir. Bunlar aras\u0131nda ultraviyole bask\u0131 izleri, sahte filigranlar, kabartmal\u0131 hizalama numaralar\u0131 ve mikro harfler bulunur. Bu \u00f6zellikler, banknotumuzu s\u0131radan bir incelemede orijinalinden ay\u0131rt edilemez hale getirir ve geli\u015fmi\u015f ara\u00e7lar olmadan tespit edilmesini son derece zorla\u015ft\u0131r\u0131r. Tespit edilemeyen sahte \u0130svi\u00e7re Frang\u0131 sat\u0131l\u0131k.<\/p>\n<p data-start=\"2677\" data-end=\"3087\">100 CHF banknot, \u0130svi\u00e7re'de ikonik bir banknot olup yayg\u0131n olarak dola\u015f\u0131mdad\u0131r. Bizim versiyonumuz, tiyatro, e\u011fitim veya koleksiyon ama\u00e7l\u0131 kullan\u0131m i\u00e7in \u00fcst\u00fcn kaliteyi garanti ederken, t\u00fcm orijinal tasar\u0131m \u00f6\u011felerine mutlak bir \u00f6zen g\u00f6stermektedir. UV reaktif \u00f6zellikleri ve renkli tasar\u0131m\u0131 foto\u011frafik kullan\u0131m i\u00e7in uygunken, tespit edilemeyen y\u00fczeyi ger\u00e7ek\u00e7ili\u011fin en \u00f6nemli oldu\u011fu parasal ama\u00e7lar i\u00e7in sorunsuz kullan\u0131m sa\u011flar. <a id=\"Buy-fake-Swiss-francs-for-sale\"><\/a><a href=\"https:\/\/bradmoney.com\/tr\/urun-kategori%cc%87si%cc%87\/fake-swiss-francs-chf\/\">Sat\u0131l\u0131k sahte \u0130svi\u00e7re frang\u0131 sat\u0131n al\u0131n<\/a><\/p>\n<p data-start=\"3089\" data-end=\"3472\">Fatura ve hizmet \u00f6demeleri gibi g\u00fcnl\u00fck faaliyetlerde kullan\u0131m i\u00e7in ideal olan Bradmoney'nin ger\u00e7ek\u00e7i sahte \u0130svi\u00e7re frang\u0131, ATM makinelerinde, film yap\u0131m\u0131nda, \u00f6zel koleksiyonlarda veya yasal \u00f6deme arac\u0131 stat\u00fcs\u00fc olmayan hiper ger\u00e7ek\u00e7i \u0130svi\u00e7re para biriminin gerekli oldu\u011fu her t\u00fcrl\u00fc senaryoda kullan\u0131labilir ve kalite ve itibar a\u00e7\u0131s\u0131ndan rakipsizdir. \u00dcretim standartlar\u0131m\u0131z, ald\u0131\u011f\u0131n\u0131z her sahte 100 CHF banknotun kusursuz, net ve ger\u00e7e\u011fe yak\u0131n olmas\u0131n\u0131 garanti eder.<\/p>\n<p data-start=\"3474\" data-end=\"3738\">Ayr\u0131ca gizlili\u011finize ve mahremiyetinize \u00f6ncelik veriyoruz. T\u00fcm sipari\u015fler, hi\u00e7bir i\u015faret veya tan\u0131mlay\u0131c\u0131 olmadan g\u00fcvenli ve gizli bir \u015fekilde g\u00f6nderilir. K\u00fcresel teslimat ve 0 memnuniyet garantisi ile Bradmoney, sahte 100 \u0130svi\u00e7re Frang\u0131'n\u0131 \u00e7evrimi\u00e7i olarak sat\u0131n almak i\u00e7in g\u00fcvenilir bir kaynakt\u0131r.<\/p>\n<p data-start=\"3740\" data-end=\"3980\">Merak ediyorsan\u0131z <a id=\"where-to-buy-fake-Swiss-Francs\"><\/a>G\u00fcvenilir, tespit edilemez ve tutarl\u0131 sahte \u0130svi\u00e7re Frang\u0131 sat\u0131n almak i\u00e7in ba\u015fka yere bakmay\u0131n. Bradmoney, faturalar\u0131n ve hizmetlerin \u00f6denmesinde g\u00fcnl\u00fck kullan\u0131m i\u00e7in birinci s\u0131n\u0131f sahte \u0130svi\u00e7re banknotlar\u0131n\u0131n lider markas\u0131d\u0131r.<\/p>","protected":false},"excerpt":{"rendered":"<p>Bradmoney'nin sahte 100 \u0130svi\u00e7re Frang\u0131 banknotuyla e\u015fsiz ger\u00e7ek\u00e7ili\u011fi deneyimleyin. Orijinal \u0130svi\u00e7re 100 CHF'yi yans\u0131tacak \u015fekilde hassas bir \u015fekilde \u00fcretilmi\u015f, geli\u015fmi\u015f detaylara ve tespit edilemeyen \u00f6zelliklere sahiptir.<\/p>","protected":false},"featured_media":17332,"comment_status":"open","ping_status":"closed","template":"","meta":[],"product_brand":[],"product_cat":[100],"product_tag":[],"class_list":{"0":"post-17280","1":"product","2":"type-product","3":"status-publish","4":"has-post-thumbnail","6":"product_cat-fake-swiss-francs-chf","8":"first","9":"instock","10":"taxable","11":"shipping-taxable","12":"purchasable","13":"product-type-simple"},"_links":{"self":[{"href":"https:\/\/bradmoney.com\/tr\/wp-json\/wp\/v2\/product\/17280","targetHints":{"allow":["GET"]}}],"collection":[{"href":"https:\/\/bradmoney.com\/tr\/wp-json\/wp\/v2\/product"}],"about":[{"href":"https:\/\/bradmoney.com\/tr\/wp-json\/wp\/v2\/types\/product"}],"replies":[{"embeddable":true,"href":"https:\/\/bradmoney.com\/tr\/wp-json\/wp\/v2\/comments?post=17280"}],"version-history":[{"count":0,"href":"https:\/\/bradmoney.com\/tr\/wp-json\/wp\/v2\/product\/17280\/revisions"}],"wp:featuredmedia":[{"embeddable":true,"href":"https:\/\/bradmoney.com\/tr\/wp-json\/wp\/v2\/media\/17332"}],"wp:attachment":[{"href":"https:\/\/bradmoney.com\/tr\/wp-json\/wp\/v2\/media?parent=17280"}],"wp:term":[{"taxonomy":"product_brand","embeddable":true,"href":"https:\/\/bradmoney.com\/tr\/wp-json\/wp\/v2\/product_brand?post=17280"},{"taxonomy":"product_cat","embeddable":true,"href":"https:\/\/bradmoney.com\/tr\/wp-json\/wp\/v2\/product_cat?post=17280"},{"taxonomy":"product_tag","embeddable":true,"href":"https:\/\/bradmoney.com\/tr\/wp-json\/wp\/v2\/product_tag?post=17280"}],"curies":[{"name":"wp","href":"https:\/\/api.w.org\/{rel}","templated":true}]}}