{"id":15655,"date":"2023-06-25T03:19:45","date_gmt":"2023-06-25T03:19:45","guid":{"rendered":"https:\/\/www.bradfakemoney.com\/?page_id=15655"},"modified":"2024-10-27T20:23:33","modified_gmt":"2024-10-27T20:23:33","slug":"si-per-te-blere","status":"publish","type":"page","link":"https:\/\/bradmoney.com\/sq\/si-per-te-blere\/","title":{"rendered":"Si t\u00eb blini"},"content":{"rendered":"<div data-elementor-type=\"wp-page\" data-elementor-id=\"15655\" class=\"elementor elementor-15655\" data-elementor-post-type=\"page\">\n\t\t\t\t<div class=\"elementor-element elementor-element-ab4cca8 e-con-full e-flex e-con e-parent\" data-id=\"ab4cca8\" data-element_type=\"container\" data-e-type=\"container\">\n\t\t\t\t<div class=\"elementor-element elementor-element-aca0139 elementor-widget elementor-widget-wd_text_block\" data-id=\"aca0139\" data-element_type=\"widget\" data-e-type=\"widget\" data-widget_type=\"wd_text_block.default\">\n\t\t\t\t<div class=\"elementor-widget-container\">\n\t\t\t\t\t\t\t<div class=\"wd-text-block reset-last-child text-left\">\n\t\t\t\n\t\t\t<h1>Si t\u00eb blini<\/h1><h5>Mund t\u00eb na kontaktoni p\u00ebrmes emailit, telegramit dhe WhatsApp.<\/h5><p>K\u00ebtu n\u00eb <a href=\"https:\/\/bradmoney.com\/sq\">Bradmoney<\/a> Inc, we deal with the latest techniques and technology in the production of fake money that includes Fake dollar , Fake euro , Fake pounds sterling , Fake australian dollar , Fake canadian dollar (made with polymer ) ,Fake new zealand dollar\u00a0 and many other currencies .We produce fake banknotes which are undetected and are of the highest quality you will find in the market today making us the best counterfeit money producers in the world. <a id=\"Where-to-buy-fake-money\"><\/a>Where to buy fake money , Here we have provided our customers the facility on ordering fake money with easy accessibility without any trouble. Ordering counterfeit money online from our website is highly safe and straightforward.\u00a0\u00a0<\/p><p>However, how to buy fake money on our website is pretty straightforward;<\/p><ul><li>Zgjidhni monedh\u00ebn q\u00eb jeni t\u00eb interesuar t\u00eb blini.<\/li><li>Zgjidhni em\u00ebrtimet e sh\u00ebnimeve q\u00eb d\u00ebshironi t\u00eb jen\u00eb 5s, 10s, 20s dhe ndonj\u00eb tjet\u00ebr.<\/li><li>Duhet t\u00eb blini t\u00eb pakt\u00ebn 2 pako.<\/li><li>Ju jepni ark\u00eb dhe plot\u00ebsoni informacionin tuaj t\u00eb dor\u00ebzimit.<\/li><li>Zgjidhni m\u00ebnyrat tuaja t\u00eb pages\u00ebs dhe vazhdoni me blerjen.<\/li><li>N\u00ebse n\u00eb rast, d\u00ebshironi nj\u00eb d\u00ebrges\u00eb dor\u00eb m\u00eb dor\u00eb (Vet\u00ebm p\u00ebr porosi me shumic\u00eb), mund t\u00eb na kontaktoni p\u00ebrmes whatsapp, email ose telegram.<\/li><\/ul><p>\u00a0Prioriteti yn\u00eb kryesor \u00ebsht\u00eb krijimi i nj\u00eb marr\u00ebdh\u00ebnie biznesi afatgjat\u00eb me t\u00eb gjith\u00eb klient\u00ebt tan\u00eb, k\u00ebshtu q\u00eb ne me siguri do t\u00eb p\u00ebrpiqemi t\u00eb mos ju zhg\u00ebnjejm\u00eb. Pra, pse t\u00eb presim? Le t\u00eb nxitojm\u00eb t\u00eb na kontaktoni n\u00eb <a href=\"https:\/\/bradmoney.com\/sq\">Bradmoney<\/a> Inc p\u00ebr t\u00eb marr\u00eb produktin tuaj t\u00eb d\u00ebshiruar, dhe ju me siguri do t\u00eb merrni m\u00eb t\u00eb mir\u00ebn prej nesh.<\/p><p><strong>\u00cbsht\u00eb leht\u00ebsisht e arritshme p\u00ebr ju <a href=\"https:\/\/bradmoney.com\/sq\/dyqan\/\">blej para t\u00eb falsifikuara<\/a> nga ne -<\/strong><\/p><p>N\u00eb Bradmoney Inc, ne merremi me kart\u00ebmonedha q\u00eb mund t'i merrni shpejt n\u00eb internet. K\u00ebtu ne u kemi ofruar klient\u00ebve tan\u00eb mund\u00ebsin\u00eb p\u00ebr t\u00eb bler\u00eb t\u00eb gjitha produktet me akses t\u00eb leht\u00eb.<\/p><p><strong>Eligibility to buy counterfeit money from our fake money website-<\/strong><\/p><p>To buy counterfeit money online from our website, you should be 18 years old.<\/p><p><strong>It is safe to buy counterfeit money online-<\/strong><\/p><p>Ordering counterfeit money online from our website is highly safe and straightforward. So if you are finding the best fake money website to get the best product, do not hesitate to reach us.<\/p><p><strong>Si t\u00eb na kontaktoni -<\/strong><\/p><p>Mund t\u00eb na kontaktoni p\u00ebrmes emailit, telegramit dhe WhatsApp. Dhe p\u00ebr t\u00eb ditur m\u00eb tej, mund t\u00eb plot\u00ebsoni formularin n\u00eb faqen e internetit, telegramin ose emailin p\u00ebr m\u00eb shum\u00eb leht\u00ebsi.<\/p><p><strong>Zbritje p\u00ebr klient\u00ebt tan\u00eb -<\/strong><\/p><p>Prioriteti yn\u00eb kryesor \u00ebsht\u00eb krijimi i nj\u00eb marr\u00ebdh\u00ebnie biznesi afatgjat\u00eb me t\u00eb gjith\u00eb klient\u00ebt tan\u00eb, k\u00ebshtu q\u00eb ne me siguri do t\u00eb p\u00ebrpiqemi shum\u00eb p\u00ebr t'ju k\u00ebnaqur. Prandaj, ne ofrojm\u00eb nj\u00eb bonus t\u00eb menj\u00ebhersh\u00ebm p\u00ebr klient\u00ebt q\u00eb porosisin me shumic\u00eb dhe ofrojn\u00eb fatura shtes\u00eb p\u00ebr t\u00eb gjith\u00eb klient\u00ebt q\u00eb kthehen.<\/p>\n\t\t\t\t\t<\/div>\n\t\t\t\t\t\t<\/div>\n\t\t\t\t<\/div>\n\t\t\t\t<\/div>\n\t\t\t\t<\/div>","protected":false},"excerpt":{"rendered":"<p>How To Buy You can contact us through email, telegram, and WhatsApp. Here at Bradmoney Inc, we deal with the<\/p>","protected":false},"author":1,"featured_media":0,"parent":0,"menu_order":0,"comment_status":"closed","ping_status":"closed","template":"elementor_header_footer","meta":{"footnotes":""},"class_list":["post-15655","page","type-page","status-publish","hentry"],"_links":{"self":[{"href":"https:\/\/bradmoney.com\/sq\/wp-json\/wp\/v2\/pages\/15655","targetHints":{"allow":["GET"]}}],"collection":[{"href":"https:\/\/bradmoney.com\/sq\/wp-json\/wp\/v2\/pages"}],"about":[{"href":"https:\/\/bradmoney.com\/sq\/wp-json\/wp\/v2\/types\/page"}],"author":[{"embeddable":true,"href":"https:\/\/bradmoney.com\/sq\/wp-json\/wp\/v2\/users\/1"}],"replies":[{"embeddable":true,"href":"https:\/\/bradmoney.com\/sq\/wp-json\/wp\/v2\/comments?post=15655"}],"version-history":[{"count":0,"href":"https:\/\/bradmoney.com\/sq\/wp-json\/wp\/v2\/pages\/15655\/revisions"}],"wp:attachment":[{"href":"https:\/\/bradmoney.com\/sq\/wp-json\/wp\/v2\/media?parent=15655"}],"curies":[{"name":"wp","href":"https:\/\/api.w.org\/{rel}","templated":true}]}}