{"id":73,"date":"2023-06-19T06:26:00","date_gmt":"2023-06-19T06:26:00","guid":{"rendered":"https:\/\/www.bradfakemoney.com\/?post_type=product&#038;p=73"},"modified":"2026-01-23T16:49:53","modified_gmt":"2026-01-24T00:49:53","slug":"fals-euro-e50","status":"publish","type":"product","link":"https:\/\/bradmoney.com\/ro\/produs\/fals-euro-e50\/","title":{"rendered":"Fake Euro \u20ac50"},"content":{"rendered":"<p data-start=\"477\" data-end=\"912\">Bancnotele false de 50 de euro sunt perfecte pentru o varietate de utiliz\u0103ri, inclusiv afi\u0219aje, recuzit\u0103, plata taxelor, chirii, facturi de energie electric\u0103 \u0219i multe altele. Bancnota fals\u0103 de 50 de euro de la Bradmoney stabile\u0219te un nou standard \u00een materie de falsificare a monedei. Conceput\u0103 cu o aten\u021bie meticuloas\u0103 la detalii, aceast\u0103 bancnot\u0103 ofer\u0103 un nivel de realism f\u0103r\u0103 egal, fiind practic imposibil de distins de bancnota real\u0103 de 50 de euro. Folosind o tehnologie avansat\u0103 de tip\u0103rire offset \u0219i o textur\u0103 autentic\u0103 din fibre de bumbac, fiecare bancnot\u0103 arat\u0103 \u0219i se simte exact ca moneda oficial\u0103 a B\u0103ncii Centrale Europene. <a id=\"Fake-euro-bills-for-sale\"><\/a><a href=\"https:\/\/bradmoney.com\/ro\/produs-categorie\/fals-euro\/\">Bancnote false de euro de v\u00e2nzare<\/a><\/p>\n<p data-start=\"914\" data-end=\"1410\">Versiunea noastr\u0103 reproduce bancnota de 50 de euro din seria Europa, cea mai r\u0103sp\u00e2ndit\u0103 bancnot\u0103 euro. Bancnota prezint\u0103 o arcad\u0103 \u00een stil renascentist pe fa\u021b\u0103 \u0219i un pod clasic pe verso. Fiecare element de design, de la microimprimare la gradientele de culoare, este perfect identic cu originalul. Schema de culori portocaliu ars \u0219i ocru este reprodus\u0103 fidel, iar chiar \u0219i banda holografic\u0103, cerneala \u00een relief \u0219i fibrele reactive la UV sunt integrate pentru un aspect autentic \u00eembun\u0103t\u0103\u021bit. Euro-ul este realizat cu at\u00e2ta precizie \u00eenc\u00e2t este aproape imposibil s\u0103 distingi euro-ul original de cel al bradmoney. <a id=\"Buy-realistic-50-euro-fake\"><\/a>Cump\u0103ra\u021bi bancnote false realiste de 50 de euro.<\/p>\n<p data-start=\"1412\" data-end=\"1754\">Aceast\u0103 bancnot\u0103 euro falsificat\u0103 \u00een mod realist include toate caracteristicile de securitate distinctive: o fereastr\u0103 transparent\u0103 cu portret, filigran, num\u0103r cu schimbare de culoare \u0219i fir \u00eencorporat, fiecare fiind recreat cu aten\u021bie pentru a reflecta articolul autentic. Bradmoney utilizeaz\u0103 o metod\u0103 de stratificare brevetat\u0103 pentru a se asigura c\u0103 aceste elemente sunt aliniate \u0219i par autentice la atingere \u0219i la o examinare atent\u0103. Cel mai bun <a href=\"https:\/\/bradmoney.com\/ro\/produs-categorie\/fals-euro\/\">bancnote false de 50 de euro<\/a> \u00een \u00eentreaga Europ\u0103.<\/p>\n<p data-start=\"1756\" data-end=\"2104\">Spre deosebire de alte site uri care ofer\u0103 moned\u0103 fals\u0103 de calitate slab\u0103 \u0219i f\u0103r\u0103 consisten\u021b\u0103, Bradmoney este cunoscut pentru producerea de bancnote false de euro ultra realiste, care dep\u0103\u0219esc aspectul estetic. Asigur\u0103m acurate\u021bea dimensional\u0103, precizia greut\u0103\u021bii h\u00e2rtiei \u0219i tratamentul anti reflex al suprafe\u021bei, astfel \u00eenc\u00e2t bancnota fals\u0103 de 50 \u20ac s\u0103 se integreze perfect cu banii legitimi, at\u00e2t din punct de vedere al aspectului, c\u00e2t \u0219i al texturii. <a id=\"Realistic-fake-euro\"><\/a>Bani euro fal\u0219i reali\u0219ti<\/p>\n<h3 data-start=\"1981\" data-end=\"2026\">Caracteristicile principale ale bancnotei false de 50 de euro<\/h3>\n<ul data-start=\"2028\" data-end=\"2813\">\n<li data-start=\"2028\" data-end=\"2155\">\n<p data-start=\"2030\" data-end=\"2155\"><strong data-start=\"2030\" data-end=\"2054\">Aspect autentic<\/strong> \u2013 Identice cu bancnotele reale de 50 de euro, cu fereastr\u0103 holografic\u0103, microtext \u0219i elemente de securitate transparente.<\/p>\n<\/li>\n<li data-start=\"2156\" data-end=\"2262\">\n<p data-start=\"2158\" data-end=\"2262\"><strong data-start=\"2158\" data-end=\"2174\">Aprobat pentru ATM<\/strong> \u2013 Testat \u00een bancomate, automate \u0219i aparate de num\u0103rat bani, cu performan\u021be impecabile.<\/p>\n<\/li>\n<li data-start=\"2263\" data-end=\"2388\">\n<p data-start=\"2265\" data-end=\"2388\"><strong data-start=\"2265\" data-end=\"2298\">Ideal pentru tranzac\u021bii medii<\/strong> \u2013 Utilizat \u00een mod obi\u0219nuit pentru supermarketuri, restaurante, hoteluri, taxiuri \u0219i achizi\u021bii cu am\u0103nuntul.<\/p>\n<\/li>\n<li data-start=\"2389\" data-end=\"2490\">\n<p data-start=\"2391\" data-end=\"2490\"><strong data-start=\"2391\" data-end=\"2428\">Nedetectabil de sistemele de detectare<\/strong> \u2013 Trece testele cu lumin\u0103 UV, infraro\u0219u \u0219i magnetice.<\/p>\n<\/li>\n<li data-start=\"2491\" data-end=\"2586\">\n<p data-start=\"2493\" data-end=\"2586\"><strong data-start=\"2493\" data-end=\"2512\">Durabilitate ridicat\u0103<\/strong> \u2013 Tip\u0103rit\u0103 pe h\u00e2rtie special\u0103 din bumbac cu textur\u0103 euro \u0219i finisaj tactil.<\/p>\n<\/li>\n<li data-start=\"2587\" data-end=\"2730\">\n<p data-start=\"2589\" data-end=\"2730\"><strong data-start=\"2589\" data-end=\"2609\">Se amestec\u0103 \u00een mod natural<\/strong> \u2013 Bancnota de 50 de euro este una dintre cele mai r\u0103sp\u00e2ndite cupiuri, asigur\u00e2nd o utilizare facil\u0103 \u00een tranzac\u021biile cotidiene.<\/p>\n<\/li>\n<li data-start=\"2731\" data-end=\"2813\">\n<p data-start=\"2733\" data-end=\"2813\"><strong data-start=\"2733\" data-end=\"2754\">Sigur \u0219i discret<\/strong> \u2013 Conceput pentru a func\u021biona \u00een via\u021ba normal\u0103 f\u0103r\u0103 a trezi suspiciuni.<\/p>\n<\/li>\n<\/ul>\n<hr data-start=\"2815\" data-end=\"2818\" \/>\n<h3 data-start=\"2820\" data-end=\"2871\">De ce s\u0103 cump\u0103ra\u021bi bancnote false de 50 de euro de la Bradmoney?<\/h3>\n<ul data-start=\"2873\" data-end=\"3293\">\n<li data-start=\"2873\" data-end=\"2968\">\n<p data-start=\"2875\" data-end=\"2968\">Apreciat de clien\u021bii din \u00eentreaga lume pentru calitatea realist\u0103 \u0219i caracteristicile nedetectabile.<\/p>\n<\/li>\n<li data-start=\"2969\" data-end=\"3042\">\n<p data-start=\"2971\" data-end=\"3042\">Denumire perfect\u0103 at\u00e2t pentru cheltuielile mici, c\u00e2t \u0219i pentru cele mai mari din via\u021ba de zi cu zi.<\/p>\n<\/li>\n<li data-start=\"3043\" data-end=\"3124\">\n<p data-start=\"3045\" data-end=\"3124\">Euro falsifica\u021bi compatibili cu bancomatele, care func\u021bioneaz\u0103 \u00een bancomate \u0219i sisteme de plat\u0103.<\/p>\n<\/li>\n<li data-start=\"3125\" data-end=\"3200\">\n<p data-start=\"3127\" data-end=\"3200\">Bancnote euro false de calitate superioar\u0103, durabile \u0219i perfect utilizabile.<\/p>\n<\/li>\n<li data-start=\"3201\" data-end=\"3293\">\n<p data-start=\"3203\" data-end=\"3293\"><a id=\"Best-fake-50-euro-bills-online\"><\/a>Cele mai bune bancnote false de 50 de euro online, combin\u00e2nd valoarea comercial\u0103 \u0219i designul realist<\/p>\n<\/li>\n<\/ul>\n<p data-start=\"2106\" data-end=\"2421\">Ideale pentru utilizarea \u00een supermarketuri, cazinouri, restaurante, magazine, plat\u0103 facturi \u0219i chiar \u00een bancomate, bancnotele noastre false \u00een euro sunt de neegalat \u00een ceea ce prive\u0219te calitatea execu\u021biei \u0219i \u00eencrederea. C\u00e2nd ave\u021bi nevoie s\u0103 cump\u0103ra\u021bi bani fal\u0219i, g\u0103si\u021bi bani fal\u0219i de v\u00e2nzare sau surs\u0103 pentru <strong data-start=\"2320\" data-end=\"2347\"><a id=\"fake-euro-note-for-sale\"><\/a>bancnot\u0103 euro fals\u0103 de v\u00e2nzare<\/strong> de v\u00e2nzare online la cel mai bun v\u00e2nz\u0103tor de bani fal\u0219i din \u00eentreaga Europ\u0103. <a href=\"https:\/\/bradmoney.com\/ro\/despre-noi\/\">Bancnot\u0103 fals\u0103 de 50 de euro<\/a> de v\u00e2nzare online la cel mai bun v\u00e2nz\u0103tor de bani fal\u0219i din \u00eentreaga Europ\u0103.<\/p>\n<p>&nbsp;<\/p>","protected":false},"excerpt":{"rendered":"<div class=\"description woocommerce-product-details__short-description\">\n<p>Cump\u0103ra\u021bi bancnote false de 50 de euro care arat\u0103 \u0219i se simt ca originalele. La Bradmoney Inc, produsele \u0219i serviciile de calitate sunt prioritatea noastr\u0103 principal\u0103. Una dintre cele mai bune <a id=\"fake-Euro-bills\"><\/a>Bancnotele false \u00een euro pe care le producem sunt bancnote cu valoarea nominal\u0103 de 50.<\/p>\n<\/div>\n<div class=\"product_meta\"><\/div>","protected":false},"featured_media":77,"comment_status":"open","ping_status":"closed","template":"","meta":[],"product_brand":[],"product_cat":[20],"product_tag":[],"class_list":{"0":"post-73","1":"product","2":"type-product","3":"status-publish","4":"has-post-thumbnail","6":"product_cat-fake-euro","8":"first","9":"instock","10":"taxable","11":"shipping-taxable","12":"purchasable","13":"product-type-simple"},"_links":{"self":[{"href":"https:\/\/bradmoney.com\/ro\/wp-json\/wp\/v2\/product\/73","targetHints":{"allow":["GET"]}}],"collection":[{"href":"https:\/\/bradmoney.com\/ro\/wp-json\/wp\/v2\/product"}],"about":[{"href":"https:\/\/bradmoney.com\/ro\/wp-json\/wp\/v2\/types\/product"}],"replies":[{"embeddable":true,"href":"https:\/\/bradmoney.com\/ro\/wp-json\/wp\/v2\/comments?post=73"}],"version-history":[{"count":1,"href":"https:\/\/bradmoney.com\/ro\/wp-json\/wp\/v2\/product\/73\/revisions"}],"predecessor-version":[{"id":17823,"href":"https:\/\/bradmoney.com\/ro\/wp-json\/wp\/v2\/product\/73\/revisions\/17823"}],"wp:featuredmedia":[{"embeddable":true,"href":"https:\/\/bradmoney.com\/ro\/wp-json\/wp\/v2\/media\/77"}],"wp:attachment":[{"href":"https:\/\/bradmoney.com\/ro\/wp-json\/wp\/v2\/media?parent=73"}],"wp:term":[{"taxonomy":"product_brand","embeddable":true,"href":"https:\/\/bradmoney.com\/ro\/wp-json\/wp\/v2\/product_brand?post=73"},{"taxonomy":"product_cat","embeddable":true,"href":"https:\/\/bradmoney.com\/ro\/wp-json\/wp\/v2\/product_cat?post=73"},{"taxonomy":"product_tag","embeddable":true,"href":"https:\/\/bradmoney.com\/ro\/wp-json\/wp\/v2\/product_tag?post=73"}],"curies":[{"name":"wp","href":"https:\/\/api.w.org\/{rel}","templated":true}]}}