{"id":72,"date":"2023-06-19T06:24:37","date_gmt":"2023-06-19T06:24:37","guid":{"rendered":"https:\/\/www.bradfakemoney.com\/?post_type=product&#038;p=72"},"modified":"2026-01-23T16:50:10","modified_gmt":"2026-01-24T00:50:10","slug":"fals-euro-e200","status":"publish","type":"product","link":"https:\/\/bradmoney.com\/ro\/produs\/fals-euro-e200\/","title":{"rendered":"Euro fals 200"},"content":{"rendered":"<p>Bancnotele false de 200 de euro sunt perfecte pentru o varietate de utiliz\u0103ri, inclusiv pentru expunere, recuzit\u0103, plata taxelor, chirii, facturi de electricitate \u0219i multe altele. Bancnotele noastre false sunt concepute s\u0103 par\u0103 bani adev\u0103ra\u021bi, oferindu-v\u0103 o experien\u021b\u0103 autentic\u0103 f\u0103r\u0103 riscul de a fi descoperi\u021bi.<\/p>\n<p>They come in a range of denominations, from 5 Euro\u00a0 to 200 Euro notes. The notes come in a variety of colors and textures, making them indistinguishable from real Euro notes.<\/p>\n<p>Bradmoney Inc. tip\u0103re\u0219te bancnote false de 200 de euro pe h\u00e2rtie 100% pur\u0103, care pot fi utilizate oriunde. Acestea sunt rezistente la ap\u0103 \u0219i pete \u0219i nu se decoloreaz\u0103 sau devin fragile, la fel ca banii reali. Noastre <a id=\"fake-Euro\"><\/a>fake Euro notes also fit perfectly in use for every day to day activity, making them perfect for a variety of applications.<\/p>\n<p>Our fake Euros come in both a new and used condition to suit whatever application you need them for. The new notes look just as crisp and new as real Euros, while the used notes have a more worn look and feel, making them perfect for extensive use in movies and others.<\/p>\n<p>Bancnota de 200 de euro este adesea utilizat\u0103 \u00een tranzac\u021bii mai mari, fiind perfect\u0103 pentru cheltuieli de c\u0103l\u0103torie, cump\u0103r\u0103turi de lux, mese la restaurante elegante \u0219i pl\u0103\u021bi la hoteluri. Cu Bradmoney <a href=\"https:\/\/bradmoney.com\/ro\/shop\/\">bancnote false realiste de 200 de euro<\/a>, le pute\u021bi utiliza \u00een mod normal la bancomate, supermarketuri, magazine, benzin\u0103rii, restaurante \u0219i hoteluri. Bancnotele noastre sunt compatibile cu bancomatele, ceea ce \u00eenseamn\u0103 c\u0103 pot fi utilizate cu u\u0219urin\u021b\u0103 la aparatele de retragere de numerar, aparatele de depunere \u0219i sistemele de v\u00e2nzare automat\u0103.<\/p>\n<h3 data-start=\"2238\" data-end=\"2284\">Caracteristicile principale ale bancnotei false de 200 de euro<\/h3>\n<ul data-start=\"2286\" data-end=\"2996\">\n<li data-start=\"2286\" data-end=\"2405\">\n<p data-start=\"2288\" data-end=\"2405\"><strong data-start=\"2288\" data-end=\"2315\">Design extrem de realist<\/strong> \u2013 Se potrive\u0219te cu bancnota original\u0103 de 200 \u20ac cu precizie \u00een ceea ce prive\u0219te hologramele, filigranele \u0219i tiparul.<\/p>\n<\/li>\n<li data-start=\"2406\" data-end=\"2496\">\n<p data-start=\"2408\" data-end=\"2496\"><strong data-start=\"2408\" data-end=\"2436\">Nedetectabil de scanere<\/strong> \u2013 Trece testele sistemelor de detectare a razelor UV, infraro\u0219ii \u0219i a falsific\u0103rilor.<\/p>\n<\/li>\n<li data-start=\"2497\" data-end=\"2584\">\n<p data-start=\"2499\" data-end=\"2584\"><strong data-start=\"2499\" data-end=\"2517\">Compatibil cu ATM<\/strong> \u2013 Func\u021bioneaz\u0103 f\u0103r\u0103 probleme \u00een bancomate, automate de v\u00e2nzare \u0219i sisteme de depunere.<\/p>\n<\/li>\n<li data-start=\"2585\" data-end=\"2697\">\n<p data-start=\"2587\" data-end=\"2697\"><strong data-start=\"2587\" data-end=\"2622\">Perfect pentru pl\u0103\u021bi cu valoare mare<\/strong> \u2013 De \u00eencredere \u00een supermarketuri, hoteluri, cheltuieli de c\u0103l\u0103torie \u0219i restaurante.<\/p>\n<\/li>\n<li data-start=\"2698\" data-end=\"2789\">\n<p data-start=\"2700\" data-end=\"2789\"><strong data-start=\"2700\" data-end=\"2721\">Durabilitate ridicat\u0103<\/strong> \u2013 Tip\u0103rit pe h\u00e2rtie euro pe baz\u0103 de bumbac, cu finisaj avansat.<\/p>\n<\/li>\n<li data-start=\"2790\" data-end=\"2892\">\n<p data-start=\"2792\" data-end=\"2892\"><strong data-start=\"2792\" data-end=\"2827\">Valoare nominal\u0103 mare de \u00eencredere<\/strong> \u2013 Ideal for transactions that require large sums of money.<\/p>\n<\/li>\n<li data-start=\"2893\" data-end=\"2996\">\n<p data-start=\"2895\" data-end=\"2996\"><strong data-start=\"2895\" data-end=\"2917\">Utilizare zilnic\u0103 f\u0103r\u0103 probleme<\/strong> \u2013 Func\u021bioneaz\u0103 \u00een mod natural \u00een supermarketuri, benzin\u0103rii \u0219i centre comerciale.<\/p>\n<\/li>\n<\/ul>\n<hr data-start=\"2998\" data-end=\"3001\" \/>\n<h3 data-start=\"3003\" data-end=\"3055\">De ce s\u0103 cump\u0103ra\u021bi bancnote false de 200 de euro de la Bradmoney?<\/h3>\n<ul data-start=\"3057\" data-end=\"3419\">\n<li data-start=\"3057\" data-end=\"3131\">\n<p data-start=\"3059\" data-end=\"3131\">Cele mai bune bancnote false de 200 de euro de v\u00e2nzare online, cu autenticitate dovedit\u0103.<\/p>\n<\/li>\n<li data-start=\"3132\" data-end=\"3204\">\n<p data-start=\"3134\" data-end=\"3204\">Euro falsificat nedetectabil, care trece de scanerele de bani \u0219i de verific\u0103rile ATM urilor.<\/p>\n<\/li>\n<li data-start=\"3205\" data-end=\"3272\">\n<p data-start=\"3207\" data-end=\"3272\">Bancnote false de 200 de euro de \u00eenalt\u0103 calitate, concepute pentru utilizarea zilnic\u0103.<\/p>\n<\/li>\n<li data-start=\"3273\" data-end=\"3349\">\n<p data-start=\"3275\" data-end=\"3349\">Apreciat de clien\u021bii din \u00eentreaga lume pentru realism, discre\u021bie \u0219i durabilitate.<\/p>\n<\/li>\n<li data-start=\"3350\" data-end=\"3419\">\n<p data-start=\"3352\" data-end=\"3419\">Perfect pentru tranzac\u021bii de lux, c\u0103l\u0103torii \u0219i pl\u0103\u021bi cu am\u0103nuntul.<\/p>\n<\/li>\n<\/ul>\n<p>Perfect pentru tranzac\u021bii de lux, c\u0103l\u0103torii \u0219i pl\u0103\u021bi cu am\u0103nuntul.<\/p>\n<p>Perfect pentru tranzac\u021bii de lux, c\u0103l\u0103torii \u0219i pl\u0103\u021bi cu am\u0103nuntul.<\/p>\n<p>-Micro litere, cerneal\u0103 metalic\u0103 \u0219i fir<\/p>\n<p>-Filigrane<\/p>\n<p>-Detectarea IR<\/p>\n<p>-Caracteristici ultraviolete<\/p>\n<p>-Caracteristici transparente<\/p>\n<p>-Numere de serie diferite.<\/p>\n<p>\u00cen plus, bancnotele noastre sunt 100% nedetectabile, 100% sigure \u0219i 100% sigure de utilizat \u00een oricare dintre urm\u0103toarele situa\u021bii: bancomate, magazine, benzin\u0103rii, cazinouri, case de schimb valutar \u0219i bancomate. C\u00e2\u0219tiga\u021bi \u00eencredere \u00een voi \u00een\u0219iv\u0103 atunci c\u00e2nd plasa\u021bi comanda pentru un viitor mai luminos. <a id=\"Buy-Counterfeit-euros-for-sale-near-you\"><\/a><a href=\"http:\/\/bradmoney.com\/ro\/\">Cump\u0103ra\u021bi euro fal\u0219i de v\u00e2nzare \u00een apropierea dvs.<\/a>!<\/p>","protected":false},"excerpt":{"rendered":"<div class=\"description woocommerce-product-details__short-description\">\n<div class=\"description woocommerce-product-details__short-description\">\n<div class=\"description woocommerce-product-details__short-description\">\n<p>Cump\u0103ra\u021bi bancnote false de 200 de euro \u2013 realiste, nedetectabile \u0219i compatibile cu bancomatele. Perfecte pentru supermarketuri, hoteluri, cump\u0103r\u0103turi de lux \u0219i pl\u0103\u021bi zilnice de mare valoare.<\/p>\n<\/div>\n<\/div>\n<\/div>","protected":false},"featured_media":66,"comment_status":"open","ping_status":"closed","template":"","meta":[],"product_brand":[],"product_cat":[20],"product_tag":[],"class_list":{"0":"post-72","1":"product","2":"type-product","3":"status-publish","4":"has-post-thumbnail","6":"product_cat-fake-euro","8":"first","9":"instock","10":"taxable","11":"shipping-taxable","12":"purchasable","13":"product-type-simple"},"_links":{"self":[{"href":"https:\/\/bradmoney.com\/ro\/wp-json\/wp\/v2\/product\/72","targetHints":{"allow":["GET"]}}],"collection":[{"href":"https:\/\/bradmoney.com\/ro\/wp-json\/wp\/v2\/product"}],"about":[{"href":"https:\/\/bradmoney.com\/ro\/wp-json\/wp\/v2\/types\/product"}],"replies":[{"embeddable":true,"href":"https:\/\/bradmoney.com\/ro\/wp-json\/wp\/v2\/comments?post=72"}],"version-history":[{"count":1,"href":"https:\/\/bradmoney.com\/ro\/wp-json\/wp\/v2\/product\/72\/revisions"}],"predecessor-version":[{"id":17824,"href":"https:\/\/bradmoney.com\/ro\/wp-json\/wp\/v2\/product\/72\/revisions\/17824"}],"wp:featuredmedia":[{"embeddable":true,"href":"https:\/\/bradmoney.com\/ro\/wp-json\/wp\/v2\/media\/66"}],"wp:attachment":[{"href":"https:\/\/bradmoney.com\/ro\/wp-json\/wp\/v2\/media?parent=72"}],"wp:term":[{"taxonomy":"product_brand","embeddable":true,"href":"https:\/\/bradmoney.com\/ro\/wp-json\/wp\/v2\/product_brand?post=72"},{"taxonomy":"product_cat","embeddable":true,"href":"https:\/\/bradmoney.com\/ro\/wp-json\/wp\/v2\/product_cat?post=72"},{"taxonomy":"product_tag","embeddable":true,"href":"https:\/\/bradmoney.com\/ro\/wp-json\/wp\/v2\/product_tag?post=72"}],"curies":[{"name":"wp","href":"https:\/\/api.w.org\/{rel}","templated":true}]}}