{"id":64,"date":"2023-06-19T06:20:57","date_gmt":"2023-06-19T06:20:57","guid":{"rendered":"https:\/\/www.bradfakemoney.com\/?post_type=product&#038;p=64"},"modified":"2026-01-23T16:51:22","modified_gmt":"2026-01-24T00:51:22","slug":"fals-euro-e100","status":"publish","type":"product","link":"https:\/\/bradmoney.com\/ro\/produs\/fals-euro-e100\/","title":{"rendered":"Euro fals \u20ac100"},"content":{"rendered":"<h4 data-start=\"482\" data-end=\"889\">Euro fals \u20ac100<\/h4>\n<p data-start=\"482\" data-end=\"889\">V\u0103 prezent\u0103m bancnota fals\u0103 de 100 de euro de la Bradmoney, realizat\u0103 cu un realism \u0219i o precizie excep\u021bionale. Aceast\u0103 replic\u0103 de \u00eenalt\u0103 calitate corespunde bancnotei euro originale at\u00e2t ca form\u0103, c\u00e2t \u0219i ca func\u021bie. Fiind una dintre cele mai de \u00eencredere surse pentru <a href=\"https:\/\/bradmoney.com\/ro\/produs\/fals-euro-e20\/\">bancnote euro false realiste<\/a>, Bradmoney proiecteaz\u0103 produsele sale astfel \u00eenc\u00e2t s\u0103 fie imposibil de distins de bancnotele autentice, utiliz\u00e2nd tehnologie de imprimare de ultim\u0103 genera\u021bie \u0219i materiale la scar\u0103 real\u0103.<\/p>\n<p data-start=\"891\" data-end=\"1258\">Modelat\u0103 dup\u0103 bancnota de 100 de euro din seria Europa, aceast\u0103 replic\u0103 prezint\u0103 pe fa\u021ba sa arhitectura clasic\u0103 \u00een stil baroc \u0219i o schem\u0103 de culori verde intens, care se potrive\u0219te perfect cu originalul. Fiecare detaliu, de la liniile microgravate, texturile \u00een relief \u0219i banda holografic\u0103, p\u00e2n\u0103 la caracteristicile reactive la UV \u0219i infraro\u0219u, a fost reprodus impecabil. <a id=\"Where-to-buy-fake-euro-online\"><\/a><a href=\"https:\/\/bradmoney.com\/ro\/\" rel=\"noopener\">De unde s\u0103 cump\u0103ra\u021bi euro fal\u0219i online<\/a><span class=\"___SBox_epc1q-ko_ ___SText_zko9t-ko_\" data-ui-name=\"Link.Text\">\u00a0? nu mai c\u0103uta\u021bi.<\/span><\/p>\n<p data-start=\"1260\" data-end=\"1661\">Fereastra transparent\u0103 pentru portretul lui Europa este foarte clar\u0103, iar filigranul \u0219i cifra cu schimbare de culoare sunt \u00eencorporate cu o tehnologie de ultim\u0103 genera\u021bie pentru a se asigura c\u0103 reflect\u0103 ca \u00een realitate. Suprafa\u021ba este realizat\u0103 dintr-un compozit din fibre de bumbac care imit\u0103 h\u00e2rtia monedei euro oficiale, conferind bancnotei o textur\u0103 autentic\u0103, ferm\u0103, rezistent\u0103 la \u00eendoire \u0219i cu un finisaj mat natural.<\/p>\n<p data-start=\"1663\" data-end=\"1958\">Aceast\u0103 bancnot\u0103 fals\u0103 de 100 de euro nu numai c\u0103 arat\u0103 real, dar \u0219i se simte real\u0103, c\u00e2nt\u0103re\u0219te exact \u0219i se comport\u0103 ca originalul \u00een toate testele vizuale \u0219i tactile. Spre deosebire de imita\u021biile ieftine care se decoloreaz\u0103 sau se murd\u0103resc, bancnotele Bradmoney sunt f\u0103cute s\u0103 dureze, folosind cerneluri rezistente la decolorare \u0219i imprimare calibrat\u0103 sub presiune. <a id=\"Buy-fake-euro\"><\/a><a href=\"https:\/\/bradmoney.com\/ro\/shop\/\">Cump\u0103ra\u021bi euro fal\u0219i<\/a> de pe cel mai bun site web de bani fal\u0219i<\/p>\n<h3 data-start=\"2021\" data-end=\"2067\">Caracteristicile principale ale bancnotei false de 100 de euro<\/h3>\n<ul data-start=\"2069\" data-end=\"2825\">\n<li data-start=\"2069\" data-end=\"2200\">\n<p data-start=\"2071\" data-end=\"2200\"><strong data-start=\"2071\" data-end=\"2106\">Aspect \u0219i senza\u021bie perfect autentice<\/strong> \u2013 Reproduce fiecare detaliu al bancnotei reale de 100 de euro, inclusiv hologramele \u0219i cerneala \u00een relief.<\/p>\n<\/li>\n<li data-start=\"2201\" data-end=\"2303\">\n<p data-start=\"2203\" data-end=\"2303\"><strong data-start=\"2203\" data-end=\"2221\">Compatibil cu ATM<\/strong> \u2013 Func\u021bioneaz\u0103 perfect \u00een bancomate, automate de v\u00e2nzare \u0219i sisteme de depunere de numerar.<\/p>\n<\/li>\n<li data-start=\"2304\" data-end=\"2422\">\n<p data-start=\"2306\" data-end=\"2422\"><strong data-start=\"2306\" data-end=\"2347\">Ideal pentru tranzac\u021bii medii \u0219i mari<\/strong> \u2013 Utilizat frecvent \u00een c\u0103l\u0103torii, cump\u0103r\u0103turi, hoteluri \u0219i restaurante.<\/p>\n<\/li>\n<li data-start=\"2423\" data-end=\"2512\">\n<p data-start=\"2425\" data-end=\"2512\"><strong data-start=\"2425\" data-end=\"2453\">Nedetectabil de scanere<\/strong> \u2013 Trece testele de detectare UV, infraro\u0219u \u0219i magnetic\u0103.<\/p>\n<\/li>\n<li data-start=\"2513\" data-end=\"2612\">\n<p data-start=\"2515\" data-end=\"2612\"><strong data-start=\"2515\" data-end=\"2541\">Durabil \u0219i de lung\u0103 durat\u0103<\/strong> \u2013 Tip\u0103rit pe h\u00e2rtie euro cu textur\u0103 de bumbac, cu finisaj avansat.<\/p>\n<\/li>\n<li data-start=\"2613\" data-end=\"2730\">\n<p data-start=\"2615\" data-end=\"2730\"><strong data-start=\"2615\" data-end=\"2646\">Denumire larg acceptat\u0103<\/strong> \u2013 Bancnota de 100 de euro este recunoscut\u0103 \u00een toate \u021b\u0103rile din zona euro pentru o utilizare f\u0103r\u0103 probleme.<\/p>\n<\/li>\n<li data-start=\"2731\" data-end=\"2825\">\n<p data-start=\"2733\" data-end=\"2825\"><strong data-start=\"2733\" data-end=\"2756\">Utilizare sigur\u0103 \u0219i securizat\u0103<\/strong> \u2013 Se integreaz\u0103 \u00een mod natural \u00een activit\u0103\u021bile cotidiene, f\u0103r\u0103 a trezi suspiciuni.<\/p>\n<\/li>\n<\/ul>\n<hr data-start=\"2827\" data-end=\"2830\" \/>\n<h3 data-start=\"2832\" data-end=\"2884\">\ud83d\uded2 De ce s\u0103 cump\u0103ra\u021bi bancnote false de 100 de euro de la Bradmoney?<\/h3>\n<ul data-start=\"2886\" data-end=\"3262\">\n<li data-start=\"2886\" data-end=\"2954\">\n<p data-start=\"2888\" data-end=\"2954\">Bancnote false de euro de \u00eenalt\u0103 calitate, imposibil de detectat, proiectate cu precizie.<\/p>\n<\/li>\n<li data-start=\"2955\" data-end=\"3036\">\n<p data-start=\"2957\" data-end=\"3036\">Cele mai bune bancnote false de 100 de euro de v\u00e2nzare online, cu grad de utilizare comercial\u0103.<\/p>\n<\/li>\n<li data-start=\"3037\" data-end=\"3113\">\n<p data-start=\"3039\" data-end=\"3113\">ATM-urile au testat euro fal\u0219i care func\u021bioneaz\u0103 \u00een aparate \u0219i \u00een mediile de v\u00e2nzare cu am\u0103nuntul.<\/p>\n<\/li>\n<li data-start=\"3114\" data-end=\"3187\">\n<p data-start=\"3116\" data-end=\"3187\">Apreciat de cump\u0103r\u0103torii din \u00eentreaga lume pentru realism, discre\u021bie \u0219i durabilitate.<\/p>\n<\/li>\n<li data-start=\"3188\" data-end=\"3262\">\n<p data-start=\"3190\" data-end=\"3262\">Denumire perfect\u0103 pentru cheltuielile zilnice \u0219i pl\u0103\u021bile cu valoare mai mare.<\/p>\n<\/li>\n<\/ul>\n<p data-start=\"1960\" data-end=\"2452\">Bancnota fals\u0103 de 100 de euro este extrem de versatil\u0103 \u0219i este acceptat\u0103 \u00een mod obi\u0219nuit \u00een supermarketuri, bancomate, hoteluri, agen\u021bii de \u00eenchiriere auto, restaurante, magazine de retail \u0219i benzin\u0103rii. Tehnologia noastr\u0103 avansat\u0103 garanteaz\u0103 c\u0103 aceste bancnote sunt compatibile cu bancomatele, ceea ce \u00eenseamn\u0103 c\u0103 func\u021bioneaz\u0103 perfect \u00een sistemele de retragere de numerar, aparatele de depunere, sistemele de v\u00e2nzare automat\u0103 \u0219i casele de marcat. Bradmoney este liderul mondial \u00een ceea ce prive\u0219te achizi\u021bionarea online de bani fal\u0219i, oferind bani fal\u0219i de v\u00e2nzare cu un control al calit\u0103\u021bii \u0219i o satisfac\u021bie a clien\u021bilor de neegalat. C\u00e2nd c\u0103uta\u021bi cea mai realist\u0103 moned\u0103 fals\u0103 de pe pia\u021b\u0103, bancnota noastr\u0103 fals\u0103 de 100 de euro dep\u0103\u0219e\u0219te a\u0219tept\u0103rile, fiind conceput\u0103 nu doar pentru a ar\u0103ta ca originalul, ci \u0219i pentru a fi standardul de aur al industriei. Bancnote false de 100 de euro de v\u00e2nzare.<\/p>","protected":false},"excerpt":{"rendered":"<div class=\"description woocommerce-product-details__short-description\">\n<p>&nbsp;<\/p>\n<p>Cump\u0103ra\u021bi bancnote false de 100 de euro \u2013 realiste, compatibile cu bancomatele \u0219i nedetectabile. Perfecte pentru supermarketuri, bancomate, cheltuieli de c\u0103l\u0103torie \u0219i pl\u0103\u021bi din via\u021ba de zi cu zi. Cump\u0103ra\u021bi bancnote false de 100 de euro care arat\u0103 \u0219i se simt exact ca cele originale. La Bradmoney Inc. Bancnote, produsele \u0219i serviciile de calitate sunt prioritatea noastr\u0103 principal\u0103. Una dintre cele mai bune bancnote euro pe care le producem este cea cu valoarea nominal\u0103 de 100.<\/p>\n<\/div>","protected":false},"featured_media":67,"comment_status":"open","ping_status":"closed","template":"","meta":[],"product_brand":[],"product_cat":[20],"product_tag":[],"class_list":{"0":"post-64","1":"product","2":"type-product","3":"status-publish","4":"has-post-thumbnail","6":"product_cat-fake-euro","8":"first","9":"instock","10":"taxable","11":"shipping-taxable","12":"purchasable","13":"product-type-simple"},"_links":{"self":[{"href":"https:\/\/bradmoney.com\/ro\/wp-json\/wp\/v2\/product\/64","targetHints":{"allow":["GET"]}}],"collection":[{"href":"https:\/\/bradmoney.com\/ro\/wp-json\/wp\/v2\/product"}],"about":[{"href":"https:\/\/bradmoney.com\/ro\/wp-json\/wp\/v2\/types\/product"}],"replies":[{"embeddable":true,"href":"https:\/\/bradmoney.com\/ro\/wp-json\/wp\/v2\/comments?post=64"}],"version-history":[{"count":1,"href":"https:\/\/bradmoney.com\/ro\/wp-json\/wp\/v2\/product\/64\/revisions"}],"predecessor-version":[{"id":17826,"href":"https:\/\/bradmoney.com\/ro\/wp-json\/wp\/v2\/product\/64\/revisions\/17826"}],"wp:featuredmedia":[{"embeddable":true,"href":"https:\/\/bradmoney.com\/ro\/wp-json\/wp\/v2\/media\/67"}],"wp:attachment":[{"href":"https:\/\/bradmoney.com\/ro\/wp-json\/wp\/v2\/media?parent=64"}],"wp:term":[{"taxonomy":"product_brand","embeddable":true,"href":"https:\/\/bradmoney.com\/ro\/wp-json\/wp\/v2\/product_brand?post=64"},{"taxonomy":"product_cat","embeddable":true,"href":"https:\/\/bradmoney.com\/ro\/wp-json\/wp\/v2\/product_cat?post=64"},{"taxonomy":"product_tag","embeddable":true,"href":"https:\/\/bradmoney.com\/ro\/wp-json\/wp\/v2\/product_tag?post=64"}],"curies":[{"name":"wp","href":"https:\/\/api.w.org\/{rel}","templated":true}]}}