{"id":44,"date":"2023-06-19T06:09:36","date_gmt":"2023-06-19T06:09:36","guid":{"rendered":"https:\/\/www.bradfakemoney.com\/?post_type=product&#038;p=44"},"modified":"2026-03-30T12:34:13","modified_gmt":"2026-03-30T20:34:13","slug":"fals-cad-50","status":"publish","type":"product","link":"https:\/\/bradmoney.com\/ro\/produs\/fals-cad-50\/","title":{"rendered":"Dolarul canadian fals $50"},"content":{"rendered":"<p data-start=\"421\" data-end=\"928\">Bancnota fals\u0103 de 50 de dolari canadieni de la Bradmoney este una dintre cele mai realiste bancnote false disponibile pe pia\u021ba mondial\u0103. Proiectate cu ajutorul unei tehnologii avansate de imprimare \u0219i cu detalii de precizie, aceste bancnote de 50 CAD nedetectabile reproduc toate elementele de securitate ale bancnotei autentice emise de Banca Canadei. C\u00e2nd alege\u021bi s\u0103 <a id=\"buy-fake-50-Canadian-Dollar-bills-online\"><\/a><a href=\"https:\/\/bradmoney.com\/ro\/produs-categorie\/dolari-canadieni-falsi\/\">cump\u0103ra\u021bi online bancnote false de 50 de dolari canadieni<\/a>, investi\u021bi \u00een cea mai de \u00eencredere surs\u0103 de dolari canadieni contraf\u0103cu\u021bi de \u00eenalt\u0103 calitate, care func\u021bioneaz\u0103 perfect \u00een situa\u021biile de zi cu zi.<\/p>\n<p data-start=\"930\" data-end=\"1312\">What makes our counterfeit 50 CAD banknotes unique is the perfect replication of the polymer substrate, transparent windows, color shifting metallic strip\u00a0and holographic elements found in real Canadian currency. Each note feels identical to genuine money, complete with raised tactile print and UV\/IR features that ensure detection proof performance.<\/p>\n<p data-start=\"1314\" data-end=\"1786\">Unlike poor quality counterfeits, Bradmoney\u2019s <a id=\"fake-50-Canadian-Dollars-for-sale\"><\/a>fake 50 Canadian Dollars for sale are undetectable by money scanners, counterfeit detectors and ATMs. That means you can use these bills normally in daily life whether withdrawing at an ATM, paying in supermarkets, purchasing fuel at gas stations, dining at restaurants or shopping in malls. The reliability and accuracy of our counterfeit money make it the best fake Canadian dollars you can buy in Canada<strong data-start=\"1732\" data-end=\"1783\">.<\/strong><\/p>\n<p>This Fake Canadian dollar bill is a perfect replica of the original notes. At first glance, you won\u2019t be able to tell the difference.<\/p>\n<p>We have the latest modern technology available for the production of <a id=\"fake-Canadian-dollars\"><\/a>fake Canadian dollars, even though printing on high-quality polymer is quite difficult. It features the same unique designs and textures as the real-deal.<\/p>\n<p>Furthermore, the vibrant colors and realistic details make it look completely authentic, with no signs of counterfeiting. The bill is also same size as the real bill, so it\u2019s undetectable when using in any location of choice.<\/p>\n<p>People can use the bill as a <a id=\"best-canadian-prop-money\"><\/a><a href=\"https:\/\/bradmoney.com\/ro\/produs-categorie\/dolari-canadieni-falsi\/\">best canadian prop money<\/a> in movies or simply in everyday life to pay for goods and services. It\u2019s a great way to add a touch of realism and make a statement. In addition to the superior quality of our fake dollars, the value of your purchase is guaranteed.<\/p>\n<p>We guarantee you\u2019ll get the exact amount of bills you order, with no additional fees or hidden costs. If you\u2019re looking for a quality fake dollar that won\u2019t skimp on detail or value, look no further than our <a id=\"counterfeit-canadian-money\"><\/a>counterfeit canadian money.<\/p>\n<p>Cu pre\u021burile noastre, standardele superioare de produc\u021bie \u0219i garan\u021bia de returnare a banilor, ve\u021bi fi siguri c\u0103 ve\u021bi avea cea mai bun\u0103 falsificare pe care o pute\u021bi cump\u0103ra.<\/p>\n<p>The company backs the bill with a lifetime guarantee and makes it in a protective sleeve to keep it in great condition.The Fake Canadian Dollar bill is sure to provide you with years of usage . Get your fake money now and start enjoying your life.<\/p>\n<p data-start=\"3456\" data-end=\"3819\">When it comes to buying fake 50 Canadian Dollars, Bradmoney stands above every other supplier. Our counterfeit notes are trusted across Canada and worldwide because they deliver flawless results in real world use. If you\u2019re looking for high quality, undetectable counterfeit 50 CAD bills that you can rely on every day, Bradmoney is the only choice.<\/p>\n<p data-start=\"3821\" data-end=\"3955\">Order now and experience the best fake Canadian dollars online<strong data-start=\"3850\" data-end=\"3888\">. <\/strong>Realistic, secure and trusted by thousands of satisfied buyers. Buy fake dollars online!<\/p>","protected":false},"excerpt":{"rendered":"<p>Cump\u0103ra\u021bi online bancnote false de 50 de dolari canadieni de la Bradmoney. Bancnotele noastre false de 50 CAD sunt realiste, de \u00eenalt\u0103 calitate \u0219i nu pot fi detectate, put\u00e2nd fi utilizate la bancomate, scanere \u0219i stilouri detectoare, fiind perfecte pentru utilizarea zilnic\u0103 \u00een magazine, supermarketuri, restaurante \u0219i benzin\u0103rii.<\/p>","protected":false},"featured_media":45,"comment_status":"open","ping_status":"closed","template":"","meta":[],"product_brand":[],"product_cat":[18],"product_tag":[],"class_list":{"0":"post-44","1":"product","2":"type-product","3":"status-publish","4":"has-post-thumbnail","6":"product_cat-fake-canadian-dollars","8":"first","9":"instock","10":"taxable","11":"shipping-taxable","12":"purchasable","13":"product-type-simple"},"_links":{"self":[{"href":"https:\/\/bradmoney.com\/ro\/wp-json\/wp\/v2\/product\/44","targetHints":{"allow":["GET"]}}],"collection":[{"href":"https:\/\/bradmoney.com\/ro\/wp-json\/wp\/v2\/product"}],"about":[{"href":"https:\/\/bradmoney.com\/ro\/wp-json\/wp\/v2\/types\/product"}],"replies":[{"embeddable":true,"href":"https:\/\/bradmoney.com\/ro\/wp-json\/wp\/v2\/comments?post=44"}],"version-history":[{"count":1,"href":"https:\/\/bradmoney.com\/ro\/wp-json\/wp\/v2\/product\/44\/revisions"}],"predecessor-version":[{"id":17828,"href":"https:\/\/bradmoney.com\/ro\/wp-json\/wp\/v2\/product\/44\/revisions\/17828"}],"wp:featuredmedia":[{"embeddable":true,"href":"https:\/\/bradmoney.com\/ro\/wp-json\/wp\/v2\/media\/45"}],"wp:attachment":[{"href":"https:\/\/bradmoney.com\/ro\/wp-json\/wp\/v2\/media?parent=44"}],"wp:term":[{"taxonomy":"product_brand","embeddable":true,"href":"https:\/\/bradmoney.com\/ro\/wp-json\/wp\/v2\/product_brand?post=44"},{"taxonomy":"product_cat","embeddable":true,"href":"https:\/\/bradmoney.com\/ro\/wp-json\/wp\/v2\/product_cat?post=44"},{"taxonomy":"product_tag","embeddable":true,"href":"https:\/\/bradmoney.com\/ro\/wp-json\/wp\/v2\/product_tag?post=44"}],"curies":[{"name":"wp","href":"https:\/\/api.w.org\/{rel}","templated":true}]}}