{"id":39,"date":"2023-06-19T06:07:10","date_gmt":"2023-06-19T06:07:10","guid":{"rendered":"https:\/\/www.bradfakemoney.com\/?post_type=product&#038;p=39"},"modified":"2026-03-30T12:34:56","modified_gmt":"2026-03-30T20:34:56","slug":"fake-cad-20","status":"publish","type":"product","link":"https:\/\/bradmoney.com\/ro\/produs\/fake-cad-20\/","title":{"rendered":"Falsificare de bancnot\u0103 canadian\u0103 de 20 de dolari"},"content":{"rendered":"<p>Bradmoney proudly offers the most realistic fake 20 Canadian Dollar bills\u00a0available anywhere in the world. Our undetectable counterfeit Canadian dollar notes are engineered with precision to perfectly replicate the design, security features, and texture of the authentic Bank of Canada polymer bill. When you buy from Bradmoney, you are investing in <a href=\"https:\/\/bradmoney.com\/ro\/produs\/fals-cad-10\/\"><strong data-start=\"686\" data-end=\"722\">high quality fake Canadian dollars<\/strong><\/a> that works flawlessly in daily life.<\/p>\n<p>Buy the highest quality Fake Canadian Dollar bills on the market. Our counterfeit bills are meticulously crafted using polymer, just like the real ones with every single detail embedded by trained experienced professionals .<\/p>\n<p>Get your hands on these realistic looking fake dollars anywhere in canada at your doorstep and experience the convenience and flexibility they offer. The <a id=\"fake-canadian-polymer-notes\"><\/a>fake canadian polymer notes are shipped to your location discreetly without any hassle or hinges.<\/p>\n<p>We also have the added option of meeting in person where you can inspect the quality of the notes before deciding to make any purchase .<\/p>\n<p>Don&#8217;t miss out on this opportunity to <a id=\"buy-fake-canadian-dollar\"><\/a><a href=\"https:\/\/bradmoney.com\/ro\/produs-categorie\/dolari-canadieni-falsi\/\">cump\u0103ra\u021bi dolar canadian fals<\/a> at an unbeatable price. the money can be used as <a id=\"canadian-prop-money\"><\/a>canadian prop money for certain events . Order now and enjoy the benefits of having fake money at your disposal. Fake Canadian Dollar $20 on sale!<\/p>\n<h3 data-start=\"2458\" data-end=\"2512\">Why Bradmoney\u2019s Fake 20 CAD Notes are the Best<\/h3>\n<p data-start=\"2514\" data-end=\"2656\">Choosing Bradmoney means choosing quality, security and trust. Here\u2019s why our fake Canadian dollar bills is considered the best worldwide:<\/p>\n<ul data-start=\"2658\" data-end=\"2982\">\n<li data-start=\"2658\" data-end=\"2742\">\n<p data-start=\"2660\" data-end=\"2742\">Unmatched authenticity \u2013 every detail copied from real Bank of Canada bills.<\/p>\n<\/li>\n<li data-start=\"2743\" data-end=\"2815\">\n<p data-start=\"2745\" data-end=\"2815\">Undetectable in ATMs and stores \u2013 passes scanners and detectors.<\/p>\n<\/li>\n<li data-start=\"2816\" data-end=\"2863\">\n<p data-start=\"2818\" data-end=\"2863\">Secure and discreet worldwide shipping.<\/p>\n<\/li>\n<li data-start=\"2864\" data-end=\"2923\">\n<p data-start=\"2866\" data-end=\"2923\">Top supplier of fake money trusted in Canada and internationally.<\/p>\n<\/li>\n<\/ul>\n<p data-start=\"2984\" data-end=\"3141\">No other provider can match Bradmoney\u2019s ability to deliver <a id=\"high-quality-counterfeit-Canadian-dollars\"><\/a><a href=\"https:\/\/bradmoney.com\/ro\/produs\/aud-50-bills\/\">high quality counterfeit Canadian dollars<\/a>\u00a0that are indistinguishable from real currency.<\/p>","protected":false},"excerpt":{"rendered":"<div class=\"description woocommerce-product-details__short-description\">\n<div class=\"description\">\n<div class=\"description\">\n<div class=\"description\">\n<p>Cump\u0103ra\u021bi bani canadieni fal\u0219i online cu cele mai sigure metode de plat\u0103. Bancnotele false de 20 de dolari canadieni de la Bradmoney sunt cele mai realiste bancnote canadiene contraf\u0103cute disponibile. Proiectate cu polimeri avansa\u021bi, holograme, caracteristici UV \u0219i IR, aceste bancnote de 20 de dolari nedetectabile sunt acceptate \u00een bancomate, b\u0103nci, magazine \u0219i supermarketuri la fel ca banii autentici. Clien\u021bii din \u00eentreaga lume au \u00eencredere \u00een Bradmoney pentru a le livra bancnote canadiene false de \u00eenalt\u0103 calitate, cu autenticitate garantat\u0103 \u0219i livrare discret\u0103. Cump\u0103ra\u021bi ast\u0103zi online bancnote false de 20 de dolari canadieni \u0219i experimenta\u021bi cea mai fiabil\u0103 moned\u0103 CAD falsificat\u0103 pentru uzul zilnic.<\/p>\n<\/div>\n<\/div>\n<\/div>\n<\/div>","protected":false},"featured_media":41,"comment_status":"open","ping_status":"closed","template":"","meta":[],"product_brand":[],"product_cat":[18],"product_tag":[],"class_list":{"0":"post-39","1":"product","2":"type-product","3":"status-publish","4":"has-post-thumbnail","6":"product_cat-fake-canadian-dollars","8":"first","9":"instock","10":"taxable","11":"shipping-taxable","12":"purchasable","13":"product-type-simple"},"_links":{"self":[{"href":"https:\/\/bradmoney.com\/ro\/wp-json\/wp\/v2\/product\/39","targetHints":{"allow":["GET"]}}],"collection":[{"href":"https:\/\/bradmoney.com\/ro\/wp-json\/wp\/v2\/product"}],"about":[{"href":"https:\/\/bradmoney.com\/ro\/wp-json\/wp\/v2\/types\/product"}],"replies":[{"embeddable":true,"href":"https:\/\/bradmoney.com\/ro\/wp-json\/wp\/v2\/comments?post=39"}],"version-history":[{"count":1,"href":"https:\/\/bradmoney.com\/ro\/wp-json\/wp\/v2\/product\/39\/revisions"}],"predecessor-version":[{"id":17830,"href":"https:\/\/bradmoney.com\/ro\/wp-json\/wp\/v2\/product\/39\/revisions\/17830"}],"wp:featuredmedia":[{"embeddable":true,"href":"https:\/\/bradmoney.com\/ro\/wp-json\/wp\/v2\/media\/41"}],"wp:attachment":[{"href":"https:\/\/bradmoney.com\/ro\/wp-json\/wp\/v2\/media?parent=39"}],"wp:term":[{"taxonomy":"product_brand","embeddable":true,"href":"https:\/\/bradmoney.com\/ro\/wp-json\/wp\/v2\/product_brand?post=39"},{"taxonomy":"product_cat","embeddable":true,"href":"https:\/\/bradmoney.com\/ro\/wp-json\/wp\/v2\/product_cat?post=39"},{"taxonomy":"product_tag","embeddable":true,"href":"https:\/\/bradmoney.com\/ro\/wp-json\/wp\/v2\/product_tag?post=39"}],"curies":[{"name":"wp","href":"https:\/\/api.w.org\/{rel}","templated":true}]}}