{"id":16883,"date":"2024-12-16T07:02:25","date_gmt":"2024-12-16T07:02:25","guid":{"rendered":"https:\/\/bradmoney.com\/?post_type=product&#038;p=16883"},"modified":"2025-06-16T07:48:53","modified_gmt":"2025-06-16T07:48:53","slug":"ruble-rusesti","status":"publish","type":"product","link":"https:\/\/bradmoney.com\/ro\/produs\/ruble-rusesti\/","title":{"rendered":"Ruble ruse\u0219ti false"},"content":{"rendered":"<h2>\u00a0<strong>Descrieri exclusive ale bancnotelor \u00een ruble ruse\u0219ti de la Bradmoney<\/strong><\/h2>\n<p>Bradmoney produce acum cele mai bune ruble ruse\u0219ti false din lume ast\u0103zi. Aici , avem ruble ruse\u0219ti false de v\u00e2nzare . V\u0103 \u00eentreba\u021bi de unde s\u0103 cump\u0103ra\u021bi ruble ruse\u0219ti false? Cump\u0103ra\u021bi bani fal\u0219i acum<\/p>\n<h4><strong>\u00a050 de ruble<\/strong><\/h4>\n<p><strong>proiectare<\/strong>: Bancnota de 50 de ruble prezint\u0103 Coloanele Rostrale din Sankt Petersburg, care simbolizeaz\u0103 istoria naval\u0103 a Rusiei, iar pe verso, Cetatea Petru \u0219i Pavel, care subliniaz\u0103 semnifica\u021bia sa arhitectural\u0103.<br \/>\n<strong>Caracteristici de securitate<\/strong>: Aceast\u0103 bancnot\u0103 include un filigran al lui Petru cel Mare, un fir de securitate \u00eencorporat cu microtext \u0219i elemente vizibile la UV. De asemenea, are imprimare \u00een relief pentru verificare tactil\u0103, o imagine latent\u0103 \u0219i cerneal\u0103 cu schimbare de culoare pentru a preveni contrafacerea. Alte detalii includ microtext \u0219i elemente holografice care se schimb\u0103 atunci c\u00e2nd sunt privite din unghiuri diferite.<\/p>\n<h4>100 de ruble<\/h4>\n<p><strong>proiectare<\/strong>: Aceast\u0103 bancnot\u0103 este \u00eempodobit\u0103 cu Teatrul Bolshoi, un semn distinctiv al culturii ruse, cu cvadriga Apollo pe revers, simboliz\u00e2nd excelen\u021ba artistic\u0103.<br \/>\n<strong>Caracteristici de securitate<\/strong>: Bancnota de 100 de ruble con\u021bine o band\u0103 de securitate holografic\u0103, un filigran al cvadrigei \u0219i cerneal\u0103 cu schimbare de culoare. De asemenea, are microimprimare, o band\u0103 iridescent\u0103 \u0219i fibre UV-vizibile. Imprimarea \u00een relief \u0219i imaginile latente sporesc experien\u021ba tactil\u0103 \u0219i securitatea.<\/p>\n<h4>\u00a0200 de ruble<\/h4>\n<p><strong>proiectare<\/strong>: Fa\u021ba prezint\u0103 Monumentul navelor scufundate din Sevastopol, iar reversul prezint\u0103 Chersonesosul Tauric, reflect\u00e2nd semnifica\u021bia istoric\u0103 a Crimeei.<br \/>\n<strong>Caracteristici de securitate<\/strong>: Aceast\u0103 bancnot\u0103 prezint\u0103 un fir de securitate dinamic, un filigran reprezent\u00e2nd un velier \u0219i microtext. Fibrele de securitate UV \u0219i elementele de schimbare a culorii protejeaz\u0103 \u00een continuare bancnota \u00eempotriva contrafacerii. Imprimarea \u00een relief \u0219i efectele holografice sporesc caracteristicile tactile \u0219i vizuale de securitate ale bancnotei.<\/p>\n<h4>500 ruble<\/h4>\n<p><strong>proiectare<\/strong>: Bancnota de 500 de ruble \u00eenf\u0103\u021bi\u0219eaz\u0103 Catedrala Arhanghelului din Arkhangelsk, subliniind patrimoniul religios al Rusiei, cu un velier pe verso, subliniind istoria maritim\u0103.<br \/>\n<strong>Caracteristici de securitate<\/strong>: Acest bilet include un filigran cu Arhanghelul Mihail, un fir de securitate cu microtext \u0219i imagini latente. De asemenea, are cerneal\u0103 cu schimbare de culoare, imprimare \u00een relief \u0219i elemente UV-vizibile. Microtextul \u0219i efectele holografice sporesc securitatea general\u0103 a bancnotei.<\/p>\n<h4>1.000 de ruble<\/h4>\n<p><strong>proiectare<\/strong>: Prezent\u00e2ndu-l pe Yaroslav cel \u00cen\u021belept \u00een Yaroslavl, bancnota eviden\u021biaz\u0103 semnifica\u021bia istoric\u0103, cu Biserica Sf\u00e2ntul Ioan Botez\u0103torul pe verso, prezent\u00e2nd patrimoniul arhitectural.<br \/>\n<strong>Caracteristici de securitate<\/strong>: Acesta \u00eencorporeaz\u0103 o band\u0103 de securitate holografic\u0103, un filigran al lui Yaroslav \u0219i o cifr\u0103 cu schimbare de culoare. Microtextul, elementele de securitate vizibile \u00een UV \u0219i imprimarea \u00een relief asigur\u0103 autenticitatea \u0219i previn contrafacerea. Elementele holografice \u0219i imaginile latente ofer\u0103 securitate suplimentar\u0103.<\/p>\n<h4>2,000 de ruble<\/h4>\n<p><strong>proiectare<\/strong>: Subliniind progresele moderne, fa\u021ba bancnotei prezint\u0103 Podul Russky din Vladivostok, iar reversul prezint\u0103 Cosmodromul Vostochny, simboliz\u00e2nd progresul Rusiei \u00een explorarea spa\u021biului.<br \/>\n<strong>Caracteristici de securitate<\/strong>: Echipat\u0103 cu un fir de securitate dinamic, un filigran al podului \u0219i microimprimare, aceast\u0103 bancnot\u0103 include, de asemenea, fibre de securitate UV, elemente de schimbare a culorii \u0219i imprimare \u00een relief. Elementele holografice \u0219i imaginile latente sporesc securitatea bancnotei.<\/p>\n<h4>5,000 de ruble<\/h4>\n<p><strong>proiectare<\/strong>: Bancnota de 5.000 de ruble \u00eel s\u0103rb\u0103tore\u0219te pe Nikolay Muravyov-Amursky din Khabarovsk, cu r\u00e2ul Amur descris pe revers, subliniind frumuse\u021bea natural\u0103.<br \/>\n<strong>Caracteristici de securitate<\/strong>: Aceast\u0103 bancnot\u0103 con\u021bine o band\u0103 de securitate holografic\u0103, un filigran al lui Muravyov-Amursky \u0219i microtext. Fibrele UV-vizibile, cerneala care schimb\u0103 culoarea \u0219i imprimarea \u00een relief \u00eei sporesc securitatea \u0219i autenticitatea. Elementele holografice \u0219i imaginile latente ofer\u0103 protec\u021bie suplimentar\u0103.<\/p>\n<p>Fiecare valoare nominal\u0103 a bancnotelor \u00een ruble ruse\u0219ti de la Bradmoney combin\u0103 designul rafinat cu caracteristici de securitate avansate, asigur\u00e2nd at\u00e2t un aspect estetic, c\u00e2t \u0219i o protec\u021bie solid\u0103 \u00een fiecare tranzac\u021bie. Cump\u0103ra\u021bi ruble ruse\u0219ti false ast\u0103zi<\/p>","protected":false},"excerpt":{"rendered":"<p>Bradmoney are cele mai bune ruble ruse\u0219ti false din lume ast\u0103zi, care pot fi utilizate \u00een orice loc \u00een achizi\u021bionarea de bunuri \u0219i servicii pot fi introduse \u00een ATM-uri<\/p>","protected":false},"featured_media":16890,"comment_status":"open","ping_status":"closed","template":"","meta":[],"product_brand":[],"product_cat":[99],"product_tag":[],"class_list":{"0":"post-16883","1":"product","2":"type-product","3":"status-publish","4":"has-post-thumbnail","6":"product_cat-fake-russian-rubles","8":"first","9":"instock","10":"taxable","11":"shipping-taxable","12":"purchasable","13":"product-type-variable"},"_links":{"self":[{"href":"https:\/\/bradmoney.com\/ro\/wp-json\/wp\/v2\/product\/16883","targetHints":{"allow":["GET"]}}],"collection":[{"href":"https:\/\/bradmoney.com\/ro\/wp-json\/wp\/v2\/product"}],"about":[{"href":"https:\/\/bradmoney.com\/ro\/wp-json\/wp\/v2\/types\/product"}],"replies":[{"embeddable":true,"href":"https:\/\/bradmoney.com\/ro\/wp-json\/wp\/v2\/comments?post=16883"}],"version-history":[{"count":0,"href":"https:\/\/bradmoney.com\/ro\/wp-json\/wp\/v2\/product\/16883\/revisions"}],"wp:featuredmedia":[{"embeddable":true,"href":"https:\/\/bradmoney.com\/ro\/wp-json\/wp\/v2\/media\/16890"}],"wp:attachment":[{"href":"https:\/\/bradmoney.com\/ro\/wp-json\/wp\/v2\/media?parent=16883"}],"wp:term":[{"taxonomy":"product_brand","embeddable":true,"href":"https:\/\/bradmoney.com\/ro\/wp-json\/wp\/v2\/product_brand?post=16883"},{"taxonomy":"product_cat","embeddable":true,"href":"https:\/\/bradmoney.com\/ro\/wp-json\/wp\/v2\/product_cat?post=16883"},{"taxonomy":"product_tag","embeddable":true,"href":"https:\/\/bradmoney.com\/ro\/wp-json\/wp\/v2\/product_tag?post=16883"}],"curies":[{"name":"wp","href":"https:\/\/api.w.org\/{rel}","templated":true}]}}