{"id":79,"date":"2023-06-19T06:30:27","date_gmt":"2023-06-19T06:30:27","guid":{"rendered":"https:\/\/www.bradfakemoney.com\/?post_type=product&#038;p=79"},"modified":"2026-01-23T16:49:37","modified_gmt":"2026-01-24T00:49:37","slug":"falso-euro-e5","status":"publish","type":"product","link":"https:\/\/bradmoney.com\/pt\/produto\/falso-euro-e5\/","title":{"rendered":"Euro falso 5 euros"},"content":{"rendered":"<p data-start=\"661\" data-end=\"969\">Euro falso 5 euros<\/p>\n<p data-start=\"661\" data-end=\"969\">Apresentamos a nota falsa de 5 euros hiper-realista da Bradmoney, criada com precis\u00e3o incompar\u00e1vel para aqueles que exigem autenticidade em cada detalhe. Esta moeda falsa de alta qualidade foi concebida utilizando tecnologias de impress\u00e3o de ponta para replicar a textura, o tamanho e a est\u00e9tica de seguran\u00e7a da nota de euro original. Notas falsas de 5 euros<\/p>\n<p data-start=\"971\" data-end=\"1430\">Concebida para corresponder \u00e0 mais recente s\u00e9rie Europa, a nota falsa de 5 euros apresenta todas as caracter\u00edsticas visuais da sua contraparte oficial: incluindo uma marca de \u00e1gua, tinta que muda de cor, impress\u00e3o em relevo, fio de seguran\u00e7a e hologramas precisos. Todas as notas falsas de euro s\u00e3o impressas em substrato de fibra de algod\u00e3o, conferindo-lhes a mesma sensa\u00e7\u00e3o de frescura e flexibilidade da moeda real. O esquema de cores em tons de cinzento e a ilustra\u00e7\u00e3o arquitet\u00f3nica subtil de arcos cl\u00e1ssicos permanecem fielmente preservados.<\/p>\n<p data-start=\"1432\" data-end=\"1869\">As notas falsas de euro da Bradmoney s\u00e3o indetet\u00e1veis a olho nu, tornando-as ideais para uso di\u00e1rio em todas as atividades. Mesmo sob luz ultravioleta, os fios de seguran\u00e7a incorporados e os efeitos visuais imitam as notas reais com um grau de precis\u00e3o surpreendente. Seja pela microimpress\u00e3o finamente detalhada ou pelo posicionamento preciso do s\u00edmbolo do euro (\u20ac), esta nota \u00e9 indistingu\u00edvel da verdadeira numa inspe\u00e7\u00e3o casual.<\/p>\n<p data-start=\"1871\" data-end=\"2204\">Temos orgulho em oferecer <a id=\"realistic-fake-euro\"><\/a><a href=\"https:\/\/bradmoney.com\/pt\/categoria-do-produto\/euro-falso\/\">euro falso realista<\/a> dinheiro que supera as expectativas em termos de qualidade e detalhes. Cada nota de 5 euros \u00e9 cuidadosamente verificada quanto \u00e0 fidelidade visual e consist\u00eancia antes do envio. Ao contr\u00e1rio dos vendedores fraudulentos, a Bradmoney garante transpar\u00eancia, embalagem profissional e r\u00e9plicas de alta qualidade em todas as denomina\u00e7\u00f5es. <a id=\"Undetectable-fake-money-for-sale\"><\/a>Dinheiro falso indetect\u00e1vel \u00e0 venda.<\/p>\n<p data-start=\"2206\" data-end=\"2429\">Quer esteja \u00e0 procura de <a href=\"https:\/\/bradmoney.com\/pt\/\"><strong data-start=\"2232\" data-end=\"2250\">comprar dinheiro falso<\/strong><\/a>, procurando por <a id=\"counterfeit-money-for-sale\"><\/a><a href=\"https:\/\/bradmoney.com\/pt\/loja\/\">venda de dinheiro falso<\/a> que parece real ou precisa <a id=\"realistic-fake-euros-for-sale\"><\/a>Euros falsos realistas \u00e0 venda, a nota falsa de 5 euros da Bradmoney \u00e9 a sua solu\u00e7\u00e3o de confian\u00e7a.<\/p>\n<h3 data-start=\"1022\" data-end=\"1066\">Principais carater\u00edsticas da nota falsa de 5 euros<\/h3>\n<ul data-start=\"1068\" data-end=\"1824\">\n<li data-start=\"1068\" data-end=\"1188\">\n<p data-start=\"1070\" data-end=\"1188\"><strong>Design realista<\/strong> \u2013 Inclui hologramas, fios met\u00e1licos, marcas de \u00e1gua e microimpress\u00f5es id\u00eanticas \u00e0s das notas de euro genu\u00ednas.<\/p>\n<\/li>\n<li data-start=\"1189\" data-end=\"1273\">\n<p data-start=\"1191\" data-end=\"1273\"><strong data-start=\"1191\" data-end=\"1209\">Compat\u00edvel com ATM<\/strong> \u2013 Levante e deposite dinheiro sem ser detetado em caixas autom\u00e1ticas.<\/p>\n<\/li>\n<li data-start=\"1274\" data-end=\"1400\">\n<p data-start=\"1276\" data-end=\"1400\"><strong data-start=\"1276\" data-end=\"1298\">Usabilidade no dia a dia<\/strong> \u2013 Funciona perfeitamente em supermercados, caf\u00e9s, m\u00e1quinas de venda autom\u00e1tica, postos de gasolina e sistemas de bilhetagem.<\/p>\n<\/li>\n<li data-start=\"1401\" data-end=\"1509\">\n<p data-start=\"1403\" data-end=\"1509\"><strong data-start=\"1403\" data-end=\"1431\">Indetet\u00e1vel por scanners<\/strong> \u2013 Passa por detectores de dinheiro, luzes ultravioleta, scanners infravermelhos e contadoras de dinheiro.<\/p>\n<\/li>\n<li data-start=\"1510\" data-end=\"1603\">\n<p data-start=\"1512\" data-end=\"1603\"><strong data-start=\"1512\" data-end=\"1531\">Qualidade duradoura<\/strong> \u2013 Resistente a dobras, desgaste e manuseio di\u00e1rio, tal como as notas reais.<\/p>\n<\/li>\n<li data-start=\"1604\" data-end=\"1715\">\n<p data-start=\"1606\" data-end=\"1715\"><strong data-start=\"1606\" data-end=\"1623\">Alta seguran\u00e7a<\/strong> \u2013 Testado em bancos, caixas de dinheiro e m\u00e1quinas de detec\u00e7\u00e3o com resultados positivos.<\/p>\n<\/li>\n<li data-start=\"1716\" data-end=\"1824\">\n<p data-start=\"1718\" data-end=\"1824\"><strong data-start=\"1718\" data-end=\"1758\">Perfeito para combinar com dinheiro real<\/strong> \u2013 Tem a mesma textura e sensa\u00e7\u00e3o t\u00e1til das notas de euro genu\u00ednas.<\/p>\n<\/li>\n<\/ul>\n<h3 data-start=\"1826\" data-end=\"1875\">\u00a0Por que escolher a nota falsa de 5 euros da Bradmoney?<\/h3>\n<ul data-start=\"1877\" data-end=\"2222\">\n<li data-start=\"1877\" data-end=\"1959\">\n<p data-start=\"1879\" data-end=\"1959\"><strong data-start=\"1879\" data-end=\"1926\">Denomina\u00e7\u00e3o mais utilizada na Europa<\/strong> \u2013 garante uma circula\u00e7\u00e3o natural.<\/p>\n<\/li>\n<li data-start=\"1960\" data-end=\"2033\">\n<p data-start=\"1962\" data-end=\"2033\"><strong data-start=\"1962\" data-end=\"1989\">Completamente indetet\u00e1vel<\/strong> \u2013 seguro para utiliza\u00e7\u00e3o em qualquer transa\u00e7\u00e3o normal.<\/p>\n<\/li>\n<li data-start=\"2034\" data-end=\"2116\">\n<p data-start=\"2036\" data-end=\"2116\"><strong data-start=\"2036\" data-end=\"2067\">Trusted by buyers worldwide<\/strong> \u2013 <a id=\"best-quality-fake-euros-for-sale-online\"><\/a>Euros falsos da melhor qualidade \u00e0 venda online.<\/p>\n<\/li>\n<li data-start=\"2117\" data-end=\"2222\">\n<p data-start=\"2119\" data-end=\"2222\"><strong data-start=\"2119\" data-end=\"2147\">Comercial e pr\u00e1tico<\/strong> \u2013 utiliz\u00e1vel em lojas, caixas eletr\u00f4nicos, supermercados e atividades da vida cotidiana.<\/p>\n<\/li>\n<\/ul>\n<p>Al\u00e9m disso, as nossas notas s\u00e3o 100% indetet\u00e1veis, 100% seguras e 100% seguras para usar em qualquer uma das seguintes situa\u00e7\u00f5es: caixas eletr\u00f4nicos, lojas, postos de gasolina, cassinos, casas de c\u00e2mbio e caixas eletr\u00f4nicos. Ganhe confian\u00e7a em si mesmo ao fazer o seu pedido para um futuro melhor. Notas falsas de euro \u00e0 venda!<\/p>","protected":false},"excerpt":{"rendered":"<div class=\"description woocommerce-product-details__short-description\">\n<div class=\"description woocommerce-product-details__short-description\">\n<p>Bradmoney Inc. Banknote \u00e9 a maior loja de dinheiro falso. Falsas notas de Euro \u20ac5 para venda online de um fornecedor leg\u00edtimo. Euro \u20ac5 Bills pode ser usado em AMT, shopping center, posto de gasolina e muito mais<\/p>\n<\/div>\n<div class=\"product_meta\"><\/div>\n<\/div>","protected":false},"featured_media":75,"comment_status":"open","ping_status":"closed","template":"","meta":[],"product_brand":[],"product_cat":[20],"product_tag":[],"class_list":{"0":"post-79","1":"product","2":"type-product","3":"status-publish","4":"has-post-thumbnail","6":"product_cat-fake-euro","8":"first","9":"instock","10":"taxable","11":"shipping-taxable","12":"purchasable","13":"product-type-simple"},"_links":{"self":[{"href":"https:\/\/bradmoney.com\/pt\/wp-json\/wp\/v2\/product\/79","targetHints":{"allow":["GET"]}}],"collection":[{"href":"https:\/\/bradmoney.com\/pt\/wp-json\/wp\/v2\/product"}],"about":[{"href":"https:\/\/bradmoney.com\/pt\/wp-json\/wp\/v2\/types\/product"}],"replies":[{"embeddable":true,"href":"https:\/\/bradmoney.com\/pt\/wp-json\/wp\/v2\/comments?post=79"}],"version-history":[{"count":1,"href":"https:\/\/bradmoney.com\/pt\/wp-json\/wp\/v2\/product\/79\/revisions"}],"predecessor-version":[{"id":17822,"href":"https:\/\/bradmoney.com\/pt\/wp-json\/wp\/v2\/product\/79\/revisions\/17822"}],"wp:featuredmedia":[{"embeddable":true,"href":"https:\/\/bradmoney.com\/pt\/wp-json\/wp\/v2\/media\/75"}],"wp:attachment":[{"href":"https:\/\/bradmoney.com\/pt\/wp-json\/wp\/v2\/media?parent=79"}],"wp:term":[{"taxonomy":"product_brand","embeddable":true,"href":"https:\/\/bradmoney.com\/pt\/wp-json\/wp\/v2\/product_brand?post=79"},{"taxonomy":"product_cat","embeddable":true,"href":"https:\/\/bradmoney.com\/pt\/wp-json\/wp\/v2\/product_cat?post=79"},{"taxonomy":"product_tag","embeddable":true,"href":"https:\/\/bradmoney.com\/pt\/wp-json\/wp\/v2\/product_tag?post=79"}],"curies":[{"name":"wp","href":"https:\/\/api.w.org\/{rel}","templated":true}]}}