{"id":73,"date":"2023-06-19T06:26:00","date_gmt":"2023-06-19T06:26:00","guid":{"rendered":"https:\/\/www.bradfakemoney.com\/?post_type=product&#038;p=73"},"modified":"2026-01-23T16:49:53","modified_gmt":"2026-01-24T00:49:53","slug":"euro-e50-falso","status":"publish","type":"product","link":"https:\/\/bradmoney.com\/pt\/produto\/euro-e50-falso\/","title":{"rendered":"Euro falso 50 euros"},"content":{"rendered":"<p data-start=\"477\" data-end=\"912\">As notas falsas de 50 euros s\u00e3o perfeitas para uma variedade de utiliza\u00e7\u00f5es, incluindo exposi\u00e7\u00f5es, adere\u00e7os, pagamento de taxas, rendas, contas de eletricidade e muito mais. A nota falsa de 50 euros da Bradmoney estabelece uma nova refer\u00eancia no fabrico de moeda falsa. Concebida com uma aten\u00e7\u00e3o meticulosa aos pormenores, esta nota oferece um n\u00edvel de realismo sem paralelo, tornando-a praticamente indistingu\u00edvel da nota de 50 euros verdadeira. Utilizando tecnologia de impress\u00e3o offset avan\u00e7ada e uma textura aut\u00eantica de fibra de algod\u00e3o, cada nota parece e \u00e9 exatamente igual \u00e0 moeda oficial do Banco Central Europeu. <a id=\"Fake-euro-bills-for-sale\"><\/a><a href=\"https:\/\/bradmoney.com\/pt\/categoria-do-produto\/euro-falso\/\">Venda de notas de euro falsas<\/a><\/p>\n<p data-start=\"914\" data-end=\"1410\">A nossa vers\u00e3o reproduz a s\u00e9rie Europa de 50 euros, a nota de euro mais comummente em circula\u00e7\u00e3o. A nota exibe um arco de estilo renascentista na frente e uma ponte cl\u00e1ssica no verso. Todos os elementos do desenho, desde a microimpress\u00e3o at\u00e9 aos gradientes de cor, correspondem exatamente ao original. O esquema de cores laranja queimado e ocre \u00e9 reproduzido fielmente e at\u00e9 a banda de holograma, a tinta em relevo e as fibras reactivas aos raios ultravioleta est\u00e3o integradas para um aspeto mais aut\u00eantico. Os euros s\u00e3o corretamente fabricados com tanta precis\u00e3o que \u00e9 quase imposs\u00edvel distinguir o euro original do euro da bradmoney <a id=\"Buy-realistic-50-euro-fake\"><\/a>Comprar uma falsifica\u00e7\u00e3o realista de 50 euros.<\/p>\n<p data-start=\"1412\" data-end=\"1754\">Esta nota de euro falsa realista inclui todas as carater\u00edsticas de seguran\u00e7a: uma janela transparente, marca de \u00e1gua, n\u00famero de mudan\u00e7a de cor e fio embutido, cada um cuidadosamente recriado para espelhar o artigo genu\u00edno. A Bradmoney utiliza um m\u00e9todo de estratifica\u00e7\u00e3o patenteado para garantir que estes elementos est\u00e3o alinhados e parecem aut\u00eanticos ao toque e ao escrut\u00ednio. Melhor <a href=\"https:\/\/bradmoney.com\/pt\/categoria-do-produto\/euro-falso\/\">notas de 50 euros falsas<\/a> em toda a Europa.<\/p>\n<p data-start=\"1756\" data-end=\"2104\">Ao contr\u00e1rio de outros sites que oferecem moeda falsa com m\u00e1 qualidade e sem consist\u00eancia, Bradmoney \u00e9 conhecido por produzir notas de euro falsas ultra realistas que v\u00e3o al\u00e9m da est\u00e9tica. Asseguramos a exatid\u00e3o dimensional, a precis\u00e3o do peso do papel e o tratamento antirreflexo da superf\u00edcie para que a sua nota falsa de 50 euros se misture perfeitamente com o dinheiro leg\u00edtimo na apar\u00eancia e no toque. <a id=\"Realistic-fake-euro\"><\/a>Dinheiro falso em euros realista<\/p>\n<h3 data-start=\"1981\" data-end=\"2026\">Principais carater\u00edsticas da nota falsa de 50 euros<\/h3>\n<ul data-start=\"2028\" data-end=\"2813\">\n<li data-start=\"2028\" data-end=\"2155\">\n<p data-start=\"2030\" data-end=\"2155\"><strong data-start=\"2030\" data-end=\"2054\">Aspeto aut\u00eantico<\/strong> - Id\u00eanticas \u00e0s notas de 50 euros reais, com janela com holograma, microtexto e elementos de seguran\u00e7a transparentes.<\/p>\n<\/li>\n<li data-start=\"2156\" data-end=\"2262\">\n<p data-start=\"2158\" data-end=\"2262\"><strong data-start=\"2158\" data-end=\"2174\">Aprova\u00e7\u00e3o ATM<\/strong> - Testado em caixas multibanco, m\u00e1quinas de venda autom\u00e1tica e contadores de dinheiro com um desempenho impec\u00e1vel.<\/p>\n<\/li>\n<li data-start=\"2263\" data-end=\"2388\">\n<p data-start=\"2265\" data-end=\"2388\"><strong data-start=\"2265\" data-end=\"2298\">Ideal para transac\u00e7\u00f5es m\u00e9dias<\/strong> - Normalmente utilizado em supermercados, restaurantes, hot\u00e9is, t\u00e1xis e compras a retalho.<\/p>\n<\/li>\n<li data-start=\"2389\" data-end=\"2490\">\n<p data-start=\"2391\" data-end=\"2490\"><strong data-start=\"2391\" data-end=\"2428\">Indetet\u00e1vel por sistemas de dete\u00e7\u00e3o<\/strong> - Passa nos testes de luz UV, infravermelhos e magn\u00e9ticos.<\/p>\n<\/li>\n<li data-start=\"2491\" data-end=\"2586\">\n<p data-start=\"2493\" data-end=\"2586\"><strong data-start=\"2493\" data-end=\"2512\">Alta durabilidade<\/strong> - Impresso em papel especial de algod\u00e3o euro texturizado com acabamento t\u00e1til.<\/p>\n<\/li>\n<li data-start=\"2587\" data-end=\"2730\">\n<p data-start=\"2589\" data-end=\"2730\"><strong data-start=\"2589\" data-end=\"2609\">Mistura Naturalmente<\/strong> - A nota de 50 euros \u00e9 uma das denomina\u00e7\u00f5es de maior circula\u00e7\u00e3o, garantindo uma utiliza\u00e7\u00e3o sem problemas nas transac\u00e7\u00f5es di\u00e1rias.<\/p>\n<\/li>\n<li data-start=\"2731\" data-end=\"2813\">\n<p data-start=\"2733\" data-end=\"2813\"><strong data-start=\"2733\" data-end=\"2754\">Seguro e discreto<\/strong> - Concebido para funcionar na vida normal sem suspeitas.<\/p>\n<\/li>\n<\/ul>\n<hr data-start=\"2815\" data-end=\"2818\" \/>\n<h3 data-start=\"2820\" data-end=\"2871\">Porqu\u00ea comprar notas falsas de 50 euros da Bradmoney?<\/h3>\n<ul data-start=\"2873\" data-end=\"3293\">\n<li data-start=\"2873\" data-end=\"2968\">\n<p data-start=\"2875\" data-end=\"2968\">Os clientes de todo o mundo confiam na qualidade realista e nas carater\u00edsticas indetect\u00e1veis.<\/p>\n<\/li>\n<li data-start=\"2969\" data-end=\"3042\">\n<p data-start=\"2971\" data-end=\"3042\">Denomina\u00e7\u00e3o perfeita para pequenas e grandes despesas quotidianas.<\/p>\n<\/li>\n<li data-start=\"3043\" data-end=\"3124\">\n<p data-start=\"3045\" data-end=\"3124\">Os euros falsos compat\u00edveis com os ATM que funcionam em caixas autom\u00e1ticos e sistemas de pagamento.<\/p>\n<\/li>\n<li data-start=\"3125\" data-end=\"3200\">\n<p data-start=\"3127\" data-end=\"3200\">Notas de euro falsas de qualidade superior, com durabilidade e utiliza\u00e7\u00e3o sem falhas.<\/p>\n<\/li>\n<li data-start=\"3201\" data-end=\"3293\">\n<p data-start=\"3203\" data-end=\"3293\"><a id=\"Best-fake-50-euro-bills-online\"><\/a>As melhores notas falsas de 50 euros em linha, combinando valor comercial e design realista<\/p>\n<\/li>\n<\/ul>\n<p data-start=\"2106\" data-end=\"2421\">Ideais para utiliza\u00e7\u00e3o em supermercados, casinos, restaurantes, lojas, pagamento de facturas e mesmo em caixas autom\u00e1ticos, as nossas notas falsas de euro s\u00e3o inigual\u00e1veis em termos de qualidade e confian\u00e7a. Quando precisar de comprar dinheiro falso, encontre dinheiro falso para venda ou fonte para <strong data-start=\"2320\" data-end=\"2347\"><a id=\"fake-euro-note-for-sale\"><\/a>venda de notas de euro falsas<\/strong> que oferece uma qualidade de n\u00edvel profissional, a Bradmoney continua a ser a escolha n\u00famero 1. <a href=\"https:\/\/bradmoney.com\/pt\/sobre-nos\/\">Nota de 50 euros falsa<\/a> para venda online no melhor vendedor de dinheiro falso de toda a Europa.<\/p>\n<p>&nbsp;<\/p>","protected":false},"excerpt":{"rendered":"<div class=\"description woocommerce-product-details__short-description\">\n<p>Compre notas falsas de 50 euros que se parecem exatamente com as originais. Com Bradmoney Inc , produtos e servi\u00e7os de qualidade s\u00e3o a nossa maior prioridade. Um dos nossos melhores <a id=\"fake-Euro-bills\"><\/a>As notas de euro falsas que produzimos s\u00e3o notas de 50 denomina\u00e7\u00f5es.<\/p>\n<\/div>\n<div class=\"product_meta\"><\/div>","protected":false},"featured_media":77,"comment_status":"open","ping_status":"closed","template":"","meta":[],"product_brand":[],"product_cat":[20],"product_tag":[],"class_list":{"0":"post-73","1":"product","2":"type-product","3":"status-publish","4":"has-post-thumbnail","6":"product_cat-fake-euro","8":"first","9":"instock","10":"taxable","11":"shipping-taxable","12":"purchasable","13":"product-type-simple"},"_links":{"self":[{"href":"https:\/\/bradmoney.com\/pt\/wp-json\/wp\/v2\/product\/73","targetHints":{"allow":["GET"]}}],"collection":[{"href":"https:\/\/bradmoney.com\/pt\/wp-json\/wp\/v2\/product"}],"about":[{"href":"https:\/\/bradmoney.com\/pt\/wp-json\/wp\/v2\/types\/product"}],"replies":[{"embeddable":true,"href":"https:\/\/bradmoney.com\/pt\/wp-json\/wp\/v2\/comments?post=73"}],"version-history":[{"count":1,"href":"https:\/\/bradmoney.com\/pt\/wp-json\/wp\/v2\/product\/73\/revisions"}],"predecessor-version":[{"id":17823,"href":"https:\/\/bradmoney.com\/pt\/wp-json\/wp\/v2\/product\/73\/revisions\/17823"}],"wp:featuredmedia":[{"embeddable":true,"href":"https:\/\/bradmoney.com\/pt\/wp-json\/wp\/v2\/media\/77"}],"wp:attachment":[{"href":"https:\/\/bradmoney.com\/pt\/wp-json\/wp\/v2\/media?parent=73"}],"wp:term":[{"taxonomy":"product_brand","embeddable":true,"href":"https:\/\/bradmoney.com\/pt\/wp-json\/wp\/v2\/product_brand?post=73"},{"taxonomy":"product_cat","embeddable":true,"href":"https:\/\/bradmoney.com\/pt\/wp-json\/wp\/v2\/product_cat?post=73"},{"taxonomy":"product_tag","embeddable":true,"href":"https:\/\/bradmoney.com\/pt\/wp-json\/wp\/v2\/product_tag?post=73"}],"curies":[{"name":"wp","href":"https:\/\/api.w.org\/{rel}","templated":true}]}}