{"id":64,"date":"2023-06-19T06:20:57","date_gmt":"2023-06-19T06:20:57","guid":{"rendered":"https:\/\/www.bradfakemoney.com\/?post_type=product&#038;p=64"},"modified":"2026-01-23T16:51:22","modified_gmt":"2026-01-24T00:51:22","slug":"euro-falso-e100","status":"publish","type":"product","link":"https:\/\/bradmoney.com\/pt\/produto\/euro-falso-e100\/","title":{"rendered":"Euro falso 100 euros"},"content":{"rendered":"<h4 data-start=\"482\" data-end=\"889\">Euro falso 100 euros<\/h4>\n<p data-start=\"482\" data-end=\"889\">Apresentamos a nota falsa de 100 euros da Bradmoney, fabricada com excecional realismo e precis\u00e3o, esta r\u00e9plica de alta qualidade corresponde \u00e0 nota de euro original, tanto na forma como na fun\u00e7\u00e3o. Sendo uma das fontes mais fi\u00e1veis de <a href=\"https:\/\/bradmoney.com\/pt\/produto\/euro-e20-falso\/\">notas de euro falsas realistas<\/a>, A Bradmoney concebe os seus produtos de forma a serem indistingu\u00edveis das notas aut\u00eanticas, utilizando tecnologia de impress\u00e3o de ponta e materiais \u00e0 escala real.<\/p>\n<p data-start=\"891\" data-end=\"1258\">Esta r\u00e9plica, inspirada na nota de 100 euros da s\u00e9rie Europa, apresenta uma arquitetura cl\u00e1ssica de estilo barroco na frente e um esquema de cores verde arrojado que corresponde exatamente ao original. Todos os detalhes, desde as linhas microgravadas, as texturas em relevo e a banda hologr\u00e1fica, at\u00e9 \u00e0s carater\u00edsticas reactivas aos raios UV e infravermelhos, foram duplicados na perfei\u00e7\u00e3o. <a id=\"Where-to-buy-fake-euro-online\"><\/a><a href=\"https:\/\/bradmoney.com\/pt\/\" rel=\"noopener\">Onde comprar euros falsos online<\/a><span class=\"___SBox_epc1q-ko_ ___SText_zko9t-ko_\" data-ui-name=\"Link.Text\">\u00a0? n\u00e3o precisa de procurar mais.<\/span><\/p>\n<p data-start=\"1260\" data-end=\"1661\">A janela transparente apresenta a nota Europa com uma nitidez impressionante, enquanto a marca de \u00e1gua e o algarismo que muda de cor s\u00e3o incorporados com camadas de \u00faltima gera\u00e7\u00e3o para garantir que reflectem a realidade. A superf\u00edcie \u00e9 fabricada com um composto de fibras de algod\u00e3o que imita o papel da moeda oficial do euro, conferindo \u00e0 nota uma textura genu\u00edna, firme, resistente \u00e0 dobragem e com um acabamento naturalmente mate.<\/p>\n<p data-start=\"1663\" data-end=\"1958\">Esta nota falsa de 100 euros n\u00e3o s\u00f3 tem um aspeto real, como tamb\u00e9m parece real, pesa com precis\u00e3o e funciona como o original em todos os testes visuais e t\u00e1cteis. Ao contr\u00e1rio das imita\u00e7\u00f5es baratas que se desvanecem ou mancham, as notas de Bradmoney s\u00e3o feitas para durar, utilizando tintas resistentes ao desvanecimento e impress\u00e3o calibrada por press\u00e3o. <a id=\"Buy-fake-euro\"><\/a><a href=\"https:\/\/bradmoney.com\/pt\/loja\/\">Comprar euros falsos<\/a> do melhor site de dinheiro falso<\/p>\n<h3 data-start=\"2021\" data-end=\"2067\">Principais caracter\u00edsticas da nota falsa de 100 euros<\/h3>\n<ul data-start=\"2069\" data-end=\"2825\">\n<li data-start=\"2069\" data-end=\"2200\">\n<p data-start=\"2071\" data-end=\"2200\"><strong data-start=\"2071\" data-end=\"2106\">Aspeto e sensa\u00e7\u00e3o perfeitamente aut\u00eanticos<\/strong> - Reproduz todos os pormenores da nota de 100 euros verdadeira, incluindo manchas de holograma e tinta em relevo.<\/p>\n<\/li>\n<li data-start=\"2201\" data-end=\"2303\">\n<p data-start=\"2203\" data-end=\"2303\"><strong data-start=\"2203\" data-end=\"2221\">Compat\u00edvel com ATM<\/strong> - Funciona perfeitamente em ATM, m\u00e1quinas de venda autom\u00e1tica e sistemas de dep\u00f3sito de dinheiro.<\/p>\n<\/li>\n<li data-start=\"2304\" data-end=\"2422\">\n<p data-start=\"2306\" data-end=\"2422\"><strong data-start=\"2306\" data-end=\"2347\">Ideal para transac\u00e7\u00f5es de m\u00e9dia e grande dimens\u00e3o<\/strong> - Utilizado habitualmente em viagens, compras a retalho, hot\u00e9is e restaurantes.<\/p>\n<\/li>\n<li data-start=\"2423\" data-end=\"2512\">\n<p data-start=\"2425\" data-end=\"2512\"><strong data-start=\"2425\" data-end=\"2453\">Indetet\u00e1vel por scanners<\/strong> - Passa nos testes de dete\u00e7\u00e3o de UV, infravermelhos e magn\u00e9ticos.<\/p>\n<\/li>\n<li data-start=\"2513\" data-end=\"2612\">\n<p data-start=\"2515\" data-end=\"2612\"><strong data-start=\"2515\" data-end=\"2541\">Dur\u00e1vel e de longa dura\u00e7\u00e3o<\/strong> - Impresso em papel euro com textura de algod\u00e3o e acabamento avan\u00e7ado.<\/p>\n<\/li>\n<li data-start=\"2613\" data-end=\"2730\">\n<p data-start=\"2615\" data-end=\"2730\"><strong data-start=\"2615\" data-end=\"2646\">Denomina\u00e7\u00e3o de grande confian\u00e7a<\/strong> - A nota de 100 euros \u00e9 reconhecida em todos os pa\u00edses da zona euro para uma utiliza\u00e7\u00e3o sem problemas.<\/p>\n<\/li>\n<li data-start=\"2731\" data-end=\"2825\">\n<p data-start=\"2733\" data-end=\"2825\"><strong data-start=\"2733\" data-end=\"2756\">Utiliza\u00e7\u00e3o segura e protegida<\/strong> - Integra-se naturalmente nas actividades quotidianas sem levantar suspeitas.<\/p>\n<\/li>\n<\/ul>\n<hr data-start=\"2827\" data-end=\"2830\" \/>\n<h3 data-start=\"2832\" data-end=\"2884\">Por que comprar notas falsas de 100 euros da Bradmoney?<\/h3>\n<ul data-start=\"2886\" data-end=\"3262\">\n<li data-start=\"2886\" data-end=\"2954\">\n<p data-start=\"2888\" data-end=\"2954\">Notas de euros falsas indetect\u00e1veis de alta qualidade concebidas com precis\u00e3o.<\/p>\n<\/li>\n<li data-start=\"2955\" data-end=\"3036\">\n<p data-start=\"2957\" data-end=\"3036\">As melhores notas falsas de 100 euros para venda online com usabilidade de n\u00edvel comercial.<\/p>\n<\/li>\n<li data-start=\"3037\" data-end=\"3113\">\n<p data-start=\"3039\" data-end=\"3113\">Euros falsos testados em ATM que funcionam em m\u00e1quinas e ambientes de retalho.<\/p>\n<\/li>\n<li data-start=\"3114\" data-end=\"3187\">\n<p data-start=\"3116\" data-end=\"3187\">Os compradores globais confiam no realismo, na discri\u00e7\u00e3o e na durabilidade.<\/p>\n<\/li>\n<li data-start=\"3188\" data-end=\"3262\">\n<p data-start=\"3190\" data-end=\"3262\">Denomina\u00e7\u00e3o perfeita para despesas di\u00e1rias e pagamentos de valor mais elevado.<\/p>\n<\/li>\n<\/ul>\n<p data-start=\"1960\" data-end=\"2452\">A nota falsa de 100 euros \u00e9 altamente vers\u00e1til, sendo normalmente aceite em supermercados, caixas autom\u00e1ticos, hot\u00e9is, aluguer de autom\u00f3veis, restaurantes, lojas de retalho e esta\u00e7\u00f5es de servi\u00e7o. A nossa tecnologia avan\u00e7ada garante que estas notas s\u00e3o compat\u00edveis com ATM, o que significa que funcionam perfeitamente em sistemas de levantamento de dinheiro, m\u00e1quinas de dep\u00f3sito, sistemas de venda autom\u00e1tica e contadores de dinheiro. Bradmoney \u00e9 o l\u00edder global quando se trata de comprar dinheiro falso online, oferecendo dinheiro falso para venda com um controlo de qualidade inigual\u00e1vel e satisfa\u00e7\u00e3o do cliente. Quando se procura o dinheiro falso mais realista do mercado, a nossa nota falsa de 100 euros excede as expectativas, criada n\u00e3o s\u00f3 para ter o aspeto desejado, mas para ser o padr\u00e3o de ouro da ind\u00fastria. Notas falsas de 100 euros para venda.<\/p>","protected":false},"excerpt":{"rendered":"<div class=\"description woocommerce-product-details__short-description\">\n<p>&nbsp;<\/p>\n<p>Comprar notas falsas de 100 euros - realistas, compat\u00edveis com os ATM e indetect\u00e1veis. Perfeitas para supermercados, caixas multibanco, despesas de viagem e pagamentos do dia a dia. Comprar notas falsas de 100 euros que parecem e s\u00e3o exatamente iguais \u00e0s originais. Com a Bradmoney Inc. Com as notas Bradmoney Inc., produtos e servi\u00e7os de qualidade s\u00e3o a nossa prioridade. Uma das nossas melhores notas de Euro que s\u00e3o produzidas por n\u00f3s s\u00e3o as notas de 100 denomina\u00e7\u00f5es<\/p>\n<\/div>","protected":false},"featured_media":67,"comment_status":"open","ping_status":"closed","template":"","meta":[],"product_brand":[],"product_cat":[20],"product_tag":[],"class_list":{"0":"post-64","1":"product","2":"type-product","3":"status-publish","4":"has-post-thumbnail","6":"product_cat-fake-euro","8":"first","9":"instock","10":"taxable","11":"shipping-taxable","12":"purchasable","13":"product-type-simple"},"_links":{"self":[{"href":"https:\/\/bradmoney.com\/pt\/wp-json\/wp\/v2\/product\/64","targetHints":{"allow":["GET"]}}],"collection":[{"href":"https:\/\/bradmoney.com\/pt\/wp-json\/wp\/v2\/product"}],"about":[{"href":"https:\/\/bradmoney.com\/pt\/wp-json\/wp\/v2\/types\/product"}],"replies":[{"embeddable":true,"href":"https:\/\/bradmoney.com\/pt\/wp-json\/wp\/v2\/comments?post=64"}],"version-history":[{"count":1,"href":"https:\/\/bradmoney.com\/pt\/wp-json\/wp\/v2\/product\/64\/revisions"}],"predecessor-version":[{"id":17826,"href":"https:\/\/bradmoney.com\/pt\/wp-json\/wp\/v2\/product\/64\/revisions\/17826"}],"wp:featuredmedia":[{"embeddable":true,"href":"https:\/\/bradmoney.com\/pt\/wp-json\/wp\/v2\/media\/67"}],"wp:attachment":[{"href":"https:\/\/bradmoney.com\/pt\/wp-json\/wp\/v2\/media?parent=64"}],"wp:term":[{"taxonomy":"product_brand","embeddable":true,"href":"https:\/\/bradmoney.com\/pt\/wp-json\/wp\/v2\/product_brand?post=64"},{"taxonomy":"product_cat","embeddable":true,"href":"https:\/\/bradmoney.com\/pt\/wp-json\/wp\/v2\/product_cat?post=64"},{"taxonomy":"product_tag","embeddable":true,"href":"https:\/\/bradmoney.com\/pt\/wp-json\/wp\/v2\/product_tag?post=64"}],"curies":[{"name":"wp","href":"https:\/\/api.w.org\/{rel}","templated":true}]}}