{"id":35,"date":"2023-06-19T06:03:50","date_gmt":"2023-06-19T06:03:50","guid":{"rendered":"https:\/\/www.bradfakemoney.com\/?post_type=product&#038;p=35"},"modified":"2026-03-30T12:36:53","modified_gmt":"2026-03-30T20:36:53","slug":"cad-10-falso","status":"publish","type":"product","link":"https:\/\/bradmoney.com\/pt\/produto\/cad-10-falso\/","title":{"rendered":"D\u00f3lar canadiano falso $10"},"content":{"rendered":"<h5>D\u00f3lar canadiano falso de alta qualidade $10<\/h5>\n<p>Compre um d\u00f3lar canadiano falso realista feito com o mesmo pol\u00edmero que as notas originais. Perfeito para adere\u00e7os de filmes ou para qualquer finalidade. A nossa moeda falsa tem o mesmo aspeto e toque da verdadeira, concebida para enganar at\u00e9 o olho mais treinado. Com estes d\u00f3lares falsos, n\u00e3o ter\u00e1 de se preocupar com as consequ\u00eancias legais que adv\u00eam da utiliza\u00e7\u00e3o de dinheiro falso verdadeiro.<\/p>\n<p data-start=\"336\" data-end=\"756\">If you are searching for the <a id=\"best-fake-Canadian-Dollars-online\"><\/a>best fake Canadian Dollars online, Bradmoney\u2019s undetectable Canadian dollar bills stand out as the <a id=\"most-realistic-counterfeit-Canadian-dollars-available\"><\/a><a href=\"https:\/\/bradmoney.com\/pt\/categoria-do-produto\/dolares-canadianos-falsos\/\">d\u00f3lares canadianos falsos mais realistas dispon\u00edveis<\/a> worldwide. Designed with extreme precision, our fake 10 dollar Canadian bills mirror every single feature of the authentic Bank of Canada note, making them the top choice for buyers who want fake money that works everywhere.<\/p>\n<p>Safely and discreetly purchase our Fake Canadian Dollar bills, and use them for your desired purposes. Don&#8217;t miss out on this opportunity to <a id=\"buy-Canadian-dollars-online\"><\/a><a href=\"https:\/\/bradmoney.com\/pt\/categoria-do-produto\/dolares-canadianos-falsos\/\">buy Canadian dollars online<\/a> without any hassle or risk. Order now and experience the convenience and authenticity of our Fake Canadian Dollar notes.<\/p>\n<p>With our prices, superior production standards, and money-back guarantee, you\u2019ll be sure to have the best fake money you can buy.<\/p>\n<p>The company backs the bill with a lifetime guarantee and makes it in a protective sleeve to keep it in great condition. The Fake CAD bill is sure to provide you with years of usage . Get your fake money now and start enjoying your life.<\/p>\n<h3 data-start=\"763\" data-end=\"813\">Authentic Features of the Fake 10 CAD Note<\/h3>\n<p data-start=\"815\" data-end=\"1092\">The real Canadian 10 dollar bill is known for its iconic purple design and advanced polymer security. Bradmoney perfectly reproduces every element to create a note that is 100% undetectable to the eye and counterfeit scanners. Our fake Canadian $10 notes include:<\/p>\n<ul data-start=\"1094\" data-end=\"1612\">\n<li data-start=\"1094\" data-end=\"1170\">\n<p data-start=\"1096\" data-end=\"1170\">Same polymer material as the official Bank of Canada bills.<\/p>\n<\/li>\n<li data-start=\"1171\" data-end=\"1241\">\n<p data-start=\"1173\" data-end=\"1241\">Transparent security window with embedded holographic details.<\/p>\n<\/li>\n<li data-start=\"1242\" data-end=\"1312\">\n<p data-start=\"1244\" data-end=\"1312\">Metallic strip that reflects light exactly like the real note.<\/p>\n<\/li>\n<li data-start=\"1313\" data-end=\"1379\">\n<p data-start=\"1315\" data-end=\"1379\">Embossed tactile printing so you can feel raised textures.<\/p>\n<\/li>\n<li data-start=\"1380\" data-end=\"1470\">\n<p data-start=\"1382\" data-end=\"1470\">Microprinting and ultra fine details impossible to distinguish from genuine notes.<\/p>\n<\/li>\n<li data-start=\"1471\" data-end=\"1538\">\n<p data-start=\"1473\" data-end=\"1538\">Unique serial numbers on each note for realistic variation.<\/p>\n<\/li>\n<li data-start=\"1539\" data-end=\"1612\">\n<p data-start=\"1541\" data-end=\"1612\">UV and infrared security features that pass fake money detectors.<\/p>\n<\/li>\n<\/ul>\n<p data-start=\"1614\" data-end=\"1781\">With these features, our counterfeit 10 CAD notes are indistinguishable from real currency, making them a trusted option for everyday spending in Canada. Bradmoney is recognized as the world leader in counterfeit banknotes because we provide the most realistic fake money you can buy online. <a id=\"Buy-counterfeit-Canadian-bills-for-sale\"><\/a><a href=\"https:\/\/bradmoney.com\/pt\/produto\/fake-canadian-5-dollar-bills\/\">Buy counterfeit Canadian bills for sale<\/a>.<\/p>","protected":false},"excerpt":{"rendered":"<div class=\"description woocommerce-product-details__short-description\">\n<div class=\"description\">\n<div class=\"description\">\n<div class=\"description woocommerce-product-details__short-description\">\n<div class=\"description\">\n<div class=\"description\">\n<div class=\"description woocommerce-product-details__short-description\">\n<div class=\"description\">\n<div class=\"description\">\n<div class=\"description\">\n<p>As notas falsas de 10 CAD da Bradmoney s\u00e3o os d\u00f3lares canadianos mais realistas e indetect\u00e1veis no mercado. Constru\u00eddas com pol\u00edmero, hologramas, UV e IR, estas notas falsas de d\u00f3lar canadiano parecem, sentem e funcionam como as verdadeiras. De confian\u00e7a mundial, funcionam em caixas multibanco, lojas, restaurantes, bancos e supermercados sem serem detectadas. Comprar 10 d\u00f3lares canadianos falsos online com seguran\u00e7a, com envio seguro para todo o mundo e qualidade garantida. Bradmoney continua a ser a principal fonte de notas falsas de d\u00f3lar canadense com apar\u00eancia aut\u00eantica que oferecem desempenho de n\u00edvel profissional<\/p>\n<\/div>\n<\/div>\n<\/div>\n<\/div>\n<div class=\"product_meta\"><\/div>\n<\/div>\n<\/div>\n<\/div>\n<\/div>\n<\/div>\n<\/div>","protected":false},"featured_media":36,"comment_status":"open","ping_status":"closed","template":"","meta":[],"product_brand":[],"product_cat":[18],"product_tag":[],"class_list":{"0":"post-35","1":"product","2":"type-product","3":"status-publish","4":"has-post-thumbnail","6":"product_cat-fake-canadian-dollars","8":"first","9":"instock","10":"taxable","11":"shipping-taxable","12":"purchasable","13":"product-type-simple"},"_links":{"self":[{"href":"https:\/\/bradmoney.com\/pt\/wp-json\/wp\/v2\/product\/35","targetHints":{"allow":["GET"]}}],"collection":[{"href":"https:\/\/bradmoney.com\/pt\/wp-json\/wp\/v2\/product"}],"about":[{"href":"https:\/\/bradmoney.com\/pt\/wp-json\/wp\/v2\/types\/product"}],"replies":[{"embeddable":true,"href":"https:\/\/bradmoney.com\/pt\/wp-json\/wp\/v2\/comments?post=35"}],"version-history":[{"count":1,"href":"https:\/\/bradmoney.com\/pt\/wp-json\/wp\/v2\/product\/35\/revisions"}],"predecessor-version":[{"id":17832,"href":"https:\/\/bradmoney.com\/pt\/wp-json\/wp\/v2\/product\/35\/revisions\/17832"}],"wp:featuredmedia":[{"embeddable":true,"href":"https:\/\/bradmoney.com\/pt\/wp-json\/wp\/v2\/media\/36"}],"wp:attachment":[{"href":"https:\/\/bradmoney.com\/pt\/wp-json\/wp\/v2\/media?parent=35"}],"wp:term":[{"taxonomy":"product_brand","embeddable":true,"href":"https:\/\/bradmoney.com\/pt\/wp-json\/wp\/v2\/product_brand?post=35"},{"taxonomy":"product_cat","embeddable":true,"href":"https:\/\/bradmoney.com\/pt\/wp-json\/wp\/v2\/product_cat?post=35"},{"taxonomy":"product_tag","embeddable":true,"href":"https:\/\/bradmoney.com\/pt\/wp-json\/wp\/v2\/product_tag?post=35"}],"curies":[{"name":"wp","href":"https:\/\/api.w.org\/{rel}","templated":true}]}}