{"id":24,"date":"2023-06-19T05:51:58","date_gmt":"2023-06-19T05:51:58","guid":{"rendered":"https:\/\/www.bradfakemoney.com\/?post_type=product&#038;p=24"},"modified":"2026-01-23T17:03:36","modified_gmt":"2026-01-24T01:03:36","slug":"dolar-australiano-falso-10","status":"publish","type":"product","link":"https:\/\/bradmoney.com\/pt\/produto\/dolar-australiano-falso-10\/","title":{"rendered":"D\u00f3lar australiano falso $10"},"content":{"rendered":"<p>Compre a melhor qualidade D\u00f3lar Australiano falso $10 que parece e se sente como a coisa real. As nossas notas falsas s\u00e3o meticulosamente fabricadas utilizando o mesmo material polim\u00e9rico que a moeda australiana genu\u00edna, garantindo um aspeto e uma textura aut\u00eanticos. Quer precise delas para fins de novidade ou para um evento espec\u00edfico, os nossos d\u00f3lares australianos falsos s\u00e3o a escolha perfeita.<\/p>\n<p>Connosco, pode facilmente comprar dinheiro falso aud que \u00e9 praticamente indistingu\u00edvel da moeda real. N\u00e3o perca esta oportunidade de possuir um d\u00f3lar falso que \u00e9 de primeira qualidade e apar\u00eancia. Adquira o seu <a id=\"fake-australian-money-for-sale\"><\/a>dinheiro australiano falso para venda aqui hoje e experimentar a confian\u00e7a que vem com ter o melhor dinheiro falso em suas m\u00e3os. <a id=\"Buy-counterfeit-australian-money\"><\/a>Comprar dinheiro australiano falso no melhor site de dinheiro falso<\/p>","protected":false},"excerpt":{"rendered":"<div class=\"description woocommerce-product-details__short-description\">\n<div class=\"description\">\n<p>N\u00f3s somos os revendedores e produtores proeminentes no mercado que oferece uma variedade de notas de AUD de alta qualidade. Compre Fake 10 Australian Dollar Online a um custo muito acess\u00edvel para nossos clientes em todo o mundo. Os clientes tamb\u00e9m podem contactar-nos para comprar o dinheiro falso australiano para venda aqui<\/p>\n<\/div>\n<\/div>","protected":false},"featured_media":27,"comment_status":"open","ping_status":"closed","template":"","meta":[],"product_brand":[],"product_cat":[17],"product_tag":[],"class_list":{"0":"post-24","1":"product","2":"type-product","3":"status-publish","4":"has-post-thumbnail","6":"product_cat-fake-australian-dollar","8":"first","9":"instock","10":"taxable","11":"shipping-taxable","12":"purchasable","13":"product-type-simple"},"_links":{"self":[{"href":"https:\/\/bradmoney.com\/pt\/wp-json\/wp\/v2\/product\/24","targetHints":{"allow":["GET"]}}],"collection":[{"href":"https:\/\/bradmoney.com\/pt\/wp-json\/wp\/v2\/product"}],"about":[{"href":"https:\/\/bradmoney.com\/pt\/wp-json\/wp\/v2\/types\/product"}],"replies":[{"embeddable":true,"href":"https:\/\/bradmoney.com\/pt\/wp-json\/wp\/v2\/comments?post=24"}],"version-history":[{"count":1,"href":"https:\/\/bradmoney.com\/pt\/wp-json\/wp\/v2\/product\/24\/revisions"}],"predecessor-version":[{"id":17836,"href":"https:\/\/bradmoney.com\/pt\/wp-json\/wp\/v2\/product\/24\/revisions\/17836"}],"wp:featuredmedia":[{"embeddable":true,"href":"https:\/\/bradmoney.com\/pt\/wp-json\/wp\/v2\/media\/27"}],"wp:attachment":[{"href":"https:\/\/bradmoney.com\/pt\/wp-json\/wp\/v2\/media?parent=24"}],"wp:term":[{"taxonomy":"product_brand","embeddable":true,"href":"https:\/\/bradmoney.com\/pt\/wp-json\/wp\/v2\/product_brand?post=24"},{"taxonomy":"product_cat","embeddable":true,"href":"https:\/\/bradmoney.com\/pt\/wp-json\/wp\/v2\/product_cat?post=24"},{"taxonomy":"product_tag","embeddable":true,"href":"https:\/\/bradmoney.com\/pt\/wp-json\/wp\/v2\/product_tag?post=24"}],"curies":[{"name":"wp","href":"https:\/\/api.w.org\/{rel}","templated":true}]}}