{"id":104,"date":"2023-06-19T06:47:35","date_gmt":"2023-06-19T06:47:35","guid":{"rendered":"https:\/\/www.bradfakemoney.com\/?post_type=product&#038;p=104"},"modified":"2025-06-25T14:44:05","modified_gmt":"2025-06-25T14:44:05","slug":"nzd-10-facturas","status":"publish","type":"product","link":"https:\/\/bradmoney.com\/pt\/produto\/nzd-10-facturas\/","title":{"rendered":"D\u00f3lar falso da Nova Zel\u00e2ndia $10"},"content":{"rendered":"<h2>Buy Fake New Zealand Dollar Online<\/h2>\n<p>Para esclarecer, o que parece n\u00e3o \u00e9 o que \u00e9? Algumas coisas s\u00e3o muito diferentes da sua apar\u00eancia e o seu comportamento \u00e9 totalmente oposto. Produzimos dinheiro falso para venda sob a supervis\u00e3o de peritos de renome para omitir os erros. Pode comprar dinheiro falso apenas para viver a sua vida nos termos e condi\u00e7\u00f5es que decidir nos pr\u00f3ximos anos. Veja as nossas caracter\u00edsticas espec\u00edficas de produ\u00e7\u00e3o:-<\/p>\n<p>1. Estamos a fazer este trabalho de acordo com os crit\u00e9rios legais que devem ser seguidos pelos nossos clientes para comprar as notas de denomina\u00e7\u00e3o de <a href=\"https:\/\/bradmoney.com\/pt\/categoria-do-produto\/dolar-falso-da-nova-zelandia\/\">D\u00f3lar falso da Nova Zel\u00e2ndia<\/a> from us.<\/p>\n<p>2. Encontrar\u00e1 especifica\u00e7\u00f5es exclusivas na qualidade das notas de pol\u00edmero que produzimos, impressas de ambos os lados e que se assemelham exatamente \u00e0s notas verdadeiras em termos de comprimento e espessura.<\/p>\n<p>3. Compre d\u00f3lares falsos da Nova Zel\u00e2ndia com nossas notas de qualidade avan\u00e7ada e nossas notas falsas de apar\u00eancia real podem pagar todos os encargos monet\u00e1rios desnecess\u00e1rios de v\u00e1rios empr\u00e9stimos ou dinheiro emprestado com juros, etc. A nossa equipa de produ\u00e7\u00e3o concentrada n\u00e3o deu qualquer hip\u00f3tese de problemas de contrafa\u00e7\u00e3o aos nossos valiosos clientes.<\/p>\n<h3>where to use our fake NZD ?<\/h3>\n<p>NZD Bills are widely circulated across all cities of New Zealand. It is obvious that the security features of this banknote are challenging to replicate. Everything from paper quality to a printing technique is precisely accurate with no scope for loopholes. But our team has studied the process of minting in detail to ensure nothing is missed out. We use the latest machinery to craft the most authentic form of counterfeit Fake New Zealand Dollar for sale. Buy Fake dollar.<\/p>\n<p>Algumas das principais caracter\u00edsticas das nossas notas s\u00e3o<\/p>\n<ul>\n<li aria-level=\"1\">Firm and crisp paper that appears raised in some parts<\/li>\n<li aria-level=\"1\">Denomina\u00e7\u00e3o da nota reflectida na marca de \u00e1gua, no filete de seguran\u00e7a e no holograma<\/li>\n<li aria-level=\"1\">Fio condutor de seguran\u00e7a que percorre a nota<\/li>\n<li aria-level=\"1\">N\u00fameros de s\u00e9rie \u00fanicos<\/li>\n<li aria-level=\"1\">Peculiar padr\u00e3o de constela\u00e7\u00e3o EURion, que \u00e9 muito dif\u00edcil de forjar<\/li>\n<li aria-level=\"1\">C\u00f3digos de barras vis\u00edveis \u00e0 luz<\/li>\n<\/ul>","protected":false},"excerpt":{"rendered":"<div class=\"description woocommerce-product-details__short-description\">\n<p>Compre d\u00f3lares NZ falsos online da Bradmoney Inc. e cuide de suas contas na Nova Zel\u00e2ndia. As contas de d\u00f3lares NZ falsos s\u00e3o amplamente divulgadas em todas as cidades da Nova Zel\u00e2ndia.<\/p>\n<\/div>","protected":false},"featured_media":106,"comment_status":"open","ping_status":"closed","template":"","meta":[],"product_brand":[],"product_cat":[24],"product_tag":[],"class_list":{"0":"post-104","1":"product","2":"type-product","3":"status-publish","4":"has-post-thumbnail","6":"product_cat-fake-new-zealand-dollar","8":"first","9":"instock","10":"taxable","11":"shipping-taxable","12":"purchasable","13":"product-type-simple"},"_links":{"self":[{"href":"https:\/\/bradmoney.com\/pt\/wp-json\/wp\/v2\/product\/104","targetHints":{"allow":["GET"]}}],"collection":[{"href":"https:\/\/bradmoney.com\/pt\/wp-json\/wp\/v2\/product"}],"about":[{"href":"https:\/\/bradmoney.com\/pt\/wp-json\/wp\/v2\/types\/product"}],"replies":[{"embeddable":true,"href":"https:\/\/bradmoney.com\/pt\/wp-json\/wp\/v2\/comments?post=104"}],"version-history":[{"count":0,"href":"https:\/\/bradmoney.com\/pt\/wp-json\/wp\/v2\/product\/104\/revisions"}],"wp:featuredmedia":[{"embeddable":true,"href":"https:\/\/bradmoney.com\/pt\/wp-json\/wp\/v2\/media\/106"}],"wp:attachment":[{"href":"https:\/\/bradmoney.com\/pt\/wp-json\/wp\/v2\/media?parent=104"}],"wp:term":[{"taxonomy":"product_brand","embeddable":true,"href":"https:\/\/bradmoney.com\/pt\/wp-json\/wp\/v2\/product_brand?post=104"},{"taxonomy":"product_cat","embeddable":true,"href":"https:\/\/bradmoney.com\/pt\/wp-json\/wp\/v2\/product_cat?post=104"},{"taxonomy":"product_tag","embeddable":true,"href":"https:\/\/bradmoney.com\/pt\/wp-json\/wp\/v2\/product_tag?post=104"}],"curies":[{"name":"wp","href":"https:\/\/api.w.org\/{rel}","templated":true}]}}