{"id":73,"date":"2023-06-19T06:26:00","date_gmt":"2023-06-19T06:26:00","guid":{"rendered":"https:\/\/www.bradfakemoney.com\/?post_type=product&#038;p=73"},"modified":"2026-01-23T16:49:53","modified_gmt":"2026-01-24T00:49:53","slug":"falszywe-euro-e50-2","status":"publish","type":"product","link":"https:\/\/bradmoney.com\/pl\/produkt\/falszywe-euro-e50-2\/","title":{"rendered":"Fa\u0142szywe euro 50"},"content":{"rendered":"<p data-start=\"477\" data-end=\"912\">Fa\u0142szywe banknoty \u20ac50 s\u0105 idealne do r\u00f3\u017cnych zastosowa\u0144, w tym do ekspozycji, rekwizyt\u00f3w, op\u0142at, czynsz\u00f3w, rachunk\u00f3w za energi\u0119 elektryczn\u0105 i wielu innych. Fa\u0142szywy banknot \u20ac50 firmy Bradmoney wyznacza nowy punkt odniesienia w rzemio\u015ble fa\u0142szywej waluty. Zaprojektowany z drobiazgow\u0105 dba\u0142o\u015bci\u0105 o szczeg\u00f3\u0142y, banknot ten zapewnia niezr\u00f3wnany poziom realizmu, dzi\u0119ki czemu jest praktycznie nie do odr\u00f3\u017cnienia od prawdziwego banknotu 50 euro. Wykorzystuj\u0105c zaawansowan\u0105 technologi\u0119 druku offsetowego i autentyczn\u0105 tekstur\u0119 w\u0142\u00f3kien bawe\u0142nianych, ka\u017cdy banknot wygl\u0105da dok\u0142adnie tak, jak oficjalna waluta Europejskiego Banku Centralnego. <a id=\"Fake-euro-bills-for-sale\"><\/a><a href=\"https:\/\/bradmoney.com\/pl\/kategoria-produktu\/falszywe-euro\/\">Fa\u0142szywe banknoty euro na sprzeda\u017c<\/a><\/p>\n<p data-start=\"914\" data-end=\"1410\">Nasza wersja odwzorowuje seri\u0119 Europa o nominale 50 euro, kt\u00f3ra jest najcz\u0119\u015bciej wprowadzanym do obiegu banknotem euro. Banknot przedstawia \u0142uk w stylu renesansowym na awersie i klasyczny most na rewersie. Ka\u017cdy element projektu, od mikrodruku po gradienty kolor\u00f3w, jest dok\u0142adnie dopasowany do orygina\u0142u. Schemat kolor\u00f3w spalonej pomara\u0144czy i ochry jest wiernie odtworzony, a nawet pasek hologramu, wypuk\u0142y atrament i w\u0142\u00f3kna reaguj\u0105ce na promieniowanie UV s\u0105 zintegrowane w celu zwi\u0119kszenia autentycznego wygl\u0105du. Euro s\u0105 wykonane z tak\u0105 precyzj\u0105, \u017ce odr\u00f3\u017cnienie oryginalnego euro od euro Bradmoneya jest prawie niemo\u017cliwe <a id=\"Buy-realistic-50-euro-fake\"><\/a>Kup realistyczn\u0105 podr\u00f3bk\u0119 za 50 euro.<\/p>\n<p data-start=\"1412\" data-end=\"1754\">Ten realistyczny fa\u0142szywy banknot euro zawiera wszystkie charakterystyczne zabezpieczenia: przezroczyste okno portretowe, znak wodny, numer zmieniaj\u0105cy kolor i osadzon\u0105 ni\u0107, z kt\u00f3rych ka\u017cda zosta\u0142a starannie odtworzona, aby odzwierciedli\u0107 oryginalny artyku\u0142. Bradmoney wykorzystuje zastrze\u017con\u0105 metod\u0119 nak\u0142adania warstw, aby zapewni\u0107, \u017ce elementy te s\u0105 wyr\u00f3wnane i autentyczne w dotyku i kontroli. Najlepsze <a href=\"https:\/\/bradmoney.com\/pl\/kategoria-produktu\/falszywe-euro\/\">fa\u0142szywe banknoty 50 euro<\/a> w ca\u0142ej Europie.<\/p>\n<p data-start=\"1756\" data-end=\"2104\">W przeciwie\u0144stwie do innych witryn oferuj\u0105cych fa\u0142szywe waluty o niskiej jako\u015bci i braku sp\u00f3jno\u015bci, Bradmoney jest znany z produkcji ultra realistycznych fa\u0142szywych banknot\u00f3w euro, kt\u00f3re wykraczaj\u0105 poza estetyk\u0119. Zapewniamy dok\u0142adno\u015b\u0107 wymiarow\u0105, precyzj\u0119 gramatury papieru i antyodblaskow\u0105 obr\u00f3bk\u0119 powierzchni, dzi\u0119ki czemu Tw\u00f3j fa\u0142szywy banknot 50 \u20ac doskonale komponuje si\u0119 z legaln\u0105 got\u00f3wk\u0105 pod wzgl\u0119dem wygl\u0105du i dotyku. <a id=\"Realistic-fake-euro\"><\/a>Realistyczne fa\u0142szywe pieni\u0105dze euro<\/p>\n<h3 data-start=\"1981\" data-end=\"2026\">Kluczowe cechy fa\u0142szywego banknotu 50 euro<\/h3>\n<ul data-start=\"2028\" data-end=\"2813\">\n<li data-start=\"2028\" data-end=\"2155\">\n<p data-start=\"2030\" data-end=\"2155\"><strong data-start=\"2030\" data-end=\"2054\">Autentyczny wygl\u0105d<\/strong> - Identyczne z prawdziwymi banknotami 50 \u20ac, z okienkiem z hologramem, mikrotekstem i przezroczystymi zabezpieczeniami.<\/p>\n<\/li>\n<li data-start=\"2156\" data-end=\"2262\">\n<p data-start=\"2158\" data-end=\"2262\"><strong data-start=\"2158\" data-end=\"2174\">Zatwierdzony bankomat<\/strong> - Przetestowany w bankomatach, automatach sprzedaj\u0105cych i kasach z bezb\u0142\u0119dn\u0105 wydajno\u015bci\u0105.<\/p>\n<\/li>\n<li data-start=\"2263\" data-end=\"2388\">\n<p data-start=\"2265\" data-end=\"2388\"><strong data-start=\"2265\" data-end=\"2298\">Idealny dla \u015brednich transakcji<\/strong> - Powszechnie u\u017cywane w supermarketach, restauracjach, hotelach, taks\u00f3wkach i przy zakupach detalicznych.<\/p>\n<\/li>\n<li data-start=\"2389\" data-end=\"2490\">\n<p data-start=\"2391\" data-end=\"2490\"><strong data-start=\"2391\" data-end=\"2428\">Niewykrywalne przez systemy detekcji<\/strong> - Przechodzi testy w \u015bwietle UV, podczerwieni i testy magnetyczne.<\/p>\n<\/li>\n<li data-start=\"2491\" data-end=\"2586\">\n<p data-start=\"2493\" data-end=\"2586\"><strong data-start=\"2493\" data-end=\"2512\">Wysoka wytrzyma\u0142o\u015b\u0107<\/strong> - Wydrukowano na specjalnym papierze bawe\u0142nianym o fakturze euro z wyczuwalnym w dotyku wyko\u0144czeniem.<\/p>\n<\/li>\n<li data-start=\"2587\" data-end=\"2730\">\n<p data-start=\"2589\" data-end=\"2730\"><strong data-start=\"2589\" data-end=\"2609\">Mieszanki naturalne<\/strong> - Banknot o nominale 50 euro jest jednym z najbardziej rozpowszechnionych nomina\u0142\u00f3w, zapewniaj\u0105c p\u0142ynne wykorzystanie w codziennych transakcjach.<\/p>\n<\/li>\n<li data-start=\"2731\" data-end=\"2813\">\n<p data-start=\"2733\" data-end=\"2813\"><strong data-start=\"2733\" data-end=\"2754\">Bezpiecze\u0144stwo i dyskrecja<\/strong> - Zaprojektowany, aby funkcjonowa\u0107 w normalnym \u017cyciu bez podejrze\u0144.<\/p>\n<\/li>\n<\/ul>\n<hr data-start=\"2815\" data-end=\"2818\" \/>\n<h3 data-start=\"2820\" data-end=\"2871\">Dlaczego warto kupowa\u0107 fa\u0142szywe banknoty 50 euro w Bradmoney?<\/h3>\n<ul data-start=\"2873\" data-end=\"3293\">\n<li data-start=\"2873\" data-end=\"2968\">\n<p data-start=\"2875\" data-end=\"2968\">Ciesz\u0105 si\u0119 zaufaniem klient\u00f3w na ca\u0142ym \u015bwiecie dzi\u0119ki realistycznej jako\u015bci i niewykrywalnym funkcjom.<\/p>\n<\/li>\n<li data-start=\"2969\" data-end=\"3042\">\n<p data-start=\"2971\" data-end=\"3042\">Idealny nomina\u0142 zar\u00f3wno na ma\u0142e, jak i wi\u0119ksze codzienne wydatki.<\/p>\n<\/li>\n<li data-start=\"3043\" data-end=\"3124\">\n<p data-start=\"3045\" data-end=\"3124\">Fa\u0142szywe euro kompatybilne z bankomatami, kt\u00f3re dzia\u0142aj\u0105 w bankomatach i systemach p\u0142atno\u015bci.<\/p>\n<\/li>\n<li data-start=\"3125\" data-end=\"3200\">\n<p data-start=\"3127\" data-end=\"3200\">Najwy\u017cszej jako\u015bci fa\u0142szywe banknoty euro o trwa\u0142o\u015bci i bezb\u0142\u0119dnej u\u017cyteczno\u015bci.<\/p>\n<\/li>\n<li data-start=\"3201\" data-end=\"3293\">\n<p data-start=\"3203\" data-end=\"3293\"><a id=\"Best-fake-50-euro-bills-online\"><\/a>Najlepsze fa\u0142szywe banknoty 50 euro online, \u0142\u0105cz\u0105ce warto\u015b\u0107 handlow\u0105 i realistyczny wygl\u0105d<\/p>\n<\/li>\n<\/ul>\n<p data-start=\"2106\" data-end=\"2421\">Idealne do u\u017cytku w supermarketach, kasynach, restauracjach, sklepach, do p\u0142acenia rachunk\u00f3w, a nawet w bankomatach, nasze fa\u0142szywe banknoty euro s\u0105 niezr\u00f3wnane pod wzgl\u0119dem jako\u015bci wykonania i zaufania. Je\u015bli chcesz kupi\u0107 fa\u0142szywe pieni\u0105dze, znajd\u017a fa\u0142szywe pieni\u0105dze na sprzeda\u017c lub \u017ar\u00f3d\u0142o dla <strong data-start=\"2320\" data-end=\"2347\"><a id=\"fake-euro-note-for-sale\"><\/a>Fa\u0142szywy banknot euro na sprzeda\u017c<\/strong> na sprzeda\u017c online u najlepszego sprzedawcy fa\u0142szywych pieni\u0119dzy w ca\u0142ej Europie. <a href=\"https:\/\/bradmoney.com\/pl\/o-nas\/\">Fa\u0142szywy banknot 50 euro<\/a> na sprzeda\u017c online u najlepszego sprzedawcy fa\u0142szywych pieni\u0119dzy w ca\u0142ej Europie.<\/p>\n<p>&nbsp;<\/p>","protected":false},"excerpt":{"rendered":"<div class=\"description woocommerce-product-details__short-description\">\n<p>Kup fa\u0142szywe banknoty o nominale 50 euro, kt\u00f3re w dotyku i wygl\u0105dzie przypominaj\u0105 orygina\u0142y. W Bradmoney Inc jako\u015b\u0107 produkt\u00f3w i us\u0142ug jest naszym najwy\u017cszym priorytetem. Jednym z naszych najlepszych <a id=\"fake-Euro-bills\"><\/a>Produkowane przez nas fa\u0142szywe banknoty euro to banknoty o nominale 50.<\/p>\n<\/div>\n<div class=\"product_meta\"><\/div>","protected":false},"featured_media":77,"comment_status":"open","ping_status":"closed","template":"","meta":[],"product_brand":[],"product_cat":[20],"product_tag":[],"class_list":{"0":"post-73","1":"product","2":"type-product","3":"status-publish","4":"has-post-thumbnail","6":"product_cat-fake-euro","8":"first","9":"instock","10":"taxable","11":"shipping-taxable","12":"purchasable","13":"product-type-simple"},"_links":{"self":[{"href":"https:\/\/bradmoney.com\/pl\/wp-json\/wp\/v2\/product\/73","targetHints":{"allow":["GET"]}}],"collection":[{"href":"https:\/\/bradmoney.com\/pl\/wp-json\/wp\/v2\/product"}],"about":[{"href":"https:\/\/bradmoney.com\/pl\/wp-json\/wp\/v2\/types\/product"}],"replies":[{"embeddable":true,"href":"https:\/\/bradmoney.com\/pl\/wp-json\/wp\/v2\/comments?post=73"}],"version-history":[{"count":1,"href":"https:\/\/bradmoney.com\/pl\/wp-json\/wp\/v2\/product\/73\/revisions"}],"predecessor-version":[{"id":17823,"href":"https:\/\/bradmoney.com\/pl\/wp-json\/wp\/v2\/product\/73\/revisions\/17823"}],"wp:featuredmedia":[{"embeddable":true,"href":"https:\/\/bradmoney.com\/pl\/wp-json\/wp\/v2\/media\/77"}],"wp:attachment":[{"href":"https:\/\/bradmoney.com\/pl\/wp-json\/wp\/v2\/media?parent=73"}],"wp:term":[{"taxonomy":"product_brand","embeddable":true,"href":"https:\/\/bradmoney.com\/pl\/wp-json\/wp\/v2\/product_brand?post=73"},{"taxonomy":"product_cat","embeddable":true,"href":"https:\/\/bradmoney.com\/pl\/wp-json\/wp\/v2\/product_cat?post=73"},{"taxonomy":"product_tag","embeddable":true,"href":"https:\/\/bradmoney.com\/pl\/wp-json\/wp\/v2\/product_tag?post=73"}],"curies":[{"name":"wp","href":"https:\/\/api.w.org\/{rel}","templated":true}]}}