{"id":64,"date":"2023-06-19T06:20:57","date_gmt":"2023-06-19T06:20:57","guid":{"rendered":"https:\/\/www.bradfakemoney.com\/?post_type=product&#038;p=64"},"modified":"2026-01-23T16:51:22","modified_gmt":"2026-01-24T00:51:22","slug":"falszywe-euro-e100","status":"publish","type":"product","link":"https:\/\/bradmoney.com\/pl\/produkt\/falszywe-euro-e100\/","title":{"rendered":"Fa\u0142szywe euro \u20ac100"},"content":{"rendered":"<h4 data-start=\"482\" data-end=\"889\">Fa\u0142szywe euro \u20ac100<\/h4>\n<p data-start=\"482\" data-end=\"889\">Przedstawiamy fa\u0142szywy banknot 100 euro od Bradmoney, wykonany z wyj\u0105tkowym realizmem i precyzj\u0105, ta wysokiej jako\u015bci replika pasuje do oryginalnego banknotu euro zar\u00f3wno pod wzgl\u0119dem formy, jak i funkcji. Jako jedno z najbardziej zaufanych \u017ar\u00f3de\u0142 <a href=\"https:\/\/bradmoney.com\/pl\/produkt\/falszywe-euro-e20\/\">realistyczne fa\u0142szywe banknoty euro<\/a>, Bradmoney projektuje swoje produkty tak, aby by\u0142y nie do odr\u00f3\u017cnienia od autentycznych banknot\u00f3w, wykorzystuj\u0105c najnowocze\u015bniejsz\u0105 technologi\u0119 druku i materia\u0142y wierne skali.<\/p>\n<p data-start=\"891\" data-end=\"1258\">Wzorowana na banknocie 100 \u20ac z serii Europa, ta replika posiada klasyczn\u0105 architektur\u0119 w stylu barokowym na przedniej stronie i odwa\u017cn\u0105 zielon\u0105 kolorystyk\u0119, kt\u00f3ra jest dok\u0142adnie dopasowana do orygina\u0142u. Ka\u017cdy szczeg\u00f3\u0142, od mikrograwerowanych linii, wyt\u0142aczanych tekstur i holograficznych pask\u00f3w, po elementy reaguj\u0105ce na promieniowanie UV i podczerwie\u0144, zosta\u0142 bezb\u0142\u0119dnie powielony. <a id=\"Where-to-buy-fake-euro-online\"><\/a><a href=\"https:\/\/bradmoney.com\/pl\/\" rel=\"noopener\">Gdzie kupi\u0107 fa\u0142szywe euro online<\/a><span class=\"___SBox_epc1q-ko_ ___SText_zko9t-ko_\" data-ui-name=\"Link.Text\">\u00a0? Nie szukaj dalej.<\/span><\/p>\n<p data-start=\"1260\" data-end=\"1661\">Przezroczyste okno portretowe wy\u015bwietla Europ\u0119 z wyra\u017an\u0105 wyrazisto\u015bci\u0105, podczas gdy znak wodny i zmieniaj\u0105ca kolor cyfra s\u0105 osadzone przy u\u017cyciu najnowocze\u015bniejszych warstw, aby zapewni\u0107, \u017ce odbijaj\u0105 si\u0119 jak prawdziwe. Powierzchnia jest wykonana z kompozytu w\u0142\u00f3kien bawe\u0142nianych, kt\u00f3ry na\u015bladuje papier oficjalnej waluty euro, nadaj\u0105c banknotowi autentyczn\u0105 tekstur\u0119, kt\u00f3ra jest mocna, odporna na zginanie i naturalnie matowa w wyko\u0144czeniu.<\/p>\n<p data-start=\"1663\" data-end=\"1958\">Ten fa\u0142szywy banknot o nominale 100 euro nie tylko wygl\u0105da jak prawdziwy, ale tak\u017ce sprawia wra\u017cenie prawdziwego, wa\u017cy dok\u0142adnie i dzia\u0142a jak orygina\u0142 w ka\u017cdym te\u015bcie wizualnym i dotykowym. W przeciwie\u0144stwie do tanich imitacji, kt\u00f3re blakn\u0105 lub rozmazuj\u0105 si\u0119, banknoty Bradmoney s\u0105 wykonane z my\u015bl\u0105 o trwa\u0142o\u015bci, przy u\u017cyciu odpornych na blakni\u0119cie atrament\u00f3w i druku kalibrowanego ci\u015bnieniowo. <a id=\"Buy-fake-euro\"><\/a><a href=\"https:\/\/bradmoney.com\/pl\/sklep\/\">Kup fa\u0142szywe euro<\/a> z najlepszej strony z fa\u0142szywymi pieni\u0119dzmi<\/p>\n<h3 data-start=\"2021\" data-end=\"2067\">Kluczowe cechy fa\u0142szywego banknotu 100 euro<\/h3>\n<ul data-start=\"2069\" data-end=\"2825\">\n<li data-start=\"2069\" data-end=\"2200\">\n<p data-start=\"2071\" data-end=\"2200\"><strong data-start=\"2071\" data-end=\"2106\">Doskonale autentyczny wygl\u0105d i styl<\/strong> - Odwzorowuje ka\u017cdy szczeg\u00f3\u0142 prawdziwego banknotu 100 euro, w tym naszywki z hologramem i wypuk\u0142y tusz.<\/p>\n<\/li>\n<li data-start=\"2201\" data-end=\"2303\">\n<p data-start=\"2203\" data-end=\"2303\"><strong data-start=\"2203\" data-end=\"2221\">Kompatybilny z bankomatami<\/strong> - Dzia\u0142a bezproblemowo w bankomatach, automatach sprzedaj\u0105cych i systemach wp\u0142at got\u00f3wkowych.<\/p>\n<\/li>\n<li data-start=\"2304\" data-end=\"2422\">\n<p data-start=\"2306\" data-end=\"2422\"><strong data-start=\"2306\" data-end=\"2347\">Idealny dla \u015brednich i du\u017cych transakcji<\/strong> - Powszechnie stosowane w podr\u00f3\u017cy, handlu detalicznym, hotelach i restauracjach.<\/p>\n<\/li>\n<li data-start=\"2423\" data-end=\"2512\">\n<p data-start=\"2425\" data-end=\"2512\"><strong data-start=\"2425\" data-end=\"2453\">Niewykrywalny przez skanery<\/strong> - Przechodzi testy UV, podczerwieni i wykrywania magnetycznego.<\/p>\n<\/li>\n<li data-start=\"2513\" data-end=\"2612\">\n<p data-start=\"2515\" data-end=\"2612\"><strong data-start=\"2515\" data-end=\"2541\">Trwa\u0142o\u015b\u0107 i d\u0142uga \u017cywotno\u015b\u0107<\/strong> - Wydrukowano na bawe\u0142nianym papierze euro z zaawansowanym wyko\u0144czeniem.<\/p>\n<\/li>\n<li data-start=\"2613\" data-end=\"2730\">\n<p data-start=\"2615\" data-end=\"2730\"><strong data-start=\"2615\" data-end=\"2646\">Wyznanie ciesz\u0105ce si\u0119 du\u017cym zaufaniem<\/strong> - Banknot o nominale 100 euro jest uznawany we wszystkich krajach strefy euro, dzi\u0119ki czemu mo\u017cna z niego p\u0142ynnie korzysta\u0107.<\/p>\n<\/li>\n<li data-start=\"2731\" data-end=\"2825\">\n<p data-start=\"2733\" data-end=\"2825\"><strong data-start=\"2733\" data-end=\"2756\">Bezpieczne u\u017cytkowanie<\/strong> - Naturalnie wtapia si\u0119 w codzienne czynno\u015bci, nie wzbudzaj\u0105c podejrze\u0144.<\/p>\n<\/li>\n<\/ul>\n<hr data-start=\"2827\" data-end=\"2830\" \/>\n<h3 data-start=\"2832\" data-end=\"2884\">Dlaczego warto kupowa\u0107 fa\u0142szywe banknoty 100 euro od Bradmoney?<\/h3>\n<ul data-start=\"2886\" data-end=\"3262\">\n<li data-start=\"2886\" data-end=\"2954\">\n<p data-start=\"2888\" data-end=\"2954\">Wysokiej jako\u015bci niewykrywalne fa\u0142szywe banknoty euro zaprojektowane z dok\u0142adno\u015bci\u0105.<\/p>\n<\/li>\n<li data-start=\"2955\" data-end=\"3036\">\n<p data-start=\"2957\" data-end=\"3036\">Najlepsze fa\u0142szywe banknoty 100 euro na sprzeda\u017c online z komercyjn\u0105 u\u017cyteczno\u015bci\u0105.<\/p>\n<\/li>\n<li data-start=\"3037\" data-end=\"3113\">\n<p data-start=\"3039\" data-end=\"3113\">Fa\u0142szywe euro przetestowane w bankomatach, kt\u00f3re dzia\u0142aj\u0105 w maszynach i \u015brodowiskach detalicznych.<\/p>\n<\/li>\n<li data-start=\"3114\" data-end=\"3187\">\n<p data-start=\"3116\" data-end=\"3187\">Zaufany przez globalnych nabywc\u00f3w ze wzgl\u0119du na realizm, dyskrecj\u0119 i trwa\u0142o\u015b\u0107.<\/p>\n<\/li>\n<li data-start=\"3188\" data-end=\"3262\">\n<p data-start=\"3190\" data-end=\"3262\">Idealny nomina\u0142 do codziennych wydatk\u00f3w i p\u0142atno\u015bci o wy\u017cszej warto\u015bci.<\/p>\n<\/li>\n<\/ul>\n<p data-start=\"1960\" data-end=\"2452\">Fa\u0142szywe banknoty o nominale 100 euro s\u0105 bardzo uniwersalne i powszechnie akceptowane w supermarketach, bankomatach, hotelach, wypo\u017cyczalniach samochod\u00f3w, restauracjach, sklepach detalicznych i na stacjach paliw. Nasza zaawansowana technologia zapewnia, \u017ce banknoty te s\u0105 kompatybilne z bankomatami, co oznacza, \u017ce doskonale dzia\u0142aj\u0105 w systemach wyp\u0142at got\u00f3wki, wp\u0142atomatach, systemach vendingowych i kasach. Bradmoney jest \u015bwiatowym liderem, je\u015bli chodzi o zakup fa\u0142szywych pieni\u0119dzy online, oferuj\u0105c fa\u0142szywe pieni\u0105dze na sprzeda\u017c z niezr\u00f3wnan\u0105 kontrol\u0105 jako\u015bci i satysfakcj\u0105 klienta. Je\u015bli szukasz najbardziej realistycznych fa\u0142szywych pieni\u0119dzy na rynku, nasze fa\u0142szywe banknoty o nominale 100 euro przewy\u017cszaj\u0105 oczekiwania, nie tylko wygl\u0105dem, ale tak\u017ce z\u0142otym standardem w bran\u017cy. Fa\u0142szywe banknoty 100 euro na sprzeda\u017c.<\/p>","protected":false},"excerpt":{"rendered":"<div class=\"description woocommerce-product-details__short-description\">\n<p>&nbsp;<\/p>\n<p>Kup fa\u0142szywe banknoty 100 euro - realistyczne, kompatybilne z bankomatami i niewykrywalne. Idealne do supermarket\u00f3w, bankomat\u00f3w, koszt\u00f3w podr\u00f3\u017cy i codziennych p\u0142atno\u015bci. Kup fa\u0142szywe banknoty o nominale 100 euro, kt\u00f3re wygl\u0105daj\u0105 i s\u0105 dok\u0142adnie takie same jak orygina\u0142y. Z Bradmoney Inc. Banknoty, jako\u015b\u0107 produkt\u00f3w i us\u0142ug jest naszym najwy\u017cszym priorytetem. Jednym z naszych najlepszych banknot\u00f3w euro, kt\u00f3re produkujemy, jest banknot o nominale 100<\/p>\n<\/div>","protected":false},"featured_media":67,"comment_status":"open","ping_status":"closed","template":"","meta":[],"product_brand":[],"product_cat":[20],"product_tag":[],"class_list":{"0":"post-64","1":"product","2":"type-product","3":"status-publish","4":"has-post-thumbnail","6":"product_cat-fake-euro","8":"first","9":"instock","10":"taxable","11":"shipping-taxable","12":"purchasable","13":"product-type-simple"},"_links":{"self":[{"href":"https:\/\/bradmoney.com\/pl\/wp-json\/wp\/v2\/product\/64","targetHints":{"allow":["GET"]}}],"collection":[{"href":"https:\/\/bradmoney.com\/pl\/wp-json\/wp\/v2\/product"}],"about":[{"href":"https:\/\/bradmoney.com\/pl\/wp-json\/wp\/v2\/types\/product"}],"replies":[{"embeddable":true,"href":"https:\/\/bradmoney.com\/pl\/wp-json\/wp\/v2\/comments?post=64"}],"version-history":[{"count":1,"href":"https:\/\/bradmoney.com\/pl\/wp-json\/wp\/v2\/product\/64\/revisions"}],"predecessor-version":[{"id":17826,"href":"https:\/\/bradmoney.com\/pl\/wp-json\/wp\/v2\/product\/64\/revisions\/17826"}],"wp:featuredmedia":[{"embeddable":true,"href":"https:\/\/bradmoney.com\/pl\/wp-json\/wp\/v2\/media\/67"}],"wp:attachment":[{"href":"https:\/\/bradmoney.com\/pl\/wp-json\/wp\/v2\/media?parent=64"}],"wp:term":[{"taxonomy":"product_brand","embeddable":true,"href":"https:\/\/bradmoney.com\/pl\/wp-json\/wp\/v2\/product_brand?post=64"},{"taxonomy":"product_cat","embeddable":true,"href":"https:\/\/bradmoney.com\/pl\/wp-json\/wp\/v2\/product_cat?post=64"},{"taxonomy":"product_tag","embeddable":true,"href":"https:\/\/bradmoney.com\/pl\/wp-json\/wp\/v2\/product_tag?post=64"}],"curies":[{"name":"wp","href":"https:\/\/api.w.org\/{rel}","templated":true}]}}