{"id":10,"date":"2023-06-19T04:01:31","date_gmt":"2023-06-19T04:01:31","guid":{"rendered":"https:\/\/www.bradfakemoney.com\/?page_id=10"},"modified":"2025-01-20T10:51:56","modified_gmt":"2025-01-20T10:51:56","slug":"opcje-platnosci","status":"publish","type":"page","link":"https:\/\/bradmoney.com\/pl\/opcje-platnosci\/","title":{"rendered":"Opcje p\u0142atno\u015bci"},"content":{"rendered":"<div data-elementor-type=\"wp-page\" data-elementor-id=\"10\" class=\"elementor elementor-10\" data-elementor-post-type=\"page\">\n\t\t\t\t\t\t<section class=\"elementor-section elementor-top-section elementor-element elementor-element-1b1113db elementor-section-boxed elementor-section-height-default elementor-section-height-default\" data-id=\"1b1113db\" data-element_type=\"section\" data-e-type=\"section\">\n\t\t\t\t\t\t<div class=\"elementor-container elementor-column-gap-default\">\n\t\t\t\t\t<div class=\"elementor-column elementor-col-100 elementor-top-column elementor-element elementor-element-4df3ff5f\" data-id=\"4df3ff5f\" data-element_type=\"column\" data-e-type=\"column\">\n\t\t\t<div class=\"elementor-widget-wrap elementor-element-populated\">\n\t\t\t\t\t\t<div class=\"elementor-element elementor-element-1ddf79a8 elementor-widget__width-initial color-scheme-inherit text-left elementor-widget elementor-widget-text-editor\" data-id=\"1ddf79a8\" data-element_type=\"widget\" data-e-type=\"widget\" data-widget_type=\"text-editor.default\">\n\t\t\t\t<div class=\"elementor-widget-container\">\n\t\t\t\t\t\t\t\t\t<h2>Strona p\u0142atno\u015bci dla BradMoney Inc.<\/h2>\n<h3>Bezpieczne i wygodne p\u0142atno\u015bci<\/h3>\n<p>W BradMoney Inc. staramy si\u0119 oferowa\u0107 r\u00f3\u017cnorodne opcje p\u0142atno\u015bci, aby zaspokoi\u0107 Twoje potrzeby. Naszym celem jest zapewnienie p\u0142ynnych, bezpiecznych i elastycznych p\u0142atno\u015bci.<\/p>\n<h3>Dost\u0119pne metody p\u0142atno\u015bci<\/h3>\n<p>W BradMoney Inc. mo\u017cesz wybiera\u0107 spo\u015br\u00f3d nast\u0119puj\u0105cych metod p\u0142atno\u015bci:<\/p>\n<ol start=\"1\">\n<li>\n<p><strong>Bitcoin<\/strong>: Poznaj przysz\u0142o\u015b\u0107 finans\u00f3w dzi\u0119ki naszej opcji p\u0142atno\u015bci Bitcoin. Szybko, bezpiecznie i globalnie.<\/p>\n<\/li>\n<li>\n<p><strong>Kryptowaluty<\/strong>: We accept a variety of cryptocurrencies, including Ethereum, Litecoin, USDT and others.<\/p>\n<\/li>\n<li>\n<p><strong>CashApp<\/strong><\/p>\n<\/li>\n<li>\n<p><strong>Zelle<\/strong><\/p>\n<\/li>\n<li>\n<p><strong>Chime<\/strong><\/p>\n<\/li>\n<li>\n<p><strong>e-Transfer<\/strong><\/p>\n<\/li>\n<li>\n<p><strong>Przelew bankowy<\/strong><\/p>\n<\/li>\n<li>\n<p><strong>Apple Pay<\/strong><\/p>\n<\/li>\n<li>\n<p><strong>Google Pay<\/strong><\/p>\n<\/li>\n<li>\n<p><strong>Venmo<\/strong><\/p>\n<\/li>\n<li>\n<p><strong>Cash App<\/strong><\/p>\n<\/li>\n<li>\n<p><strong>Revolut<\/strong><\/p>\n<\/li>\n<li><strong>Wise<\/strong> <strong>Payment<\/strong><\/li>\n<li><strong><span style=\"font-size: 14pt;\">Inne p\u0142atno\u015bci mog\u0105 zosta\u0107 udost\u0119pnione na \u017c\u0105danie i po uzgodnieniu<\/span><\/strong><\/li>\n<\/ol>\n<h3>Jak doko\u0144czy\u0107 p\u0142atno\u015b\u0107<\/h3>\n<ol start=\"1\">\n<li>\n<p><strong>Wybierz swoje przedmioty<\/strong>: Rozpocznij od dodania wybranych produkt\u00f3w do koszyka.<\/p>\n<\/li>\n<li>\n<p><strong>Sprawd\u017a sw\u00f3j koszyk<\/strong>: Sprawd\u017a dok\u0142adnie sw\u00f3j koszyk, aby upewni\u0107 si\u0119, \u017ce wszystkie pozycje i ilo\u015bci s\u0105 prawid\u0142owe.<\/p>\n<\/li>\n<li>\n<p><strong>Wybierz metod\u0119 p\u0142atno\u015bci<\/strong>: Wybierz z naszej szerokiej gamy opcji p\u0142atno\u015bci wymienionych powy\u017cej.<\/p>\n<\/li>\n<li>\n<p><strong>Kasa<\/strong>: Kliknij przycisk \u201eDo kasy\u201d, aby kontynuowa\u0107.<\/p>\n<\/li>\n<li>\n<p><strong>P\u0142a\u0107 przez WhatsApp<\/strong>: Podczas p\u0142atno\u015bci zostaniesz poproszony o klikni\u0119cie przycisku Kliknij tutaj, aby zap\u0142aci\u0107, aby sfinalizowa\u0107 p\u0142atno\u015b\u0107 w WhatsApp.<\/p>\n<\/li>\n<li>\n<p><strong>\u017b\u0105danie p\u0142atno\u015bci przez SMS lub e-mail<\/strong>: Alternatywnie mo\u017cesz poprosi\u0107 o szczeg\u00f3\u0142y p\u0142atno\u015bci SMS-em lub e-mailem.<\/p>\n<\/li>\n<\/ol>\n<h3>Zapewnienie bezpiecze\u0144stwa i prywatno\u015bci<\/h3>\n<p>W BradMoney Inc. bezpiecze\u0144stwo i prywatno\u015b\u0107 Twoich transakcji s\u0105 naszym najwy\u017cszym priorytetem. Stosujemy zaawansowane technologie szyfrowania i przestrzegamy rygorystycznych standard\u00f3w bezpiecze\u0144stwa, aby chroni\u0107 Twoje informacje finansowe. Mo\u017cesz mie\u0107 pewno\u015b\u0107, \u017ce Twoje dane s\u0105 u nas chronione. <a href=\"https:\/\/bradmoney.com\/pl\/\" rel=\"noopener\">Kup fa\u0142szywe pieni\u0105dze<\/a> !<\/p>\n<p>W przypadku jakichkolwiek pyta\u0144 lub pomocy dotycz\u0105cej p\u0142atno\u015bci, prosimy o kontakt z naszym zespo\u0142em wsparcia. S\u0142u\u017cymy pomoc\u0105 24 godziny na dob\u0119, 7 dni w tygodniu.<\/p>\n<p><!-- \/wp:paragraph --><\/p>\t\t\t\t\t\t\t\t<\/div>\n\t\t\t\t<\/div>\n\t\t\t\t\t<\/div>\n\t\t<\/div>\n\t\t\t\t\t<\/div>\n\t\t<\/section>\n\t\t<div class=\"elementor-element elementor-element-d22804e e-flex e-con-boxed e-con e-parent\" data-id=\"d22804e\" data-element_type=\"container\" data-e-type=\"container\">\n\t\t\t\t\t<div class=\"e-con-inner\">\n\t\t\t\t<div class=\"elementor-element elementor-element-9e4285b wd-width-100 elementor-widget elementor-widget-wd_images_gallery\" data-id=\"9e4285b\" data-element_type=\"widget\" data-e-type=\"widget\" data-widget_type=\"wd_images_gallery.default\">\n\t\t\t\t<div class=\"elementor-widget-container\">\n\t\t\t\t\t\t\t<div class=\"wd-images-gallery photoswipe-images\" style=\"--wd-align-items:center; --wd-justify-content:center;\">\n\t\t\t\t\t\t<div class=\"wd-grid-g\" style=\"--wd-col-lg:3;--wd-col-md:3;--wd-col-sm:1;--wd-gap-lg:0px;\" >\n\t\t\t\t\t\t\t\t\t\t\t\t\t\t\t\t\t\t<div class=\"wd-gallery-item wd-col\">\n\t\t\t\t\t\t\t\t\t\t\t\t\t<a href=\"https:\/\/bradmoney.com\/wp-content\/uploads\/2024\/01\/bitcoin-payment-logo.jpeg\" data-width=\"2560\" data-height=\"1511\" data-index=\"1\" data-elementor-open-lightbox=\"no\" title=\"bitcoin payment logo\">\n\t\t\t\t\t\t\n\t\t\t\t\t\t<img decoding=\"async\" src=\"https:\/\/bradmoney.com\/wp-content\/uploads\/2024\/01\/bitcoin-payment-logo-1300x767.jpeg\"alt=\"bitcoin payment option by Primefakemoney inc.\">\n\t\t\t\t\t\t\t\t\t\t\t\t\t<\/a>\n\t\t\t\t\t\t\t\t\t\t\t<\/div>\n\t\t\t\t\t\t\t\t\t\t\t\t\t\t\t<div class=\"wd-gallery-item wd-col\">\n\t\t\t\t\t\t\t\t\t\t\t\t\t<a href=\"https:\/\/bradmoney.com\/wp-content\/uploads\/2023\/07\/two-businessmen-give-take-us-dollar-banknote-us-dollar-is-main-popular-currency-exchange-world-investment-payment_50039-1050.jpeg\" data-width=\"626\" data-height=\"417\" data-index=\"2\" data-elementor-open-lightbox=\"no\" title=\"two-businessmen-give-take-us-dollar-banknote-us-dollar-is-main-popular-currency-exchange-world-investment-payment_50039-1050\">\n\t\t\t\t\t\t\n\t\t\t\t\t\t<img decoding=\"async\" src=\"https:\/\/bradmoney.com\/wp-content\/uploads\/2023\/07\/two-businessmen-give-take-us-dollar-banknote-us-dollar-is-main-popular-currency-exchange-world-investment-payment_50039-1050.jpeg\"alt=\"face to face handover at PrimefakemoneyInc.\">\n\t\t\t\t\t\t\t\t\t\t\t\t\t<\/a>\n\t\t\t\t\t\t\t\t\t\t\t<\/div>\n\t\t\t\t\t\t\t\t\t\t\t\t\t\t\t<div class=\"wd-gallery-item wd-col\">\n\t\t\t\t\t\t\t\t\t\t\t\t\t<a href=\"https:\/\/bradmoney.com\/wp-content\/uploads\/2024\/01\/02RJy7OTtPnQQjh37yQDNqx-15.webp\" data-width=\"1050\" data-height=\"551\" data-index=\"3\" data-elementor-open-lightbox=\"no\" title=\"02RJy7OTtPnQQjh37yQDNqx-15\">\n\t\t\t\t\t\t\n\t\t\t\t\t\t<img decoding=\"async\" src=\"https:\/\/bradmoney.com\/wp-content\/uploads\/2024\/01\/02RJy7OTtPnQQjh37yQDNqx-15.webp\"alt=\"apple pay payment option\">\n\t\t\t\t\t\t\t\t\t\t\t\t\t<\/a>\n\t\t\t\t\t\t\t\t\t\t\t<\/div>\n\t\t\t\t\t\t\t\t\t\t\t\t\t<\/div>\n\t\t\t\t\t<\/div>\n\t\t\t\t\t\t<\/div>\n\t\t\t\t<\/div>\n\t\t\t\t\t<\/div>\n\t\t\t\t<\/div>\n\t\t\t\t<\/div>","protected":false},"excerpt":{"rendered":"<p>Payment Page for BradMoney Inc. Secure and Convenient Payments At BradMoney Inc., we are committed to offering a diverse range<\/p>","protected":false},"author":1,"featured_media":0,"parent":0,"menu_order":0,"comment_status":"closed","ping_status":"closed","template":"elementor_header_footer","meta":{"footnotes":""},"class_list":["post-10","page","type-page","status-publish","hentry"],"_links":{"self":[{"href":"https:\/\/bradmoney.com\/pl\/wp-json\/wp\/v2\/pages\/10","targetHints":{"allow":["GET"]}}],"collection":[{"href":"https:\/\/bradmoney.com\/pl\/wp-json\/wp\/v2\/pages"}],"about":[{"href":"https:\/\/bradmoney.com\/pl\/wp-json\/wp\/v2\/types\/page"}],"author":[{"embeddable":true,"href":"https:\/\/bradmoney.com\/pl\/wp-json\/wp\/v2\/users\/1"}],"replies":[{"embeddable":true,"href":"https:\/\/bradmoney.com\/pl\/wp-json\/wp\/v2\/comments?post=10"}],"version-history":[{"count":0,"href":"https:\/\/bradmoney.com\/pl\/wp-json\/wp\/v2\/pages\/10\/revisions"}],"wp:attachment":[{"href":"https:\/\/bradmoney.com\/pl\/wp-json\/wp\/v2\/media?parent=10"}],"curies":[{"name":"wp","href":"https:\/\/api.w.org\/{rel}","templated":true}]}}