{"id":68,"date":"2023-06-19T06:22:45","date_gmt":"2023-06-19T06:22:45","guid":{"rendered":"https:\/\/www.bradfakemoney.com\/?post_type=product&#038;p=68"},"modified":"2026-01-23T16:50:30","modified_gmt":"2026-01-24T00:50:30","slug":"%d0%b6%d0%b0%d0%bb%d2%93%d0%b0%d0%bd-%d0%b5%d1%83%d1%80%d0%be-%d0%b520","status":"publish","type":"product","link":"https:\/\/bradmoney.com\/kk\/product\/%d0%b6%d0%b0%d0%bb%d2%93%d0%b0%d0%bd-%d0%b5%d1%83%d1%80%d0%be-%d0%b520\/","title":{"rendered":"\u0416\u0430\u043b\u0493\u0430\u043d \u0435\u0443\u0440\u043e \u20ac20"},"content":{"rendered":"<h4 data-start=\"494\" data-end=\"800\">\u0416\u0430\u043b\u0493\u0430\u043d \u0435\u0443\u0440\u043e \u20ac20<\/h4>\n<p data-start=\"494\" data-end=\"800\">\u0411\u0440\u044d\u0434\u043c\u043e\u043d\u0435\u0439\u0434\u0456\u04a3 \u0436\u0430\u043b\u0493\u0430\u043d \u0435\u0443\u0440\u043e\u043b\u044b\u049b 20 \u0435\u0443\u0440\u043e \u043a\u0443\u043f\u044e\u0440\u0430\u0441\u044b\u043c\u0435\u043d \u043c\u0456\u043d\u0441\u0456\u0437 \u043a\u04e9\u0448\u0456\u0440\u043c\u0435 \u04d9\u043b\u0435\u043c\u0456\u043d\u0435 \u049b\u0430\u0434\u0430\u043c \u0436\u0430\u0441\u0430\u04a3\u044b\u0437, \u0431\u04af\u0433\u0456\u043d\u0433\u0456 \u043a\u04af\u043d\u0456 \u049b\u043e\u043b \u0436\u0435\u0442\u0456\u043c\u0434\u0456 \u0435\u0443\u0440\u043e \u0432\u0430\u043b\u044e\u0442\u0430\u0441\u044b\u043d\u044b\u04a3 \u0435\u04a3 \u043a\u04e9\u0440\u043d\u0435\u043a\u0456 \u0436\u04d9\u043d\u0435 \u0436\u0430\u049b\u0441\u044b \u0436\u0430\u0441\u0430\u043b\u0493\u0430\u043d \u043a\u04e9\u0448\u0456\u0440\u043c\u0435\u043b\u0435\u0440\u0456\u043d\u0456\u04a3 \u0431\u0456\u0440\u0456. \u0411\u04b1\u043b \u0436\u043e\u0493\u0430\u0440\u044b \u0434\u04d9\u0440\u0435\u0436\u0435\u043b\u0456 \u0436\u0430\u043b\u0493\u0430\u043d \u0430\u049b\u0448\u0430\u043d\u044b\u04a3 \u04d9\u0440\u0431\u0456\u0440 \u0434\u0435\u0442\u0430\u043b\u044c\u0434\u0430\u0440\u044b \u0442\u04af\u043f\u043d\u04b1\u0441\u049b\u0430 \u0435\u0443\u0440\u043e\u043d\u044b \u0430\u0431\u0441\u043e\u043b\u044e\u0442\u0442\u0456 \u0434\u04d9\u043b\u0434\u0456\u043a\u043f\u0435\u043d \u043a\u04e9\u0448\u0456\u0440\u0443\u0433\u0435 \u0434\u0435\u0433\u0435\u043d \u0431\u0456\u0437\u0434\u0456\u04a3 \u043c\u0456\u043d\u0434\u0435\u0442\u0442\u0435\u043c\u0435\u043c\u0456\u0437\u0434\u0456 \u043a\u04e9\u0440\u0441\u0435\u0442\u0435\u0434\u0456.<\/p>\n<p data-start=\"802\" data-end=\"1237\">20 \u0435\u0443\u0440\u043e\u043b\u044b\u049b \u043a\u0443\u043f\u044e\u0440\u0430\u043d\u044b\u04a3 \u0434\u0438\u0437\u0430\u0439\u043d\u044b \u043a\u04af\u0448\u0435\u0439\u0442\u0456\u043b\u0433\u0435\u043d \u049b\u0430\u0443\u0456\u043f\u0441\u0456\u0437\u0434\u0456\u043a \u043c\u04af\u043c\u043a\u0456\u043d\u0434\u0456\u043a\u0442\u0435\u0440\u0456\u043c\u0435\u043d \u0436\u04d9\u043d\u0435 \u0433\u043e\u0442\u0438\u043a\u0430\u043b\u044b\u049b \u0448\u0430\u0431\u044b\u0442\u0442\u0430\u043d\u0434\u044b\u0440\u044b\u043b\u0493\u0430\u043d \u043a\u04af\u0440\u0434\u0435\u043b\u0456 \u0430\u0440\u0445\u0438\u0442\u0435\u043a\u0442\u0443\u0440\u0430\u0441\u044b\u043c\u0435\u043d \u0442\u0430\u043d\u044b\u043c\u0430\u043b Europa \u0441\u0435\u0440\u0438\u044f\u0441\u044b\u043d\u0430\u043d \u0430\u043b\u044b\u043d\u0493\u0430\u043d. \u0411\u04b1\u043b \u0448\u044b\u043d\u0430\u0439\u044b \u0436\u0430\u043b\u0493\u0430\u043d \u0435\u0443\u0440\u043e \u0430\u043b\u0434\u044b\u04a3\u0493\u044b \u0436\u0430\u0493\u044b\u043d\u0434\u0430\u0493\u044b \u043a\u04af\u0440\u0434\u0435\u043b\u0456 \u0432\u0438\u0442\u0440\u0430\u0436\u0434\u0430\u0440\u0434\u0430\u043d \u0431\u0430\u0441\u0442\u0430\u043f \u0441\u0438\u043c\u043c\u0435\u0442\u0440\u0438\u044f\u043b\u044b \u043a\u04e9\u043f\u0456\u0440\u0433\u0435 \u0436\u04d9\u043d\u0435 \u0430\u0440\u0442\u049b\u044b \u0436\u0430\u0493\u044b\u043d\u0434\u0430\u0493\u044b \u0415\u0443\u0440\u043e\u043f\u0430 \u043a\u0430\u0440\u0442\u0430\u0441\u044b\u043d\u0430 \u0434\u0435\u0439\u0456\u043d\u0433\u0456 \u0431\u0430\u0440\u043b\u044b\u049b \u044d\u043b\u0435\u043c\u0435\u043d\u0442\u0442\u0435\u0440\u0434\u0456 \u049b\u0430\u0439\u0442\u0430\u043b\u0430\u0439\u0434\u044b. \u0422\u0456\u043f\u0442\u0456 \u0415\u0443\u0440\u043e\u043f\u0430\u043d\u044b\u04a3 \u0431\u0435\u0442-\u04d9\u043b\u043f\u0435\u0442\u0456\u043d \u043a\u04e9\u0440\u0441\u0435\u0442\u0435\u0442\u0456\u043d \u043c\u04e9\u043b\u0434\u0456\u0440 \u049b\u0430\u0443\u0456\u043f\u0441\u0456\u0437\u0434\u0456\u043a \u0442\u0435\u0440\u0435\u0437\u0435\u0441\u0456 \u043a\u0435\u0440\u0435\u043c\u0435\u0442 \u0430\u0439\u049b\u044b\u043d\u0434\u044b\u049b\u043f\u0435\u043d \u043c\u04b1\u049b\u0438\u044f\u0442 \u049b\u0430\u0439\u0442\u0430 \u0436\u0430\u0441\u0430\u043b\u0493\u0430\u043d.<\/p>\n<p data-start=\"1239\" data-end=\"1686\">Bradmoney \u0443\u043b\u044c\u0442\u0440\u0430\u043a\u04af\u043b\u0433\u0456\u043d \u0441\u04d9\u0443\u043b\u0435\u043b\u0435\u0440\u0433\u0435 \u0441\u0435\u0437\u0456\u043c\u0442\u0430\u043b \u0436\u0456\u043f\u0442\u0435\u0440\u0434\u0456, \u043c\u0438\u043a\u0440\u043e\u043c\u04d9\u0442\u0456\u043d\u0434\u0456, \u0442\u04af\u0441 \u0430\u0443\u044b\u0441\u0442\u044b\u0440\u0430\u0442\u044b\u043d \u0441\u0438\u044f\u043d\u044b \u0436\u04d9\u043d\u0435 \u0433\u043e\u043b\u043e\u0433\u0440\u0430\u0444\u0438\u044f\u043b\u044b\u049b \u0436\u043e\u043b\u0430\u049b\u0442\u0430\u0440\u0434\u044b \u0435\u043d\u0433\u0456\u0437\u0443 \u04af\u0448\u0456\u043d \u0436\u043e\u0493\u0430\u0440\u044b \u0441\u0430\u043f\u0430\u043b\u044b \u0431\u0430\u0441\u044b\u043f \u0448\u044b\u0493\u0430\u0440\u0443 \u04d9\u0434\u0456\u0441\u0442\u0435\u0440\u0456\u043d \u043f\u0430\u0439\u0434\u0430\u043b\u0430\u043d\u0430\u0434\u044b, \u0431\u04b1\u043b \u043d\u043e\u0442\u0430\u043d\u044b \u0442\u04af\u043f\u043d\u04b1\u0441\u049b\u0430\u0434\u0430\u043d \u0456\u0441 \u0436\u04af\u0437\u0456\u043d\u0434\u0435 \u0430\u0436\u044b\u0440\u0430\u0442\u043f\u0430\u0439\u0434\u044b. \u0422\u0430\u043a\u0442\u0438\u043b\u044c\u0434\u0456 \u0431\u0435\u0442 \u0442\u04af\u043f\u043d\u04b1\u0441\u049b\u0430\u043b\u044b\u049b \u0435\u0443\u0440\u043e\u0434\u0430 \u049b\u043e\u043b\u0434\u0430\u043d\u044b\u043b\u0430\u0442\u044b\u043d \u043c\u0430\u049b\u0442\u0430 \u049b\u0430\u0493\u0430\u0437\u044b\u043d \u0435\u043b\u0456\u043a\u0442\u0435\u0439\u0434\u0456, \u0431\u04b1\u043b \u043e\u0493\u0430\u043d \u0431\u0456\u0440\u0434\u0435\u0439 \u049b\u04b1\u0440\u044b\u043b\u044b\u043c\u0434\u044b, \u049b\u0430\u043b\u044b\u04a3\u0434\u044b\u049b\u0442\u044b \u0436\u04d9\u043d\u0435 \u0431\u04af\u043a\u0442\u0435\u043c\u0435 \u0441\u0435\u0440\u043f\u0456\u043c\u0434\u0456\u043b\u0456\u0433\u0456\u043d \u0431\u0435\u0440\u0435\u0434\u0456. \u0410\u0440\u0437\u0430\u043d \u0440\u0435\u043f\u0440\u043e\u0434\u0443\u043a\u0446\u0438\u044f\u043b\u0430\u0440\u0434\u0430\u043d \u0430\u0439\u044b\u0440\u043c\u0430\u0448\u044b\u043b\u044b\u0493\u044b, \u0431\u0456\u0437\u0434\u0456\u04a3 \u0436\u0430\u043b\u0493\u0430\u043d \u20ac20 \u043a\u0443\u043f\u044e\u0440\u0430 \u043a\u0435\u0437 \u043a\u0435\u043b\u0433\u0435\u043d \u0436\u0430\u0440\u044b\u049b\u0442\u0430\u043d\u0434\u044b\u0440\u0443 \u0436\u0430\u0493\u0434\u0430\u0439\u044b\u043d\u0434\u0430 \u0448\u044b\u043d\u0430\u0439\u044b \u0430\u049b\u0448\u0430\u0493\u0430 \u04b1\u049b\u0441\u0430\u0439\u0434\u044b, \u0431\u04af\u043a\u0442\u0435\u043b\u0435\u0434\u0456 \u0436\u04d9\u043d\u0435 \u043a\u04e9\u0440\u0456\u043d\u0435\u0434\u0456.<\/p>\n<p data-start=\"1399\" data-end=\"1676\">50 \u0435\u0443\u0440\u043e \u043d\u043e\u043c\u0438\u043d\u0430\u043b\u044b \u0435\u0440\u0435\u043a\u0448\u0435 \u049b\u04b1\u043d\u0434\u044b, \u04e9\u0439\u0442\u043a\u0435\u043d\u0456 \u043e\u043b \u043c\u0430\u0493\u044b\u043d\u0430\u043b\u044b \u0442\u0440\u0430\u043d\u0437\u0430\u043a\u0446\u0438\u044f\u043b\u0430\u0440 \u04af\u0448\u0456\u043d \u0436\u0435\u0442\u043a\u0456\u043b\u0456\u043a\u0442\u0456 \u04af\u043b\u043a\u0435\u043d, \u0431\u0456\u0440\u0430\u049b \u043a\u04af\u0434\u0456\u043a \u0442\u0443\u0434\u044b\u0440\u043c\u0430\u0439\u0442\u044b\u043d\u0434\u0430\u0439 \u043a\u0435\u04a3 \u0442\u0430\u0440\u0430\u043b\u0493\u0430\u043d. \u0414\u0435\u043c\u0430\u043b\u044b\u0441 \u043a\u04af\u043d\u0433\u0456 \u0441\u0430\u0443\u0434\u0430-\u0441\u0430\u0442\u0442\u044b\u049b\u0442\u0430\u043d \u0431\u0430\u0441\u0442\u0430\u043f \u0436\u0430\u043d\u0430\u0440\u043c\u0430\u0439 \u0442\u04e9\u043b\u0435\u043c\u0434\u0435\u0440\u0456 \u043c\u0435\u043d \u043a\u043e\u043c\u043c\u0443\u043d\u0430\u043b\u0434\u044b\u049b \u0442\u04e9\u043b\u0435\u043c\u0434\u0435\u0440\u0433\u0435 \u0434\u0435\u0439\u0456\u043d \u0436\u0430\u043b\u0493\u0430\u043d 50 \u0435\u0443\u0440\u043e\u043b\u044b\u049b \u043a\u0443\u043f\u044e\u0440\u0430\u043b\u0430\u0440 \u043a\u04af\u043d\u0434\u0435\u043b\u0456\u043a\u0442\u0456 \u04e9\u043c\u0456\u0440\u0433\u0435 \u043e\u04a3\u0430\u0439 \u0435\u043d\u0435\u0434\u0456.<\/p>\n<p data-start=\"1678\" data-end=\"1974\">\u041d\u0430\u0448\u0430\u0440 \u0436\u0430\u0441\u0430\u043b\u0493\u0430\u043d \u043a\u04e9\u0448\u0456\u0440\u043c\u0435\u043b\u0435\u0440\u0434\u0435\u043d \u0430\u0439\u044b\u0440\u043c\u0430\u0448\u044b\u043b\u044b\u0493\u044b, \u0411\u0440\u044d\u0434\u043c\u043e\u043d\u0435\u0439\u0434\u0456\u04a3 <a id=\"realistic-fake-50-euro-bills\"><\/a><a href=\"https:\/\/bradmoney.com\/kk\/product-category\/fake-euro\/\">\u0448\u044b\u043d\u0430\u0439\u044b \u0436\u0430\u043b\u0493\u0430\u043d 50 \u0435\u0443\u0440\u043e\u043b\u044b\u049b \u043a\u0443\u043f\u044e\u0440\u0430\u043b\u0430\u0440<\/a> \u0431\u0430\u0440\u043b\u044b\u049b \u043d\u0435\u0433\u0456\u0437\u0433\u0456 \u0436\u0430\u043b\u0493\u0430\u043d \u0430\u049b\u0448\u0430 \u0441\u044b\u043d\u0430\u049b\u0442\u0430\u0440\u044b\u043d\u0430\u043d \u04e9\u0442\u0443: \u0443\u043b\u044c\u0442\u0440\u0430\u043a\u04af\u043b\u0433\u0456\u043d \u0441\u043a\u0430\u043d\u0435\u0440\u043b\u0435\u0440, \u0438\u043d\u0444\u0440\u0430\u049b\u044b\u0437\u044b\u043b \u0436\u0430\u0440\u044b\u049b \u0442\u0435\u043a\u0441\u0435\u0440\u0443\u043b\u0435\u0440\u0456, \u043c\u0430\u0433\u043d\u0438\u0442\u0442\u0456\u043a \u0434\u0435\u0442\u0435\u043a\u0442\u043e\u0440 \u0436\u04d9\u043d\u0435 \u043a\u0430\u0441\u0441\u0430 \u0435\u0441\u0435\u043f\u0442\u0435\u0433\u0456\u0448\u0442\u0435\u0440\u0456. \u041e\u043b\u0430\u0440 \u0448\u044b\u043d\u0430\u0439\u044b \u04d9\u043b\u0435\u043c \u0442\u0440\u0430\u043d\u0437\u0430\u043a\u0446\u0438\u044f\u043b\u0430\u0440\u044b\u043d\u0434\u0430 \u043e\u043b\u0430\u0440\u0434\u044b \u043f\u0430\u0439\u0434\u0430\u043b\u0430\u043d\u0443 \u043a\u0435\u0437\u0456\u043d\u0434\u0435 \u0442\u043e\u043b\u044b\u049b \u0441\u0435\u043d\u0456\u043c\u0434\u0456\u043b\u0456\u043a\u0442\u0456 \u049b\u0430\u043c\u0442\u0430\u043c\u0430\u0441\u044b\u0437 \u0435\u0442\u0456\u043f, \u0436\u0430\u043d\u0430\u0441\u0443\u0434\u044b \u0448\u044b\u043d\u0430\u0439\u044b \u0441\u0435\u0437\u0456\u043d\u0435\u0434\u0456.<\/p>\n<p data-start=\"1688\" data-end=\"1993\">\u041a\u043b\u0438\u0435\u043d\u0442\u0442\u0435\u0440\u0433\u0435 \u0442\u0435\u043a \u0435\u04a3 \u0436\u0430\u049b\u0441\u044b \u043a\u04e9\u0448\u0456\u0440\u043c\u0435\u043b\u0435\u0440\u0434\u0456\u04a3 \u0436\u0435\u0442\u0443\u0456\u043d \u049b\u0430\u043c\u0442\u0430\u043c\u0430\u0441\u044b\u0437 \u0435\u0442\u0443 \u04af\u0448\u0456\u043d \u04d9\u0440\u0431\u0456\u0440 \u0436\u0430\u0437\u0431\u0430 \u0442\u0443\u0440\u0430\u043b\u0430\u0443, \u0442\u04af\u0441 \u0442\u04b1\u0442\u0430\u0441\u0442\u044b\u0493\u044b \u0436\u04d9\u043d\u0435 \u0430\u044f\u049b\u0442\u0430\u043b\u0443 \u04af\u0448\u0456\u043d \u0436\u0435\u043a\u0435 \u0442\u0435\u043a\u0441\u0435\u0440\u0456\u043b\u0435\u0434\u0456. \u0421\u0456\u0437 \u043a\u043e\u043b\u043b\u0435\u043a\u0446\u0438\u043e\u043d\u0435\u0440, \u0436\u0430\u0442\u0442\u044b\u049b\u0442\u044b\u0440\u0443\u0448\u044b \u043d\u0435\u043c\u0435\u0441\u0435 \u0436\u043e\u0493\u0430\u0440\u044b \u0441\u0435\u043d\u0456\u043c\u0434\u0456 \u0436\u0430\u043b\u0493\u0430\u043d \u0432\u0430\u043b\u044e\u0442\u0430\u043d\u044b \u049b\u0430\u0436\u0435\u0442 \u0435\u0442\u0435\u0442\u0456\u043d \u0430\u0434\u0430\u043c \u0431\u043e\u043b\u0441\u0430\u04a3\u044b\u0437 \u0434\u0430, \u0431\u04b1\u043b \u0436\u0430\u0437\u0431\u0430 Bradmoney \u0434\u0435\u043d \u043a\u04af\u0442\u043a\u0435\u043d \u0441\u0430\u043f\u0430\u0434\u0430 \u0441\u0456\u0437\u0433\u0435 \u049b\u0430\u0436\u0435\u0442 \u0448\u044b\u043d\u0430\u0439\u044b\u043b\u044b\u049b\u0442\u044b \u049b\u0430\u043c\u0442\u0430\u043c\u0430\u0441\u044b\u0437 \u0435\u0442\u0435\u0434\u0456.<\/p>\n<h3 data-start=\"1981\" data-end=\"2026\">\u0416\u0430\u043b\u0493\u0430\u043d 50 \u0435\u0443\u0440\u043e \u043a\u0443\u043f\u044e\u0440\u0430\u0441\u044b\u043d\u044b\u04a3 \u043d\u0435\u0433\u0456\u0437\u0433\u0456 \u0435\u0440\u0435\u043a\u0448\u0435\u043b\u0456\u043a\u0442\u0435\u0440\u0456<\/h3>\n<ul data-start=\"2028\" data-end=\"2813\">\n<li data-start=\"2028\" data-end=\"2155\">\n<p data-start=\"2030\" data-end=\"2155\"><strong data-start=\"2030\" data-end=\"2054\">\u0428\u044b\u043d\u0430\u0439\u044b \u043a\u04e9\u0440\u0456\u043d\u0456\u0441<\/strong> \u2013 \u0413\u043e\u043b\u043e\u0433\u0440\u0430\u043c\u043c\u0430 \u0442\u0435\u0440\u0435\u0437\u0435\u0441\u0456, \u043c\u0438\u043a\u0440\u043e\u043c\u04d9\u0442\u0456\u043d \u0436\u04d9\u043d\u0435 \u043c\u04e9\u043b\u0434\u0456\u0440 \u049b\u0430\u0443\u0456\u043f\u0441\u0456\u0437\u0434\u0456\u043a \u043c\u04af\u043c\u043a\u0456\u043d\u0434\u0456\u043a\u0442\u0435\u0440\u0456 \u0431\u0430\u0440 \u043d\u0430\u049b\u0442\u044b \u20ac 50 \u0431\u0430\u043d\u043a\u043d\u043e\u0442\u0442\u0430\u0440\u043c\u0435\u043d \u0431\u0456\u0440\u0434\u0435\u0439.<\/p>\n<\/li>\n<li data-start=\"2156\" data-end=\"2262\">\n<p data-start=\"2158\" data-end=\"2262\"><strong data-start=\"2158\" data-end=\"2174\">\u0411\u0430\u043d\u043a\u043e\u043c\u0430\u0442 \u043c\u0430\u049b\u04b1\u043b\u0434\u0430\u043d\u0434\u044b<\/strong> \u2013 \u0411\u0430\u043d\u043a\u043e\u043c\u0430\u0442\u0442\u0430\u0440\u0434\u0430, \u0441\u0430\u0443\u0434\u0430 \u0430\u0432\u0442\u043e\u043c\u0430\u0442\u0442\u0430\u0440\u044b\u043d\u0434\u0430 \u0436\u04d9\u043d\u0435 \u0430\u049b\u0448\u0430 \u0435\u0441\u0435\u043f\u0442\u0435\u0433\u0456\u0448\u0442\u0435\u0440\u0456\u043d\u0434\u0435 \u043c\u0456\u043d\u0441\u0456\u0437 \u04e9\u043d\u0456\u043c\u0434\u0456\u043b\u0456\u043a\u043f\u0435\u043d \u0442\u0435\u043a\u0441\u0435\u0440\u0456\u043b\u0433\u0435\u043d.<\/p>\n<\/li>\n<li data-start=\"2263\" data-end=\"2388\">\n<p data-start=\"2265\" data-end=\"2388\"><strong data-start=\"2265\" data-end=\"2298\">\u041e\u0440\u0442\u0430\u0448\u0430 \u0442\u0440\u0430\u043d\u0437\u0430\u043a\u0446\u0438\u044f\u043b\u0430\u0440 \u04af\u0448\u0456\u043d \u04e9\u0442\u0435 \u049b\u043e\u043b\u0430\u0439\u043b\u044b<\/strong> \u2013 \u04d8\u0434\u0435\u0442\u0442\u0435 \u0441\u0443\u043f\u0435\u0440\u043c\u0430\u0440\u043a\u0435\u0442\u0442\u0435\u0440, \u043c\u0435\u0439\u0440\u0430\u043c\u0445\u0430\u043d\u0430\u043b\u0430\u0440, \u049b\u043e\u043d\u0430\u049b\u04af\u0439\u043b\u0435\u0440, \u0442\u0430\u043a\u0441\u0438\u043b\u0435\u0440 \u0436\u04d9\u043d\u0435 \u0431\u04e9\u043b\u0448\u0435\u043a \u0441\u0430\u0443\u0434\u0430\u0434\u0430 \u049b\u043e\u043b\u0434\u0430\u043d\u044b\u043b\u0430\u0434\u044b.<\/p>\n<\/li>\n<li data-start=\"2389\" data-end=\"2490\">\n<p data-start=\"2391\" data-end=\"2490\"><strong data-start=\"2391\" data-end=\"2428\">\u0410\u043d\u044b\u049b\u0442\u0430\u0443 \u0436\u04af\u0439\u0435\u043b\u0435\u0440\u0456 \u0430\u0440\u049b\u044b\u043b\u044b \u0430\u043d\u044b\u049b\u0442\u0430\u043b\u043c\u0430\u0439\u0434\u044b<\/strong> \u2013 \u0423\u043b\u044c\u0442\u0440\u0430\u043a\u04af\u043b\u0433\u0456\u043d \u0441\u04d9\u0443\u043b\u0435\u043b\u0435\u0440, \u0438\u043d\u0444\u0440\u0430\u049b\u044b\u0437\u044b\u043b \u0442\u0435\u043a\u0441\u0435\u0440\u0443\u043b\u0435\u0440 \u0436\u04d9\u043d\u0435 \u043c\u0430\u0433\u043d\u0438\u0442\u0442\u0456\u043a \u0441\u044b\u043d\u0430\u049b\u0442\u0430\u0440\u0434\u0430\u043d \u04e9\u0442\u0435\u0434\u0456.<\/p>\n<\/li>\n<li data-start=\"2491\" data-end=\"2586\">\n<p data-start=\"2493\" data-end=\"2586\"><strong data-start=\"2493\" data-end=\"2512\">\u0416\u043e\u0493\u0430\u0440\u044b \u0442\u04e9\u0437\u0456\u043c\u0434\u0456\u043b\u0456\u043a<\/strong> \u2013 \u0422\u0430\u043a\u0442\u0438\u043b\u044c\u0434\u0456 \u04d9\u0440\u043b\u0435\u0443\u0456 \u0431\u0430\u0440 \u0430\u0440\u043d\u0430\u0439\u044b \u0435\u0443\u0440\u043e \u0442\u0435\u043a\u0441\u0442\u0443\u0440\u0430\u043b\u044b \u043c\u0430\u049b\u0442\u0430 \u049b\u0430\u0493\u0430\u0437\u044b\u043d\u0434\u0430 \u0431\u0430\u0441\u044b\u043b\u0493\u0430\u043d.<\/p>\n<\/li>\n<li data-start=\"2587\" data-end=\"2730\">\n<p data-start=\"2589\" data-end=\"2730\"><strong data-start=\"2589\" data-end=\"2609\">\u0422\u0430\u0431\u0438\u0493\u0438 \u0430\u0440\u0430\u043b\u0430\u0441\u0430\u0434\u044b<\/strong> \u2013 50 \u0435\u0443\u0440\u043e\u043b\u044b\u049b \u043a\u0443\u043f\u044e\u0440\u0430 \u043a\u04af\u043d\u0434\u0435\u043b\u0456\u043a\u0442\u0456 \u0442\u0440\u0430\u043d\u0437\u0430\u043a\u0446\u0438\u044f\u043b\u0430\u0440\u0434\u0430 \u0431\u0456\u0440\u049b\u0430\u043b\u044b\u043f\u0442\u044b \u043f\u0430\u0439\u0434\u0430\u043b\u0430\u043d\u0443\u0434\u044b \u049b\u0430\u043c\u0442\u0430\u043c\u0430\u0441\u044b\u0437 \u0435\u0442\u0435\u0442\u0456\u043d \u0435\u04a3 \u043a\u04e9\u043f \u0430\u0439\u043d\u0430\u043b\u044b\u0441\u0442\u0430\u0493\u044b \u043d\u043e\u043c\u0438\u043d\u0430\u043b\u0434\u0430\u0440\u0434\u044b\u04a3 \u0431\u0456\u0440\u0456 \u0431\u043e\u043b\u044b\u043f \u0442\u0430\u0431\u044b\u043b\u0430\u0434\u044b.<\/p>\n<\/li>\n<li data-start=\"2731\" data-end=\"2813\">\n<p data-start=\"2733\" data-end=\"2813\"><strong data-start=\"2733\" data-end=\"2754\">\u049a\u0430\u0443\u0456\u043f\u0441\u0456\u0437 \u0436\u04d9\u043d\u0435 \u0430\u049b\u044b\u043b\u0434\u044b<\/strong> \u2013 \u049a\u0430\u043b\u044b\u043f\u0442\u044b \u04e9\u043c\u0456\u0440\u0434\u0435 \u043a\u04af\u0434\u0456\u043a\u0441\u0456\u0437 \u0436\u04b1\u043c\u044b\u0441 \u0456\u0441\u0442\u0435\u0443\u0433\u0435 \u0430\u0440\u043d\u0430\u043b\u0493\u0430\u043d.<\/p>\n<\/li>\n<\/ul>\n<hr data-start=\"2815\" data-end=\"2818\" \/>\n<h3 data-start=\"2820\" data-end=\"2871\">\u041d\u0435\u043b\u0456\u043a\u0442\u0435\u043d Bradmoney \u0434\u0435\u043d \u0436\u0430\u043b\u0493\u0430\u043d 50 \u0435\u0443\u0440\u043e \u043a\u0443\u043f\u044e\u0440\u0430 \u0441\u0430\u0442\u044b\u043f \u0430\u043b\u0443 \u043a\u0435\u0440\u0435\u043a?<\/h3>\n<ul data-start=\"2873\" data-end=\"3293\">\n<li data-start=\"2873\" data-end=\"2968\">\n<p data-start=\"2875\" data-end=\"2968\">\u0414\u04af\u043d\u0438\u0435 \u0436\u04af\u0437\u0456\u043d\u0434\u0435\u0433\u0456 \u0442\u04b1\u0442\u044b\u043d\u0443\u0448\u044b\u043b\u0430\u0440 \u0448\u044b\u043d\u0430\u0439\u044b \u0441\u0430\u043f\u0430 \u043c\u0435\u043d \u0430\u043d\u044b\u049b\u0442\u0430\u043b\u043c\u0430\u0439\u0442\u044b\u043d \u043c\u04af\u043c\u043a\u0456\u043d\u0434\u0456\u043a\u0442\u0435\u0440\u0433\u0435 \u0441\u0435\u043d\u0435\u0434\u0456.<\/p>\n<\/li>\n<li data-start=\"2969\" data-end=\"3042\">\n<p data-start=\"2971\" data-end=\"3042\">H\u0259m ki\u00e7ik, h\u0259m d\u0259 daha b\u00f6y\u00fck g\u00fcnd\u0259lik x\u0259rcl\u0259r \u00fc\u00e7\u00fcn m\u00fck\u0259mm\u0259l nominal.<\/p>\n<\/li>\n<li data-start=\"3043\" data-end=\"3124\">\n<p data-start=\"3045\" data-end=\"3124\">\u0411\u0430\u043d\u043a\u043e\u043c\u0430\u0442\u0442\u0430\u0440 \u043c\u0435\u043d \u0442\u04e9\u043b\u0435\u043c \u0436\u04af\u0439\u0435\u043b\u0435\u0440\u0456\u043d\u0434\u0435 \u0436\u04b1\u043c\u044b\u0441 \u0456\u0441\u0442\u0435\u0439\u0442\u0456\u043d \u0436\u0430\u043b\u0493\u0430\u043d \u0435\u0443\u0440\u043e\u043b\u0430\u0440\u043c\u0435\u043d \u04af\u0439\u043b\u0435\u0441\u0456\u043c\u0434\u0456.<\/p>\n<\/li>\n<li data-start=\"3125\" data-end=\"3200\">\n<p data-start=\"3127\" data-end=\"3200\">\u04b0\u0437\u0430\u049b\u0442\u044b\u0493\u044b \u043c\u0435\u043d \u043c\u0456\u043d\u0441\u0456\u0437 \u043f\u0430\u0439\u0434\u0430\u043b\u0430\u043d\u0443 \u043c\u04af\u043c\u043a\u0456\u043d\u0434\u0456\u0433\u0456 \u0431\u0430\u0440 \u0436\u043e\u0493\u0430\u0440\u044b \u0441\u0430\u043f\u0430\u043b\u044b \u0436\u0430\u043b\u0493\u0430\u043d \u0435\u0443\u0440\u043e \u0430\u049b\u0448\u0430.<\/p>\n<\/li>\n<li data-start=\"3201\" data-end=\"3293\">\n<p data-start=\"3203\" data-end=\"3293\"><a id=\"Best-fake-50-euro-bills-online\"><\/a>\u0418\u043d\u0442\u0435\u0440\u043d\u0435\u0442\u0442\u0435\u0433\u0456 \u0435\u04a3 \u0436\u0430\u049b\u0441\u044b \u0436\u0430\u043b\u0493\u0430\u043d 50 \u0435\u0443\u0440\u043e\u043b\u044b\u049b \u043a\u0443\u043f\u044e\u0440\u0430\u043b\u0430\u0440, \u043a\u043e\u043c\u043c\u0435\u0440\u0446\u0438\u044f\u043b\u044b\u049b \u049b\u04b1\u043d\u0434\u044b\u043b\u044b\u049b \u043f\u0435\u043d \u0448\u044b\u043d\u0430\u0439\u044b \u0434\u0438\u0437\u0430\u0439\u043d\u0434\u044b \u0431\u0456\u0440\u0456\u043a\u0442\u0456\u0440\u0435\u0434\u0456.<\/p>\n<\/li>\n<\/ul>\n<p data-start=\"1995\" data-end=\"2347\">\u0410\u043b\u0430\u044f\u049b\u0442\u044b\u049b \u0441\u0430\u0439\u0442\u0442\u0430\u0440\u0434\u0430\u043d \u0436\u04d9\u043d\u0435 \u043d\u0430\u0448\u0430\u0440 \u0435\u043b\u0456\u043a\u0442\u0435\u0443\u043b\u0435\u0440\u0434\u0435\u043d \u0430\u0443\u043b\u0430\u049b \u0431\u043e\u043b\u044b\u04a3\u044b\u0437. \u049a\u0430\u043b\u0430\u0493\u0430\u043d \u043a\u0435\u0437\u0434\u0435 <a id=\"buy-fake-money\"><\/a>\u0436\u0430\u043b\u0493\u0430\u043d \u0430\u049b\u0448\u0430 \u0441\u0430\u0442\u044b\u043f \u0430\u043b\u044b\u04a3\u044b\u0437 \u043d\u0435\u043c\u0435\u0441\u0435 \u0456\u0437\u0434\u0435\u043f \u0436\u0430\u0442\u044b\u0440\u0441\u044b\u0437 <a id=\"counterfeit-money-for-sale\"><\/a>\u0441\u0430\u0442\u0443\u0493\u0430 \u0430\u0440\u043d\u0430\u043b\u0493\u0430\u043d \u0436\u0430\u043b\u0493\u0430\u043d \u0430\u049b\u0448\u0430, Bradmoney \u043d\u0430\u0440\u044b\u049b\u0442\u0430\u0493\u044b \u0435\u04a3 \u0436\u0430\u049b\u0441\u044b\u0441\u044b\u043d \u0436\u0435\u0442\u043a\u0456\u0437\u0435\u0434\u0456. \u0411\u0456\u0437\u0434\u0456\u04a3 <a href=\"https:\/\/bradmoney.com\/kk\/product\/%d0%b6%d0%b0%d0%bb%d2%93%d0%b0%d0%bd-%d0%b5%d1%83%d1%80%d0%be-%d0%b5200\/\"><strong data-start=\"2169\" data-end=\"2192\">\u0448\u044b\u043d\u0430\u0439\u044b \u0436\u0430\u043b\u0493\u0430\u043d \u0435\u0443\u0440\u043e<\/strong> \u0435\u0441\u043a\u0435\u0440\u0442\u043f\u0435\u043b\u0435\u0440<\/a> \u0430\u049b\u044b\u043b\u0434\u044b, \u043a\u04d9\u0441\u0456\u0431\u0438 \u0442\u04af\u0440\u0434\u0435 \u043e\u0440\u0430\u043b\u0493\u0430\u043d \u0436\u04d9\u043d\u0435 \u0436\u0430\u0441\u0430\u0443\u0434\u0430\u0493\u044b \u043a\u04e9\u043f \u0436\u044b\u043b\u0434\u044b\u049b \u0442\u04d9\u0436\u0456\u0440\u0438\u0431\u0435\u043c\u0435\u043d \u049b\u0430\u043c\u0442\u0430\u043c\u0430\u0441\u044b\u0437 \u0435\u0442\u0456\u043b\u0433\u0435\u043d <a href=\"https:\/\/bradmoney.com\/kk\/about-us\/\"><strong data-start=\"2283\" data-end=\"2313\">\u0436\u043e\u0493\u0430\u0440\u044b \u0441\u0430\u043f\u0430\u043b\u044b \u0436\u0430\u043b\u0493\u0430\u043d \u0435\u0443\u0440\u043e<\/strong><\/a> \u043a\u04e9\u0437\u0433\u0435 \u043a\u04e9\u0440\u0456\u043d\u0431\u0435\u0439\u0442\u0456\u043d. <a id=\"Buy-fake-euro-for-sale\"><\/a>\u0421\u0430\u0442\u0443\u0493\u0430 \u0436\u0430\u043b\u0493\u0430\u043d \u0435\u0443\u0440\u043e \u0441\u0430\u0442\u044b\u043f \u0430\u043b\u044b\u04a3\u044b\u0437 !!<\/p>","protected":false},"excerpt":{"rendered":"<div class=\"description woocommerce-product-details__short-description\">\n<div class=\"description woocommerce-product-details__short-description\">\n<p data-start=\"220\" data-end=\"437\">\u0411\u0440\u044d\u0434\u043c\u043e\u043d\u0435\u0439\u0434\u0456\u04a3 \u20ac20 \u0435\u0443\u0440\u043e\u043b\u044b\u049b \u0436\u0430\u043b\u0493\u0430\u043d \u043a\u0443\u043f\u044e\u0440\u0430\u0441\u044b \u043d\u0430\u049b\u0442\u044b \u0442\u04af\u0441\u0442\u0435\u0440\u043c\u0435\u043d, \u049b\u0430\u0443\u0456\u043f\u0441\u0456\u0437\u0434\u0456\u043a \u044d\u043b\u0435\u043c\u0435\u043d\u0442\u0442\u0435\u0440\u0456\u043c\u0435\u043d \u0436\u04d9\u043d\u0435 \u0448\u044b\u043d\u0430\u0439\u044b \u0442\u0435\u043a\u0441\u0442\u0443\u0440\u0430\u043c\u0435\u043d \u0435\u0440\u0435\u043a\u0448\u0435 \u0448\u044b\u043d\u0430\u0439\u044b\u043b\u044b\u049b\u0442\u044b \u04b1\u0441\u044b\u043d\u0430\u0434\u044b. \u0416\u0435\u0442\u0456\u043b\u0434\u0456\u043a\u0442\u0456 \u0442\u0430\u043b\u0430\u043f \u0435\u0442\u0435\u0442\u0456\u043d \u043a\u043e\u043b\u043b\u0435\u043a\u0446\u0438\u043e\u043d\u0435\u0440\u043b\u0435\u0440 \u043c\u0435\u043d \u043a\u04d9\u0441\u0456\u043f\u049b\u043e\u0439\u043b\u0430\u0440\u0493\u0430 \u0430\u0440\u043d\u0430\u043b\u0493\u0430\u043d \u0436\u043e\u0493\u0430\u0440\u044b \u0441\u0430\u043f\u0430\u043b\u044b \u0436\u0430\u043b\u0493\u0430\u043d \u0435\u0443\u0440\u043e.<\/p>\n<\/div>\n<\/div>","protected":false},"featured_media":70,"comment_status":"open","ping_status":"closed","template":"","meta":[],"product_brand":[],"product_cat":[20],"product_tag":[],"class_list":{"0":"post-68","1":"product","2":"type-product","3":"status-publish","4":"has-post-thumbnail","6":"product_cat-fake-euro","8":"first","9":"instock","10":"taxable","11":"shipping-taxable","12":"purchasable","13":"product-type-simple"},"_links":{"self":[{"href":"https:\/\/bradmoney.com\/kk\/wp-json\/wp\/v2\/product\/68","targetHints":{"allow":["GET"]}}],"collection":[{"href":"https:\/\/bradmoney.com\/kk\/wp-json\/wp\/v2\/product"}],"about":[{"href":"https:\/\/bradmoney.com\/kk\/wp-json\/wp\/v2\/types\/product"}],"replies":[{"embeddable":true,"href":"https:\/\/bradmoney.com\/kk\/wp-json\/wp\/v2\/comments?post=68"}],"version-history":[{"count":1,"href":"https:\/\/bradmoney.com\/kk\/wp-json\/wp\/v2\/product\/68\/revisions"}],"predecessor-version":[{"id":17825,"href":"https:\/\/bradmoney.com\/kk\/wp-json\/wp\/v2\/product\/68\/revisions\/17825"}],"wp:featuredmedia":[{"embeddable":true,"href":"https:\/\/bradmoney.com\/kk\/wp-json\/wp\/v2\/media\/70"}],"wp:attachment":[{"href":"https:\/\/bradmoney.com\/kk\/wp-json\/wp\/v2\/media?parent=68"}],"wp:term":[{"taxonomy":"product_brand","embeddable":true,"href":"https:\/\/bradmoney.com\/kk\/wp-json\/wp\/v2\/product_brand?post=68"},{"taxonomy":"product_cat","embeddable":true,"href":"https:\/\/bradmoney.com\/kk\/wp-json\/wp\/v2\/product_cat?post=68"},{"taxonomy":"product_tag","embeddable":true,"href":"https:\/\/bradmoney.com\/kk\/wp-json\/wp\/v2\/product_tag?post=68"}],"curies":[{"name":"wp","href":"https:\/\/api.w.org\/{rel}","templated":true}]}}