{"id":94,"date":"2023-06-19T06:41:20","date_gmt":"2023-06-19T06:41:20","guid":{"rendered":"https:\/\/www.bradfakemoney.com\/?post_type=product&#038;p=94"},"modified":"2025-04-28T20:20:55","modified_gmt":"2025-04-28T20:20:55","slug":"fausse-roupie-indienne-%e2%82%b950","status":"publish","type":"product","link":"https:\/\/bradmoney.com\/fr_ca\/produit\/fausse-roupie-indienne-%e2%82%b950\/","title":{"rendered":"Fausse roupie indienne \u20b950"},"content":{"rendered":"<p>Introducing the finest quality <a id=\"Fake-Indian-Rupee\"><\/a>Fake Indian Rupee \u20b950, designed to meet your every need. Also, we craft our INR \u20b950 with precision and care, making it virtually indistinguishable from the real thing. Whether you need it for a movie shoot or to replace lost currency, we cover you.<\/p>\n<p>Our company takes great pride in paying attention to detail and ensuring that every note we produce is of the highest standard. Our skilled professionals work tirelessly using the best materials to create accurate and convincing <a href=\"https:\/\/bradmoney.com\/fr_ca\/categorie-de-produits\/fausses-roupies-indiennes\/\">fausse roupie indienne<\/a>. Advanced printing techniques are used to create highly detailed counterfeit bills that can be utilized in markets, spas, supermarkets, hotels, restaurants, and other places, replicating the real thing.<\/p>\n<p>Evidently, these Fake Indian Rupee \u20b950 are made from high-quality, durable paper that feels authentic to the touch. They feature intricate designs and details found in real Indian notes, including the signature of the Governor of the Reserve Bank of India, the watermark, security thread, and security features.<\/p>\n<p>Les fausses roupies indiennes existent en coupures de 5, 10, 20, 50, 100, 200, 500 et 2000. Chaque billet porte un num\u00e9ro de s\u00e9rie unique et les billets ont la m\u00eame taille, le m\u00eame poids, la m\u00eame couleur et la m\u00eame \u00e9paisseur que la vraie monnaie indienne. Ils sont tr\u00e8s r\u00e9alistes, ce qui en fait un choix id\u00e9al si vous \u00eates \u00e0 la recherche d'un objet qui semble authentique.<\/p>\n<p>our Fake Indian Rupee \u20b950 is perfect for use in any situation, whether you need it for personal or professional use.<\/p>\n<p>So why wait? If you\u2019re looking to <a id=\"buy-fake-indian-rupees\"><\/a>buy fake Indian rupee, look no further than our company. Our counterfeit money quality is guaranteed to not disappoint you.. Order now and experience the best in the business<\/p>","protected":false},"excerpt":{"rendered":"<p>Nous vous pr\u00e9sentons les fausses roupies indiennes \u20b950 de la meilleure qualit\u00e9, con\u00e7ues pour r\u00e9pondre \u00e0 tous vos besoins. Nous fabriquons \u00e9galement nos INR \u20b950<\/p>","protected":false},"featured_media":95,"comment_status":"open","ping_status":"closed","template":"","meta":[],"product_brand":[],"product_cat":[22],"product_tag":[],"class_list":{"0":"post-94","1":"product","2":"type-product","3":"status-publish","4":"has-post-thumbnail","6":"product_cat-fake-indian-rupees","8":"first","9":"instock","10":"taxable","11":"shipping-taxable","12":"purchasable","13":"product-type-simple"},"_links":{"self":[{"href":"https:\/\/bradmoney.com\/fr_ca\/wp-json\/wp\/v2\/product\/94","targetHints":{"allow":["GET"]}}],"collection":[{"href":"https:\/\/bradmoney.com\/fr_ca\/wp-json\/wp\/v2\/product"}],"about":[{"href":"https:\/\/bradmoney.com\/fr_ca\/wp-json\/wp\/v2\/types\/product"}],"replies":[{"embeddable":true,"href":"https:\/\/bradmoney.com\/fr_ca\/wp-json\/wp\/v2\/comments?post=94"}],"version-history":[{"count":0,"href":"https:\/\/bradmoney.com\/fr_ca\/wp-json\/wp\/v2\/product\/94\/revisions"}],"wp:featuredmedia":[{"embeddable":true,"href":"https:\/\/bradmoney.com\/fr_ca\/wp-json\/wp\/v2\/media\/95"}],"wp:attachment":[{"href":"https:\/\/bradmoney.com\/fr_ca\/wp-json\/wp\/v2\/media?parent=94"}],"wp:term":[{"taxonomy":"product_brand","embeddable":true,"href":"https:\/\/bradmoney.com\/fr_ca\/wp-json\/wp\/v2\/product_brand?post=94"},{"taxonomy":"product_cat","embeddable":true,"href":"https:\/\/bradmoney.com\/fr_ca\/wp-json\/wp\/v2\/product_cat?post=94"},{"taxonomy":"product_tag","embeddable":true,"href":"https:\/\/bradmoney.com\/fr_ca\/wp-json\/wp\/v2\/product_tag?post=94"}],"curies":[{"name":"wp","href":"https:\/\/api.w.org\/{rel}","templated":true}]}}