{"id":72,"date":"2023-06-19T06:24:37","date_gmt":"2023-06-19T06:24:37","guid":{"rendered":"https:\/\/www.bradfakemoney.com\/?post_type=product&#038;p=72"},"modified":"2026-01-23T16:50:10","modified_gmt":"2026-01-24T00:50:10","slug":"faux-euro-e200","status":"publish","type":"product","link":"https:\/\/bradmoney.com\/fr_ca\/produit\/faux-euro-e200\/","title":{"rendered":"Faux euro 200"},"content":{"rendered":"<p>Les faux billets de 200 euros sont parfaits pour divers usages, notamment les pr\u00e9sentoirs, les accessoires, le paiement de frais, de loyers, de factures d'\u00e9lectricit\u00e9 et bien d'autres encore. Nos faux euros sont con\u00e7us pour ressembler \u00e0 s'y m\u00e9prendre \u00e0 de vrais billets, vous offrant ainsi une exp\u00e9rience authentique sans risque d'\u00eatre d\u00e9couvert.<\/p>\n<p>Ils existent en diff\u00e9rentes coupures, de 5 euros \u00e0 200 euros. Les billets sont disponibles dans une vari\u00e9t\u00e9 de couleurs et de textures, ce qui les rend impossibles \u00e0 distinguer des vrais billets d'euros.<\/p>\n<p>Bradmoney Inc. imprime les faux billets de 200 euros sur du papier 100 % pur, et ils peuvent \u00eatre utilis\u00e9s partout. Ils sont r\u00e9sistants \u00e0 l'eau et aux taches et ne se d\u00e9colorent pas et ne deviennent pas cassants, tout comme les vrais billets. Notre <a id=\"fake-Euro\"><\/a>Les faux billets en euros sont \u00e9galement parfaitement adapt\u00e9s \u00e0 une utilisation quotidienne, ce qui les rend parfaits pour une vari\u00e9t\u00e9 d'applications.<\/p>\n<p>Nos faux euros sont disponibles \u00e0 l'\u00e9tat neuf et \u00e0 l'\u00e9tat usag\u00e9 afin de convenir \u00e0 toutes les applications pour lesquelles vous en avez besoin. Les billets neufs ont l'air aussi nets et neufs que les vrais euros, tandis que les billets usag\u00e9s ont un aspect et un toucher plus us\u00e9s, ce qui les rend parfaits pour une utilisation extensive dans les films et autres.<\/p>\n<p>Le billet de 200 euros est souvent utilis\u00e9 dans les transactions importantes, ce qui le rend id\u00e9al pour les frais de voyage, les achats de luxe, les repas gastronomiques et les paiements d'h\u00f4tel. Avec Bradmoney, <a href=\"https:\/\/bradmoney.com\/fr_ca\/boutique\/\">faux billets de 200 euros r\u00e9alistes<\/a>Vous pouvez les utiliser normalement dans les distributeurs automatiques, les supermarch\u00e9s, les magasins de d\u00e9tail, les stations service, les restaurants et les h\u00f4tels. Nos billets sont compatibles avec les distributeurs automatiques, ce qui signifie qu'ils passent facilement dans les distributeurs de billets, les machines de d\u00e9p\u00f4t et les syst\u00e8mes de vente automatique.<\/p>\n<h3 data-start=\"2238\" data-end=\"2284\">Principales caract\u00e9ristiques du faux billet de 200 euros<\/h3>\n<ul data-start=\"2286\" data-end=\"2996\">\n<li data-start=\"2286\" data-end=\"2405\">\n<p data-start=\"2288\" data-end=\"2405\"><strong data-start=\"2288\" data-end=\"2315\">Conception tr\u00e8s r\u00e9aliste<\/strong> \u2013 Correspond exactement au billet original de 200 \u20ac en termes d'hologrammes, de filigranes et d'impression.<\/p>\n<\/li>\n<li data-start=\"2406\" data-end=\"2496\">\n<p data-start=\"2408\" data-end=\"2496\"><strong data-start=\"2408\" data-end=\"2436\">Ind\u00e9tectable par les scanners<\/strong> \u2013 Passe les syst\u00e8mes de d\u00e9tection des UV, des infrarouges et des contrefa\u00e7ons.<\/p>\n<\/li>\n<li data-start=\"2497\" data-end=\"2584\">\n<p data-start=\"2499\" data-end=\"2584\"><strong data-start=\"2499\" data-end=\"2517\">Compatible avec les distributeurs automatiques de billets<\/strong> \u2013 Fonctionne parfaitement dans les distributeurs automatiques de billets, les distributeurs automatiques et les syst\u00e8mes de d\u00e9p\u00f4t.<\/p>\n<\/li>\n<li data-start=\"2585\" data-end=\"2697\">\n<p data-start=\"2587\" data-end=\"2697\"><strong data-start=\"2587\" data-end=\"2622\">Id\u00e9al pour les paiements de grande valeur<\/strong> \u2013 Reconnu dans les supermarch\u00e9s, les h\u00f4tels, les frais de d\u00e9placement et les restaurants.<\/p>\n<\/li>\n<li data-start=\"2698\" data-end=\"2789\">\n<p data-start=\"2700\" data-end=\"2789\"><strong data-start=\"2700\" data-end=\"2721\">Grande durabilit\u00e9<\/strong> \u2013 Imprim\u00e9 sur papier euro \u00e0 base de coton avec finition avanc\u00e9e.<\/p>\n<\/li>\n<li data-start=\"2790\" data-end=\"2892\">\n<p data-start=\"2792\" data-end=\"2892\"><strong data-start=\"2792\" data-end=\"2827\">D\u00e9nomination de grande valeur de confiance<\/strong> \u2013 Ideal for transactions that require large sums of money.<\/p>\n<\/li>\n<li data-start=\"2893\" data-end=\"2996\">\n<p data-start=\"2895\" data-end=\"2996\"><strong data-start=\"2895\" data-end=\"2917\">Utilisation quotidienne sans faille<\/strong> \u2013 Fonctionne naturellement dans les supermarch\u00e9s, les stations-service et les centres commerciaux.<\/p>\n<\/li>\n<\/ul>\n<hr data-start=\"2998\" data-end=\"3001\" \/>\n<h3 data-start=\"3003\" data-end=\"3055\">Pourquoi acheter de faux billets de 200 euros chez Bradmoney ?<\/h3>\n<ul data-start=\"3057\" data-end=\"3419\">\n<li data-start=\"3057\" data-end=\"3131\">\n<p data-start=\"3059\" data-end=\"3131\">Les meilleurs faux billets de 200 euros en vente en ligne avec une authenticit\u00e9 prouv\u00e9e.<\/p>\n<\/li>\n<li data-start=\"3132\" data-end=\"3204\">\n<p data-start=\"3134\" data-end=\"3204\">De faux euros ind\u00e9tectables qui passent les scanners de billets et les contr\u00f4les des distributeurs automatiques.<\/p>\n<\/li>\n<li data-start=\"3205\" data-end=\"3272\">\n<p data-start=\"3207\" data-end=\"3272\">Faux billets de 200 euros de haute qualit\u00e9 con\u00e7us pour un usage quotidien.<\/p>\n<\/li>\n<li data-start=\"3273\" data-end=\"3349\">\n<p data-start=\"3275\" data-end=\"3349\">Reconnu par nos clients internationaux pour son r\u00e9alisme, sa discr\u00e9tion et sa durabilit\u00e9.<\/p>\n<\/li>\n<li data-start=\"3350\" data-end=\"3419\">\n<p data-start=\"3352\" data-end=\"3419\">Id\u00e9al pour les transactions de luxe, les voyages et les paiements au d\u00e9tail.<\/p>\n<\/li>\n<\/ul>\n<p>Nos notes sont de qualit\u00e9 AAA.<\/p>\n<p>-Hologrammes et bandes holographiques<\/p>\n<p>-Micro-lettrage, encre m\u00e9tallique et fil m\u00e9tallique<\/p>\n<p>-Filigranes<\/p>\n<p>-D\u00e9tection IR<\/p>\n<p>-Caract\u00e9ristiques ultraviolettes<\/p>\n<p>-Fonctionnalit\u00e9s transparentes<\/p>\n<p>-Num\u00e9ros de s\u00e9rie diff\u00e9rents.<\/p>\n<p>En outre, nos billets sont 100% ind\u00e9tectables, 100% s\u00fbrs et 100% s\u00e9curis\u00e9s pour \u00eatre utilis\u00e9s dans toutes les situations suivantes : guichets automatiques, magasins, stations-service, casinos, changeurs de monnaie et distributeurs de billets. Faites-vous confiance en passant votre commande pour un avenir meilleur. <a id=\"Buy-Counterfeit-euros-for-sale-near-you\"><\/a><a href=\"http:\/\/bradmoney.com\/fr_ca\/\">Achetez des euros contrefaits pr\u00e8s de chez vous<\/a>!<\/p>","protected":false},"excerpt":{"rendered":"<div class=\"description woocommerce-product-details__short-description\">\n<div class=\"description woocommerce-product-details__short-description\">\n<div class=\"description woocommerce-product-details__short-description\">\n<p>Achetez de faux billets de 200 euros \u2013 r\u00e9alistes, ind\u00e9tectables et compatibles avec les distributeurs automatiques. Parfaits pour les supermarch\u00e9s, les h\u00f4tels, les boutiques de luxe et les paiements quotidiens de grande valeur.<\/p>\n<\/div>\n<\/div>\n<\/div>","protected":false},"featured_media":66,"comment_status":"open","ping_status":"closed","template":"","meta":[],"product_brand":[],"product_cat":[20],"product_tag":[],"class_list":{"0":"post-72","1":"product","2":"type-product","3":"status-publish","4":"has-post-thumbnail","6":"product_cat-fake-euro","8":"first","9":"instock","10":"taxable","11":"shipping-taxable","12":"purchasable","13":"product-type-simple"},"_links":{"self":[{"href":"https:\/\/bradmoney.com\/fr_ca\/wp-json\/wp\/v2\/product\/72","targetHints":{"allow":["GET"]}}],"collection":[{"href":"https:\/\/bradmoney.com\/fr_ca\/wp-json\/wp\/v2\/product"}],"about":[{"href":"https:\/\/bradmoney.com\/fr_ca\/wp-json\/wp\/v2\/types\/product"}],"replies":[{"embeddable":true,"href":"https:\/\/bradmoney.com\/fr_ca\/wp-json\/wp\/v2\/comments?post=72"}],"version-history":[{"count":1,"href":"https:\/\/bradmoney.com\/fr_ca\/wp-json\/wp\/v2\/product\/72\/revisions"}],"predecessor-version":[{"id":17824,"href":"https:\/\/bradmoney.com\/fr_ca\/wp-json\/wp\/v2\/product\/72\/revisions\/17824"}],"wp:featuredmedia":[{"embeddable":true,"href":"https:\/\/bradmoney.com\/fr_ca\/wp-json\/wp\/v2\/media\/66"}],"wp:attachment":[{"href":"https:\/\/bradmoney.com\/fr_ca\/wp-json\/wp\/v2\/media?parent=72"}],"wp:term":[{"taxonomy":"product_brand","embeddable":true,"href":"https:\/\/bradmoney.com\/fr_ca\/wp-json\/wp\/v2\/product_brand?post=72"},{"taxonomy":"product_cat","embeddable":true,"href":"https:\/\/bradmoney.com\/fr_ca\/wp-json\/wp\/v2\/product_cat?post=72"},{"taxonomy":"product_tag","embeddable":true,"href":"https:\/\/bradmoney.com\/fr_ca\/wp-json\/wp\/v2\/product_tag?post=72"}],"curies":[{"name":"wp","href":"https:\/\/api.w.org\/{rel}","templated":true}]}}