{"id":17286,"date":"2017-08-06T05:23:51","date_gmt":"2017-08-06T05:23:51","guid":{"rendered":"https:\/\/bradmoney.com\/?post_type=product&#038;p=17286"},"modified":"2025-08-08T10:08:22","modified_gmt":"2025-08-08T10:08:22","slug":"acheter-faux-billet-de-1000-roubles-russes","status":"publish","type":"product","link":"https:\/\/bradmoney.com\/fr_ca\/produit\/acheter-faux-billet-de-1000-roubles-russes\/","title":{"rendered":"Acheter un faux billet de 1000 roubles russes"},"content":{"rendered":"<p data-start=\"1089\" data-end=\"1421\">D\u00e9couvrez un niveau sup\u00e9rieur de d\u00e9tail et de r\u00e9alisme avec le faux billet de 1000 roubles russes de Bradmoney, fabriqu\u00e9 \u00e0 l'aide de techniques haut de gamme afin de reproduire fid\u00e8lement le design complexe de l'original. Le billet de 1000 \u20bd est l'un des plus fr\u00e9quemment utilis\u00e9s en Russie, ce qui rend son authenticit\u00e9 en termes d'apparence et de texture essentielle pour toute utilisation r\u00e9aliste.<\/p>\n<p data-start=\"1423\" data-end=\"1754\">Notre faux billet de 1000 roubles pr\u00e9sente sur le recto une image repr\u00e9sentant le monument de Yaroslav le Sage tenant une maquette de la cath\u00e9drale, avec derri\u00e8re lui le Kremlin historique de Yaroslavl. Cette sc\u00e8ne embl\u00e9matique est reproduite \u00e0 l'aide d'une impression haute d\u00e9finition, d'une correspondance des couleurs et d'une gravure simul\u00e9e afin de refl\u00e9ter fid\u00e8lement l'\u0153uvre d'art originale.<\/p>\n<p data-start=\"1756\" data-end=\"2039\">On the reverse, the Spaso Preobrazhensky Monastery of Yaroslavl is displayed in impressive detail. The note&#8217;s mint green and blue hues, fine detailing, and gradient tones are perfectly replicated, producing a realistic fake Russian rubles that stands out under visual scrutiny.<\/p>\n<p data-start=\"2041\" data-end=\"2310\">Each fake 1000 \u20bd note is created using banknote simulated materials, ensuring accurate thickness, weight, and feel. The note includes microtext, watermark illusion effects, and a reflective security thread simulation that mimic the original\u2019s anti counterfeit features.<\/p>\n<p data-start=\"2312\" data-end=\"2629\">Our enhanced UV reactive layers and embedded fiber visuals give the note a realistic glow under ultraviolet light, adding another layer of authenticity for professional usage. Whether it\u2019s for use in payment of bills and services , academic training, theatrical production, or display purposes, this note provides unmatched realism.<\/p>\n<p data-start=\"2631\" data-end=\"2916\">Bradmoney uses precision offset printing, double-ink layering, and color stabilization techniques to match the vibrancy of the genuine Russian 1000 Rubles note. From the serial number font to the metallic color-shifting ink, every feature is engineered to give a lifelike presentation.<\/p>\n<p data-start=\"2918\" data-end=\"3231\">This fake 1000 Ruble is a favorite amongst many russians and professionals who prioritize <a href=\"https:\/\/bradmoney.com\/fr_ca\/\">undetectable fake Russian Rubles<\/a> for legitimate and ethical use. Bradmoney never compromises on quality, each batch undergoes a rigorous inspection process to ensure accuracy, texture fidelity, and long-term visual integrity.<\/p>\n<p data-start=\"3233\" data-end=\"3470\">Our global shipping is fast, discreet, and fully secure. Whether you\u2019re asking <a id=\"where-to-buy-fake-Russian-Rubles\"><\/a><a href=\"https:\/\/bradmoney.com\/fr_ca\/categorie-de-produits\/fake-russian-rubles\/\">O\u00f9 acheter de faux roubles russes<\/a> or looking for a trusted source of <a id=\"realistic-fake-money\"><\/a>realistic fake money, Bradmoney offers the gold standard in fake currency design.<\/p>\n<p data-start=\"3472\" data-end=\"3775\">This note is ideal for collectors, artists, financial education environments, and high stakes cinematic productions where visual precision matters most. Backed by Bradmoney\u2019s reputation for excellence, this <a id=\"fake-1000-Russian-Rubles\"><\/a>fake 1000 Russian Rubles note is a testament to what perfect fake money looks and feels like.<\/p>","protected":false},"excerpt":{"rendered":"<p>Le faux billet de 1 000 roubles de Bradmoney allie une conception haut de gamme \u00e0 des mat\u00e9riaux r\u00e9alistes, offrant ainsi une monnaie de 1 000 \u20bd visuellement ind\u00e9tectable pour un usage quotidien.<\/p>","protected":false},"featured_media":17339,"comment_status":"open","ping_status":"closed","template":"","meta":[],"product_brand":[],"product_cat":[99],"product_tag":[],"class_list":{"0":"post-17286","1":"product","2":"type-product","3":"status-publish","4":"has-post-thumbnail","6":"product_cat-fake-russian-rubles","8":"first","9":"instock","10":"taxable","11":"shipping-taxable","12":"purchasable","13":"product-type-simple"},"_links":{"self":[{"href":"https:\/\/bradmoney.com\/fr_ca\/wp-json\/wp\/v2\/product\/17286","targetHints":{"allow":["GET"]}}],"collection":[{"href":"https:\/\/bradmoney.com\/fr_ca\/wp-json\/wp\/v2\/product"}],"about":[{"href":"https:\/\/bradmoney.com\/fr_ca\/wp-json\/wp\/v2\/types\/product"}],"replies":[{"embeddable":true,"href":"https:\/\/bradmoney.com\/fr_ca\/wp-json\/wp\/v2\/comments?post=17286"}],"version-history":[{"count":0,"href":"https:\/\/bradmoney.com\/fr_ca\/wp-json\/wp\/v2\/product\/17286\/revisions"}],"wp:featuredmedia":[{"embeddable":true,"href":"https:\/\/bradmoney.com\/fr_ca\/wp-json\/wp\/v2\/media\/17339"}],"wp:attachment":[{"href":"https:\/\/bradmoney.com\/fr_ca\/wp-json\/wp\/v2\/media?parent=17286"}],"wp:term":[{"taxonomy":"product_brand","embeddable":true,"href":"https:\/\/bradmoney.com\/fr_ca\/wp-json\/wp\/v2\/product_brand?post=17286"},{"taxonomy":"product_cat","embeddable":true,"href":"https:\/\/bradmoney.com\/fr_ca\/wp-json\/wp\/v2\/product_cat?post=17286"},{"taxonomy":"product_tag","embeddable":true,"href":"https:\/\/bradmoney.com\/fr_ca\/wp-json\/wp\/v2\/product_tag?post=17286"}],"curies":[{"name":"wp","href":"https:\/\/api.w.org\/{rel}","templated":true}]}}