{"id":16883,"date":"2024-12-16T07:02:25","date_gmt":"2024-12-16T07:02:25","guid":{"rendered":"https:\/\/bradmoney.com\/?post_type=product&#038;p=16883"},"modified":"2025-06-16T07:48:53","modified_gmt":"2025-06-16T07:48:53","slug":"roubles-russes","status":"publish","type":"product","link":"https:\/\/bradmoney.com\/fr_ca\/produit\/roubles-russes\/","title":{"rendered":"Faux roubles russes"},"content":{"rendered":"<h2>\u00a0<strong>Descriptions exclusives des billets de banque en roubles russes de Bradmoney<\/strong><\/h2>\n<p>Bradmoney produit aujourd'hui les meilleurs faux roubles russes au monde. Ici, nous avons des faux roubles russes \u00e0 vendre. Vous vous demandez o\u00f9 acheter des faux roubles russes ? Achetez de la fausse monnaie maintenant<\/p>\n<h4><strong>\u00a050 roubles<\/strong><\/h4>\n<p><strong>Conception<\/strong>: Le billet de 50 roubles repr\u00e9sente les colonnes rostrales de Saint-P\u00e9tersbourg, qui symbolisent l'histoire navale de la Russie, et la forteresse Pierre-et-Paul au verso, qui souligne son importance architecturale.<br \/>\n<strong>Caract\u00e9ristiques de s\u00e9curit\u00e9<\/strong>: Ce billet comporte un filigrane de Pierre le Grand, un fil de s\u00e9curit\u00e9 incorporant un microtexte et des \u00e9l\u00e9ments visibles aux UV. Il comporte \u00e9galement une impression en relief pour la v\u00e9rification tactile, une image latente et une encre \u00e0 couleur changeante pour emp\u00eacher la contrefa\u00e7on. D'autres d\u00e9tails incluent du microtexte et des \u00e9l\u00e9ments holographiques qui changent lorsqu'ils sont observ\u00e9s sous diff\u00e9rents angles.<\/p>\n<h4>100 roubles<\/h4>\n<p><strong>Conception<\/strong>: Ce billet est orn\u00e9 du th\u00e9\u00e2tre Bolcho\u00ef, embl\u00e8me de la culture russe, avec au verso le quadrige d'Apollon, symbole de l'excellence artistique.<br \/>\n<strong>Caract\u00e9ristiques de s\u00e9curit\u00e9<\/strong>: Le billet de 100 roubles contient une bande de s\u00e9curit\u00e9 holographique, un filigrane du quadrige et une encre \u00e0 couleur changeante. Il comporte \u00e9galement des micro-impressions, une bande iridescente et des fibres visibles aux UV. L'impression en relief et les images latentes am\u00e9liorent l'exp\u00e9rience tactile et la s\u00e9curit\u00e9.<\/p>\n<h4>\u00a0200 roubles<\/h4>\n<p><strong>Conception<\/strong>: Le recto repr\u00e9sente le Monument aux navires sabord\u00e9s de S\u00e9bastopol et le verso le Chersonesos de Tauric, refl\u00e9tant ainsi l'importance historique de la Crim\u00e9e.<br \/>\n<strong>Caract\u00e9ristiques de s\u00e9curit\u00e9<\/strong>: Ce billet comporte un fil de s\u00e9curit\u00e9 dynamique, un filigrane repr\u00e9sentant un voilier et un microtexte. Des fibres de s\u00e9curit\u00e9 UV et des \u00e9l\u00e9ments de changement de couleur renforcent la protection du billet contre la contrefa\u00e7on. L'impression en relief et les effets holographiques renforcent les caract\u00e9ristiques de s\u00e9curit\u00e9 tactiles et visuelles du billet.<\/p>\n<h4>500 roubles<\/h4>\n<p><strong>Conception<\/strong>: Le billet de 500 roubles repr\u00e9sente la cath\u00e9drale de l'Archange \u00e0 Arkhangelsk, soulignant l'h\u00e9ritage religieux de la Russie, et un voilier au verso, soulignant l'histoire maritime.<br \/>\n<strong>Caract\u00e9ristiques de s\u00e9curit\u00e9<\/strong>: Ce billet comporte un filigrane de l'archange Michel, un fil de s\u00e9curit\u00e9 avec microtexte et des images latentes. Il comporte \u00e9galement une encre \u00e0 couleur changeante, une impression en relief et des \u00e9l\u00e9ments visibles aux UV. Le microtexte et les effets holographiques renforcent la s\u00e9curit\u00e9 globale du billet.<\/p>\n<h4>1.000 roubles<\/h4>\n<p><strong>Conception<\/strong>: Repr\u00e9sentant Yaroslav le Sage \u00e0 Yaroslavl, le billet souligne l'importance historique de la ville, et l'\u00e9glise Saint-Jean-Baptiste, au verso, met en valeur le patrimoine architectural.<br \/>\n<strong>Caract\u00e9ristiques de s\u00e9curit\u00e9<\/strong>: Il comporte une bande de s\u00e9curit\u00e9 holographique, un filigrane de Yaroslav et un chiffre \u00e0 couleur changeante. Le microtexte, les \u00e9l\u00e9ments de s\u00e9curit\u00e9 visibles aux UV et l'impression en relief garantissent l'authenticit\u00e9 et emp\u00eachent la contrefa\u00e7on. Les \u00e9l\u00e9ments holographiques et les images latentes offrent une s\u00e9curit\u00e9 suppl\u00e9mentaire.<\/p>\n<h4>2,000 roubles<\/h4>\n<p><strong>Conception<\/strong>: Soulignant les avanc\u00e9es modernes, le recto du billet repr\u00e9sente le pont Russky \u00e0 Vladivostok, tandis que le verso montre le cosmodrome de Vostochny, symbolisant les progr\u00e8s de la Russie en mati\u00e8re d'exploration spatiale.<br \/>\n<strong>Caract\u00e9ristiques de s\u00e9curit\u00e9<\/strong>: Equip\u00e9 d'un fil de s\u00e9curit\u00e9 dynamique, d'un filigrane du pont et d'une micro-impression, ce billet comprend \u00e9galement des fibres de s\u00e9curit\u00e9 UV, des \u00e9l\u00e9ments de changement de couleur et une impression en relief. Les \u00e9l\u00e9ments holographiques et les images latentes renforcent la s\u00e9curit\u00e9 du billet.<\/p>\n<h4>5,000 roubles<\/h4>\n<p><strong>Conception<\/strong>: Le billet de 5 000 roubles c\u00e9l\u00e8bre Nikolay Muravyov-Amursky \u00e0 Khabarovsk. Le verso repr\u00e9sente le fleuve Amour, mettant ainsi l'accent sur la beaut\u00e9 naturelle.<br \/>\n<strong>Caract\u00e9ristiques de s\u00e9curit\u00e9<\/strong>: Ce billet contient une bande de s\u00e9curit\u00e9 holographique, un filigrane de Muravyov-Amursky et un microtexte. Les fibres visibles aux UV, l'encre \u00e0 couleur changeante et l'impression en relief renforcent la s\u00e9curit\u00e9 et l'authenticit\u00e9 du billet. Des \u00e9l\u00e9ments holographiques et des images latentes assurent une protection suppl\u00e9mentaire.<\/p>\n<p>Chaque d\u00e9nomination des billets de banque en roubles russes de Bradmoney associe un design exquis \u00e0 des dispositifs de s\u00e9curit\u00e9 avanc\u00e9s, garantissant \u00e0 la fois un attrait esth\u00e9tique et une protection solide lors de chaque transaction. Acheter de faux roubles russes aujourd'hui<\/p>","protected":false},"excerpt":{"rendered":"<p>Bradmoney poss\u00e8de les meilleurs faux roubles russes au monde, qui peuvent \u00eatre utilis\u00e9s partout pour acheter des biens et des services et qui peuvent \u00eatre introduits dans les distributeurs automatiques de billets en Canada.<\/p>","protected":false},"featured_media":16890,"comment_status":"open","ping_status":"closed","template":"","meta":[],"product_brand":[],"product_cat":[99],"product_tag":[],"class_list":{"0":"post-16883","1":"product","2":"type-product","3":"status-publish","4":"has-post-thumbnail","6":"product_cat-fake-russian-rubles","8":"first","9":"instock","10":"taxable","11":"shipping-taxable","12":"purchasable","13":"product-type-variable"},"_links":{"self":[{"href":"https:\/\/bradmoney.com\/fr_ca\/wp-json\/wp\/v2\/product\/16883","targetHints":{"allow":["GET"]}}],"collection":[{"href":"https:\/\/bradmoney.com\/fr_ca\/wp-json\/wp\/v2\/product"}],"about":[{"href":"https:\/\/bradmoney.com\/fr_ca\/wp-json\/wp\/v2\/types\/product"}],"replies":[{"embeddable":true,"href":"https:\/\/bradmoney.com\/fr_ca\/wp-json\/wp\/v2\/comments?post=16883"}],"version-history":[{"count":0,"href":"https:\/\/bradmoney.com\/fr_ca\/wp-json\/wp\/v2\/product\/16883\/revisions"}],"wp:featuredmedia":[{"embeddable":true,"href":"https:\/\/bradmoney.com\/fr_ca\/wp-json\/wp\/v2\/media\/16890"}],"wp:attachment":[{"href":"https:\/\/bradmoney.com\/fr_ca\/wp-json\/wp\/v2\/media?parent=16883"}],"wp:term":[{"taxonomy":"product_brand","embeddable":true,"href":"https:\/\/bradmoney.com\/fr_ca\/wp-json\/wp\/v2\/product_brand?post=16883"},{"taxonomy":"product_cat","embeddable":true,"href":"https:\/\/bradmoney.com\/fr_ca\/wp-json\/wp\/v2\/product_cat?post=16883"},{"taxonomy":"product_tag","embeddable":true,"href":"https:\/\/bradmoney.com\/fr_ca\/wp-json\/wp\/v2\/product_tag?post=16883"}],"curies":[{"name":"wp","href":"https:\/\/api.w.org\/{rel}","templated":true}]}}