{"id":79,"date":"2023-06-19T06:30:27","date_gmt":"2023-06-19T06:30:27","guid":{"rendered":"https:\/\/www.bradfakemoney.com\/?post_type=product&#038;p=79"},"modified":"2026-01-23T16:49:37","modified_gmt":"2026-01-24T00:49:37","slug":"faux-euro-e5","status":"publish","type":"product","link":"https:\/\/bradmoney.com\/fr_be\/produit\/faux-euro-e5\/","title":{"rendered":"Faux Euro \u20ac5"},"content":{"rendered":"<p data-start=\"661\" data-end=\"969\">Faux Euro \u20ac5<\/p>\n<p data-start=\"661\" data-end=\"969\">D\u00e9couvrez le faux billet de 5 euros hyperr\u00e9aliste de Bradmoney, fabriqu\u00e9 avec une pr\u00e9cision in\u00e9gal\u00e9e pour ceux qui exigent l'authenticit\u00e9 dans les moindres d\u00e9tails. Cette fausse monnaie de haute qualit\u00e9 a \u00e9t\u00e9 con\u00e7ue \u00e0 l'aide de technologies d'impression de pointe afin de reproduire la texture, la taille et les \u00e9l\u00e9ments de s\u00e9curit\u00e9 du billet original. Faux billets de 5 euros<\/p>\n<p data-start=\"971\" data-end=\"1430\">Con\u00e7u pour correspondre \u00e0 la derni\u00e8re s\u00e9rie Europa, le faux billet de 5 euros pr\u00e9sente toutes les caract\u00e9ristiques visuelles de son homologue officiel : filigrane, encre \u00e0 couleur changeante, impression en relief, fil de s\u00e9curit\u00e9 et hologrammes pr\u00e9cis. Chaque faux billet en euros est imprim\u00e9 sur un support en fibre de coton, ce qui lui conf\u00e8re le m\u00eame toucher et la m\u00eame souplesse que la monnaie r\u00e9elle. La palette de couleurs grises et l'illustration architecturale subtile des arches classiques sont fid\u00e8lement pr\u00e9serv\u00e9es.<\/p>\n<p data-start=\"1432\" data-end=\"1869\">Les faux billets en euros de Bradmoney sont ind\u00e9tectables \u00e0 l'\u0153il nu, ce qui les rend id\u00e9aux pour une utilisation quotidienne dans toutes les activit\u00e9s. M\u00eame sous la lumi\u00e8re UV, les fils de s\u00e9curit\u00e9 int\u00e9gr\u00e9s et les effets visuels imitent les billets authentiques avec une pr\u00e9cision \u00e9tonnante. Qu'il s'agisse de la micro-impression finement d\u00e9taill\u00e9e ou du positionnement pr\u00e9cis du symbole de l'euro (\u20ac), ce billet est impossible \u00e0 distinguer du vrai \u00e0 premi\u00e8re vue.<\/p>\n<p data-start=\"1871\" data-end=\"2204\">Nous sommes fiers de livrer <a id=\"realistic-fake-euro\"><\/a><a href=\"https:\/\/bradmoney.com\/fr_be\/categorie-de-produits\/faux-euro\/\">faux euro r\u00e9aliste<\/a> Une monnaie qui d\u00e9passe toutes les attentes en termes de qualit\u00e9 et de d\u00e9tails. Chaque billet de 5 \u20ac est minutieusement contr\u00f4l\u00e9 avant exp\u00e9dition afin de garantir sa fid\u00e9lit\u00e9 visuelle et son homog\u00e9n\u00e9it\u00e9. Contrairement aux vendeurs frauduleux, Bradmoney garantit la transparence, un emballage professionnel et une qualit\u00e9 de reproduction haut de gamme pour toutes les coupures. <a id=\"Undetectable-fake-money-for-sale\"><\/a>Faux billets ind\u00e9tectables \u00e0 vendre.<\/p>\n<p data-start=\"2206\" data-end=\"2429\">Que vous cherchiez \u00e0 <a href=\"https:\/\/bradmoney.com\/fr_be\/\"><strong data-start=\"2232\" data-end=\"2250\">acheter de la faux billets<\/strong><\/a>, \u00e0 la recherche de <a id=\"counterfeit-money-for-sale\"><\/a><a href=\"https:\/\/bradmoney.com\/fr_be\/boutique-3\/\">faux billets \u00e0 vendre<\/a> qui semble r\u00e9el ou besoin <a id=\"realistic-fake-euros-for-sale\"><\/a>Faux euros r\u00e9alistes \u00e0 vendre, le faux billet de 5 euros de Bradmoney est la solution fiable qu'il vous faut.<\/p>\n<h3 data-start=\"1022\" data-end=\"1066\">Principales caract\u00e9ristiques du faux billet de 5 euros<\/h3>\n<ul data-start=\"1068\" data-end=\"1824\">\n<li data-start=\"1068\" data-end=\"1188\">\n<p data-start=\"1070\" data-end=\"1188\"><strong>Conception r\u00e9aliste<\/strong> \u2013 Comprend des hologrammes, des fils m\u00e9talliques, des filigranes et des micro impressions identiques \u00e0 ceux des euros authentiques.<\/p>\n<\/li>\n<li data-start=\"1189\" data-end=\"1273\">\n<p data-start=\"1191\" data-end=\"1273\"><strong data-start=\"1191\" data-end=\"1209\">Compatible avec les distributeurs automatiques de billets<\/strong> \u2013 Retirez et d\u00e9posez de l'argent sans \u00eatre d\u00e9tect\u00e9 aux distributeurs automatiques.<\/p>\n<\/li>\n<li data-start=\"1274\" data-end=\"1400\">\n<p data-start=\"1276\" data-end=\"1400\"><strong data-start=\"1276\" data-end=\"1298\">Utilisation quotidienne<\/strong> \u2013 Fonctionne parfaitement dans les supermarch\u00e9s, les caf\u00e9s, les distributeurs automatiques, les stations service et les syst\u00e8mes de billetterie.<\/p>\n<\/li>\n<li data-start=\"1401\" data-end=\"1509\">\n<p data-start=\"1403\" data-end=\"1509\"><strong data-start=\"1403\" data-end=\"1431\">Ind\u00e9tectable par les scanners<\/strong> \u2013 Passe les d\u00e9tecteurs d'argent, les lampes UV, les scanners infrarouges et les compteuses de billets.<\/p>\n<\/li>\n<li data-start=\"1510\" data-end=\"1603\">\n<p data-start=\"1512\" data-end=\"1603\"><strong data-start=\"1512\" data-end=\"1531\">Qualit\u00e9 durable<\/strong> \u2013 R\u00e9sistant aux plis, \u00e0 l'usure et \u00e0 la manipulation quotidienne, tout comme les vrais billets.<\/p>\n<\/li>\n<li data-start=\"1604\" data-end=\"1715\">\n<p data-start=\"1606\" data-end=\"1715\"><strong data-start=\"1606\" data-end=\"1623\">Haute s\u00e9curit\u00e9<\/strong> \u2013 Test\u00e9 avec succ\u00e8s dans des banques, des guichets de caisse et des machines de d\u00e9tection.<\/p>\n<\/li>\n<li data-start=\"1716\" data-end=\"1824\">\n<p data-start=\"1718\" data-end=\"1824\"><strong data-start=\"1718\" data-end=\"1758\">Parfait pour m\u00e9langer avec de l'argent r\u00e9el<\/strong> \u2013 Offre la m\u00eame texture et le m\u00eame toucher que les euros authentiques.<\/p>\n<\/li>\n<\/ul>\n<h3 data-start=\"1826\" data-end=\"1875\">\u00a0Pourquoi choisir le faux billet de 5 euros de Bradmoney ?<\/h3>\n<ul data-start=\"1877\" data-end=\"2222\">\n<li data-start=\"1877\" data-end=\"1959\">\n<p data-start=\"1879\" data-end=\"1959\"><strong data-start=\"1879\" data-end=\"1926\">D\u00e9nomination la plus fr\u00e9quemment utilis\u00e9e en Europe<\/strong> \u2013 assure une circulation naturelle.<\/p>\n<\/li>\n<li data-start=\"1960\" data-end=\"2033\">\n<p data-start=\"1962\" data-end=\"2033\"><strong data-start=\"1962\" data-end=\"1989\">Totalement ind\u00e9tectable<\/strong> \u2013 Utilisation s\u00e9curis\u00e9e dans le cadre de toute transaction normale.<\/p>\n<\/li>\n<li data-start=\"2034\" data-end=\"2116\">\n<p data-start=\"2036\" data-end=\"2116\"><strong data-start=\"2036\" data-end=\"2067\">Trusted by buyers worldwide<\/strong> \u2013 <a id=\"best-quality-fake-euros-for-sale-online\"><\/a>Faux euros de la meilleure qualit\u00e9 \u00e0 vendre en ligne.<\/p>\n<\/li>\n<li data-start=\"2117\" data-end=\"2222\">\n<p data-start=\"2119\" data-end=\"2222\"><strong data-start=\"2119\" data-end=\"2147\">Commercial et pratique<\/strong> \u2013 utilisable dans les magasins, les distributeurs automatiques, les supermarch\u00e9s et dans les activit\u00e9s quotidiennes.<\/p>\n<\/li>\n<\/ul>\n<p>De plus, nos billets sont 100 % ind\u00e9tectables, 100 % s\u00fbrs et 100 % s\u00e9curis\u00e9s \u00e0 utiliser dans toutes les situations suivantes : distributeurs automatiques, magasins, stations service, casinos, bureaux de change et distributeurs automatiques. Ayez confiance en vous lorsque vous passez votre commande pour un avenir meilleur. Faux billets en euros \u00e0 vendre<\/p>","protected":false},"excerpt":{"rendered":"<div class=\"description woocommerce-product-details__short-description\">\n<div class=\"description woocommerce-product-details__short-description\">\n<p>Bradmoney Inc. Banknote est le plus grand magasin de faux billets. Vente en ligne de faux billets de 5 euros en provenance d'un fournisseur l\u00e9gal. Les billets de 5 euros peuvent \u00eatre utilis\u00e9s \u00e0 l'AMT, au centre commercial, \u00e0 la station-service et plus encore.<\/p>\n<\/div>\n<div class=\"product_meta\"><\/div>\n<\/div>","protected":false},"featured_media":75,"comment_status":"open","ping_status":"closed","template":"","meta":[],"product_brand":[],"product_cat":[20],"product_tag":[],"class_list":{"0":"post-79","1":"product","2":"type-product","3":"status-publish","4":"has-post-thumbnail","6":"product_cat-fake-euro","8":"first","9":"instock","10":"taxable","11":"shipping-taxable","12":"purchasable","13":"product-type-simple"},"_links":{"self":[{"href":"https:\/\/bradmoney.com\/fr_be\/wp-json\/wp\/v2\/product\/79","targetHints":{"allow":["GET"]}}],"collection":[{"href":"https:\/\/bradmoney.com\/fr_be\/wp-json\/wp\/v2\/product"}],"about":[{"href":"https:\/\/bradmoney.com\/fr_be\/wp-json\/wp\/v2\/types\/product"}],"replies":[{"embeddable":true,"href":"https:\/\/bradmoney.com\/fr_be\/wp-json\/wp\/v2\/comments?post=79"}],"version-history":[{"count":1,"href":"https:\/\/bradmoney.com\/fr_be\/wp-json\/wp\/v2\/product\/79\/revisions"}],"predecessor-version":[{"id":17822,"href":"https:\/\/bradmoney.com\/fr_be\/wp-json\/wp\/v2\/product\/79\/revisions\/17822"}],"wp:featuredmedia":[{"embeddable":true,"href":"https:\/\/bradmoney.com\/fr_be\/wp-json\/wp\/v2\/media\/75"}],"wp:attachment":[{"href":"https:\/\/bradmoney.com\/fr_be\/wp-json\/wp\/v2\/media?parent=79"}],"wp:term":[{"taxonomy":"product_brand","embeddable":true,"href":"https:\/\/bradmoney.com\/fr_be\/wp-json\/wp\/v2\/product_brand?post=79"},{"taxonomy":"product_cat","embeddable":true,"href":"https:\/\/bradmoney.com\/fr_be\/wp-json\/wp\/v2\/product_cat?post=79"},{"taxonomy":"product_tag","embeddable":true,"href":"https:\/\/bradmoney.com\/fr_be\/wp-json\/wp\/v2\/product_tag?post=79"}],"curies":[{"name":"wp","href":"https:\/\/api.w.org\/{rel}","templated":true}]}}