{"id":16847,"date":"2024-11-07T20:57:03","date_gmt":"2024-11-07T20:57:03","guid":{"rendered":"https:\/\/bradmoney.com\/?page_id=16847"},"modified":"2024-11-08T06:39:03","modified_gmt":"2024-11-08T06:39:03","slug":"rencontre-en-face-a-face","status":"publish","type":"page","link":"https:\/\/bradmoney.com\/fr_be\/rencontre-en-face-a-face\/","title":{"rendered":"Rencontre en face \u00e0 face"},"content":{"rendered":"<h5>R\u00e9union en face-\u00e0-face pour les acheteurs de grandes quantit\u00e9s<\/h5>\n<h5>Chez Bradmoney Inc., nous savons que certains achats n\u00e9cessitent plus de confiance et de discr\u00e9tion. Si vous \u00eates un acheteur s\u00e9rieux cherchant \u00e0 acheter de grandes quantit\u00e9s de fausse monnaie, nous vous proposons une rencontre en personne. Ce service s'adresse aux acheteurs s\u00e9rieux et authentiques qui souhaitent acheter de grandes quantit\u00e9s de <a href=\"https:\/\/bradmoney.com\/fr_be\/boutique-3\/\">faux billets de haute qualit\u00e9<\/a> et nous nous occuperons de tout avec professionnalisme.<\/h5>\n<h5>Pourquoi des rencontres en face \u00e0 face Pour les clients qui cherchent \u00e0 acheter de grandes quantit\u00e9s de fausse monnaie, nous savons qu'il est important d'\u00e9tablir la confiance dans le produit. Une r\u00e9union en face \u00e0 face nous permet de.. :<\/h5>\n<ul>\n<li>\n<h5><strong>V\u00e9rifier l'authenticit\u00e9 et la qualit\u00e9<\/strong>: Vous pouvez voir le produit en personne et v\u00e9rifier la qualit\u00e9 de nos r\u00e9pliques d'argent pour vous assurer qu'elles r\u00e9pondent \u00e0 vos crit\u00e8res.<\/h5>\n<\/li>\n<li>\n<h5><strong>Discuter des d\u00e9tails de la transaction<\/strong>: Passez en revue toutes les exigences sp\u00e9cifiques, les quantit\u00e9s, les d\u00e9lais de livraison ou les options de personnalisation. \u00c9change s\u00e9curis\u00e9 et discret : Faciliter l'\u00e9change de marchandises en toute s\u00e9curit\u00e9 dans un environnement contr\u00f4l\u00e9.<\/h5>\n<\/li>\n<li>\n<h5><strong>Service personnel<\/strong>: B\u00e9n\u00e9ficiez de l'attention d'un technicien sp\u00e9cialis\u00e9 dans la production de faux billets.<\/h5>\n<\/li>\n<\/ul>\n<h5>R\u00e9serv\u00e9 aux acheteurs s\u00e9rieux En raison de la nature de ce service, nous n'autorisons les rencontres en face \u00e0 face qu'avec des acheteurs s\u00e9rieux d\u00e9sireux d'acheter des quantit\u00e9s importantes et authentiques. Ce service s'adresse aux clients qui s'engagent \u00e0 mener \u00e0 bien la transaction et qui sont r\u00e9ellement int\u00e9ress\u00e9s par l'achat de grandes quantit\u00e9s de fausse monnaie. Nous accordons de l'importance \u00e0 notre temps, c'est pourquoi seuls les clients qui sont pr\u00eats \u00e0 proc\u00e9der \u00e0 la transaction seront pris en compte pour les rencontres en personne.<\/h5>\n<h5>Lieu neutre de la r\u00e9union Pour garantir la s\u00e9curit\u00e9 et le confort des deux parties, toutes les r\u00e9unions en face \u00e0 face se d\u00e9rouleront dans un lieu neutre convenu \u00e0 l'avance entre le client et notre technicien exp\u00e9riment\u00e9. Ce lieu sera pratique pour les deux parties et garantira un environnement professionnel pour l'\u00e9change.<\/h5>\n<h5>Comment r\u00e9server une r\u00e9union<\/h5>\n<h5>Si vous souhaitez organiser une rencontre en personne, veuillez nous contacter pour discuter de vos besoins et des d\u00e9tails de votre achat. Une fois que nous aurons v\u00e9rifi\u00e9 votre s\u00e9rieux et la quantit\u00e9 de votre achat, nous conviendrons d'une date et d'un lieu pour la rencontre. Notre \u00e9quipe s'occupera de tout de mani\u00e8re professionnelle et s\u00e9curis\u00e9e.<\/h5>\n<h5>Confidentialit\u00e9 et s\u00e9curit\u00e9 : Nous prenons la confidentialit\u00e9 au s\u00e9rieux. Toutes les r\u00e9unions sont priv\u00e9es et nous faisons de notre mieux pour que les deux parties se sentent \u00e0 l'aise tout au long de la transaction. Votre vie priv\u00e9e et votre s\u00e9curit\u00e9 sont notre priorit\u00e9 absolue.<\/h5>","protected":false},"excerpt":{"rendered":"<p>Face-to-Face Meet-Up for Large Quantity Buyers At Bradmoney Inc. we know some purchases require more trust and discretion. If you<\/p>","protected":false},"author":1,"featured_media":0,"parent":0,"menu_order":0,"comment_status":"open","ping_status":"closed","template":"","meta":{"footnotes":""},"class_list":["post-16847","page","type-page","status-publish","hentry"],"_links":{"self":[{"href":"https:\/\/bradmoney.com\/fr_be\/wp-json\/wp\/v2\/pages\/16847","targetHints":{"allow":["GET"]}}],"collection":[{"href":"https:\/\/bradmoney.com\/fr_be\/wp-json\/wp\/v2\/pages"}],"about":[{"href":"https:\/\/bradmoney.com\/fr_be\/wp-json\/wp\/v2\/types\/page"}],"author":[{"embeddable":true,"href":"https:\/\/bradmoney.com\/fr_be\/wp-json\/wp\/v2\/users\/1"}],"replies":[{"embeddable":true,"href":"https:\/\/bradmoney.com\/fr_be\/wp-json\/wp\/v2\/comments?post=16847"}],"version-history":[{"count":0,"href":"https:\/\/bradmoney.com\/fr_be\/wp-json\/wp\/v2\/pages\/16847\/revisions"}],"wp:attachment":[{"href":"https:\/\/bradmoney.com\/fr_be\/wp-json\/wp\/v2\/media?parent=16847"}],"curies":[{"name":"wp","href":"https:\/\/api.w.org\/{rel}","templated":true}]}}