{"id":90,"date":"2023-06-19T06:39:13","date_gmt":"2023-06-19T06:39:13","guid":{"rendered":"https:\/\/www.bradfakemoney.com\/?post_type=product&#038;p=90"},"modified":"2025-04-28T20:21:34","modified_gmt":"2025-04-28T20:21:34","slug":"fausse-roupie-indienne-%e2%82%b910","status":"publish","type":"product","link":"https:\/\/bradmoney.com\/fr\/produit\/fausse-roupie-indienne-%e2%82%b910\/","title":{"rendered":"Fausse roupie indienne \u20b910"},"content":{"rendered":"<p>Nous vous pr\u00e9sentons la fausse roupie indienne \u20b910 de la plus haute qualit\u00e9, con\u00e7ue pour r\u00e9pondre \u00e0 tous vos besoins. De plus, nous fabriquons nos INR \u20b910 avec pr\u00e9cision et soin, ce qui les rend pratiquement impossibles \u00e0 distinguer des vraies. Que vous en ayez besoin pour un tournage de film ou pour remplacer des devises perdues, nous vous couvrons.<\/p>\n<p>Notre soci\u00e9t\u00e9 est tr\u00e8s fi\u00e8re de pr\u00eater attention aux d\u00e9tails et de s'assurer que chaque billet que nous produisons est de la plus haute qualit\u00e9. Nos professionnels qualifi\u00e9s travaillent sans rel\u00e2che en utilisant les meilleurs mat\u00e9riaux pour cr\u00e9er des fausses roupies indiennes pr\u00e9cises et convaincantes. Des techniques d'impression avanc\u00e9es sont utilis\u00e9es pour cr\u00e9er des faux billets tr\u00e8s d\u00e9taill\u00e9s qui peuvent \u00eatre utilis\u00e9s sur les march\u00e9s, dans les spas, les supermarch\u00e9s, les h\u00f4tels, les restaurants et d'autres lieux, reproduisant ainsi les vrais billets.<\/p>\n<p>De toute \u00e9vidence, ces fausses roupies indiennes \u20b910 sont fabriqu\u00e9es \u00e0 partir d'un papier durable et de haute qualit\u00e9 qui donne une impression d'authenticit\u00e9 au toucher. Ils pr\u00e9sentent des motifs et des d\u00e9tails complexes que l'on retrouve sur les vrais billets indiens, notamment la signature du gouverneur de la Reserve Bank of India, le filigrane, le fil de s\u00e9curit\u00e9 et les \u00e9l\u00e9ments de s\u00e9curit\u00e9.<\/p>\n<p>Les fausses roupies indiennes existent en coupures de 5, 10, 20, 50, 100, 200, 500 et 2000. Chaque billet porte un num\u00e9ro de s\u00e9rie unique et les billets ont la m\u00eame taille, le m\u00eame poids, la m\u00eame couleur et la m\u00eame \u00e9paisseur que la vraie monnaie indienne. Ils sont tr\u00e8s r\u00e9alistes, ce qui en fait un choix id\u00e9al si vous \u00eates \u00e0 la recherche d'un objet qui semble authentique.<\/p>\n<p>Notre fausse roupie indienne \u20b910 est parfaite pour une utilisation dans toutes les situations, que ce soit pour un usage personnel ou professionnel.<\/p>\n<p>So why wait? If you\u2019re looking to <a id=\"buy-fake-Indian-rupee\"><\/a>buy fake Indian rupee, look no further than our company. Our counterfeit money quality is guaranteed to not disappoint you.. Order now and experience the best in the business<\/p>","protected":false},"excerpt":{"rendered":"<p>Nous vous pr\u00e9sentons la fausse roupie indienne \u20b910 de la plus haute qualit\u00e9, con\u00e7ue pour r\u00e9pondre \u00e0 tous vos besoins. Nous fabriquons \u00e9galement nos INR \u20b910<\/p>","protected":false},"featured_media":91,"comment_status":"open","ping_status":"closed","template":"","meta":[],"product_brand":[],"product_cat":[22],"product_tag":[],"class_list":{"0":"post-90","1":"product","2":"type-product","3":"status-publish","4":"has-post-thumbnail","6":"product_cat-fake-indian-rupees","8":"first","9":"instock","10":"taxable","11":"shipping-taxable","12":"purchasable","13":"product-type-simple"},"_links":{"self":[{"href":"https:\/\/bradmoney.com\/fr\/wp-json\/wp\/v2\/product\/90","targetHints":{"allow":["GET"]}}],"collection":[{"href":"https:\/\/bradmoney.com\/fr\/wp-json\/wp\/v2\/product"}],"about":[{"href":"https:\/\/bradmoney.com\/fr\/wp-json\/wp\/v2\/types\/product"}],"replies":[{"embeddable":true,"href":"https:\/\/bradmoney.com\/fr\/wp-json\/wp\/v2\/comments?post=90"}],"version-history":[{"count":0,"href":"https:\/\/bradmoney.com\/fr\/wp-json\/wp\/v2\/product\/90\/revisions"}],"wp:featuredmedia":[{"embeddable":true,"href":"https:\/\/bradmoney.com\/fr\/wp-json\/wp\/v2\/media\/91"}],"wp:attachment":[{"href":"https:\/\/bradmoney.com\/fr\/wp-json\/wp\/v2\/media?parent=90"}],"wp:term":[{"taxonomy":"product_brand","embeddable":true,"href":"https:\/\/bradmoney.com\/fr\/wp-json\/wp\/v2\/product_brand?post=90"},{"taxonomy":"product_cat","embeddable":true,"href":"https:\/\/bradmoney.com\/fr\/wp-json\/wp\/v2\/product_cat?post=90"},{"taxonomy":"product_tag","embeddable":true,"href":"https:\/\/bradmoney.com\/fr\/wp-json\/wp\/v2\/product_tag?post=90"}],"curies":[{"name":"wp","href":"https:\/\/api.w.org\/{rel}","templated":true}]}}