{"id":107,"date":"2023-06-19T06:49:16","date_gmt":"2023-06-19T06:49:16","guid":{"rendered":"https:\/\/www.bradfakemoney.com\/?post_type=product&#038;p=107"},"modified":"2025-06-25T14:41:38","modified_gmt":"2025-06-25T14:41:38","slug":"billets-de-100-nzd","status":"publish","type":"product","link":"https:\/\/bradmoney.com\/fr\/produit\/billets-de-100-nzd\/","title":{"rendered":"Faux dollar n\u00e9o-z\u00e9landais $100"},"content":{"rendered":"<h2>Buy Fake New Zealand Dollar<\/h2>\n<p>Vous \u00eates sur la bonne plateforme si vous cherchez \u00e0 <a href=\"https:\/\/bradmoney.com\/fr\/categorie-de-produits\/faux-dollar-neo-zelandais\/\">Faux dollar n\u00e9o-z\u00e9landais<\/a> . We are an emerging trend in the formation of high-quality fake notes. We provide you with undetectable money because we do the production after the minor observations of the real money. Perfect color, length, and thickness decide the quality of the notes of different denominations. How do we lead the market amidst our competitors?<\/p>\n<h2><img fetchpriority=\"high\" decoding=\"async\" class=\"wp-image-2475 size-full aligncenter\" src=\"https:\/\/www.authenticreplicanotes.com\/wp-content\/uploads\/2022\/01\/Buy-fake-NZD-100-Online.jpg\" alt=\"Buy fake NZD Online\" width=\"275\" height=\"183\" \/><\/h2>\n<p>- Au milieu d'une concurrence f\u00e9roce, il est vraiment difficile de s'\u00e9lever face aux opinions n\u00e9gatives des gens. La satisfaction de nos services permet \u00e0 nos clients de rester intacts et de continuer \u00e0 faire des affaires avec nous.<\/p>\n<h3>Pourquoi choisir d'acheter de faux dollars n\u00e9o-z\u00e9landais en ligne ?<\/h3>\n<p>La qualit\u00e9 de nos produits et le confort de nos livraisons, ainsi que le souci de la s\u00e9curit\u00e9 de nos clients, nous distinguent de nos concurrents d\u00e9j\u00e0 pr\u00e9sents sur le march\u00e9.<\/p>\n<p>Cette d\u00e9nomination est peu utilis\u00e9e et pr\u00e9f\u00e9r\u00e9e, c'est pourquoi nous produisons un stock limit\u00e9 \u00e0 la demande des clients. D\u00e9p\u00eachez-vous d'acheter des faux dollars n\u00e9o-z\u00e9landais et de faire exp\u00e9dier la commande \u00e0 votre domicile afin que les billets n'aient pas \u00e0 passer par la machine de d\u00e9tection de lumi\u00e8re.<\/p>\n<p>Buying fake NZD banknotes has never been easier than fake banknotes. All you do is go to our shop place your order and we will get back to you asap. The package is shipped within 24hrs after the order has been placed. Other banknotes in stock include fake 100 NZD fake 50 NZD, fake 20 NZD, Fake 10 NZD, and fake 5 NZD. Some important points our fake banknotes Supply below.<\/p>\n<ul>\n<li>Produits de haute qualit\u00e9<\/li>\n<li>100% livraison garantie<\/li>\n<li>livraison discr\u00e8te et s\u00e9curis\u00e9e<\/li>\n<li>garantie de remboursement<\/li>\n<li>R\u00e9ductions en cas d'achat avec des bitcoins<\/li>\n<\/ul>","protected":false},"excerpt":{"rendered":"<div class=\"description woocommerce-product-details__short-description\">\n<p>Vous \u00eates sur le meilleur site de fausse monnaie si vous cherchez \u00e0 acheter le faux dollar n\u00e9o-z\u00e9landais $100. Nous sommes une tendance \u00e9mergente dans la formation de billets de haute qualit\u00e9.<\/p>\n<\/div>","protected":false},"featured_media":108,"comment_status":"open","ping_status":"closed","template":"","meta":[],"product_brand":[],"product_cat":[24],"product_tag":[],"class_list":{"0":"post-107","1":"product","2":"type-product","3":"status-publish","4":"has-post-thumbnail","6":"product_cat-fake-new-zealand-dollar","8":"first","9":"instock","10":"taxable","11":"shipping-taxable","12":"purchasable","13":"product-type-simple"},"_links":{"self":[{"href":"https:\/\/bradmoney.com\/fr\/wp-json\/wp\/v2\/product\/107","targetHints":{"allow":["GET"]}}],"collection":[{"href":"https:\/\/bradmoney.com\/fr\/wp-json\/wp\/v2\/product"}],"about":[{"href":"https:\/\/bradmoney.com\/fr\/wp-json\/wp\/v2\/types\/product"}],"replies":[{"embeddable":true,"href":"https:\/\/bradmoney.com\/fr\/wp-json\/wp\/v2\/comments?post=107"}],"version-history":[{"count":0,"href":"https:\/\/bradmoney.com\/fr\/wp-json\/wp\/v2\/product\/107\/revisions"}],"wp:featuredmedia":[{"embeddable":true,"href":"https:\/\/bradmoney.com\/fr\/wp-json\/wp\/v2\/media\/108"}],"wp:attachment":[{"href":"https:\/\/bradmoney.com\/fr\/wp-json\/wp\/v2\/media?parent=107"}],"wp:term":[{"taxonomy":"product_brand","embeddable":true,"href":"https:\/\/bradmoney.com\/fr\/wp-json\/wp\/v2\/product_brand?post=107"},{"taxonomy":"product_cat","embeddable":true,"href":"https:\/\/bradmoney.com\/fr\/wp-json\/wp\/v2\/product_cat?post=107"},{"taxonomy":"product_tag","embeddable":true,"href":"https:\/\/bradmoney.com\/fr\/wp-json\/wp\/v2\/product_tag?post=107"}],"curies":[{"name":"wp","href":"https:\/\/api.w.org\/{rel}","templated":true}]}}