{"id":15655,"date":"2023-06-25T03:19:45","date_gmt":"2023-06-25T03:19:45","guid":{"rendered":"https:\/\/www.bradfakemoney.com\/?page_id=15655"},"modified":"2024-10-27T20:23:33","modified_gmt":"2024-10-27T20:23:33","slug":"comment-acheter","status":"publish","type":"page","link":"https:\/\/bradmoney.com\/fr\/comment-acheter\/","title":{"rendered":"Comment acheter"},"content":{"rendered":"<div data-elementor-type=\"wp-page\" data-elementor-id=\"15655\" class=\"elementor elementor-15655\" data-elementor-post-type=\"page\">\n\t\t\t\t<div class=\"elementor-element elementor-element-ab4cca8 e-con-full e-flex e-con e-parent\" data-id=\"ab4cca8\" data-element_type=\"container\" data-e-type=\"container\">\n\t\t\t\t<div class=\"elementor-element elementor-element-aca0139 elementor-widget elementor-widget-wd_text_block\" data-id=\"aca0139\" data-element_type=\"widget\" data-e-type=\"widget\" data-widget_type=\"wd_text_block.default\">\n\t\t\t\t<div class=\"elementor-widget-container\">\n\t\t\t\t\t\t\t<div class=\"wd-text-block reset-last-child text-left\">\n\t\t\t\n\t\t\t<h1>Comment acheter<\/h1><h5>Vous pouvez nous contacter par courrier \u00e9lectronique, t\u00e9l\u00e9gramme et WhatsApp.<\/h5><p>Ici, \u00e0 <a href=\"https:\/\/bradmoney.com\/fr\">Bradmoney<\/a> Inc, we deal with the latest techniques and technology in the production of fake money that includes Fake dollar , Fake euro , Fake pounds sterling , Fake australian dollar , Fake canadian dollar (made with polymer ) ,Fake new zealand dollar\u00a0 and many other currencies .We produce fake banknotes which are undetected and are of the highest quality you will find in the market today making us the best counterfeit money producers in the world. <a id=\"Where-to-buy-fake-money\"><\/a>Where to buy fake money , Here we have provided our customers the facility on ordering fake money with easy accessibility without any trouble. Ordering counterfeit money online from our website is highly safe and straightforward.\u00a0\u00a0<\/p><p>However, how to buy fake money on our website is pretty straightforward;<\/p><ul><li>Choisissez la devise que vous souhaitez acheter.<\/li><li>Choisissez les d\u00e9nominations des billets que vous souhaitez : 5, 10, 20 et autres.<\/li><li>Vous devez acheter un minimum de 2 paquets.<\/li><li>Vous passez \u00e0 la caisse et remplissez vos coordonn\u00e9es de livraison.<\/li><li>Choisissez votre mode de paiement et passez \u00e0 la caisse.<\/li><li>Si vous souhaitez une livraison de main \u00e0 main (pour les commandes en gros uniquement), vous pouvez nous contacter par whatsapp, e-mail ou t\u00e9l\u00e9gramme.<\/li><\/ul><p>\u00a0Notre priorit\u00e9 absolue est d'\u00e9tablir une relation commerciale \u00e0 long terme avec tous nos clients, c'est pourquoi nous nous efforcerons de ne pas vous d\u00e9cevoir. Alors, pourquoi attendre ? D\u00e9p\u00eachez-vous de nous contacter \u00e0 <a href=\"https:\/\/bradmoney.com\/fr\">Bradmoney<\/a> Inc pour obtenir le produit d\u00e9sir\u00e9, et vous obtiendrez certainement le meilleur de nous.<\/p><p><strong>Il est facilement accessible pour vous <a href=\"https:\/\/bradmoney.com\/fr\/boutique\/\">acheter de la fausse monnaie<\/a> de notre part...<\/strong><\/p><p>Chez Bradmoney Inc, nous nous occupons des billets de banque que l'on peut obtenir rapidement en ligne. Nous avons fourni \u00e0 nos clients la possibilit\u00e9 d'acheter tous les produits avec un acc\u00e8s facile.<\/p><p><strong>Eligibility to buy counterfeit money from our fake money website-<\/strong><\/p><p>To buy counterfeit money online from our website, you should be 18 years old.<\/p><p><strong>It is safe to buy counterfeit money online-<\/strong><\/p><p>Ordering counterfeit money online from our website is highly safe and straightforward. So if you are finding the best fake money website to get the best product, do not hesitate to reach us.<\/p><p><strong>Comment nous contacter ?<\/strong><\/p><p>Vous pouvez nous contacter par courrier \u00e9lectronique, t\u00e9l\u00e9gramme et WhatsApp. Et pour en savoir plus, vous pouvez remplir le formulaire sur le site web, telegram, ou email pour plus de facilit\u00e9.<\/p><p><strong>Remise pour nos clients-<\/strong><\/p><p>Notre priorit\u00e9 absolue est d'\u00e9tablir une relation commerciale \u00e0 long terme avec tous nos clients, c'est pourquoi nous ferons tout notre possible pour vous satisfaire. C'est pourquoi nous offrons une prime imm\u00e9diate aux clients qui commandent en gros et des factures suppl\u00e9mentaires \u00e0 tous les clients qui reviennent.<\/p>\n\t\t\t\t\t<\/div>\n\t\t\t\t\t\t<\/div>\n\t\t\t\t<\/div>\n\t\t\t\t<\/div>\n\t\t\t\t<\/div>","protected":false},"excerpt":{"rendered":"<p>How To Buy You can contact us through email, telegram, and WhatsApp. Here at Bradmoney Inc, we deal with the<\/p>","protected":false},"author":1,"featured_media":0,"parent":0,"menu_order":0,"comment_status":"closed","ping_status":"closed","template":"elementor_header_footer","meta":{"footnotes":""},"class_list":["post-15655","page","type-page","status-publish","hentry"],"_links":{"self":[{"href":"https:\/\/bradmoney.com\/fr\/wp-json\/wp\/v2\/pages\/15655","targetHints":{"allow":["GET"]}}],"collection":[{"href":"https:\/\/bradmoney.com\/fr\/wp-json\/wp\/v2\/pages"}],"about":[{"href":"https:\/\/bradmoney.com\/fr\/wp-json\/wp\/v2\/types\/page"}],"author":[{"embeddable":true,"href":"https:\/\/bradmoney.com\/fr\/wp-json\/wp\/v2\/users\/1"}],"replies":[{"embeddable":true,"href":"https:\/\/bradmoney.com\/fr\/wp-json\/wp\/v2\/comments?post=15655"}],"version-history":[{"count":0,"href":"https:\/\/bradmoney.com\/fr\/wp-json\/wp\/v2\/pages\/15655\/revisions"}],"wp:attachment":[{"href":"https:\/\/bradmoney.com\/fr\/wp-json\/wp\/v2\/media?parent=15655"}],"curies":[{"name":"wp","href":"https:\/\/api.w.org\/{rel}","templated":true}]}}