{"id":15653,"date":"2023-06-25T03:19:17","date_gmt":"2023-06-25T03:19:17","guid":{"rendered":"https:\/\/www.bradfakemoney.com\/?page_id=15653"},"modified":"2025-04-28T20:38:43","modified_gmt":"2025-04-28T20:38:43","slug":"informations-sur-lexpedition","status":"publish","type":"page","link":"https:\/\/bradmoney.com\/fr\/informations-sur-lexpedition\/","title":{"rendered":"Informations sur l'exp\u00e9dition"},"content":{"rendered":"<div data-elementor-type=\"wp-page\" data-elementor-id=\"15653\" class=\"elementor elementor-15653\" data-elementor-post-type=\"page\">\n\t\t\t\t<div class=\"elementor-element elementor-element-23e2fe3 e-flex e-con-boxed e-con e-parent\" data-id=\"23e2fe3\" data-element_type=\"container\" data-e-type=\"container\">\n\t\t\t\t\t<div class=\"e-con-inner\">\n\t\t\t\t<div class=\"elementor-element elementor-element-6c7939c elementor-widget-mobile__width-initial elementor-widget elementor-widget-wd_text_block\" data-id=\"6c7939c\" data-element_type=\"widget\" data-e-type=\"widget\" data-widget_type=\"wd_text_block.default\">\n\t\t\t\t<div class=\"elementor-widget-container\">\n\t\t\t\t\t\t\t<div class=\"wd-text-block reset-last-child text-left\">\n\t\t\t\n\t\t\t<h3><span style=\"font-size: 12pt;\"><strong>Informations sur l'exp\u00e9dition<\/strong><\/span><\/h3><p><span style=\"font-size: 12pt;\">Chez Bradmoney inc, nous donnons la priorit\u00e9 \u00e0 une exp\u00e9dition rapide, s\u00fbre et fiable afin de garantir une exp\u00e9rience fluide \u00e0 tous nos clients. Gr\u00e2ce \u00e0 notre vaste r\u00e9seau de partenaires d'exp\u00e9dition et \u00e0 une logistique efficace, nous livrons dans le monde entier en un temps record. Voici tout ce que vous devez savoir sur notre processus d'exp\u00e9dition.<\/span><\/p><hr \/><h3><span style=\"font-size: 12pt;\"><strong>Suivi des commandes<\/strong><\/span><\/h3><p><span style=\"font-size: 12pt;\">Chaque achat chez Bradmoney inc. comprend un num\u00e9ro de suivi d\u00e9livr\u00e9 par le canal de communication de votre choix, y compris l'e-mail, WhatsApp ou d'autres services de messagerie. Ce num\u00e9ro de suivi vous permet de suivre votre colis en temps r\u00e9el, en vous fournissant des mises \u00e0 jour sur sa localisation et le d\u00e9lai de livraison estim\u00e9. En utilisant ce num\u00e9ro de suivi, vous pouvez suivre la progression de votre colis en temps r\u00e9el, depuis le moment o\u00f9 il est exp\u00e9di\u00e9 jusqu'au moment o\u00f9 il arrive \u00e0 votre porte. Vous \u00eates ainsi toujours inform\u00e9 et rassur\u00e9 sur l'\u00e9tat de votre commande. Nous veillons \u00e0 ce que vous restiez inform\u00e9 tout au long du processus d'exp\u00e9dition, vous offrant ainsi une tranquillit\u00e9 d'esprit et une transparence totale.<\/span><\/p><p><span style=\"font-size: 12pt;\">Notre processus d'emballage est con\u00e7u dans un souci de discr\u00e9tion et de s\u00e9curit\u00e9. Tous les articles sont emball\u00e9s de mani\u00e8re s\u00e9curis\u00e9e afin de prot\u00e9ger leur contenu contre tout dommage pendant le transport, tout en garantissant une totale confidentialit\u00e9. L'emballage ext\u00e9rieur ne comporte aucune marque ou \u00e9tiquette susceptible de r\u00e9v\u00e9ler le contenu, ce qui pr\u00e9serve votre vie priv\u00e9e. En outre, nous travaillons avec des partenaires d'exp\u00e9dition exp\u00e9riment\u00e9s et fiables, sp\u00e9cialis\u00e9s dans le traitement des livraisons sensibles, ce qui garantit que votre colis arrive rapidement et sans aucune complication, o\u00f9 que vous soyez dans le monde.<\/span><\/p><p>\u00a0<\/p><p><span style=\"font-size: 12pt;\">Voici une section d'informations d\u00e9taill\u00e9es sur l'exp\u00e9dition pour le site Bradmoney inc :<\/span><\/p><h3><span style=\"font-size: 12pt;\"><strong>D\u00e9lais d'exp\u00e9dition par r\u00e9gion<\/strong><\/span><\/h3><ul><li><span style=\"font-size: 12pt;\"><strong>Canada et \u00c9tats-Unis<\/strong>: Les commandes sont livr\u00e9es en <strong>1 jour ouvrable<\/strong> ou pendant la nuit.<\/span><\/li><li><span style=\"font-size: 12pt;\"><strong>L'Europe<\/strong>: Les livraisons prennent <strong>1-3 jours ouvrables<\/strong>, selon la destination.<\/span><ul><li><span style=\"font-size: 12pt;\"><strong>Royaume-Uni et Allemagne<\/strong>: La livraison le jour m\u00eame est disponible pour les clients proches de nos bureaux.<\/span><\/li><li><span style=\"font-size: 12pt;\"><strong>Autres pays europ\u00e9ens (Belgique, Pays-Bas, France, Portugal, Gr\u00e8ce, Italie, etc.)<\/strong>: Les livraisons prennent g\u00e9n\u00e9ralement <strong>1-3 jours ouvrables<\/strong>.<\/span><\/li><\/ul><\/li><li><span style=\"font-size: 12pt;\"><strong>Australie et Nouvelle-Z\u00e9lande<\/strong>: Les colis sont livr\u00e9s dans un d\u00e9lai de <strong>3-4 jours ouvrables<\/strong>.<\/span><\/li><li><span style=\"font-size: 12pt;\"><strong>Reste du monde<\/strong>: Les d\u00e9lais de livraison varient selon l'emplacement, g\u00e9n\u00e9ralement entre <strong>3-7 jours ouvrables<\/strong>.<\/span><\/li><\/ul><h3><span style=\"font-size: 12pt;\"><strong>D\u00e9lais d'exp\u00e9dition et origine par r\u00e9gion<\/strong><\/span><\/h3><p><span style=\"font-size: 12pt;\">Vous trouverez ci-dessous un tableau d\u00e9taill\u00e9 des d\u00e9lais de livraison express par r\u00e9gion, ainsi que l'adresse du bureau d'o\u00f9 part l'envoi :<\/span><\/p><table style=\"width: 100%; height: 600px;\"><thead><tr style=\"height: 24px;\"><th style=\"height: 24px;\"><span style=\"font-size: 12pt;\"><strong>Destination<\/strong><\/span><\/th><th style=\"height: 24px;\"><span style=\"font-size: 12pt;\"><strong>D\u00e9lai de livraison<\/strong><\/span><\/th><th style=\"height: 24px;\"><span style=\"font-size: 12pt;\"><strong>Exp\u00e9di\u00e9 de<\/strong><\/span><\/th><\/tr><\/thead><tbody><tr style=\"height: 24px;\"><td style=\"height: 24px;\"><span style=\"font-size: 12pt;\"><strong>Canada<\/strong><\/span><\/td><td style=\"height: 24px;\"><span style=\"font-size: 12pt;\">1 jour \/ Nuit<\/span><\/td><td style=\"height: 24px;\"><span style=\"font-size: 12pt;\">\u00c9TATS-UNIS<\/span><\/td><\/tr><tr style=\"height: 24px;\"><td style=\"height: 24px;\"><span style=\"font-size: 12pt;\"><strong>\u00c9TATS-UNIS<\/strong><\/span><\/td><td style=\"height: 24px;\"><span style=\"font-size: 12pt;\">1 jour \/ Nuit<\/span><\/td><td style=\"height: 24px;\"><span style=\"font-size: 12pt;\">\u00c9TATS-UNIS<\/span><\/td><\/tr><tr style=\"height: 48px;\"><td style=\"height: 48px;\"><span style=\"font-size: 12pt;\"><strong>Royaume-Uni<\/strong><\/span><\/td><td style=\"height: 48px;\"><span style=\"font-size: 12pt;\">1 jour \/ le jour m\u00eame (pr\u00e8s du bureau)<\/span><\/td><td style=\"height: 48px;\"><span style=\"font-size: 12pt;\">ROYAUME-UNI<\/span><\/td><\/tr><tr style=\"height: 48px;\"><td style=\"height: 48px;\"><span style=\"font-size: 12pt;\"><strong>Allemagne<\/strong><\/span><\/td><td style=\"height: 48px;\"><span style=\"font-size: 12pt;\">1 jour \/ le jour m\u00eame (pr\u00e8s du bureau)<\/span><\/td><td style=\"height: 48px;\"><span style=\"font-size: 12pt;\">Allemagne<\/span><\/td><\/tr><tr style=\"height: 24px;\"><td style=\"height: 24px;\"><span style=\"font-size: 12pt;\"><strong>Belgique<\/strong><\/span><\/td><td style=\"height: 24px;\"><span style=\"font-size: 12pt;\">1-3 jours<\/span><\/td><td style=\"height: 24px;\"><span style=\"font-size: 12pt;\">Royaume-Uni \/ Allemagne<\/span><\/td><\/tr><tr style=\"height: 24px;\"><td style=\"height: 24px;\"><span style=\"font-size: 12pt;\"><strong>Pays-Bas<\/strong><\/span><\/td><td style=\"height: 24px;\"><span style=\"font-size: 12pt;\">1-3 jours<\/span><\/td><td style=\"height: 24px;\"><span style=\"font-size: 12pt;\">Royaume-Uni \/ Allemagne<\/span><\/td><\/tr><tr style=\"height: 24px;\"><td style=\"height: 24px;\"><span style=\"font-size: 12pt;\"><strong>France \/ Italie<\/strong><\/span><\/td><td style=\"height: 24px;\"><span style=\"font-size: 12pt;\">1-3 jours<\/span><\/td><td style=\"height: 24px;\"><span style=\"font-size: 12pt;\">Royaume-Uni \/ Allemagne<\/span><\/td><\/tr><tr style=\"height: 24px;\"><td style=\"height: 24px;\"><span style=\"font-size: 12pt;\"><strong>Portugal<\/strong><\/span><\/td><td style=\"height: 24px;\"><span style=\"font-size: 12pt;\">1-3 jours<\/span><\/td><td style=\"height: 24px;\"><span style=\"font-size: 12pt;\">Royaume-Uni \/ Allemagne<\/span><\/td><\/tr><tr style=\"height: 24px;\"><td style=\"height: 24px;\"><span style=\"font-size: 12pt;\"><strong>Gr\u00e8ce<\/strong><\/span><\/td><td style=\"height: 24px;\"><span style=\"font-size: 12pt;\">1-3 jours<\/span><\/td><td style=\"height: 24px;\"><span style=\"font-size: 12pt;\">Royaume-Uni \/ Allemagne<\/span><\/td><\/tr><tr style=\"height: 24px;\"><td style=\"height: 24px;\"><span style=\"font-size: 12pt;\"><strong>Reste de l'Europe<\/strong><\/span><\/td><td style=\"height: 24px;\"><span style=\"font-size: 12pt;\">1-3 jours<\/span><\/td><td style=\"height: 24px;\"><span style=\"font-size: 12pt;\">Royaume-Uni \/ Allemagne<\/span><\/td><\/tr><tr style=\"height: 24px;\"><td style=\"height: 24px;\"><span style=\"font-size: 12pt;\"><strong>Australie<\/strong><\/span><\/td><td style=\"height: 24px;\"><span style=\"font-size: 12pt;\">3-4 jours<\/span><\/td><td style=\"height: 24px;\"><span style=\"font-size: 12pt;\">\u00c9TATS-UNIS<\/span><\/td><\/tr><tr style=\"height: 24px;\"><td style=\"height: 24px;\"><span style=\"font-size: 12pt;\"><strong>Nouvelle-Z\u00e9lande<\/strong><\/span><\/td><td style=\"height: 24px;\"><span style=\"font-size: 12pt;\">3-4 jours<\/span><\/td><td style=\"height: 24px;\"><span style=\"font-size: 12pt;\">\u00c9TATS-UNIS<\/span><\/td><\/tr><tr style=\"height: 24px;\"><td style=\"height: 24px;\"><span style=\"font-size: 12pt;\"><strong>Turquie<\/strong><\/span><\/td><td style=\"height: 24px;\"><span style=\"font-size: 12pt;\">3-5 jours<\/span><\/td><td style=\"height: 24px;\"><span style=\"font-size: 12pt;\">Allemagne<\/span><\/td><\/tr><tr style=\"height: 24px;\"><td style=\"height: 24px;\"><span style=\"font-size: 12pt;\"><strong>Russie<\/strong><\/span><\/td><td style=\"height: 24px;\"><span style=\"font-size: 12pt;\">3-5 jours<\/span><\/td><td style=\"height: 24px;\"><span style=\"font-size: 12pt;\">Allemagne<\/span><\/td><\/tr><tr style=\"height: 24px;\"><td style=\"height: 24px;\"><span style=\"font-size: 12pt;\"><strong>Asie<\/strong><\/span><\/td><td style=\"height: 24px;\"><span style=\"font-size: 12pt;\">3-5 jours<\/span><\/td><td style=\"height: 24px;\"><span style=\"font-size: 12pt;\">\u00c9tats-Unis \/ Allemagne<\/span><\/td><\/tr><tr style=\"height: 24px;\"><td style=\"height: 24px;\"><span style=\"font-size: 12pt;\"><strong>Afrique<\/strong><\/span><\/td><td style=\"height: 24px;\"><span style=\"font-size: 12pt;\">4-7 jours<\/span><\/td><td style=\"height: 24px;\"><span style=\"font-size: 12pt;\">\u00c9tats-Unis \/ Allemagne<\/span><\/td><\/tr><tr style=\"height: 48px;\"><td style=\"height: 48px;\"><span style=\"font-size: 12pt;\"><strong>Reste de l'Am\u00e9rique du Nord<\/strong><\/span><\/td><td style=\"height: 48px;\"><span style=\"font-size: 12pt;\">1-3 jours<\/span><\/td><td style=\"height: 48px;\"><span style=\"font-size: 12pt;\">\u00c9TATS-UNIS<\/span><\/td><\/tr><tr style=\"height: 48px;\"><td style=\"height: 48px;\"><span style=\"font-size: 12pt;\"><strong>Reste de l'Am\u00e9rique du Sud<\/strong><\/span><\/td><td style=\"height: 48px;\"><span style=\"font-size: 12pt;\">3-5 jours<\/span><\/td><td style=\"height: 48px;\"><span style=\"font-size: 12pt;\">\u00c9TATS-UNIS<\/span><\/td><\/tr><tr style=\"height: 48px;\"><td style=\"height: 48px;\"><span style=\"font-size: 12pt;\"><strong>Reste du monde<\/strong><\/span><\/td><td style=\"height: 48px;\"><span style=\"font-size: 12pt;\">3-7 jours<\/span><\/td><td style=\"height: 48px;\"><span style=\"font-size: 12pt;\">Bureau le plus proche (USA\/RU\/DE)<\/span><\/td><\/tr><\/tbody><\/table><p><span style=\"font-size: 12pt;\"><strong>Que dois-je faire si le num\u00e9ro de suivi que je re\u00e7ois ne fonctionne pas ?<\/strong><\/span><\/p><p><span style=\"font-size: 12pt;\">Nous veillons \u00e0 ce que nos alertes de livraison vous aident \u00e0 garder le contr\u00f4le de vos commandes. Si le num\u00e9ro de suivi ne fonctionne pas, nous vous recommandons d'essayer le suivi avec le num\u00e9ro de commande. Vous pouvez \u00e9galement contacter notre service client\u00e8le.<\/span><\/p><p><span style=\"font-size: 12pt;\"><strong>Que puis-je faire si je ne re\u00e7ois pas ma commande ?<\/strong><\/span><\/p><p><span style=\"font-size: 12pt;\">Si vous ne recevez pas votre commande \u00e0 la date pr\u00e9vue, cela peut signifier que votre commande est retard\u00e9e ou perdue. Vous pouvez contacter notre \u00e9quipe d'assistance pour conna\u00eetre l'emplacement exact de votre commande.<\/span><\/p><p><span style=\"font-size: 12pt;\"><strong>Que dois-je faire si je re\u00e7ois un article endommag\u00e9 ?<\/strong><\/span><\/p><p><span style=\"font-size: 12pt;\">You may write us by email or contact us by phone via WhatsApp \u00a0, indicate your item as damaged and upload a picture of the damaged item. Once your request is received, our delivery agent will pick up your package. Alternately, you could contact our customer service team.<\/span><\/p><p><span style=\"font-size: 12pt;\"><strong>Quels sont les droits et taxes applicables ?<\/strong><\/span><\/p><p><span style=\"font-size: 12pt;\">Les frais d'exp\u00e9dition pour les commandes internationales peuvent inclure des taxes internationales, des droits de douane et la taxe sur la valeur ajout\u00e9e. Au moment du paiement, le co\u00fbt final de la commande refl\u00e9tera certains de ces frais.<\/span><\/p><p><span style=\"font-size: 12pt;\"><strong>Comment puis-je retourner l'article ?<\/strong><\/span><\/p><p><span style=\"font-size: 12pt;\">Le retour d'un article est simple. Contactez le magasin par courriel ou par t\u00e9l\u00e9phone, indiquez un retour et t\u00e9l\u00e9chargez une photo de l'article que vous souhaitez retourner. Vous pouvez \u00e9galement choisir parmi les diff\u00e9rentes options de retour. Une fois votre demande re\u00e7ue, notre agent de livraison viendra chercher votre colis. Pour plus d'informations, lisez notre politique de retour.<\/span><\/p>\n\t\t\t\t\t<\/div>\n\t\t\t\t\t\t<\/div>\n\t\t\t\t<\/div>\n\t\t\t\t\t<\/div>\n\t\t\t\t<\/div>\n\t\t<div class=\"elementor-element elementor-element-ca29b3c e-flex e-con-boxed e-con e-parent\" data-id=\"ca29b3c\" data-element_type=\"container\" data-e-type=\"container\">\n\t\t\t\t\t<div class=\"e-con-inner\">\n\t\t\t\t<div class=\"elementor-element elementor-element-533e5d5 elementor-widget elementor-widget-wd_image_or_svg\" data-id=\"533e5d5\" data-element_type=\"widget\" data-e-type=\"widget\" data-widget_type=\"wd_image_or_svg.default\">\n\t\t\t\t<div class=\"elementor-widget-container\">\n\t\t\t\t\t\n\t\t<div class=\"wd-image text-left\">\n\t\t\t\t\t\t\t\t<img fetchpriority=\"high\" decoding=\"async\" width=\"1023\" height=\"1280\" src=\"https:\/\/bradmoney.com\/wp-content\/uploads\/2024\/03\/photo_2024-03-28_22-25-43-1.jpg\" class=\"attachment-full size-full\" alt=\"livraison de faux billets\" srcset=\"https:\/\/bradmoney.com\/wp-content\/uploads\/2024\/03\/photo_2024-03-28_22-25-43-1.jpg 1023w, https:\/\/bradmoney.com\/wp-content\/uploads\/2024\/03\/photo_2024-03-28_22-25-43-1-240x300.jpg 240w, https:\/\/bradmoney.com\/wp-content\/uploads\/2024\/03\/photo_2024-03-28_22-25-43-1-639x800.jpg 639w, https:\/\/bradmoney.com\/wp-content\/uploads\/2024\/03\/photo_2024-03-28_22-25-43-1-768x961.jpg 768w, https:\/\/bradmoney.com\/wp-content\/uploads\/2024\/03\/photo_2024-03-28_22-25-43-1-10x12.jpg 10w, https:\/\/bradmoney.com\/wp-content\/uploads\/2024\/03\/photo_2024-03-28_22-25-43-1-860x1076.jpg 860w, https:\/\/bradmoney.com\/wp-content\/uploads\/2024\/03\/photo_2024-03-28_22-25-43-1-430x538.jpg 430w, https:\/\/bradmoney.com\/wp-content\/uploads\/2024\/03\/photo_2024-03-28_22-25-43-1-700x876.jpg 700w, https:\/\/bradmoney.com\/wp-content\/uploads\/2024\/03\/photo_2024-03-28_22-25-43-1-150x188.jpg 150w\" sizes=\"(max-width: 1023px) 100vw, 1023px\" \/>\t\t\t\t\t<\/div>\n\n\t\t\t\t\t\t<\/div>\n\t\t\t\t<\/div>\n\t\t\t\t\t<\/div>\n\t\t\t\t<\/div>\n\t\t\t\t<\/div>","protected":false},"excerpt":{"rendered":"<p>Shipping Information At Bradmoney inc, we prioritize fast, secure, and reliable shipping to ensure a smooth experience for all our<\/p>","protected":false},"author":1,"featured_media":0,"parent":0,"menu_order":0,"comment_status":"closed","ping_status":"closed","template":"elementor_header_footer","meta":{"footnotes":""},"class_list":["post-15653","page","type-page","status-publish","hentry"],"_links":{"self":[{"href":"https:\/\/bradmoney.com\/fr\/wp-json\/wp\/v2\/pages\/15653","targetHints":{"allow":["GET"]}}],"collection":[{"href":"https:\/\/bradmoney.com\/fr\/wp-json\/wp\/v2\/pages"}],"about":[{"href":"https:\/\/bradmoney.com\/fr\/wp-json\/wp\/v2\/types\/page"}],"author":[{"embeddable":true,"href":"https:\/\/bradmoney.com\/fr\/wp-json\/wp\/v2\/users\/1"}],"replies":[{"embeddable":true,"href":"https:\/\/bradmoney.com\/fr\/wp-json\/wp\/v2\/comments?post=15653"}],"version-history":[{"count":0,"href":"https:\/\/bradmoney.com\/fr\/wp-json\/wp\/v2\/pages\/15653\/revisions"}],"wp:attachment":[{"href":"https:\/\/bradmoney.com\/fr\/wp-json\/wp\/v2\/media?parent=15653"}],"curies":[{"name":"wp","href":"https:\/\/api.w.org\/{rel}","templated":true}]}}