{"id":73,"date":"2023-06-19T06:26:00","date_gmt":"2023-06-19T06:26:00","guid":{"rendered":"https:\/\/www.bradfakemoney.com\/?post_type=product&#038;p=73"},"modified":"2026-01-23T16:49:53","modified_gmt":"2026-01-24T00:49:53","slug":"euro-e50-falso","status":"publish","type":"product","link":"https:\/\/bradmoney.com\/es_mx\/producto\/euro-e50-falso\/","title":{"rendered":"Euro falso 50"},"content":{"rendered":"<p data-start=\"477\" data-end=\"912\">Los billetes falsos de 50 euros son perfectos para una gran variedad de usos, incluyendo exposiciones, atrezo, pago de tasas, alquileres, facturas de electricidad y muchos m\u00e1s. El billete falso de 50 euros de Bradmoney establece un nuevo referente en la fabricaci\u00f3n de moneda falsa. Dise\u00f1ado con una meticulosa atenci\u00f3n al detalle, este billete ofrece un nivel de realismo sin igual, lo que lo hace pr\u00e1cticamente indistinguible del billete de 50 \u20ac real. Gracias al uso de una avanzada tecnolog\u00eda de impresi\u00f3n offset y a la aut\u00e9ntica textura de fibra de algod\u00f3n, cada billete tiene el mismo aspecto y tacto que la moneda oficial del Banco Central Europeo. <a id=\"Fake-euro-bills-for-sale\"><\/a><a href=\"https:\/\/bradmoney.com\/es_mx\/categoria-de-productos\/euro-falso\/\">Billetes falsos de euro a la venta<\/a><\/p>\n<p data-start=\"914\" data-end=\"1410\">Nuestra versi\u00f3n reproduce el billete de 50 euros de la serie Europa, el billete en euros de mayor circulaci\u00f3n. El billete muestra un arco de estilo renacentista en el anverso y un puente cl\u00e1sico en el reverso. Todos los elementos del dise\u00f1o, desde la microimpresi\u00f3n hasta los degradados de color, coinciden exactamente con el original. La combinaci\u00f3n de colores naranja quemado y ocre se reproduce fielmente, e incluso la banda hologr\u00e1fica, la tinta en relieve y las fibras reactivas a los rayos UV est\u00e1n integradas para mejorar el aspecto aut\u00e9ntico. Los euros est\u00e1n fabricados con tanta precisi\u00f3n que es casi imposible distinguir el euro original del euro de Bradmoney. <a id=\"Buy-realistic-50-euro-fake\"><\/a>Comprar billetes falsos realistas de 50 euros.<\/p>\n<p data-start=\"1412\" data-end=\"1754\">Este billete de euro falso realista incluye todas las caracter\u00edsticas de seguridad distintivas: una ventana transparente con el retrato, marca de agua, n\u00famero que cambia de color e hilo incrustado, cada uno de ellos cuidadosamente recreado para imitar al art\u00edculo aut\u00e9ntico. Bradmoney utiliza un m\u00e9todo de capas patentado para garantizar que estos elementos est\u00e9n alineados y den una sensaci\u00f3n de autenticidad al tacto y al escrutinio. Mejor <a href=\"https:\/\/bradmoney.com\/es_mx\/categoria-de-productos\/euro-falso\/\">billetes falsos de 50 euros<\/a> en toda Europa.<\/p>\n<p data-start=\"1756\" data-end=\"2104\">A diferencia de otros sitios web que ofrecen moneda falsa de mala calidad y sin consistencia, Bradmoney es conocido por producir billetes falsos de euro ultrarrealistas que van m\u00e1s all\u00e1 de la est\u00e9tica. Garantizamos la precisi\u00f3n dimensional, el gramaje del papel y el tratamiento antirreflejos de la superficie para que su billete falso de 50 \u20ac se integre perfectamente con el dinero leg\u00edtimo en cuanto a apariencia y tacto. <a id=\"Realistic-fake-euro\"><\/a>Dinero falso realista en euros<\/p>\n<h3 data-start=\"1981\" data-end=\"2026\">Caracter\u00edsticas principales del billete falso de 50 euros<\/h3>\n<ul data-start=\"2028\" data-end=\"2813\">\n<li data-start=\"2028\" data-end=\"2155\">\n<p data-start=\"2030\" data-end=\"2155\"><strong data-start=\"2030\" data-end=\"2054\">Apariencia aut\u00e9ntica<\/strong> \u2013 Id\u00e9nticos a los billetes de 50 \u20ac reales, con ventana hologr\u00e1fica, microtexto y elementos de seguridad transparentes.<\/p>\n<\/li>\n<li data-start=\"2156\" data-end=\"2262\">\n<p data-start=\"2158\" data-end=\"2262\"><strong data-start=\"2158\" data-end=\"2174\">Aprobado por cajero autom\u00e1tico<\/strong> \u2013 Probado en cajeros autom\u00e1ticos, m\u00e1quinas expendedoras y contadoras de dinero con un rendimiento impecable.<\/p>\n<\/li>\n<li data-start=\"2263\" data-end=\"2388\">\n<p data-start=\"2265\" data-end=\"2388\"><strong data-start=\"2265\" data-end=\"2298\">Ideal para transacciones medianas<\/strong> \u2013 Se utiliza habitualmente en supermercados, restaurantes, hoteles, taxis y compras minoristas.<\/p>\n<\/li>\n<li data-start=\"2389\" data-end=\"2490\">\n<p data-start=\"2391\" data-end=\"2490\"><strong data-start=\"2391\" data-end=\"2428\">Indetectable por los sistemas de detecci\u00f3n<\/strong> \u2013 Supera pruebas de luz ultravioleta, infrarrojos y magn\u00e9ticas.<\/p>\n<\/li>\n<li data-start=\"2491\" data-end=\"2586\">\n<p data-start=\"2493\" data-end=\"2586\"><strong data-start=\"2493\" data-end=\"2512\">Alta durabilidad<\/strong> \u2013 Impreso en papel especial de algod\u00f3n con textura euro y acabado t\u00e1ctil.<\/p>\n<\/li>\n<li data-start=\"2587\" data-end=\"2730\">\n<p data-start=\"2589\" data-end=\"2730\"><strong data-start=\"2589\" data-end=\"2609\">Se mezcla de forma natural<\/strong> \u2013 El billete de 50 euros es uno de los de mayor circulaci\u00f3n, lo que garantiza su f\u00e1cil uso en las transacciones cotidianas.<\/p>\n<\/li>\n<li data-start=\"2731\" data-end=\"2813\">\n<p data-start=\"2733\" data-end=\"2813\"><strong data-start=\"2733\" data-end=\"2754\">Seguro y discreto<\/strong> \u2013 Dise\u00f1ado para funcionar en la vida cotidiana sin levantar sospechas.<\/p>\n<\/li>\n<\/ul>\n<hr data-start=\"2815\" data-end=\"2818\" \/>\n<h3 data-start=\"2820\" data-end=\"2871\">\u00bfPor qu\u00e9 comprar billetes falsos de 50 euros en Bradmoney?<\/h3>\n<ul data-start=\"2873\" data-end=\"3293\">\n<li data-start=\"2873\" data-end=\"2968\">\n<p data-start=\"2875\" data-end=\"2968\">Cuenta con la confianza de clientes de todo el mundo por su calidad realista y sus caracter\u00edsticas indetectables.<\/p>\n<\/li>\n<li data-start=\"2969\" data-end=\"3042\">\n<p data-start=\"2971\" data-end=\"3042\">Denominaci\u00f3n perfecta tanto para gastos cotidianos peque\u00f1os como grandes.<\/p>\n<\/li>\n<li data-start=\"3043\" data-end=\"3124\">\n<p data-start=\"3045\" data-end=\"3124\">Euros falsos compatibles con cajeros autom\u00e1ticos que funcionan en cajeros y sistemas de pago.<\/p>\n<\/li>\n<li data-start=\"3125\" data-end=\"3200\">\n<p data-start=\"3127\" data-end=\"3200\">Billetes falsos de euro de la mejor calidad, duraderos y perfectamente utilizables.<\/p>\n<\/li>\n<li data-start=\"3201\" data-end=\"3293\">\n<p data-start=\"3203\" data-end=\"3293\"><a id=\"Best-fake-50-euro-bills-online\"><\/a>Los mejores billetes falsos de 50 euros online, que combinan valor comercial y dise\u00f1o realista.<\/p>\n<\/li>\n<\/ul>\n<p data-start=\"2106\" data-end=\"2421\">Ideales para su uso en supermercados, casinos, restaurantes, tiendas, pago de facturas e incluso en cajeros autom\u00e1ticos, nuestros billetes falsos de euro son inigualables en t\u00e9rminos de calidad y fiabilidad. Cuando necesite comprar dinero falso, busque dinero falso a la venta o fuente de <strong data-start=\"2320\" data-end=\"2347\"><a id=\"fake-euro-note-for-sale\"><\/a>venta de billetes de euro falsos<\/strong> que ofrece calidad profesional Bradmoney sigue siendo la opci\u00f3n n\u00famero 1. <a href=\"https:\/\/bradmoney.com\/es_mx\/acerca-de-nosotros\/\">Billete falso de 50 euros<\/a> A la venta online en la mejor tienda de dinero falso de toda Europa.<\/p>\n<p>&nbsp;<\/p>","protected":false},"excerpt":{"rendered":"<div class=\"description woocommerce-product-details__short-description\">\n<p>Compre billetes falsos de 50 euros con el mismo aspecto que el original. En Bradmoney Inc, los productos y servicios de calidad son nuestra m\u00e1xima prioridad. Uno de nuestros mejores <a id=\"fake-Euro-bills\"><\/a>Los billetes falsos de euro que producimos son de 50 euros.<\/p>\n<\/div>\n<div class=\"product_meta\"><\/div>","protected":false},"featured_media":77,"comment_status":"open","ping_status":"closed","template":"","meta":[],"product_brand":[],"product_cat":[20],"product_tag":[],"class_list":{"0":"post-73","1":"product","2":"type-product","3":"status-publish","4":"has-post-thumbnail","6":"product_cat-fake-euro","8":"first","9":"instock","10":"taxable","11":"shipping-taxable","12":"purchasable","13":"product-type-simple"},"_links":{"self":[{"href":"https:\/\/bradmoney.com\/es_mx\/wp-json\/wp\/v2\/product\/73","targetHints":{"allow":["GET"]}}],"collection":[{"href":"https:\/\/bradmoney.com\/es_mx\/wp-json\/wp\/v2\/product"}],"about":[{"href":"https:\/\/bradmoney.com\/es_mx\/wp-json\/wp\/v2\/types\/product"}],"replies":[{"embeddable":true,"href":"https:\/\/bradmoney.com\/es_mx\/wp-json\/wp\/v2\/comments?post=73"}],"version-history":[{"count":1,"href":"https:\/\/bradmoney.com\/es_mx\/wp-json\/wp\/v2\/product\/73\/revisions"}],"predecessor-version":[{"id":17823,"href":"https:\/\/bradmoney.com\/es_mx\/wp-json\/wp\/v2\/product\/73\/revisions\/17823"}],"wp:featuredmedia":[{"embeddable":true,"href":"https:\/\/bradmoney.com\/es_mx\/wp-json\/wp\/v2\/media\/77"}],"wp:attachment":[{"href":"https:\/\/bradmoney.com\/es_mx\/wp-json\/wp\/v2\/media?parent=73"}],"wp:term":[{"taxonomy":"product_brand","embeddable":true,"href":"https:\/\/bradmoney.com\/es_mx\/wp-json\/wp\/v2\/product_brand?post=73"},{"taxonomy":"product_cat","embeddable":true,"href":"https:\/\/bradmoney.com\/es_mx\/wp-json\/wp\/v2\/product_cat?post=73"},{"taxonomy":"product_tag","embeddable":true,"href":"https:\/\/bradmoney.com\/es_mx\/wp-json\/wp\/v2\/product_tag?post=73"}],"curies":[{"name":"wp","href":"https:\/\/api.w.org\/{rel}","templated":true}]}}