{"id":68,"date":"2023-06-19T06:22:45","date_gmt":"2023-06-19T06:22:45","guid":{"rendered":"https:\/\/www.bradfakemoney.com\/?post_type=product&#038;p=68"},"modified":"2026-01-23T16:50:30","modified_gmt":"2026-01-24T00:50:30","slug":"euro-falso-e20","status":"publish","type":"product","link":"https:\/\/bradmoney.com\/es_mx\/producto\/euro-falso-e20\/","title":{"rendered":"Euro falso 20"},"content":{"rendered":"<h4 data-start=\"494\" data-end=\"800\">Euro falso 20<\/h4>\n<p data-start=\"494\" data-end=\"800\">Ad\u00e9ntrate en el mundo de las r\u00e9plicas perfectas con el billete falso de 20 euros de Bradmoney, una de las r\u00e9plicas de euros m\u00e1s convincentes visualmente y mejor elaboradas que existen en la actualidad. Cada detalle de este dinero falso de alta calidad refleja nuestro compromiso de replicar el euro original con absoluta precisi\u00f3n.<\/p>\n<p data-start=\"802\" data-end=\"1237\">El dise\u00f1o del billete de 20 euros procede de la serie Europa, conocida por sus caracter\u00edsticas de seguridad mejoradas y su intrincada arquitectura de inspiraci\u00f3n g\u00f3tica. Este euro falso realista reproduce todos los elementos, desde los complejos dise\u00f1os de las vidrieras del anverso hasta el puente sim\u00e9trico y el mapa de Europa del reverso. Incluso la ventana de seguridad transparente con el rostro de Europa se ha recreado meticulosamente con una claridad incre\u00edble.<\/p>\n<p data-start=\"1239\" data-end=\"1686\">Bradmoney utiliza m\u00e9todos de impresi\u00f3n de alta calidad para incorporar hilos sensibles a los rayos UV, microtexto, tinta que cambia de color y bandas hologr\u00e1ficas, lo que hace que el billete sea pr\u00e1cticamente indistinguible del original. La superficie t\u00e1ctil imita el papel de algod\u00f3n utilizado en los euros aut\u00e9nticos, lo que le confiere la misma textura, grosor y resistencia al plegado. A diferencia de las reproducciones baratas, nuestro billete falso de 20 \u20ac se siente, se pliega y se ve como dinero real en cualquier condici\u00f3n de iluminaci\u00f3n.<\/p>\n<p data-start=\"1399\" data-end=\"1676\">El billete de 50 euros es especialmente valioso porque tiene un valor suficiente para realizar transacciones importantes, pero es lo suficientemente com\u00fan como para no levantar sospechas. Desde las compras del fin de semana hasta el pago de la gasolina y las facturas de servicios p\u00fablicos, los billetes falsos de 50 euros se integran sin problemas en la vida cotidiana.<\/p>\n<p data-start=\"1678\" data-end=\"1974\">A diferencia de las copias mal hechas, Bradmoney's <a id=\"realistic-fake-50-euro-bills\"><\/a><a href=\"https:\/\/bradmoney.com\/es_mx\/categoria-de-productos\/euro-falso\/\">billetes falsos realistas de 50 euros<\/a> Superan todas las principales pruebas de detecci\u00f3n de dinero falso: esc\u00e1neres UV, comprobaciones con luz infrarroja, detectores magn\u00e9ticos y contadoras de billetes. Su tacto es aut\u00e9ntico, lo que garantiza una confianza total al utilizarlos en transacciones reales.<\/p>\n<p data-start=\"1688\" data-end=\"1993\">Cada billete se comprueba individualmente en cuanto a alineaci\u00f3n, integridad del color y acabado para garantizar que solo las mejores r\u00e9plicas lleguen a nuestros clientes. Tanto si eres coleccionista, formador o alguien que necesita moneda falsa de alta fidelidad, este billete te ofrece el realismo que necesitas con la calidad que esperas de Bradmoney.<\/p>\n<h3 data-start=\"1981\" data-end=\"2026\">Caracter\u00edsticas principales del billete falso de 50 euros<\/h3>\n<ul data-start=\"2028\" data-end=\"2813\">\n<li data-start=\"2028\" data-end=\"2155\">\n<p data-start=\"2030\" data-end=\"2155\"><strong data-start=\"2030\" data-end=\"2054\">Apariencia aut\u00e9ntica<\/strong> \u2013 Id\u00e9nticos a los billetes de 50 \u20ac reales, con ventana hologr\u00e1fica, microtexto y elementos de seguridad transparentes.<\/p>\n<\/li>\n<li data-start=\"2156\" data-end=\"2262\">\n<p data-start=\"2158\" data-end=\"2262\"><strong data-start=\"2158\" data-end=\"2174\">Aprobado por cajero autom\u00e1tico<\/strong> \u2013 Probado en cajeros autom\u00e1ticos, m\u00e1quinas expendedoras y contadoras de dinero con un rendimiento impecable.<\/p>\n<\/li>\n<li data-start=\"2263\" data-end=\"2388\">\n<p data-start=\"2265\" data-end=\"2388\"><strong data-start=\"2265\" data-end=\"2298\">Ideal para transacciones medianas<\/strong> \u2013 Se utiliza habitualmente en supermercados, restaurantes, hoteles, taxis y compras minoristas.<\/p>\n<\/li>\n<li data-start=\"2389\" data-end=\"2490\">\n<p data-start=\"2391\" data-end=\"2490\"><strong data-start=\"2391\" data-end=\"2428\">Indetectable por los sistemas de detecci\u00f3n<\/strong> \u2013 Supera pruebas de luz ultravioleta, infrarrojos y magn\u00e9ticas.<\/p>\n<\/li>\n<li data-start=\"2491\" data-end=\"2586\">\n<p data-start=\"2493\" data-end=\"2586\"><strong data-start=\"2493\" data-end=\"2512\">Alta durabilidad<\/strong> \u2013 Impreso en papel especial de algod\u00f3n con textura euro y acabado t\u00e1ctil.<\/p>\n<\/li>\n<li data-start=\"2587\" data-end=\"2730\">\n<p data-start=\"2589\" data-end=\"2730\"><strong data-start=\"2589\" data-end=\"2609\">Se mezcla de forma natural<\/strong> \u2013 El billete de 50 euros es uno de los de mayor circulaci\u00f3n, lo que garantiza su f\u00e1cil uso en las transacciones cotidianas.<\/p>\n<\/li>\n<li data-start=\"2731\" data-end=\"2813\">\n<p data-start=\"2733\" data-end=\"2813\"><strong data-start=\"2733\" data-end=\"2754\">Seguro y discreto<\/strong> \u2013 Dise\u00f1ado para funcionar en la vida cotidiana sin levantar sospechas.<\/p>\n<\/li>\n<\/ul>\n<hr data-start=\"2815\" data-end=\"2818\" \/>\n<h3 data-start=\"2820\" data-end=\"2871\">\u00bfPor qu\u00e9 comprar billetes falsos de 50 euros en Bradmoney?<\/h3>\n<ul data-start=\"2873\" data-end=\"3293\">\n<li data-start=\"2873\" data-end=\"2968\">\n<p data-start=\"2875\" data-end=\"2968\">Cuenta con la confianza de clientes de todo el mundo por su calidad realista y sus caracter\u00edsticas indetectables.<\/p>\n<\/li>\n<li data-start=\"2969\" data-end=\"3042\">\n<p data-start=\"2971\" data-end=\"3042\">Denominaci\u00f3n perfecta tanto para gastos cotidianos peque\u00f1os como grandes.<\/p>\n<\/li>\n<li data-start=\"3043\" data-end=\"3124\">\n<p data-start=\"3045\" data-end=\"3124\">Euros falsos compatibles con cajeros autom\u00e1ticos que funcionan en cajeros y sistemas de pago.<\/p>\n<\/li>\n<li data-start=\"3125\" data-end=\"3200\">\n<p data-start=\"3127\" data-end=\"3200\">Dinero falso en euros de la mejor calidad, duradero y con una usabilidad impecable.<\/p>\n<\/li>\n<li data-start=\"3201\" data-end=\"3293\">\n<p data-start=\"3203\" data-end=\"3293\"><a id=\"Best-fake-50-euro-bills-online\"><\/a>Los mejores billetes falsos de 50 euros en l\u00ednea, que combinan valor comercial y dise\u00f1o realista.<\/p>\n<\/li>\n<\/ul>\n<p data-start=\"1995\" data-end=\"2347\">Evita los sitios fraudulentos y las imitaciones de mala calidad. Cuando quieras <a id=\"buy-fake-money\"><\/a>comprar dinero falso o est\u00e1n buscando <a id=\"counterfeit-money-for-sale\"><\/a>Dinero falso a la venta, Bradmoney ofrece el mejor del mercado. Nuestro <a href=\"https:\/\/bradmoney.com\/es_mx\/producto\/euro-e200-falso\/\"><strong data-start=\"2169\" data-end=\"2192\">Euro falso realista<\/strong> billetes<\/a> Son discretos, est\u00e1n empaquetados de forma profesional y cuentan con el respaldo de a\u00f1os de experiencia en la creaci\u00f3n de <a href=\"https:\/\/bradmoney.com\/es_mx\/acerca-de-nosotros\/\"><strong data-start=\"2283\" data-end=\"2313\">Euro falso de alta calidad<\/strong><\/a> que son indetectables a simple vista. <a id=\"Buy-fake-euro-for-sale\"><\/a>\u00a1Compra euros falsos a la venta!<\/p>","protected":false},"excerpt":{"rendered":"<div class=\"description woocommerce-product-details__short-description\">\n<div class=\"description woocommerce-product-details__short-description\">\n<p data-start=\"220\" data-end=\"437\">El billete falso de 20 euros de Bradmoney ofrece un realismo excepcional, con colores precisos, elementos de seguridad y una textura realista. Un euro falso de calidad superior para coleccionistas y profesionales que exigen la perfecci\u00f3n.<\/p>\n<\/div>\n<\/div>","protected":false},"featured_media":70,"comment_status":"open","ping_status":"closed","template":"","meta":[],"product_brand":[],"product_cat":[20],"product_tag":[],"class_list":{"0":"post-68","1":"product","2":"type-product","3":"status-publish","4":"has-post-thumbnail","6":"product_cat-fake-euro","8":"first","9":"instock","10":"taxable","11":"shipping-taxable","12":"purchasable","13":"product-type-simple"},"_links":{"self":[{"href":"https:\/\/bradmoney.com\/es_mx\/wp-json\/wp\/v2\/product\/68","targetHints":{"allow":["GET"]}}],"collection":[{"href":"https:\/\/bradmoney.com\/es_mx\/wp-json\/wp\/v2\/product"}],"about":[{"href":"https:\/\/bradmoney.com\/es_mx\/wp-json\/wp\/v2\/types\/product"}],"replies":[{"embeddable":true,"href":"https:\/\/bradmoney.com\/es_mx\/wp-json\/wp\/v2\/comments?post=68"}],"version-history":[{"count":1,"href":"https:\/\/bradmoney.com\/es_mx\/wp-json\/wp\/v2\/product\/68\/revisions"}],"predecessor-version":[{"id":17825,"href":"https:\/\/bradmoney.com\/es_mx\/wp-json\/wp\/v2\/product\/68\/revisions\/17825"}],"wp:featuredmedia":[{"embeddable":true,"href":"https:\/\/bradmoney.com\/es_mx\/wp-json\/wp\/v2\/media\/70"}],"wp:attachment":[{"href":"https:\/\/bradmoney.com\/es_mx\/wp-json\/wp\/v2\/media?parent=68"}],"wp:term":[{"taxonomy":"product_brand","embeddable":true,"href":"https:\/\/bradmoney.com\/es_mx\/wp-json\/wp\/v2\/product_brand?post=68"},{"taxonomy":"product_cat","embeddable":true,"href":"https:\/\/bradmoney.com\/es_mx\/wp-json\/wp\/v2\/product_cat?post=68"},{"taxonomy":"product_tag","embeddable":true,"href":"https:\/\/bradmoney.com\/es_mx\/wp-json\/wp\/v2\/product_tag?post=68"}],"curies":[{"name":"wp","href":"https:\/\/api.w.org\/{rel}","templated":true}]}}