{"id":31,"date":"2023-06-19T05:58:04","date_gmt":"2023-06-19T05:58:04","guid":{"rendered":"https:\/\/www.bradfakemoney.com\/?post_type=product&#038;p=31"},"modified":"2026-01-23T17:01:30","modified_gmt":"2026-01-24T01:01:30","slug":"dolar-australiano-falso-20","status":"publish","type":"product","link":"https:\/\/bradmoney.com\/es_mx\/producto\/dolar-australiano-falso-20\/","title":{"rendered":"D\u00f3lar australiano falso $20"},"content":{"rendered":"<p><a id=\"Buy-realistic-Fake-Australian-Dollar\"><\/a>Compre D\u00f3lar Australiano Falso $20 realista hecho con pol\u00edmero igual que los billetes originales. Perfectos para uso cotidiano o teatral. Nuestra moneda falsa parece y se siente incre\u00edblemente real, con detalles intrincados y caracter\u00edsticas de seguridad.<\/p>\n<p>Tanto si lo necesita para <a id=\"prop-money\"><\/a>dinero de utiler\u00eda , una broma, o simplemente para el uso diario en el pago de facturas y compra de art\u00edculos, nuestros billetes falsos de D\u00f3lar Australiano $20 son una opci\u00f3n ideal.<\/p>\n<p>Tenga en cuenta que estos billetes est\u00e1n pensados para todos los usos y pueden utilizarse en balnearios, hoteles, restaurantes, supermercados, tiendas, etc. en Australia y en cualquier lugar que acepte efectivo como forma de pago.<\/p>\n<p>Obtenga sus d\u00f3lares australianos falsos ahora y a\u00f1adir un poco de emoci\u00f3n a su evento de la vida . No pierda esta oportunidad de tener en sus manos moneda falsa de alta calidad. Haga su pedido hoy mismo y experimente la emoci\u00f3n de tener en sus manos dinero falso con el mismo aspecto que el aut\u00e9ntico.<\/p>","protected":false},"excerpt":{"rendered":"<div class=\"description woocommerce-product-details__short-description\">\n<div class=\"description\">\n<div class=\"description\">\n<p><a id=\"Buy-Counterfeit-Money\"><\/a>Buy Counterfeit Money That Looks Real Online. With Bradnotes Inc. , you can buy Counterfeit 20 Australian Dollar banknotes and have them delivered to Australia.<\/p>\n<\/div>\n<\/div>\n<\/div>","protected":false},"featured_media":32,"comment_status":"open","ping_status":"closed","template":"","meta":[],"product_brand":[],"product_cat":[17],"product_tag":[],"class_list":{"0":"post-31","1":"product","2":"type-product","3":"status-publish","4":"has-post-thumbnail","6":"product_cat-fake-australian-dollar","8":"first","9":"instock","10":"taxable","11":"shipping-taxable","12":"purchasable","13":"product-type-simple"},"_links":{"self":[{"href":"https:\/\/bradmoney.com\/es_mx\/wp-json\/wp\/v2\/product\/31","targetHints":{"allow":["GET"]}}],"collection":[{"href":"https:\/\/bradmoney.com\/es_mx\/wp-json\/wp\/v2\/product"}],"about":[{"href":"https:\/\/bradmoney.com\/es_mx\/wp-json\/wp\/v2\/types\/product"}],"replies":[{"embeddable":true,"href":"https:\/\/bradmoney.com\/es_mx\/wp-json\/wp\/v2\/comments?post=31"}],"version-history":[{"count":1,"href":"https:\/\/bradmoney.com\/es_mx\/wp-json\/wp\/v2\/product\/31\/revisions"}],"predecessor-version":[{"id":17834,"href":"https:\/\/bradmoney.com\/es_mx\/wp-json\/wp\/v2\/product\/31\/revisions\/17834"}],"wp:featuredmedia":[{"embeddable":true,"href":"https:\/\/bradmoney.com\/es_mx\/wp-json\/wp\/v2\/media\/32"}],"wp:attachment":[{"href":"https:\/\/bradmoney.com\/es_mx\/wp-json\/wp\/v2\/media?parent=31"}],"wp:term":[{"taxonomy":"product_brand","embeddable":true,"href":"https:\/\/bradmoney.com\/es_mx\/wp-json\/wp\/v2\/product_brand?post=31"},{"taxonomy":"product_cat","embeddable":true,"href":"https:\/\/bradmoney.com\/es_mx\/wp-json\/wp\/v2\/product_cat?post=31"},{"taxonomy":"product_tag","embeddable":true,"href":"https:\/\/bradmoney.com\/es_mx\/wp-json\/wp\/v2\/product_tag?post=31"}],"curies":[{"name":"wp","href":"https:\/\/api.w.org\/{rel}","templated":true}]}}