{"id":17126,"date":"2025-07-12T13:42:14","date_gmt":"2025-07-12T13:42:14","guid":{"rendered":"https:\/\/bradmoney.com\/?post_type=product&#038;p=17126"},"modified":"2025-07-15T04:54:44","modified_gmt":"2025-07-15T04:54:44","slug":"pesos-falsos","status":"publish","type":"product","link":"https:\/\/bradmoney.com\/es_mx\/producto\/pesos-falsos\/","title":{"rendered":"Pesos falsos"},"content":{"rendered":"<p data-start=\"315\" data-end=\"839\">Bradmoney se enorgullece de ofrecer <strong data-start=\"349\" data-end=\"405\">billetes de peso falsos muy detallados y espec\u00edficos de cada pa\u00eds<\/strong> disponibles. Nuestra colecci\u00f3n incluye <strong data-start=\"446\" data-end=\"469\">Pesos mexicanos (MXN)<\/strong>, <strong data-start=\"471\" data-end=\"496\">Pesos argentinos (ARS)<\/strong>y <strong data-start=\"502\" data-end=\"525\">Pesos chilenos (CLP)<\/strong>cada uno replicado con <strong data-start=\"548\" data-end=\"586\">elementos de seguridad precisos para cada pa\u00eds<\/strong> y obras de arte. Disponibles en una completa gama de denominaciones, entre ellas <strong data-start=\"658\" data-end=\"697\">20, 50, 100, 200, 500 y 1000 MXN<\/strong>, <strong data-start=\"699\" data-end=\"730\">100, 200, 500 y 1000 ARS<\/strong>y <strong data-start=\"736\" data-end=\"771\">1000, 2000, 5000 y 10000 CLP<\/strong>Estos billetes falsos son pr\u00e1cticamente id\u00e9nticos a los aut\u00e9nticos.<\/p>\n<p data-start=\"841\" data-end=\"1176\">Cada nota es <strong data-start=\"854\" data-end=\"895\">impresi\u00f3n de precisi\u00f3n con colores vivos<\/strong>, iconos hist\u00f3ricos, marcas de agua precisas y <strong data-start=\"940\" data-end=\"963\">Hilos reactivos a los rayos UV<\/strong>. La mezcla de papeles imita el tacto del algod\u00f3n aut\u00e9ntico o del pol\u00edmero utilizado en los billetes latinoamericanos. Son indetectables a la vista y <strong data-start=\"1090\" data-end=\"1140\">superan la mayor\u00eda de las pruebas est\u00e1ndar de detecci\u00f3n de falsificaciones<\/strong>, incluida la luz ultravioleta y las comprobaciones con bol\u00edgrafo. Pesos falsos en venta<\/p>\n<p data-start=\"1178\" data-end=\"1602\">Los profesionales de la industria cinematogr\u00e1fica y teatral, los formadores en materia de moneda, los educadores y los coleccionistas privados conf\u00edan en nuestra moneda Peso falsa. Tanto si necesita una <strong data-start=\"1336\" data-end=\"1379\">denominaci\u00f3n \u00fanica o un juego mixto a granel<\/strong>Estas notas se elaboran con <strong data-start=\"1410\" data-end=\"1431\">realismo incomparable<\/strong> y discreci\u00f3n. Cada dise\u00f1o incluye n\u00fameros de serie correctamente colocados, tiras met\u00e1licas, microtexto y una resoluci\u00f3n de imagen n\u00edtida, lo que los hace visual y t\u00e1cticamente impecables.<\/p>\n<p data-start=\"1604\" data-end=\"1891\">Bradmoney asegura <strong data-start=\"1622\" data-end=\"1653\">env\u00edos discretos a todo el mundo<\/strong>y cada pedido se empaqueta con absoluta confidencialidad. Si desea <strong data-start=\"1735\" data-end=\"1760\">comprar Pesos falsos online<\/strong> que se sienten y parecen dinero real, nuestra l\u00ednea Peso ofrece <strong data-start=\"1818\" data-end=\"1853\">r\u00e9plicas de divisas de \u00e9lite<\/strong> para m\u00faltiples pa\u00edses y casos de uso.<\/p>","protected":false},"excerpt":{"rendered":"<p>Compre Pesos falsos ultrarrealistas de M\u00e9xico, Argentina y Chile. Gama completa de denominaciones, elementos UV y detalles espec\u00edficos de cada pa\u00eds.<\/p>","protected":false},"featured_media":17206,"comment_status":"open","ping_status":"closed","template":"","meta":[],"product_brand":[],"product_cat":[101],"product_tag":[],"class_list":{"0":"post-17126","1":"product","2":"type-product","3":"status-publish","4":"has-post-thumbnail","6":"product_cat-fake-pesos","8":"first","9":"instock","10":"taxable","11":"shipping-taxable","12":"purchasable","13":"product-type-variable"},"_links":{"self":[{"href":"https:\/\/bradmoney.com\/es_mx\/wp-json\/wp\/v2\/product\/17126","targetHints":{"allow":["GET"]}}],"collection":[{"href":"https:\/\/bradmoney.com\/es_mx\/wp-json\/wp\/v2\/product"}],"about":[{"href":"https:\/\/bradmoney.com\/es_mx\/wp-json\/wp\/v2\/types\/product"}],"replies":[{"embeddable":true,"href":"https:\/\/bradmoney.com\/es_mx\/wp-json\/wp\/v2\/comments?post=17126"}],"version-history":[{"count":0,"href":"https:\/\/bradmoney.com\/es_mx\/wp-json\/wp\/v2\/product\/17126\/revisions"}],"wp:featuredmedia":[{"embeddable":true,"href":"https:\/\/bradmoney.com\/es_mx\/wp-json\/wp\/v2\/media\/17206"}],"wp:attachment":[{"href":"https:\/\/bradmoney.com\/es_mx\/wp-json\/wp\/v2\/media?parent=17126"}],"wp:term":[{"taxonomy":"product_brand","embeddable":true,"href":"https:\/\/bradmoney.com\/es_mx\/wp-json\/wp\/v2\/product_brand?post=17126"},{"taxonomy":"product_cat","embeddable":true,"href":"https:\/\/bradmoney.com\/es_mx\/wp-json\/wp\/v2\/product_cat?post=17126"},{"taxonomy":"product_tag","embeddable":true,"href":"https:\/\/bradmoney.com\/es_mx\/wp-json\/wp\/v2\/product_tag?post=17126"}],"curies":[{"name":"wp","href":"https:\/\/api.w.org\/{rel}","templated":true}]}}