{"id":16883,"date":"2024-12-16T07:02:25","date_gmt":"2024-12-16T07:02:25","guid":{"rendered":"https:\/\/bradmoney.com\/?post_type=product&#038;p=16883"},"modified":"2025-06-16T07:48:53","modified_gmt":"2025-06-16T07:48:53","slug":"rublos-rusos","status":"publish","type":"product","link":"https:\/\/bradmoney.com\/es_mx\/producto\/rublos-rusos\/","title":{"rendered":"Rublos rusos falsos"},"content":{"rendered":"<h2>\u00a0<strong>Descripciones exclusivas de los billetes en rublos rusos de Bradmoney<\/strong><\/h2>\n<p>Bradmoney ahora produce los mejores rublos rusos falsos en el mundo de hoy . Aqu\u00ed , tenemos rublos rusos falsos para la venta . \u00bfSe pregunta d\u00f3nde comprar rublos rusos falsos? Comprar dinero falso ahora<\/p>\n<h4><strong>\u00a050 rublos<\/strong><\/h4>\n<p><strong>dise\u00f1o<\/strong>: El billete de 50 rublos muestra las Columnas Rostrales de San Petersburgo, s\u00edmbolo de la historia naval de Rusia, con la Fortaleza de Pedro y Pablo en el reverso, que subraya su importancia arquitect\u00f3nica.<br \/>\n<strong>Funciones de seguridad<\/strong>: Este billete incluye una marca de agua de Pedro el Grande, un hilo de seguridad incrustado con microtexto y elementos visibles bajo luz ultravioleta. Tambi\u00e9n presenta impresi\u00f3n en relieve para verificaci\u00f3n t\u00e1ctil, una imagen latente y tinta que cambia de color para evitar falsificaciones. Otros detalles son el microtexto y los elementos hologr\u00e1ficos que cambian al mirarlos desde distintos \u00e1ngulos.<\/p>\n<h4>100 rublos<\/h4>\n<p><strong>dise\u00f1o<\/strong>: Este billete est\u00e1 adornado con el Teatro Bolshoi, sello distintivo de la cultura rusa, con la cuadriga de Apolo en el reverso, s\u00edmbolo de la excelencia art\u00edstica.<br \/>\n<strong>Funciones de seguridad<\/strong>: El billete de 100 rublos contiene una banda de seguridad hologr\u00e1fica, una marca de agua de la cuadriga y tinta que cambia de color. Tambi\u00e9n presenta microimpresi\u00f3n, una banda iridiscente y fibras UV-visibles. La impresi\u00f3n en relieve y las im\u00e1genes latentes mejoran la experiencia t\u00e1ctil y la seguridad.<\/p>\n<h4>\u00a0200 rublos<\/h4>\n<p><strong>dise\u00f1o<\/strong>: El anverso muestra el monumento a los buques hundidos en Sebastopol, y el reverso, el Chersonesos t\u00e1urico, que refleja la importancia hist\u00f3rica de Crimea.<br \/>\n<strong>Funciones de seguridad<\/strong>: Este billete presenta un hilo de seguridad din\u00e1mico, una marca de agua de un velero y microtexto. Las fibras de seguridad UV y los elementos que cambian de color aseguran a\u00fan m\u00e1s el billete contra la falsificaci\u00f3n. La impresi\u00f3n en relieve y los efectos hologr\u00e1ficos realzan los elementos de seguridad t\u00e1ctiles y visuales del billete.<\/p>\n<h4>500 rublos<\/h4>\n<p><strong>dise\u00f1o<\/strong>: El billete de 500 rublos representa la catedral del Arc\u00e1ngel de Arkhangelsk, destacando el patrimonio religioso de Rusia, con un velero en el reverso, resaltando la historia mar\u00edtima.<br \/>\n<strong>Funciones de seguridad<\/strong>: Este billete incluye una marca de agua del Arc\u00e1ngel Miguel, un hilo de seguridad con microtexto e im\u00e1genes latentes. Tambi\u00e9n incorpora tinta que cambia de color, impresi\u00f3n en relieve y elementos UV visibles. El microtexto y los efectos hologr\u00e1ficos aumentan la seguridad general del billete.<\/p>\n<h4>1.000 rublos<\/h4>\n<p><strong>dise\u00f1o<\/strong>: El billete, que representa a Yaroslav el Sabio en Yaroslavl, destaca la importancia hist\u00f3rica, con la iglesia de San Juan Bautista en el reverso, que muestra el patrimonio arquitect\u00f3nico.<br \/>\n<strong>Funciones de seguridad<\/strong>: Incorpora una banda de seguridad hologr\u00e1fica, una marca de agua de Yaroslav y un n\u00famero que cambia de color. El microtexto, los elementos de seguridad visibles bajo luz ultravioleta y la impresi\u00f3n en relieve garantizan la autenticidad e impiden la falsificaci\u00f3n. Los elementos hologr\u00e1ficos y las im\u00e1genes latentes proporcionan seguridad adicional.<\/p>\n<h4>2,000 rublos<\/h4>\n<p><strong>dise\u00f1o<\/strong>: El anverso del billete muestra el puente Russky de Vladivostok y el reverso el cosm\u00f3dromo de Vostochny, s\u00edmbolo de los avances de Rusia en la exploraci\u00f3n espacial.<br \/>\n<strong>Funciones de seguridad<\/strong>: Equipado con un hilo de seguridad din\u00e1mico, una marca de agua del puente y microimpresi\u00f3n, este billete tambi\u00e9n incluye fibras de seguridad UV, elementos que cambian de color e impresi\u00f3n en relieve. Los elementos hologr\u00e1ficos y las im\u00e1genes latentes refuerzan la seguridad del billete.<\/p>\n<h4>5,000 rublos<\/h4>\n<p><strong>dise\u00f1o<\/strong>: El billete de 5.000 rublos rinde homenaje a Nikolay Muravyov-Amursky en Khabarovsk, con el pintoresco r\u00edo Amur representado en el reverso, destacando la belleza natural.<br \/>\n<strong>Funciones de seguridad<\/strong>: Este billete contiene una banda de seguridad hologr\u00e1fica, una marca de agua de Muravyov-Amursky y microtexto. Las fibras visibles UV, la tinta que cambia de color y la impresi\u00f3n en relieve aumentan su seguridad y autenticidad. Los elementos hologr\u00e1ficos y las im\u00e1genes latentes proporcionan una protecci\u00f3n adicional.<\/p>\n<p>Cada denominaci\u00f3n de los billetes en rublos rusos de Bradmoney combina un dise\u00f1o exquisito con elementos de seguridad avanzados, garantizando tanto el atractivo est\u00e9tico como una s\u00f3lida protecci\u00f3n en cada transacci\u00f3n. Compre rublos rusos falsos hoy mismo<\/p>","protected":false},"excerpt":{"rendered":"<p>Bradmoney tiene los mejores rublos rusos falsos en el mundo de hoy que se puede utilizar en todos los lugares en la compra de bienes y servicios pueden ser introducidos en los cajeros autom\u00e1ticos<\/p>","protected":false},"featured_media":16890,"comment_status":"open","ping_status":"closed","template":"","meta":[],"product_brand":[],"product_cat":[99],"product_tag":[],"class_list":{"0":"post-16883","1":"product","2":"type-product","3":"status-publish","4":"has-post-thumbnail","6":"product_cat-fake-russian-rubles","8":"first","9":"instock","10":"taxable","11":"shipping-taxable","12":"purchasable","13":"product-type-variable"},"_links":{"self":[{"href":"https:\/\/bradmoney.com\/es_mx\/wp-json\/wp\/v2\/product\/16883","targetHints":{"allow":["GET"]}}],"collection":[{"href":"https:\/\/bradmoney.com\/es_mx\/wp-json\/wp\/v2\/product"}],"about":[{"href":"https:\/\/bradmoney.com\/es_mx\/wp-json\/wp\/v2\/types\/product"}],"replies":[{"embeddable":true,"href":"https:\/\/bradmoney.com\/es_mx\/wp-json\/wp\/v2\/comments?post=16883"}],"version-history":[{"count":0,"href":"https:\/\/bradmoney.com\/es_mx\/wp-json\/wp\/v2\/product\/16883\/revisions"}],"wp:featuredmedia":[{"embeddable":true,"href":"https:\/\/bradmoney.com\/es_mx\/wp-json\/wp\/v2\/media\/16890"}],"wp:attachment":[{"href":"https:\/\/bradmoney.com\/es_mx\/wp-json\/wp\/v2\/media?parent=16883"}],"wp:term":[{"taxonomy":"product_brand","embeddable":true,"href":"https:\/\/bradmoney.com\/es_mx\/wp-json\/wp\/v2\/product_brand?post=16883"},{"taxonomy":"product_cat","embeddable":true,"href":"https:\/\/bradmoney.com\/es_mx\/wp-json\/wp\/v2\/product_cat?post=16883"},{"taxonomy":"product_tag","embeddable":true,"href":"https:\/\/bradmoney.com\/es_mx\/wp-json\/wp\/v2\/product_tag?post=16883"}],"curies":[{"name":"wp","href":"https:\/\/api.w.org\/{rel}","templated":true}]}}