{"id":104,"date":"2023-06-19T06:47:35","date_gmt":"2023-06-19T06:47:35","guid":{"rendered":"https:\/\/www.bradfakemoney.com\/?post_type=product&#038;p=104"},"modified":"2025-06-25T14:44:05","modified_gmt":"2025-06-25T14:44:05","slug":"nzd-10-billetes","status":"publish","type":"product","link":"https:\/\/bradmoney.com\/es_mx\/producto\/nzd-10-billetes\/","title":{"rendered":"D\u00f3lar neozeland\u00e9s falso $10"},"content":{"rendered":"<h2>Buy Fake New Zealand Dollar Online<\/h2>\n<p>Para aclararnos, \u00bflo que parece no es lo que es? Algunas cosas son muy diferentes de su aspecto y encontrar\u00e1 su comportamiento totalmente opuesto. Producimos dinero falso para la venta bajo la supervisi\u00f3n de notables expertos para omitir los errores. Puede comprar dinero falso s\u00f3lo para vivir su vida en los t\u00e9rminos y condiciones que decida en los pr\u00f3ximos a\u00f1os. Eche un vistazo a nuestras caracter\u00edsticas espec\u00edficas de producci\u00f3n:-<\/p>\n<p>1. Estamos realizando este trabajo bajo los criterios legales que deben seguir nuestros clientes para comprar los billetes de denominaci\u00f3n de <a href=\"https:\/\/bradmoney.com\/es_mx\/categoria-de-productos\/dolar-neozelandes-falso\/\">D\u00f3lar neozeland\u00e9s falso<\/a> from us.<\/p>\n<p>2. Encontrar\u00e1 especificaciones exclusivas en nuestra calidad de producci\u00f3n de billetes de pol\u00edmero, impresos por ambas caras y con el mismo aspecto que los aut\u00e9nticos en cuanto a longitud y grosor tambi\u00e9n.<\/p>\n<p>3. Comprar d\u00f3lares falsos de Nueva Zelanda con nuestros billetes de calidad avanzada y nuestros billetes falsos de aspecto real puede pagar toda la carga monetaria innecesaria de diversos pr\u00e9stamos o dinero prestado en inter\u00e9s, etc. Nuestro equipo de producci\u00f3n centrado no dio ninguna oportunidad de problemas de falsificaci\u00f3n a nuestros valiosos clientes.<\/p>\n<h3>where to use our fake NZD ?<\/h3>\n<p>NZD Bills are widely circulated across all cities of New Zealand. It is obvious that the security features of this banknote are challenging to replicate. Everything from paper quality to a printing technique is precisely accurate with no scope for loopholes. But our team has studied the process of minting in detail to ensure nothing is missed out. We use the latest machinery to craft the most authentic form of counterfeit Fake New Zealand Dollar for sale. Buy Fake dollar.<\/p>\n<p>Algunas de las principales caracter\u00edsticas de nuestros billetes son:<\/p>\n<ul>\n<li aria-level=\"1\">Firm and crisp paper that appears raised in some parts<\/li>\n<li aria-level=\"1\">Denominaci\u00f3n del billete reflejada en la marca de agua, el hilo de seguridad y el holograma<\/li>\n<li aria-level=\"1\">Hilo conductor de la nota<\/li>\n<li aria-level=\"1\">N\u00fameros de serie \u00fanicos<\/li>\n<li aria-level=\"1\">Peculiar patr\u00f3n de constelaci\u00f3n EURion, muy dif\u00edcil de falsificar<\/li>\n<li aria-level=\"1\">C\u00f3digos de barras visibles bajo la luz<\/li>\n<\/ul>","protected":false},"excerpt":{"rendered":"<div class=\"description woocommerce-product-details__short-description\">\n<p>Compre d\u00f3lares neozelandeses falsos en l\u00ednea en Bradmoney Inc. y pague sus facturas en Nueva Zelanda. Los billetes falsos de d\u00f3lares neozelandeses circulan ampliamente por todas las ciudades de Nueva Zelanda.<\/p>\n<\/div>","protected":false},"featured_media":106,"comment_status":"open","ping_status":"closed","template":"","meta":[],"product_brand":[],"product_cat":[24],"product_tag":[],"class_list":{"0":"post-104","1":"product","2":"type-product","3":"status-publish","4":"has-post-thumbnail","6":"product_cat-fake-new-zealand-dollar","8":"first","9":"instock","10":"taxable","11":"shipping-taxable","12":"purchasable","13":"product-type-simple"},"_links":{"self":[{"href":"https:\/\/bradmoney.com\/es_mx\/wp-json\/wp\/v2\/product\/104","targetHints":{"allow":["GET"]}}],"collection":[{"href":"https:\/\/bradmoney.com\/es_mx\/wp-json\/wp\/v2\/product"}],"about":[{"href":"https:\/\/bradmoney.com\/es_mx\/wp-json\/wp\/v2\/types\/product"}],"replies":[{"embeddable":true,"href":"https:\/\/bradmoney.com\/es_mx\/wp-json\/wp\/v2\/comments?post=104"}],"version-history":[{"count":0,"href":"https:\/\/bradmoney.com\/es_mx\/wp-json\/wp\/v2\/product\/104\/revisions"}],"wp:featuredmedia":[{"embeddable":true,"href":"https:\/\/bradmoney.com\/es_mx\/wp-json\/wp\/v2\/media\/106"}],"wp:attachment":[{"href":"https:\/\/bradmoney.com\/es_mx\/wp-json\/wp\/v2\/media?parent=104"}],"wp:term":[{"taxonomy":"product_brand","embeddable":true,"href":"https:\/\/bradmoney.com\/es_mx\/wp-json\/wp\/v2\/product_brand?post=104"},{"taxonomy":"product_cat","embeddable":true,"href":"https:\/\/bradmoney.com\/es_mx\/wp-json\/wp\/v2\/product_cat?post=104"},{"taxonomy":"product_tag","embeddable":true,"href":"https:\/\/bradmoney.com\/es_mx\/wp-json\/wp\/v2\/product_tag?post=104"}],"curies":[{"name":"wp","href":"https:\/\/api.w.org\/{rel}","templated":true}]}}