{"id":16847,"date":"2024-11-07T20:57:03","date_gmt":"2024-11-07T20:57:03","guid":{"rendered":"https:\/\/bradmoney.com\/?page_id=16847"},"modified":"2024-11-08T06:39:03","modified_gmt":"2024-11-08T06:39:03","slug":"reunion-cara-a-cara","status":"publish","type":"page","link":"https:\/\/bradmoney.com\/es_mx\/reunion-cara-a-cara\/","title":{"rendered":"Encuentro presencial"},"content":{"rendered":"<h5>Reuni\u00f3n presencial para compradores de grandes cantidades<\/h5>\n<h5>En Bradmoney Inc. sabemos que algunas compras requieren m\u00e1s confianza y discreci\u00f3n. Si usted es un comprador serio que desea comprar grandes cantidades de dinero falso, le ofrecemos un encuentro cara a cara. Esto es para compradores serios y genuinos que buscan comprar grandes cantidades de <a href=\"https:\/\/bradmoney.com\/es_mx\/tienda\/\">dinero falso de alta calidad<\/a> y nos ocuparemos de todo con profesionalidad.<\/h5>\n<h5>Para los clientes que desean comprar grandes cantidades de dinero falso, sabemos que es importante establecer la confianza en el producto. Una reuni\u00f3n cara a cara nos permite:<\/h5>\n<ul>\n<li>\n<h5><strong>Verificar la autenticidad y la calidad<\/strong>: Vea el producto en persona e inspeccione la calidad de nuestra r\u00e9plica de dinero para asegurarse de que cumple con sus est\u00e1ndares.<\/h5>\n<\/li>\n<li>\n<h5><strong>Discutir los detalles de la transacci\u00f3n<\/strong>: Repase cualquier requisito espec\u00edfico, cantidades, plazos de entrega u opciones de personalizaci\u00f3n. Intercambio seguro y discreto: Facilite el intercambio seguro y discreto de mercanc\u00edas en un entorno controlado.<\/h5>\n<\/li>\n<li>\n<h5><strong>Servicio personal<\/strong>: Obtenga atenci\u00f3n personalizada de un t\u00e9cnico especializado en la producci\u00f3n de dinero falso.<\/h5>\n<\/li>\n<\/ul>\n<h5>S\u00f3lo para compradores serios Debido a la naturaleza de este servicio, s\u00f3lo permitimos reuniones cara a cara con compradores serios que deseen comprar grandes cantidades aut\u00e9nticas. Esto es para los clientes que est\u00e1n comprometidos a completar la transacci\u00f3n y tienen un inter\u00e9s real en la compra de grandes cantidades de dinero falso. Valoramos nuestro tiempo por lo que s\u00f3lo los clientes que est\u00e1n dispuestos a proceder con la transacci\u00f3n ser\u00e1n considerados para reuniones en persona.<\/h5>\n<h5>Lugar neutral de la reuni\u00f3n Para garantizar la seguridad y comodidad de ambas partes, todas las reuniones cara a cara se celebrar\u00e1n en un lugar neutral acordado de antemano entre el cliente y nuestro t\u00e9cnico experimentado. Este lugar ser\u00e1 c\u00f3modo para ambas partes y seguro, un entorno profesional para el intercambio.<\/h5>\n<h5>C\u00f3mo reservar una reuni\u00f3n<\/h5>\n<h5>Si desea reservar una reuni\u00f3n cara a cara, cont\u00e1ctenos para analizar sus requisitos y los detalles de compra. Una vez que hayamos verificado su seriedad y la cantidad de su compra concertaremos hora y lugar para la reuni\u00f3n. Nuestro equipo se encargar\u00e1 de todo de forma profesional y segura.<\/h5>\n<h5>Confidencialidad y seguridad: Nos tomamos muy en serio la confidencialidad. Todas las reuniones son privadas y hacemos todo lo posible para que ambas partes se sientan c\u00f3modas durante toda la transacci\u00f3n. Su privacidad y seguridad es nuestra prioridad n\u00famero uno.<\/h5>","protected":false},"excerpt":{"rendered":"<p>Face-to-Face Meet-Up for Large Quantity Buyers At Bradmoney Inc. we know some purchases require more trust and discretion. If you<\/p>","protected":false},"author":1,"featured_media":0,"parent":0,"menu_order":0,"comment_status":"open","ping_status":"closed","template":"","meta":{"footnotes":""},"class_list":["post-16847","page","type-page","status-publish","hentry"],"_links":{"self":[{"href":"https:\/\/bradmoney.com\/es_mx\/wp-json\/wp\/v2\/pages\/16847","targetHints":{"allow":["GET"]}}],"collection":[{"href":"https:\/\/bradmoney.com\/es_mx\/wp-json\/wp\/v2\/pages"}],"about":[{"href":"https:\/\/bradmoney.com\/es_mx\/wp-json\/wp\/v2\/types\/page"}],"author":[{"embeddable":true,"href":"https:\/\/bradmoney.com\/es_mx\/wp-json\/wp\/v2\/users\/1"}],"replies":[{"embeddable":true,"href":"https:\/\/bradmoney.com\/es_mx\/wp-json\/wp\/v2\/comments?post=16847"}],"version-history":[{"count":0,"href":"https:\/\/bradmoney.com\/es_mx\/wp-json\/wp\/v2\/pages\/16847\/revisions"}],"wp:attachment":[{"href":"https:\/\/bradmoney.com\/es_mx\/wp-json\/wp\/v2\/media?parent=16847"}],"curies":[{"name":"wp","href":"https:\/\/api.w.org\/{rel}","templated":true}]}}