{"id":61,"date":"2023-06-19T06:18:03","date_gmt":"2023-06-19T06:18:03","guid":{"rendered":"https:\/\/www.bradfakemoney.com\/?post_type=product&#038;p=61"},"modified":"2026-01-23T16:51:37","modified_gmt":"2026-01-24T00:51:37","slug":"euro-e10-falso","status":"publish","type":"product","link":"https:\/\/bradmoney.com\/es\/producto\/euro-e10-falso\/","title":{"rendered":"Euro falso 10"},"content":{"rendered":"<h4><\/h4>\n<p data-start=\"504\" data-end=\"874\">Bradmoney se enorgullece de presentar el billete falso de 10 euros, una r\u00e9plica elaborada por expertos que imita la moneda aut\u00e9ntica en casi todos los aspectos visuales y t\u00e1ctiles. Dise\u00f1ado con precisi\u00f3n, este dinero falso est\u00e1 pensado para pasar incluso las inspecciones visuales m\u00e1s minuciosas gracias a sus detalles impecables, materiales realistas y tecnolog\u00eda de impresi\u00f3n de alta resoluci\u00f3n. <a id=\"High-quality-fake-euro-10-bills\"><\/a>Billetes falsos de 10 euros de alta calidad<\/p>\n<p data-start=\"876\" data-end=\"1249\">Cada billete falso de 10 euros de Bradmoney presenta todas las caracter\u00edsticas de la segunda generaci\u00f3n de la serie Europa: desde los intrincados dise\u00f1os arquitect\u00f3nicos inspirados en los estilos rom\u00e1nicos hasta la ventana de seguridad transparente y la banda hologr\u00e1fica. El anverso del billete muestra el ic\u00f3nico motivo del arco, mientras que el reverso presenta un dise\u00f1o din\u00e1mico de puente, igual que el aut\u00e9ntico.<\/p>\n<p data-start=\"1251\" data-end=\"1713\">Lo que distingue a este euro falso realista es la textura en relieve de la tinta, la paleta de colores precisa, las fibras reactivas a los rayos UV y la marca de agua incrustada, todo ello reproducido a la perfecci\u00f3n. El tacto es id\u00e9ntico al del billete original de algod\u00f3n, con las dimensiones y la durabilidad correctas. Incluso el hilo de seguridad, las microletras y el retrato hologr\u00e1fico de Europa se han reproducido fielmente, lo que lo convierte en uno de los billetes falsos de 10 euros m\u00e1s avanzados que existen en la actualidad. <a id=\"Realistic-counterfeit-euro-for-sale\"><\/a><a href=\"http:\/\/bradmoney.com\/es\/\">Euro falso realista a la venta<\/a><\/p>\n<p data-start=\"1715\" data-end=\"2159\">Nuestro <a href=\"https:\/\/bradmoney.com\/es\/categoria-de-productos\/euro-falso\/\">Billetes falsos de euro de alta calidad<\/a> son perfectos. A diferencia de las falsificaciones de baja calidad, nuestros <a id=\"fake-10-euro-bills\"><\/a>Los billetes falsos de 10 euros superan todos los m\u00e9todos de detecci\u00f3n est\u00e1ndar, incluyendo la luz ultravioleta, el escaneo infrarrojo y los controles magn\u00e9ticos. Funcionan perfectamente en cajeros autom\u00e1ticos, m\u00e1quinas expendedoras, cajas registradoras y esc\u00e1neres de supermercados, lo que los convierte en la opci\u00f3n ideal para quienes necesitan billetes falsos de euros fiables e indetectables.<\/p>\n<p data-start=\"1715\" data-end=\"2159\">Bradmoney se asegura de que cada billete cumpla con nuestros altos est\u00e1ndares antes de su env\u00edo, garantizando la consistencia y la calidad en cada paquete. No se trata de la t\u00edpica imitaci\u00f3n de baja calidad que se encuentra en otros sitios. Hacemos todo lo posible para garantizar que cada billete falso de euro a la venta sea lo m\u00e1s realista posible.<\/p>\n<h3 data-start=\"1281\" data-end=\"1326\">Caracter\u00edsticas principales del billete falso de 10 euros<\/h3>\n<ul data-start=\"1328\" data-end=\"2081\">\n<li data-start=\"1328\" data-end=\"1435\">\n<p data-start=\"1330\" data-end=\"1435\"><strong data-start=\"1330\" data-end=\"1355\">Aspecto y sensaci\u00f3n aut\u00e9nticos<\/strong> \u2013 Coincide con los 10 EUR genuinos con hologramas, hilos de seguridad y microtexto.<\/p>\n<\/li>\n<li data-start=\"1436\" data-end=\"1529\">\n<p data-start=\"1438\" data-end=\"1529\"><strong data-start=\"1438\" data-end=\"1456\">Compatible con cajeros autom\u00e1ticos<\/strong> \u2013 Los dep\u00f3sitos y retiros se pueden realizar sin problemas a trav\u00e9s de los cajeros autom\u00e1ticos bancarios.<\/p>\n<\/li>\n<li data-start=\"1530\" data-end=\"1670\">\n<p data-start=\"1532\" data-end=\"1670\"><strong data-start=\"1532\" data-end=\"1554\">Usabilidad cotidiana<\/strong> \u2013 \u00daselo con confianza en supermercados, m\u00e1quinas expendedoras, transporte p\u00fablico, gasolineras y peque\u00f1os comercios.<\/p>\n<\/li>\n<li data-start=\"1671\" data-end=\"1771\">\n<p data-start=\"1673\" data-end=\"1771\"><strong data-start=\"1673\" data-end=\"1704\">Indetectable bajo los esc\u00e1neres<\/strong> \u2013 Supera sin problemas las pruebas de rayos UV, infrarrojos y cajeros autom\u00e1ticos.<\/p>\n<\/li>\n<li data-start=\"1772\" data-end=\"1884\">\n<p data-start=\"1774\" data-end=\"1884\"><strong data-start=\"1774\" data-end=\"1799\">Calidad de papel duradero<\/strong> \u2013 La misma mezcla de algod\u00f3n y pol\u00edmero que los billetes aut\u00e9nticos; resiste el plegado y el uso frecuente.<\/p>\n<\/li>\n<li data-start=\"1885\" data-end=\"1989\">\n<p data-start=\"1887\" data-end=\"1989\"><strong data-start=\"1887\" data-end=\"1922\">Denominaci\u00f3n de amplia circulaci\u00f3n<\/strong> \u2013 El billete de 10 \u20ac es un billete de uso cotidiano habitual, lo que garantiza una integraci\u00f3n natural.<\/p>\n<\/li>\n<li data-start=\"1990\" data-end=\"2081\">\n<p data-start=\"1992\" data-end=\"2081\"><strong data-start=\"1992\" data-end=\"2024\">Seguro para transacciones normales<\/strong> \u2013 No levanta sospechas cuando se utiliza junto con billetes de euro aut\u00e9nticos.<\/p>\n<\/li>\n<\/ul>\n<hr data-start=\"2083\" data-end=\"2086\" \/>\n<h3 data-start=\"2088\" data-end=\"2138\">\u00a0\u00bfPor qu\u00e9 elegir los billetes falsos de 10 euros de Bradmoney?<\/h3>\n<ul data-start=\"2140\" data-end=\"2548\">\n<li data-start=\"2140\" data-end=\"2209\">\n<p data-start=\"2142\" data-end=\"2209\">Una de las denominaciones en euros m\u00e1s pr\u00e1cticas y utilizadas.<\/p>\n<\/li>\n<li data-start=\"2210\" data-end=\"2280\">\n<p data-start=\"2212\" data-end=\"2280\">Completamente indetectable tanto para el ojo humano como para los detectores de dinero.<\/p>\n<\/li>\n<li data-start=\"2281\" data-end=\"2378\">\n<p data-start=\"2283\" data-end=\"2378\">Perfecto para los gastos cotidianos normales, desde la compra hasta las cuentas del restaurante.<\/p>\n<\/li>\n<li data-start=\"2379\" data-end=\"2460\">\n<p data-start=\"2381\" data-end=\"2460\">Contamos con la confianza de compradores de todo el mundo que buscan los mejores billetes falsos de euro en l\u00ednea.<\/p>\n<\/li>\n<li data-start=\"2461\" data-end=\"2548\">\n<p data-start=\"2463\" data-end=\"2548\">Fiable para uso comercial y personal: garantiza una circulaci\u00f3n fluida en Europa.<\/p>\n<\/li>\n<\/ul>\n<p data-start=\"2161\" data-end=\"2412\">Si est\u00e1s buscando <strong data-start=\"2179\" data-end=\"2202\"><a id=\"realistic-fake-euro\"><\/a>Euro falso realista<\/strong>, \u00bfnecesita dinero falso para vender o desea <a href=\"https:\/\/bradmoney.com\/es\/tienda\/\"><strong data-start=\"2252\" data-end=\"2270\">comprar euros falsos<\/strong> en l\u00ednea<\/a> De una fuente fiable, este billete falso de 10 euros de Bradmoney es su mejor opci\u00f3n. Elija calidad. Elija discreci\u00f3n. Elija Bradmoney. <a id=\"Undetectable-fake-money-for-sale\"><\/a>Dinero falso indetectable a la venta<\/p>","protected":false},"excerpt":{"rendered":"<div class=\"description woocommerce-product-details__short-description\">\n<p>El billete falso de 10 euros de Bradmoney es una r\u00e9plica ultradetallada e indetectable del billete original. Dise\u00f1ado con aut\u00e9nticas caracter\u00edsticas de seguridad, textura y color, es el mejor dinero falso que puede comprar en su clase.<\/p>\n<\/div>","protected":false},"featured_media":63,"comment_status":"open","ping_status":"closed","template":"","meta":[],"product_brand":[],"product_cat":[20],"product_tag":[],"class_list":{"0":"post-61","1":"product","2":"type-product","3":"status-publish","4":"has-post-thumbnail","6":"product_cat-fake-euro","8":"first","9":"instock","10":"taxable","11":"shipping-taxable","12":"purchasable","13":"product-type-simple"},"_links":{"self":[{"href":"https:\/\/bradmoney.com\/es\/wp-json\/wp\/v2\/product\/61","targetHints":{"allow":["GET"]}}],"collection":[{"href":"https:\/\/bradmoney.com\/es\/wp-json\/wp\/v2\/product"}],"about":[{"href":"https:\/\/bradmoney.com\/es\/wp-json\/wp\/v2\/types\/product"}],"replies":[{"embeddable":true,"href":"https:\/\/bradmoney.com\/es\/wp-json\/wp\/v2\/comments?post=61"}],"version-history":[{"count":1,"href":"https:\/\/bradmoney.com\/es\/wp-json\/wp\/v2\/product\/61\/revisions"}],"predecessor-version":[{"id":17827,"href":"https:\/\/bradmoney.com\/es\/wp-json\/wp\/v2\/product\/61\/revisions\/17827"}],"wp:featuredmedia":[{"embeddable":true,"href":"https:\/\/bradmoney.com\/es\/wp-json\/wp\/v2\/media\/63"}],"wp:attachment":[{"href":"https:\/\/bradmoney.com\/es\/wp-json\/wp\/v2\/media?parent=61"}],"wp:term":[{"taxonomy":"product_brand","embeddable":true,"href":"https:\/\/bradmoney.com\/es\/wp-json\/wp\/v2\/product_brand?post=61"},{"taxonomy":"product_cat","embeddable":true,"href":"https:\/\/bradmoney.com\/es\/wp-json\/wp\/v2\/product_cat?post=61"},{"taxonomy":"product_tag","embeddable":true,"href":"https:\/\/bradmoney.com\/es\/wp-json\/wp\/v2\/product_tag?post=61"}],"curies":[{"name":"wp","href":"https:\/\/api.w.org\/{rel}","templated":true}]}}