{"id":37,"date":"2023-06-19T06:05:57","date_gmt":"2023-06-19T06:05:57","guid":{"rendered":"https:\/\/www.bradfakemoney.com\/?post_type=product&#038;p=37"},"modified":"2026-03-30T12:36:21","modified_gmt":"2026-03-30T20:36:21","slug":"gefalschter-cad-100","status":"publish","type":"product","link":"https:\/\/bradmoney.com\/de_ch\/product\/gefalschter-cad-100\/","title":{"rendered":"Gef\u00e4lschter Kanadischer Dollar $100"},"content":{"rendered":"<p>Die gef\u00e4lschten kanadischen 100 Dollar Scheine von Bradmoney sind perfekt verarbeitet und damit die realistischsten gef\u00e4lschten kanadischen Banknoten, die derzeit auf dem Markt erh\u00e4ltlich sind. Diese pr\u00e4zise gestalteten, nicht nachweisbaren 100 CAD Scheine spiegeln jedes Detail der echten kanadischen W\u00e4hrung wider, von den Hologrammen, Polymer Sicherheitsmerkmalen, Wasserzeichen und transparenten Fenstern bis hin zur exakten Textur und Haptik von echtem Bargeld.<\/p>\n<p>Kaufen Sie die ultimative Falschgeldw\u00e4hrung, den gef\u00e4lschten kanadischen Dollar! Diese realistischen Falschgeld-Dollar wurden mit Pr\u00e4zision und unter Verwendung desselben Polymers wie die Originalbanknoten hergestellt und sind eine echte Revolution.<\/p>\n<p>Wenn Sie <a href=\"https:\/\/bradmoney.com\/de_ch\/product-category\/fake-canadian-dollars\/\">Falsche 100 kanadische Dollar online kaufen<\/a>, Sie erhalten mehr als nur Imitationsnoten. Sie erhalten hochwertiges Falschgeld, das von echten kanadischen Banknoten nicht zu unterscheiden ist. Jede Banknote wurde so hergestellt, dass sie Geldscanner, Detektoren und Geldautomaten ohne Verdacht passiert und somit in realen Situationen problemlos verwendet werden kann.<\/p>\n<p>Mit unserem gef\u00e4lschten kanadischen Dollar k\u00f6nnen Sie sich getrost in eine Vielzahl von Transaktionen st\u00fcrzen, ohne Verdacht zu erregen.<\/p>\n<p>Ob Sie es nun ben\u00f6tigen als <a id=\"prop-money-canadian\"><\/a>Requisitengeld Kanadische Dollar f\u00fcr Filmrequisiten, Streiche oder andere Zwecke unsere gef\u00e4lschten kanadischen Dollar sind von den echten nicht zu unterscheiden. Verpassen Sie nicht diese Gelegenheit, sich Ihre <a id=\"best-fake-money\"><\/a>Das beste Falschgeld, das es gibt. <a id=\"Buy-undetectable-fake-Canadian-dollars\"><\/a><a href=\"https:\/\/bradmoney.com\/de_ch\/product\/gefalschte-cad-10\/\">Kaufen Sie nicht nachweisbare gef\u00e4lschte kanadische Dollar<\/a>.<\/p>\n<p>Kaufen Sie Ihr <a id=\"counterfeit-canadian-money\"><\/a><a href=\"https:\/\/bradmoney.com\/de_ch\/product-category\/fake-canadian-dollars\/\">gef\u00e4lschtes kanadisches Geld<\/a> Jetzt und erleben Sie den Komfort und den Nervenkitzel, \u00fcber Falschgeld zu verf\u00fcgen.<\/p>\n<p>Mit unseren Preisen, \u00fcberragenden Produktionsstandards und unserer Geld-zur\u00fcck-Garantie k\u00f6nnen Sie sicher sein, dass Sie die beste F\u00e4lschung bekommen, die man f\u00fcr Geld kaufen kann.<\/p>\n<p>Die Rechnung wird durch eine lebenslange Garantie abgesichert und befindet sich in einer Schutzh\u00fclle, damit sie in einem einwandfreien Zustand bleibt. Die F\u00e4lschung <a id=\"Cad-100\"><\/a>Die kanadische Banknote wird Ihnen mit Sicherheit jahrelang Freude bereiten. Holen Sie sich jetzt Ihr Falschgeld und genie\u00dfen Sie Ihr Leben.<\/p>\n<h3 data-start=\"1256\" data-end=\"1306\">Warum sollten Sie sich f\u00fcr unsere gef\u00e4lschten 100 Dollar Scheine entscheiden?<\/h3>\n<ul data-start=\"1308\" data-end=\"1771\">\n<li data-start=\"1308\" data-end=\"1425\">\n<p data-start=\"1310\" data-end=\"1425\">Von Maschinen nicht erkennbar: Diese gef\u00e4lschten 100 CAD Scheine bestehen UV Lichttests, Stiftpr\u00fcfungen und ATM Detektoren.<\/p>\n<\/li>\n<li data-start=\"1426\" data-end=\"1567\">\n<p data-start=\"1428\" data-end=\"1567\">Perfekt f\u00fcr den t\u00e4glichen Gebrauch: Sie k\u00f6nnen sie in Superm\u00e4rkten, Gesch\u00e4ften, Tankstellen, Restaurants ausgeben und sogar sicher an Geldautomaten einzahlen.<\/p>\n<\/li>\n<li data-start=\"1568\" data-end=\"1683\">\n<p data-start=\"1570\" data-end=\"1683\">Identisches Design: Vom holografischen Streifen bis zum erhabenen Aufdruck wird jedes Detail perfekt nachgebildet.<\/p>\n<\/li>\n<li data-start=\"1684\" data-end=\"1771\">\n<p data-start=\"1686\" data-end=\"1771\">Langlebig und flexibel: Hergestellt aus dem gleichen Polymer wie echte kanadische Dollar.<\/p>\n<\/li>\n<\/ul>\n<h3 data-start=\"1773\" data-end=\"1829\">Allt\u00e4gliche Verwendungszwecke von gef\u00e4lschten 100 Dollar Scheinen aus Kanada<\/h3>\n<p data-start=\"1831\" data-end=\"1906\">Unsere Kunden berichten, dass sie ihre gef\u00e4lschten kanadischen Dollar erfolgreich einsetzen in:<\/p>\n<ul data-start=\"1908\" data-end=\"2239\">\n<li data-start=\"1908\" data-end=\"1983\">\n<p data-start=\"1910\" data-end=\"1983\">Geldautomaten: Nicht nachweisbare und einzahlungsf\u00e4hige Banknoten, die problemlos funktionieren.<\/p>\n<\/li>\n<li data-start=\"1984\" data-end=\"2051\">\n<p data-start=\"1986\" data-end=\"2051\">Superm\u00e4rkte: Bezahlen von Lebensmitteln und Artikeln des t\u00e4glichen Bedarfs.<\/p>\n<\/li>\n<li data-start=\"2052\" data-end=\"2118\">\n<p data-start=\"2054\" data-end=\"2118\">Restaurants und Caf\u00e9s: Reibungslose und unkomplizierte Transaktionen.<\/p>\n<\/li>\n<li data-start=\"2119\" data-end=\"2181\">\n<p data-start=\"2121\" data-end=\"2181\">Gesch\u00e4fte und Einkaufszentren: Kleidung, Elektronik und mehr kaufen.<\/p>\n<\/li>\n<li data-start=\"2182\" data-end=\"2239\">\n<p data-start=\"2184\" data-end=\"2239\">Tankstellen: Leicht akzeptiert, ohne entdeckt zu werden.<\/p>\n<\/li>\n<\/ul>\n<p data-start=\"2241\" data-end=\"2404\">Mit den gef\u00e4lschten kanadischen 100 Dollar Scheinen k\u00f6nnen Sie ein Leben ohne Grenzen f\u00fchren, denn dieses Geld ist realistisch, sicher und identisch mit echten kanadischen Banknoten.<\/p>\n<h3 data-start=\"2406\" data-end=\"2466\">Warum Bradmoney die besten gef\u00e4lschten kanadischen Dollar anbietet<\/h3>\n<p data-start=\"2468\" data-end=\"2742\">Bradmoney ist weltweit als f\u00fchrender Anbieter von realistisch aussehendem Falschgeld anerkannt. Im Gegensatz zu minderwertigen Anbietern werden unsere gef\u00e4lschten kanadischen Dollar-Scheine mit fortschrittlicher Drucktechnologie und Sicherheitsverbesserungen hergestellt, sodass sie in jeder Umgebung nicht zu erkennen sind.<\/p>\n<p data-start=\"2744\" data-end=\"2792\">Wir genie\u00dfen Vertrauen, weil unsere gef\u00e4lschten Banknoten:<\/p>\n<ul data-start=\"2793\" data-end=\"3041\">\n<li data-start=\"2793\" data-end=\"2847\">\n<p data-start=\"2795\" data-end=\"2847\">Hohe Qualit\u00e4t \u2013 exakte Nachbildungen von echtem Bargeld.<\/p>\n<\/li>\n<li data-start=\"2848\" data-end=\"2906\">\n<p data-start=\"2850\" data-end=\"2906\">Nicht nachweisbar \u2013 besteht jeden Geldtest und jeden Detektor.<\/p>\n<\/li>\n<li data-start=\"2907\" data-end=\"2973\">\n<p data-start=\"2909\" data-end=\"2973\">Weltweit vertrauensw\u00fcrdig \u2013 von Tausenden zufriedenen K\u00e4ufern genutzt.<\/p>\n<\/li>\n<li data-start=\"2974\" data-end=\"3041\">\n<p data-start=\"2976\" data-end=\"3041\">Sicherer Versand \u2013 diskrete und zuverl\u00e4ssige Lieferung weltweit.<\/p>\n<\/li>\n<\/ul>\n<p data-start=\"3043\" data-end=\"3206\">Wenn Sie suchen nach <a id=\"where-to-buy-fake-Canadian-dollars\"><\/a><a href=\"https:\/\/bradmoney.com\/de_ch\/product\/gefalschte-cad-50\/\">Wo kann man gef\u00e4lschte kanadische Dollar kaufen?<\/a>Bradmoney bleibt die erste Wahl f\u00fcr realistische, nicht nachweisbare und hochwertige Falschgeld. Kaufen Sie gef\u00e4lschte kanadische Dollar online!<\/p>\n<h3 data-start=\"3208\" data-end=\"3240\">Die wichtigsten Vorteile auf einen Blick<\/h3>\n<ul data-start=\"3242\" data-end=\"3579\">\n<li data-start=\"3242\" data-end=\"3309\">\n<p data-start=\"3244\" data-end=\"3309\">\u2705 Kaufen Sie gef\u00e4lschte 100 kanadische Dollar online mit weltweiter Lieferung.<\/p>\n<\/li>\n<li data-start=\"3310\" data-end=\"3378\">\n<p data-start=\"3312\" data-end=\"3378\">\u2705 Nicht nachweisbare gef\u00e4lschte 100-CAD-Scheine, die mit echtem Bargeld identisch sind.<\/p>\n<\/li>\n<li data-start=\"3379\" data-end=\"3443\">\n<p data-start=\"3381\" data-end=\"3443\">\u2705 Besteht Tests an Geldautomaten, Geldscannern und Falschgelddetektoren.<\/p>\n<\/li>\n<li data-start=\"3444\" data-end=\"3504\">\n<p data-start=\"3446\" data-end=\"3504\">\u2705 Perfekt f\u00fcr allt\u00e4gliche Ausgaben in Kanada und weltweit.<\/p>\n<\/li>\n<li data-start=\"3505\" data-end=\"3579\">\n<p data-start=\"3507\" data-end=\"3579\">\u2705 Perfekt f\u00fcr allt\u00e4gliche Ausgaben in Kanada und weltweit.<\/p>\n<\/li>\n<\/ul>\n<p>Buy counterfeit Canadian money for sale! Best undetectable fake hundred dollar bills in the world<\/p>","protected":false},"excerpt":{"rendered":"<div class=\"description woocommerce-product-details__short-description\">\n<p>Sie suchen nach einem Anbieter f\u00fcr hochwertige gef\u00e4lschte kanadische Dollar? Bradmoney Inc. bietet Ihnen hochwertiges Falschgeld zu besten Preisen. Kaufen Sie gef\u00e4lschte 100 Dollar Scheine online bei Bradmoney. Unsere nicht nachweisbaren gef\u00e4lschten 100 CAD Banknoten werden von Geldautomaten, Detektoren und Geldpr\u00fcfger\u00e4ten akzeptiert und sind damit die realistischsten gef\u00e4lschten kanadischen Banknoten f\u00fcr den t\u00e4glichen Gebrauch.<\/p>\n<\/div>","protected":false},"featured_media":38,"comment_status":"open","ping_status":"closed","template":"","meta":[],"product_brand":[],"product_cat":[18],"product_tag":[],"class_list":{"0":"post-37","1":"product","2":"type-product","3":"status-publish","4":"has-post-thumbnail","6":"product_cat-fake-canadian-dollars","8":"first","9":"instock","10":"taxable","11":"shipping-taxable","12":"purchasable","13":"product-type-simple"},"_links":{"self":[{"href":"https:\/\/bradmoney.com\/de_ch\/wp-json\/wp\/v2\/product\/37","targetHints":{"allow":["GET"]}}],"collection":[{"href":"https:\/\/bradmoney.com\/de_ch\/wp-json\/wp\/v2\/product"}],"about":[{"href":"https:\/\/bradmoney.com\/de_ch\/wp-json\/wp\/v2\/types\/product"}],"replies":[{"embeddable":true,"href":"https:\/\/bradmoney.com\/de_ch\/wp-json\/wp\/v2\/comments?post=37"}],"version-history":[{"count":1,"href":"https:\/\/bradmoney.com\/de_ch\/wp-json\/wp\/v2\/product\/37\/revisions"}],"predecessor-version":[{"id":17831,"href":"https:\/\/bradmoney.com\/de_ch\/wp-json\/wp\/v2\/product\/37\/revisions\/17831"}],"wp:featuredmedia":[{"embeddable":true,"href":"https:\/\/bradmoney.com\/de_ch\/wp-json\/wp\/v2\/media\/38"}],"wp:attachment":[{"href":"https:\/\/bradmoney.com\/de_ch\/wp-json\/wp\/v2\/media?parent=37"}],"wp:term":[{"taxonomy":"product_brand","embeddable":true,"href":"https:\/\/bradmoney.com\/de_ch\/wp-json\/wp\/v2\/product_brand?post=37"},{"taxonomy":"product_cat","embeddable":true,"href":"https:\/\/bradmoney.com\/de_ch\/wp-json\/wp\/v2\/product_cat?post=37"},{"taxonomy":"product_tag","embeddable":true,"href":"https:\/\/bradmoney.com\/de_ch\/wp-json\/wp\/v2\/product_tag?post=37"}],"curies":[{"name":"wp","href":"https:\/\/api.w.org\/{rel}","templated":true}]}}