{"id":15655,"date":"2023-06-25T03:19:45","date_gmt":"2023-06-25T03:19:45","guid":{"rendered":"https:\/\/www.bradfakemoney.com\/?page_id=15655"},"modified":"2024-10-27T20:23:33","modified_gmt":"2024-10-27T20:23:33","slug":"wie-man-kauft","status":"publish","type":"page","link":"https:\/\/bradmoney.com\/de_at\/wie-man-kauft\/","title":{"rendered":"Wie man kauft"},"content":{"rendered":"<div data-elementor-type=\"wp-page\" data-elementor-id=\"15655\" class=\"elementor elementor-15655\" data-elementor-post-type=\"page\">\n\t\t\t\t<div class=\"elementor-element elementor-element-ab4cca8 e-con-full e-flex e-con e-parent\" data-id=\"ab4cca8\" data-element_type=\"container\" data-e-type=\"container\">\n\t\t\t\t<div class=\"elementor-element elementor-element-aca0139 elementor-widget elementor-widget-wd_text_block\" data-id=\"aca0139\" data-element_type=\"widget\" data-e-type=\"widget\" data-widget_type=\"wd_text_block.default\">\n\t\t\t\t<div class=\"elementor-widget-container\">\n\t\t\t\t\t\t\t<div class=\"wd-text-block reset-last-child text-left\">\n\t\t\t\n\t\t\t<h1>Wie kaufen<\/h1><h5>Sie k\u00f6nnen uns per E-Mail, Telegramm und WhatsApp kontaktieren.<\/h5><p>Hier bei <a href=\"https:\/\/bradmoney.com\/de_at\">Bradmoney<\/a> Inc, we deal with the latest techniques and technology in the production of fake money that includes Fake dollar , Fake euro , Fake pounds sterling , Fake australian dollar , Fake canadian dollar (made with polymer ) ,Fake new zealand dollar\u00a0 and many other currencies .We produce fake banknotes which are undetected and are of the highest quality you will find in the market today making us the best counterfeit money producers in the world. <a id=\"Where-to-buy-fake-money\"><\/a>Where to buy fake money , Here we have provided our customers the facility on ordering fake money with easy accessibility without any trouble. Ordering counterfeit money online from our website is highly safe and straightforward.\u00a0\u00a0<\/p><p>However, how to buy fake money on our website is pretty straightforward;<\/p><ul><li>W\u00e4hlen Sie die W\u00e4hrung, die Sie kaufen m\u00f6chten.<\/li><li>W\u00e4hlen Sie die St\u00fcckelungen der gew\u00fcnschten Scheine: 5er, 10er, 20er und beliebig.<\/li><li>Sie m\u00fcssen mindestens 2 Packungen kaufen.<\/li><li>Sie bieten mit Kasse und f\u00fcllen Sie Ihre Lieferung Informationen.<\/li><li>W\u00e4hlen Sie Ihre Zahlungsmethode und gehen Sie zur Kasse.<\/li><li>Falls Sie eine Lieferung von Hand zu Hand w\u00fcnschen (nur bei Gro\u00dfbestellungen), k\u00f6nnen Sie uns per Whatsapp, E-Mail oder Telegramm kontaktieren.<\/li><\/ul><p>\u00a0Unsere oberste Priorit\u00e4t ist der Aufbau einer langfristigen Gesch\u00e4ftsbeziehung mit all unseren Kunden, daher werden wir sicher versuchen, Sie nicht zu entt\u00e4uschen. Warum also warten? Beeilen Sie sich und kontaktieren Sie uns unter <a href=\"https:\/\/bradmoney.com\/de_at\">Bradmoney<\/a> Inc, um Ihr gew\u00fcnschtes Produkt zu bekommen, und Sie werden sicherlich das Beste von uns bekommen.<\/p><p><strong>Es ist f\u00fcr Sie leicht zug\u00e4nglich, um <a href=\"https:\/\/bradmoney.com\/de_at\/shop\/\">Falschgeld kaufen<\/a> von uns.<\/strong><\/p><p>Bei Bradmoney Inc. handeln wir mit Banknoten, die man schnell online bekommen kann. Hier haben wir unseren Kunden die M\u00f6glichkeit gegeben, alle Produkte mit einfacher Zug\u00e4nglichkeit zu kaufen.<\/p><p><strong>Eligibility to buy counterfeit money from our fake money website-<\/strong><\/p><p>To buy counterfeit money online from our website, you should be 18 years old.<\/p><p><strong>It is safe to buy counterfeit money online-<\/strong><\/p><p>Ordering counterfeit money online from our website is highly safe and straightforward. So if you are finding the best fake money website to get the best product, do not hesitate to reach us.<\/p><p><strong>Wie Sie uns kontaktieren k\u00f6nnen-<\/strong><\/p><p>Sie k\u00f6nnen uns per E-Mail, Telegramm und WhatsApp kontaktieren. Und um mehr zu erfahren, k\u00f6nnen Sie das Formular auf der Website, Telegramm oder E-Mail f\u00fcr mehr Leichtigkeit ausf\u00fcllen.<\/p><p><strong>Rabatt f\u00fcr unsere Kunden-<\/strong><\/p><p>Unsere oberste Priorit\u00e4t ist es, eine langfristige Gesch\u00e4ftsbeziehung mit all unseren Kunden aufzubauen, daher werden wir uns sicherlich bem\u00fchen, Sie zufrieden zu stellen. Daher bieten wir einen Sofortbonus f\u00fcr Kunden, die in gro\u00dfen Mengen bestellen, und bieten allen wiederkehrenden Kunden zus\u00e4tzliche Rechnungen.<\/p>\n\t\t\t\t\t<\/div>\n\t\t\t\t\t\t<\/div>\n\t\t\t\t<\/div>\n\t\t\t\t<\/div>\n\t\t\t\t<\/div>","protected":false},"excerpt":{"rendered":"<p>How To Buy You can contact us through email, telegram, and WhatsApp. Here at Bradmoney Inc, we deal with the<\/p>","protected":false},"author":1,"featured_media":0,"parent":0,"menu_order":0,"comment_status":"closed","ping_status":"closed","template":"elementor_header_footer","meta":{"footnotes":""},"class_list":["post-15655","page","type-page","status-publish","hentry"],"_links":{"self":[{"href":"https:\/\/bradmoney.com\/de_at\/wp-json\/wp\/v2\/pages\/15655","targetHints":{"allow":["GET"]}}],"collection":[{"href":"https:\/\/bradmoney.com\/de_at\/wp-json\/wp\/v2\/pages"}],"about":[{"href":"https:\/\/bradmoney.com\/de_at\/wp-json\/wp\/v2\/types\/page"}],"author":[{"embeddable":true,"href":"https:\/\/bradmoney.com\/de_at\/wp-json\/wp\/v2\/users\/1"}],"replies":[{"embeddable":true,"href":"https:\/\/bradmoney.com\/de_at\/wp-json\/wp\/v2\/comments?post=15655"}],"version-history":[{"count":0,"href":"https:\/\/bradmoney.com\/de_at\/wp-json\/wp\/v2\/pages\/15655\/revisions"}],"wp:attachment":[{"href":"https:\/\/bradmoney.com\/de_at\/wp-json\/wp\/v2\/media?parent=15655"}],"curies":[{"name":"wp","href":"https:\/\/api.w.org\/{rel}","templated":true}]}}