{"id":15653,"date":"2023-06-25T03:19:17","date_gmt":"2023-06-25T03:19:17","guid":{"rendered":"https:\/\/www.bradfakemoney.com\/?page_id=15653"},"modified":"2025-04-28T20:38:43","modified_gmt":"2025-04-28T20:38:43","slug":"versandinformationen","status":"publish","type":"page","link":"https:\/\/bradmoney.com\/de_at\/versandinformationen\/","title":{"rendered":"Versand-Informationen"},"content":{"rendered":"<div data-elementor-type=\"wp-page\" data-elementor-id=\"15653\" class=\"elementor elementor-15653\" data-elementor-post-type=\"page\">\n\t\t\t\t<div class=\"wd-negative-gap elementor-element elementor-element-23e2fe3 e-flex e-con-boxed e-con e-parent\" data-id=\"23e2fe3\" data-element_type=\"container\" data-e-type=\"container\">\n\t\t\t\t\t<div class=\"e-con-inner\">\n\t\t\t\t<div class=\"elementor-element elementor-element-6c7939c elementor-widget-mobile__width-initial elementor-widget elementor-widget-wd_text_block\" data-id=\"6c7939c\" data-element_type=\"widget\" data-e-type=\"widget\" data-widget_type=\"wd_text_block.default\">\n\t\t\t\t<div class=\"elementor-widget-container\">\n\t\t\t\t\t\t\t<div class=\"wd-text-block reset-last-child text-left\">\n\t\t\t\n\t\t\t<h3><span style=\"font-size: 12pt;\"><strong>Informationen zum Versand<\/strong><\/span><\/h3><p><span style=\"font-size: 12pt;\">Bei Bradmoney Inc. legen wir gro\u00dfen Wert auf einen schnellen, sicheren und zuverl\u00e4ssigen Versand, um einen reibungslosen Ablauf f\u00fcr alle unsere Kunden zu gew\u00e4hrleisten. Mit unserem umfangreichen Netzwerk von Versandpartnern und einer effizienten Logistik liefern wir in Rekordzeit an Orte auf der ganzen Welt. Hier finden Sie alles, was Sie \u00fcber unseren Versandprozess wissen m\u00fcssen.<\/span><\/p><hr \/><h3><span style=\"font-size: 12pt;\"><strong>Auftragsverfolgung<\/strong><\/span><\/h3><p><span style=\"font-size: 12pt;\">Jeder Kauf bei Bradmoney inc. beinhaltet eine Sendungsverfolgungsnummer, die \u00fcber den von Ihnen bevorzugten Kommunikationskanal, einschlie\u00dflich E-Mail, WhatsApp oder andere Nachrichtendienste, ausgegeben wird. Diese Tracking-Nummer erm\u00f6glicht es Ihnen, Ihr Paket in Echtzeit zu \u00fcberwachen, indem Sie Updates \u00fcber den Standort und die voraussichtliche Lieferzeit erhalten. Mit dieser Tracking-Nummer k\u00f6nnen Sie den Fortschritt Ihres Pakets in Echtzeit verfolgen, von dem Moment an, an dem es versandt wird, bis zu dem Zeitpunkt, an dem es bei Ihnen ankommt. Auf diese Weise sind Sie stets \u00fcber den Status Ihrer Bestellung informiert und k\u00f6nnen sich beruhigt zur\u00fccklehnen. Wir sorgen daf\u00fcr, dass Sie w\u00e4hrend des gesamten Versandvorgangs auf dem Laufenden bleiben, und bieten Ihnen somit Sicherheit und vollst\u00e4ndige Transparenz.<\/span><\/p><p><span style=\"font-size: 12pt;\">Unser Verpackungsprozess ist auf Diskretion und Sicherheit ausgerichtet. Alle Sendungen werden sicher verpackt, um ihren Inhalt w\u00e4hrend des Transports vor Sch\u00e4den zu sch\u00fctzen und gleichzeitig absolute Vertraulichkeit zu gew\u00e4hrleisten. Die \u00e4u\u00dfere Verpackung weist keine Markierungen oder Etiketten auf, die den Inhalt verraten k\u00f6nnten, um Ihre Privatsph\u00e4re zu sch\u00fctzen. Dar\u00fcber hinaus arbeiten wir mit erfahrenen und zuverl\u00e4ssigen Versandpartnern zusammen, die auf die Abwicklung sensibler Sendungen spezialisiert sind. So ist sichergestellt, dass Ihr Paket umgehend und ohne Komplikationen bei Ihnen ankommt, ganz gleich, wo auf der Welt Sie sich befinden.<\/span><\/p><p>\u00a0<\/p><p><span style=\"font-size: 12pt;\">Hier finden Sie ausf\u00fchrliche Informationen zum Versand auf der Website von Bradmoney Inc:<\/span><\/p><h3><span style=\"font-size: 12pt;\"><strong>Versandzeiten nach Region<\/strong><\/span><\/h3><ul><li><span style=\"font-size: 12pt;\"><strong>Kanada und USA<\/strong>: Bestellungen werden geliefert in <strong>1 Werktag<\/strong> oder \u00fcber Nacht.<\/span><\/li><li><span style=\"font-size: 12pt;\"><strong>Europa<\/strong>: Die Auslieferungen dauern <strong>1-3 Arbeitstage<\/strong>,je nach Zielort.<\/span><ul><li><span style=\"font-size: 12pt;\"><strong>Gro\u00dfbritannien und Deutschland<\/strong>: F\u00fcr Kunden in der N\u00e4he unserer Niederlassungen ist eine Lieferung am selben Tag m\u00f6glich.<\/span><\/li><li><span style=\"font-size: 12pt;\"><strong>Andere europ\u00e4ische L\u00e4nder (Belgien, Niederlande, Frankreich, Portugal, Griechenland, Italien usw.)<\/strong>: Les livraisons prennent g\u00e9n\u00e9ralement <strong>1-3 Arbeitstage<\/strong>.<\/span><\/li><\/ul><\/li><li><span style=\"font-size: 12pt;\"><strong>Australien und Neuseeland<\/strong>: Die Pakete werden innerhalb von <strong>3-4 Arbeitstage<\/strong>.<\/span><\/li><li><span style=\"font-size: 12pt;\"><strong>Rest der Welt<\/strong>: Die Lieferzeiten variieren je nach Standort, normalerweise zwischen <strong>3-7 Arbeitstage<\/strong>.<\/span><\/li><\/ul><h3><span style=\"font-size: 12pt;\"><strong>Versandzeiten und Herkunft nach Region<\/strong><\/span><\/h3><p><span style=\"font-size: 12pt;\">Nachstehend finden Sie eine detaillierte Tabelle mit den Express-Zustellzeiten nach Region und dem bevorzugten Standort, von dem aus die Sendung versandt wird:<\/span><\/p><table style=\"width: 100%; height: 600px;\"><thead><tr style=\"height: 24px;\"><th style=\"height: 24px;\"><span style=\"font-size: 12pt;\"><strong>Reiseziel<\/strong><\/span><\/th><th style=\"height: 24px;\"><span style=\"font-size: 12pt;\"><strong>Lieferfrist<\/strong><\/span><\/th><th style=\"height: 24px;\"><span style=\"font-size: 12pt;\"><strong>Versandt von<\/strong><\/span><\/th><\/tr><\/thead><tbody><tr style=\"height: 24px;\"><td style=\"height: 24px;\"><span style=\"font-size: 12pt;\"><strong>Kanada<\/strong><\/span><\/td><td style=\"height: 24px;\"><span style=\"font-size: 12pt;\">1 Tag\/\u00dcbernachtung<\/span><\/td><td style=\"height: 24px;\"><span style=\"font-size: 12pt;\">USA<\/span><\/td><\/tr><tr style=\"height: 24px;\"><td style=\"height: 24px;\"><span style=\"font-size: 12pt;\"><strong>USA<\/strong><\/span><\/td><td style=\"height: 24px;\"><span style=\"font-size: 12pt;\">1 Tag\/\u00dcbernachtung<\/span><\/td><td style=\"height: 24px;\"><span style=\"font-size: 12pt;\">USA<\/span><\/td><\/tr><tr style=\"height: 48px;\"><td style=\"height: 48px;\"><span style=\"font-size: 12pt;\"><strong>Vereinigtes K\u00f6nigreich<\/strong><\/span><\/td><td style=\"height: 48px;\"><span style=\"font-size: 12pt;\">1 Tag \/ Gleicher Tag (in der N\u00e4he des B\u00fcros)<\/span><\/td><td style=\"height: 48px;\"><span style=\"font-size: 12pt;\">UK<\/span><\/td><\/tr><tr style=\"height: 48px;\"><td style=\"height: 48px;\"><span style=\"font-size: 12pt;\"><strong>Deutschland<\/strong><\/span><\/td><td style=\"height: 48px;\"><span style=\"font-size: 12pt;\">1 Tag \/ Gleicher Tag (in der N\u00e4he des B\u00fcros)<\/span><\/td><td style=\"height: 48px;\"><span style=\"font-size: 12pt;\">Deutschland<\/span><\/td><\/tr><tr style=\"height: 24px;\"><td style=\"height: 24px;\"><span style=\"font-size: 12pt;\"><strong>Belgien<\/strong><\/span><\/td><td style=\"height: 24px;\"><span style=\"font-size: 12pt;\">1-3 Tage<\/span><\/td><td style=\"height: 24px;\"><span style=\"font-size: 12pt;\">UK \/ Deutschland<\/span><\/td><\/tr><tr style=\"height: 24px;\"><td style=\"height: 24px;\"><span style=\"font-size: 12pt;\"><strong>Niederlande<\/strong><\/span><\/td><td style=\"height: 24px;\"><span style=\"font-size: 12pt;\">1-3 Tage<\/span><\/td><td style=\"height: 24px;\"><span style=\"font-size: 12pt;\">UK \/ Deutschland<\/span><\/td><\/tr><tr style=\"height: 24px;\"><td style=\"height: 24px;\"><span style=\"font-size: 12pt;\"><strong>Frankreich \/ Italien<\/strong><\/span><\/td><td style=\"height: 24px;\"><span style=\"font-size: 12pt;\">1-3 Tage<\/span><\/td><td style=\"height: 24px;\"><span style=\"font-size: 12pt;\">UK \/ Deutschland<\/span><\/td><\/tr><tr style=\"height: 24px;\"><td style=\"height: 24px;\"><span style=\"font-size: 12pt;\"><strong>Portugal<\/strong><\/span><\/td><td style=\"height: 24px;\"><span style=\"font-size: 12pt;\">1-3 Tage<\/span><\/td><td style=\"height: 24px;\"><span style=\"font-size: 12pt;\">UK \/ Deutschland<\/span><\/td><\/tr><tr style=\"height: 24px;\"><td style=\"height: 24px;\"><span style=\"font-size: 12pt;\"><strong>Griechenland<\/strong><\/span><\/td><td style=\"height: 24px;\"><span style=\"font-size: 12pt;\">1-3 Tage<\/span><\/td><td style=\"height: 24px;\"><span style=\"font-size: 12pt;\">UK \/ Deutschland<\/span><\/td><\/tr><tr style=\"height: 24px;\"><td style=\"height: 24px;\"><span style=\"font-size: 12pt;\"><strong>Rest von Europa<\/strong><\/span><\/td><td style=\"height: 24px;\"><span style=\"font-size: 12pt;\">1-3 Tage<\/span><\/td><td style=\"height: 24px;\"><span style=\"font-size: 12pt;\">UK \/ Deutschland<\/span><\/td><\/tr><tr style=\"height: 24px;\"><td style=\"height: 24px;\"><span style=\"font-size: 12pt;\"><strong>Australien<\/strong><\/span><\/td><td style=\"height: 24px;\"><span style=\"font-size: 12pt;\">3-4 Tage<\/span><\/td><td style=\"height: 24px;\"><span style=\"font-size: 12pt;\">USA<\/span><\/td><\/tr><tr style=\"height: 24px;\"><td style=\"height: 24px;\"><span style=\"font-size: 12pt;\"><strong>Neuseeland<\/strong><\/span><\/td><td style=\"height: 24px;\"><span style=\"font-size: 12pt;\">3-4 Tage<\/span><\/td><td style=\"height: 24px;\"><span style=\"font-size: 12pt;\">USA<\/span><\/td><\/tr><tr style=\"height: 24px;\"><td style=\"height: 24px;\"><span style=\"font-size: 12pt;\"><strong>T\u00fcrkei<\/strong><\/span><\/td><td style=\"height: 24px;\"><span style=\"font-size: 12pt;\">3-5 Tage<\/span><\/td><td style=\"height: 24px;\"><span style=\"font-size: 12pt;\">Deutschland<\/span><\/td><\/tr><tr style=\"height: 24px;\"><td style=\"height: 24px;\"><span style=\"font-size: 12pt;\"><strong>Russland<\/strong><\/span><\/td><td style=\"height: 24px;\"><span style=\"font-size: 12pt;\">3-5 Tage<\/span><\/td><td style=\"height: 24px;\"><span style=\"font-size: 12pt;\">Deutschland<\/span><\/td><\/tr><tr style=\"height: 24px;\"><td style=\"height: 24px;\"><span style=\"font-size: 12pt;\"><strong>Asien<\/strong><\/span><\/td><td style=\"height: 24px;\"><span style=\"font-size: 12pt;\">3-5 Tage<\/span><\/td><td style=\"height: 24px;\"><span style=\"font-size: 12pt;\">USA \/ Deutschland<\/span><\/td><\/tr><tr style=\"height: 24px;\"><td style=\"height: 24px;\"><span style=\"font-size: 12pt;\"><strong>Afrika<\/strong><\/span><\/td><td style=\"height: 24px;\"><span style=\"font-size: 12pt;\">4-7 Tage<\/span><\/td><td style=\"height: 24px;\"><span style=\"font-size: 12pt;\">USA \/ Deutschland<\/span><\/td><\/tr><tr style=\"height: 48px;\"><td style=\"height: 48px;\"><span style=\"font-size: 12pt;\"><strong>Rest von Nordamerika<\/strong><\/span><\/td><td style=\"height: 48px;\"><span style=\"font-size: 12pt;\">1-3 Tage<\/span><\/td><td style=\"height: 48px;\"><span style=\"font-size: 12pt;\">USA<\/span><\/td><\/tr><tr style=\"height: 48px;\"><td style=\"height: 48px;\"><span style=\"font-size: 12pt;\"><strong>Rest von S\u00fcdamerika<\/strong><\/span><\/td><td style=\"height: 48px;\"><span style=\"font-size: 12pt;\">3-5 Tage<\/span><\/td><td style=\"height: 48px;\"><span style=\"font-size: 12pt;\">USA<\/span><\/td><\/tr><tr style=\"height: 48px;\"><td style=\"height: 48px;\"><span style=\"font-size: 12pt;\"><strong>Rest der Welt<\/strong><\/span><\/td><td style=\"height: 48px;\"><span style=\"font-size: 12pt;\">3-7 Tage<\/span><\/td><td style=\"height: 48px;\"><span style=\"font-size: 12pt;\">N\u00e4chstgelegenes B\u00fcro (USA\/UK\/DE)<\/span><\/td><\/tr><\/tbody><\/table><p><span style=\"font-size: 12pt;\"><strong>Was soll ich tun, wenn die erhaltene Kontrollnummer nicht funktioniert?<\/strong><\/span><\/p><p><span style=\"font-size: 12pt;\">Wir stellen sicher, dass unsere Lieferwarnungen Ihnen helfen, den \u00dcberblick \u00fcber Ihre Bestellungen zu behalten. Wenn die Sendungsverfolgungsnummer nicht funktioniert, empfehlen wir Ihnen, die Sendungsverfolgung mit der Bestellnummer zu versuchen. Alternativ k\u00f6nnen Sie auch unseren Kundenservice kontaktieren.<\/span><\/p><p><span style=\"font-size: 12pt;\"><strong>Was kann ich tun, wenn ich meine Bestellung nicht erhalte?<\/strong><\/span><\/p><p><span style=\"font-size: 12pt;\">Wenn Sie Ihre Bestellung nicht zum gesch\u00e4tzten Zeitpunkt erhalten, kann dies bedeuten, dass sich Ihre Bestellung verz\u00f6gert hat oder verloren gegangen ist. Sie k\u00f6nnen unser Support-Team kontaktieren, um den genauen Standort Ihrer Bestellung zu erfahren.<\/span><\/p><p><span style=\"font-size: 12pt;\"><strong>Was soll ich tun, wenn ich eine besch\u00e4digte Sendung erhalte?<\/strong><\/span><\/p><p><span style=\"font-size: 12pt;\">You may write us by email or contact us by phone via WhatsApp \u00a0, indicate your item as damaged and upload a picture of the damaged item. Once your request is received, our delivery agent will pick up your package. Alternately, you could contact our customer service team.<\/span><\/p><p><span style=\"font-size: 12pt;\"><strong>Welche Z\u00f6lle und Steuern fallen an?<\/strong><\/span><\/p><p><span style=\"font-size: 12pt;\">Die Versandkosten f\u00fcr internationale Bestellungen k\u00f6nnen internationale Steuern, Z\u00f6lle und Mehrwertsteuern enthalten. Zum Zeitpunkt der Kasse, die endg\u00fcltige Bestellung Kosten werden einige dieser Geb\u00fchren zu reflektieren.<\/span><\/p><p><span style=\"font-size: 12pt;\"><strong>Wie kann ich den Artikel zur\u00fcckgeben?<\/strong><\/span><\/p><p><span style=\"font-size: 12pt;\">Die R\u00fcckgabe eines Artikels ist einfach. Kontaktieren Sie den Shop per E-Mail oder Telefon, geben Sie eine R\u00fcckgabe an und laden Sie ein Bild des Artikels hoch, den Sie zur\u00fcckgeben m\u00f6chten. Sie k\u00f6nnen auch aus den verschiedenen R\u00fcckgabeoptionen w\u00e4hlen. Sobald Ihr Antrag eingegangen ist, wird unser Zusteller Ihr Paket abholen. Ausf\u00fchrliche Informationen finden Sie in unseren R\u00fcckgabebedingungen.<\/span><\/p>\n\t\t\t\t\t<\/div>\n\t\t\t\t\t\t<\/div>\n\t\t\t\t<\/div>\n\t\t\t\t\t<\/div>\n\t\t\t\t<\/div>\n\t\t<div class=\"wd-negative-gap elementor-element elementor-element-ca29b3c e-flex e-con-boxed e-con e-parent\" data-id=\"ca29b3c\" data-element_type=\"container\" data-e-type=\"container\">\n\t\t\t\t\t<div class=\"e-con-inner\">\n\t\t\t\t<div class=\"elementor-element elementor-element-533e5d5 elementor-widget elementor-widget-wd_image_or_svg\" data-id=\"533e5d5\" data-element_type=\"widget\" data-e-type=\"widget\" data-widget_type=\"wd_image_or_svg.default\">\n\t\t\t\t<div class=\"elementor-widget-container\">\n\t\t\t\t\t\n\t\t<div class=\"wd-image text-left\">\n\t\t\t\t\t\t\t\t<img fetchpriority=\"high\" decoding=\"async\" width=\"1023\" height=\"1280\" src=\"https:\/\/bradmoney.com\/wp-content\/uploads\/2024\/03\/photo_2024-03-28_22-25-43-1.jpg\" class=\"attachment-full size-full\" alt=\"Falschgeldlieferung\" srcset=\"https:\/\/bradmoney.com\/wp-content\/uploads\/2024\/03\/photo_2024-03-28_22-25-43-1.jpg 1023w, https:\/\/bradmoney.com\/wp-content\/uploads\/2024\/03\/photo_2024-03-28_22-25-43-1-240x300.jpg 240w, https:\/\/bradmoney.com\/wp-content\/uploads\/2024\/03\/photo_2024-03-28_22-25-43-1-639x800.jpg 639w, https:\/\/bradmoney.com\/wp-content\/uploads\/2024\/03\/photo_2024-03-28_22-25-43-1-768x961.jpg 768w, https:\/\/bradmoney.com\/wp-content\/uploads\/2024\/03\/photo_2024-03-28_22-25-43-1-10x12.jpg 10w, https:\/\/bradmoney.com\/wp-content\/uploads\/2024\/03\/photo_2024-03-28_22-25-43-1-860x1076.jpg 860w, https:\/\/bradmoney.com\/wp-content\/uploads\/2024\/03\/photo_2024-03-28_22-25-43-1-430x538.jpg 430w, https:\/\/bradmoney.com\/wp-content\/uploads\/2024\/03\/photo_2024-03-28_22-25-43-1-700x876.jpg 700w, https:\/\/bradmoney.com\/wp-content\/uploads\/2024\/03\/photo_2024-03-28_22-25-43-1-150x188.jpg 150w\" sizes=\"(max-width: 1023px) 100vw, 1023px\" \/>\t\t\t\t\t<\/div>\n\n\t\t\t\t\t\t<\/div>\n\t\t\t\t<\/div>\n\t\t\t\t\t<\/div>\n\t\t\t\t<\/div>\n\t\t\t\t<\/div>","protected":false},"excerpt":{"rendered":"<p>Shipping Information At Bradmoney inc, we prioritize fast, secure, and reliable shipping to ensure a smooth experience for all our<\/p>","protected":false},"author":1,"featured_media":0,"parent":0,"menu_order":0,"comment_status":"closed","ping_status":"closed","template":"elementor_header_footer","meta":{"footnotes":""},"class_list":["post-15653","page","type-page","status-publish","hentry"],"_links":{"self":[{"href":"https:\/\/bradmoney.com\/de_at\/wp-json\/wp\/v2\/pages\/15653","targetHints":{"allow":["GET"]}}],"collection":[{"href":"https:\/\/bradmoney.com\/de_at\/wp-json\/wp\/v2\/pages"}],"about":[{"href":"https:\/\/bradmoney.com\/de_at\/wp-json\/wp\/v2\/types\/page"}],"author":[{"embeddable":true,"href":"https:\/\/bradmoney.com\/de_at\/wp-json\/wp\/v2\/users\/1"}],"replies":[{"embeddable":true,"href":"https:\/\/bradmoney.com\/de_at\/wp-json\/wp\/v2\/comments?post=15653"}],"version-history":[{"count":0,"href":"https:\/\/bradmoney.com\/de_at\/wp-json\/wp\/v2\/pages\/15653\/revisions"}],"wp:attachment":[{"href":"https:\/\/bradmoney.com\/de_at\/wp-json\/wp\/v2\/media?parent=15653"}],"curies":[{"name":"wp","href":"https:\/\/api.w.org\/{rel}","templated":true}]}}