{"id":73,"date":"2023-06-19T06:26:00","date_gmt":"2023-06-19T06:26:00","guid":{"rendered":"https:\/\/www.bradfakemoney.com\/?post_type=product&#038;p=73"},"modified":"2026-01-23T16:49:53","modified_gmt":"2026-01-24T00:49:53","slug":"gefalschter-euro-e50","status":"publish","type":"product","link":"https:\/\/bradmoney.com\/de\/produkt\/gefalschter-euro-e50\/","title":{"rendered":"Gef\u00e4lschter Euro \u20ac50"},"content":{"rendered":"<p data-start=\"477\" data-end=\"912\">Gef\u00e4lschte 50 Euro Scheine eignen sich perfekt f\u00fcr eine Vielzahl von Verwendungszwecken, darunter Auslagen, Requisiten, die Bezahlung von Geb\u00fchren, Mieten, Stromrechnungen und vieles mehr. Der gef\u00e4lschte 50 Euro Schein von Bradmoney setzt neue Ma\u00dfst\u00e4be in der Kunst der Geldf\u00e4lschung. Diese Banknote wurde mit viel Liebe zum Detail entwickelt und bietet ein unvergleichliches Ma\u00df an Realismus, sodass sie von einer echten 50 Euro Banknote praktisch nicht zu unterscheiden ist. Dank fortschrittlicher Offsetdrucktechnologie und authentischer Baumwollfaserstruktur f\u00fchlt sich jede Banknote genau wie die offizielle W\u00e4hrung der Europ\u00e4ischen Zentralbank an und sieht auch genauso aus. <a id=\"Fake-euro-bills-for-sale\"><\/a><a href=\"https:\/\/bradmoney.com\/de\/produktkategorie\/falscher-euro\/\">Gef\u00e4lschte Euro Scheine zu verkaufen<\/a><\/p>\n<p data-start=\"914\" data-end=\"1410\">Unsere Version ist eine Nachbildung der 50 Euro Banknote aus der Europa Serie, der am h\u00e4ufigsten im Umlauf befindlichen Euro Banknote. Die Banknote zeigt auf der Vorderseite einen Torbogen im Renaissancestil und auf der R\u00fcckseite eine klassische Br\u00fccke. Jedes Designelement, vom Mikrodruck bis zu den Farbverl\u00e4ufen, ist genau auf das Original abgestimmt. Die Farbgebung in gebranntem Orange und Ocker ist originalgetreu wiedergegeben, und sogar der Hologrammstreifen, die gepr\u00e4gte Tinte und die UV reaktiven Fasern sind integriert, um ein noch authentischeres Aussehen zu erzielen. Die Euro Banknoten sind so pr\u00e4zise hergestellt, dass es fast unm\u00f6glich ist, die Original Euro Banknoten von den Euro Banknoten von Bradmoney zu unterscheiden. <a id=\"Buy-realistic-50-euro-fake\"><\/a>Kaufen Sie realistische 50 Euro F\u00e4lschungen.<\/p>\n<p data-start=\"1412\" data-end=\"1754\">Diese realistische gef\u00e4lschte Euro Note verf\u00fcgt \u00fcber alle typischen Sicherheitsmerkmale: ein transparentes Portr\u00e4tfenster, ein Wasserzeichen, eine Farbwechselnummer und einen eingebetteten Faden, die alle sorgf\u00e4ltig nachgebildet sind, um das Original zu spiegeln. Bradmoney verwendet ein propriet\u00e4res Schichtungsverfahren, um sicherzustellen, dass diese Elemente ausgerichtet sind und sich bei Ber\u00fchrung und genauer Betrachtung authentisch anf\u00fchlen. Beste <a href=\"https:\/\/bradmoney.com\/de\/produktkategorie\/falscher-euro\/\">gef\u00e4lschte 50 Euro Scheine<\/a> in ganz Europa.<\/p>\n<p data-start=\"1756\" data-end=\"2104\">Im Gegensatz zu anderen Websites, die gef\u00e4lschte W\u00e4hrungen von schlechter Qualit\u00e4t und ohne Konsistenz anbieten, ist Bradmoney daf\u00fcr bekannt, ultrarealistische gef\u00e4lschte Euro-Banknoten herzustellen, die \u00fcber die \u00c4sthetik hinausgehen. Wir gew\u00e4hrleisten Ma\u00dfgenauigkeit, Pr\u00e4zision beim Papiergewicht und eine blendfreie Oberfl\u00e4chenbehandlung, sodass sich Ihre gef\u00e4lschte 50 Euro Banknote in Aussehen und Haptik perfekt in echtes Bargeld einf\u00fcgt. <a id=\"Realistic-fake-euro\"><\/a>Realistisches Falschgeld in Euro<\/p>\n<h3 data-start=\"1981\" data-end=\"2026\">Hauptmerkmale der gef\u00e4lschten 50 Euro Banknote<\/h3>\n<ul data-start=\"2028\" data-end=\"2813\">\n<li data-start=\"2028\" data-end=\"2155\">\n<p data-start=\"2030\" data-end=\"2155\"><strong data-start=\"2030\" data-end=\"2054\">Authentisches Erscheinungsbild<\/strong> \u2013 Identisch mit echten 50 Euro Scheinen, mit Hologrammfenster, Mikrotext und transparenten Sicherheitsmerkmalen.<\/p>\n<\/li>\n<li data-start=\"2156\" data-end=\"2262\">\n<p data-start=\"2158\" data-end=\"2262\"><strong data-start=\"2158\" data-end=\"2174\">ATM zugelassen<\/strong> \u2013 Getestet in Geldautomaten, Verkaufsautomaten und Geldz\u00e4hlmaschinen mit einwandfreier Leistung.<\/p>\n<\/li>\n<li data-start=\"2263\" data-end=\"2388\">\n<p data-start=\"2265\" data-end=\"2388\"><strong data-start=\"2265\" data-end=\"2298\">Ideal f\u00fcr mittlere Transaktionen<\/strong> \u2013 Wird h\u00e4ufig f\u00fcr Superm\u00e4rkte, Restaurants, Hotels, Taxis und Eink\u00e4ufe im Einzelhandel verwendet.<\/p>\n<\/li>\n<li data-start=\"2389\" data-end=\"2490\">\n<p data-start=\"2391\" data-end=\"2490\"><strong data-start=\"2391\" data-end=\"2428\">Von Detektionssystemen nicht erkennbar<\/strong> \u2013 Besteht UV Licht, Infrarot und Magnettests.<\/p>\n<\/li>\n<li data-start=\"2491\" data-end=\"2586\">\n<p data-start=\"2493\" data-end=\"2586\"><strong data-start=\"2493\" data-end=\"2512\">Hohe Haltbarkeit<\/strong> \u2013 Gedruckt auf speziellem Euro strukturiertem Baumwollpapier mit taktiler Veredelung.<\/p>\n<\/li>\n<li data-start=\"2587\" data-end=\"2730\">\n<p data-start=\"2589\" data-end=\"2730\"><strong data-start=\"2589\" data-end=\"2609\">Mischen Sie nat\u00fcrlich<\/strong> \u2013 Der 50 Euro Schein ist eine der am h\u00e4ufigsten im Umlauf befindlichen St\u00fcckelungen und gew\u00e4hrleistet eine reibungslose Verwendung bei allt\u00e4glichen Transaktionen.<\/p>\n<\/li>\n<li data-start=\"2731\" data-end=\"2813\">\n<p data-start=\"2733\" data-end=\"2813\"><strong data-start=\"2733\" data-end=\"2754\">Sicher und diskret<\/strong> \u2013 Entwickelt, um im normalen Leben ohne Verdacht zu funktionieren.<\/p>\n<\/li>\n<\/ul>\n<hr data-start=\"2815\" data-end=\"2818\" \/>\n<h3 data-start=\"2820\" data-end=\"2871\">Warum gef\u00e4lschte 50 Euro Scheine von Bradmoney kaufen?<\/h3>\n<ul data-start=\"2873\" data-end=\"3293\">\n<li data-start=\"2873\" data-end=\"2968\">\n<p data-start=\"2875\" data-end=\"2968\">Weltweit von Kunden gesch\u00e4tzt f\u00fcr realistische Qualit\u00e4t und nicht erkennbare Merkmale.<\/p>\n<\/li>\n<li data-start=\"2969\" data-end=\"3042\">\n<p data-start=\"2971\" data-end=\"3042\">Perfekte St\u00fcckelung f\u00fcr kleine und gr\u00f6\u00dfere Ausgaben im Alltag.<\/p>\n<\/li>\n<li data-start=\"3043\" data-end=\"3124\">\n<p data-start=\"3045\" data-end=\"3124\">ATM kompatible gef\u00e4lschte Euro Scheine, die in Geldautomaten und Zahlungssystemen funktionieren.<\/p>\n<\/li>\n<li data-start=\"3125\" data-end=\"3200\">\n<p data-start=\"3127\" data-end=\"3200\">Hochwertige gef\u00e4lschte Euro Banknoten mit hoher Haltbarkeit und einwandfreier Verwendbarkeit.<\/p>\n<\/li>\n<li data-start=\"3201\" data-end=\"3293\">\n<p data-start=\"3203\" data-end=\"3293\"><a id=\"Best-fake-50-euro-bills-online\"><\/a>Die besten gef\u00e4lschten 50 Euro Scheine online, die kommerziellen Wert und realistisches Design vereinen<\/p>\n<\/li>\n<\/ul>\n<p data-start=\"2106\" data-end=\"2421\">Ideal f\u00fcr den Einsatz in Superm\u00e4rkten, Kasinos, Restaurants, Gesch\u00e4ften, zur Bezahlung von Rechnungen und sogar in Geldautomaten unsere gef\u00e4lschten Euro Banknoten sind in Bezug auf Verarbeitung und Vertrauensw\u00fcrdigkeit un\u00fcbertroffen. Wenn Sie Falschgeld kaufen m\u00f6chten, finden Sie hier gef\u00e4lschtes Geld zum Verkauf oder Quelle f\u00fcr <strong data-start=\"2320\" data-end=\"2347\"><a id=\"fake-euro-note-for-sale\"><\/a>gef\u00e4lschte Euro-Banknoten zu verkaufen<\/strong> Online zu verkaufen beim besten Verk\u00e4ufer von Falschgeld in ganz Europa. <a href=\"https:\/\/bradmoney.com\/de\/uber-uns\/\">Gef\u00e4lschter 50 Euro Schein<\/a> Online zu verkaufen beim besten Verk\u00e4ufer von Falschgeld in ganz Europa.<\/p>\n<p>&nbsp;<\/p>","protected":false},"excerpt":{"rendered":"<div class=\"description woocommerce-product-details__short-description\">\n<p>Kaufen Sie gef\u00e4lschte 50-Euro-Banknoten, die genau wie das Original aussehen und sich auch so anf\u00fchlen. Bei Bradmoney Inc. stehen Qualit\u00e4tsprodukte und -dienstleistungen an erster Stelle. Eines unserer besten <a id=\"fake-Euro-bills\"><\/a>Die von uns hergestellten gef\u00e4lschten Euro Banknoten haben einen Nennwert von 50 Euro.<\/p>\n<\/div>\n<div class=\"product_meta\"><\/div>","protected":false},"featured_media":77,"comment_status":"open","ping_status":"closed","template":"","meta":[],"product_brand":[],"product_cat":[20],"product_tag":[],"class_list":{"0":"post-73","1":"product","2":"type-product","3":"status-publish","4":"has-post-thumbnail","6":"product_cat-fake-euro","8":"first","9":"instock","10":"taxable","11":"shipping-taxable","12":"purchasable","13":"product-type-simple"},"_links":{"self":[{"href":"https:\/\/bradmoney.com\/de\/wp-json\/wp\/v2\/product\/73","targetHints":{"allow":["GET"]}}],"collection":[{"href":"https:\/\/bradmoney.com\/de\/wp-json\/wp\/v2\/product"}],"about":[{"href":"https:\/\/bradmoney.com\/de\/wp-json\/wp\/v2\/types\/product"}],"replies":[{"embeddable":true,"href":"https:\/\/bradmoney.com\/de\/wp-json\/wp\/v2\/comments?post=73"}],"version-history":[{"count":1,"href":"https:\/\/bradmoney.com\/de\/wp-json\/wp\/v2\/product\/73\/revisions"}],"predecessor-version":[{"id":17823,"href":"https:\/\/bradmoney.com\/de\/wp-json\/wp\/v2\/product\/73\/revisions\/17823"}],"wp:featuredmedia":[{"embeddable":true,"href":"https:\/\/bradmoney.com\/de\/wp-json\/wp\/v2\/media\/77"}],"wp:attachment":[{"href":"https:\/\/bradmoney.com\/de\/wp-json\/wp\/v2\/media?parent=73"}],"wp:term":[{"taxonomy":"product_brand","embeddable":true,"href":"https:\/\/bradmoney.com\/de\/wp-json\/wp\/v2\/product_brand?post=73"},{"taxonomy":"product_cat","embeddable":true,"href":"https:\/\/bradmoney.com\/de\/wp-json\/wp\/v2\/product_cat?post=73"},{"taxonomy":"product_tag","embeddable":true,"href":"https:\/\/bradmoney.com\/de\/wp-json\/wp\/v2\/product_tag?post=73"}],"curies":[{"name":"wp","href":"https:\/\/api.w.org\/{rel}","templated":true}]}}