{"id":68,"date":"2023-06-19T06:22:45","date_gmt":"2023-06-19T06:22:45","guid":{"rendered":"https:\/\/www.bradfakemoney.com\/?post_type=product&#038;p=68"},"modified":"2026-01-23T16:50:30","modified_gmt":"2026-01-24T00:50:30","slug":"gefalschter-euro-e20","status":"publish","type":"product","link":"https:\/\/bradmoney.com\/de\/produkt\/gefalschter-euro-e20\/","title":{"rendered":"Gef\u00e4lschter Euro \u20ac20"},"content":{"rendered":"<h4 data-start=\"494\" data-end=\"800\">Gef\u00e4lschter Euro \u20ac20<\/h4>\n<p data-start=\"494\" data-end=\"800\">Treten Sie ein in die Welt der makellosen Nachbildungen mit Bradmoneys gef\u00e4lschter 20 Euro Banknote, einer der optisch \u00fcberzeugendsten und am besten gearbeiteten Nachbildungen der Euro W\u00e4hrung, die derzeit erh\u00e4ltlich sind. Jedes Detail dieses hochwertigen Falschgeldes spiegelt unser Engagement wider, den Original Euro mit absoluter Genauigkeit nachzubilden.<\/p>\n<p data-start=\"802\" data-end=\"1237\">Das Design der 20 Euro Banknote stammt aus der Europa Serie, die f\u00fcr ihre verbesserten Sicherheitsmerkmale und ihre aufwendige, von der Gotik inspirierte Architektur bekannt ist. Diese realistische Euro F\u00e4lschung bildet jedes Element nach, von den komplexen Buntglasfenstern auf der Vorderseite bis hin zur symmetrischen Br\u00fccke und der Europakarte auf der R\u00fcckseite. Selbst das transparente Sicherheitsfenster mit dem Gesicht der Europa ist mit unglaublicher Klarheit akribisch nachgebildet.<\/p>\n<p data-start=\"1239\" data-end=\"1686\">Bradmoney verwendet hochwertige Druckverfahren, um UV empfindliche F\u00e4den, Mikrotext, farbwechselnde Tinte und holografische B\u00e4nder einzubetten, wodurch die Banknote vom Original praktisch nicht zu unterscheiden ist. Die haptische Oberfl\u00e4che ahmt das Baumwollpapier nach, das in echten Euro Banknoten verwendet wird, und hat dieselbe Textur, Dicke und Knickfestigkeit. Im Gegensatz zu billigen Reproduktionen f\u00fchlt sich unsere gef\u00e4lschte 20 Euro Banknote unter allen Lichtverh\u00e4ltnissen wie echtes Geld an, l\u00e4sst sich wie echtes Geld falten und sieht auch so aus.<\/p>\n<p data-start=\"1399\" data-end=\"1676\">Der 50 Euro Schein ist besonders wertvoll, da er gro\u00df genug f\u00fcr bedeutende Transaktionen und gleichzeitig so verbreitet ist, dass er keinen Verdacht erregt. Von Wochenend Einkaufstouren bis hin zu Tankrechnungen und Stromrechnungen  gef\u00e4lschte 50 Euro Scheine lassen sich m\u00fchelos in den Alltag integrieren.<\/p>\n<p data-start=\"1678\" data-end=\"1974\">Im Gegensatz zu schlecht gemachten Kopien ist Bradmoney's <a id=\"realistic-fake-50-euro-bills\"><\/a><a href=\"https:\/\/bradmoney.com\/de\/produktkategorie\/falscher-euro\/\">realistische gef\u00e4lschte 50 Euro Scheine<\/a> bestehen alle wichtigen Tests zur Erkennung von Falschgeld: UV Scanner, Infrarotlicht Pr\u00fcfungen, Magnetdetektoren und Geldz\u00e4hlmaschinen. Sie f\u00fchlen sich authentisch an und sorgen so f\u00fcr absolutes Vertrauen bei der Verwendung in realen Transaktionen.<\/p>\n<p data-start=\"1688\" data-end=\"1993\">Jede Banknote wird einzeln auf Ausrichtung, Farbintegrit\u00e4t und Verarbeitung gepr\u00fcft, um sicherzustellen, dass nur die besten Nachbildungen unsere Kunden erreichen. Egal, ob Sie Sammler, Ausbilder oder jemand sind, der hochwertige Falschgeldnoten ben\u00f6tigt diese Banknote bietet Ihnen den Realismus, den Sie ben\u00f6tigen, und die Qualit\u00e4t, die Sie von Bradmoney erwarten.<\/p>\n<h3 data-start=\"1981\" data-end=\"2026\">Hauptmerkmale der gef\u00e4lschten 50 Euro Banknote<\/h3>\n<ul data-start=\"2028\" data-end=\"2813\">\n<li data-start=\"2028\" data-end=\"2155\">\n<p data-start=\"2030\" data-end=\"2155\"><strong data-start=\"2030\" data-end=\"2054\">Authentisches Erscheinungsbild<\/strong> \u2013 Identisch mit echten 50 Euro Scheinen, mit Hologrammfenster, Mikrotext und transparenten Sicherheitsmerkmalen.<\/p>\n<\/li>\n<li data-start=\"2156\" data-end=\"2262\">\n<p data-start=\"2158\" data-end=\"2262\"><strong data-start=\"2158\" data-end=\"2174\">ATM zugelassen<\/strong> \u2013 Getestet in Geldautomaten, Verkaufsautomaten und Geldz\u00e4hlmaschinen mit einwandfreier Leistung.<\/p>\n<\/li>\n<li data-start=\"2263\" data-end=\"2388\">\n<p data-start=\"2265\" data-end=\"2388\"><strong data-start=\"2265\" data-end=\"2298\">Ideal f\u00fcr mittlere Transaktionen<\/strong> \u2013 Wird h\u00e4ufig f\u00fcr Superm\u00e4rkte, Restaurants, Hotels, Taxis und Eink\u00e4ufe im Einzelhandel verwendet.<\/p>\n<\/li>\n<li data-start=\"2389\" data-end=\"2490\">\n<p data-start=\"2391\" data-end=\"2490\"><strong data-start=\"2391\" data-end=\"2428\">Von Detektionssystemen nicht erkennbar<\/strong> \u2013 Besteht UV Licht, Infrarot und Magnettests.<\/p>\n<\/li>\n<li data-start=\"2491\" data-end=\"2586\">\n<p data-start=\"2493\" data-end=\"2586\"><strong data-start=\"2493\" data-end=\"2512\">Hohe Haltbarkeit<\/strong> \u2013 Gedruckt auf speziellem Euro strukturiertem Baumwollpapier mit taktiler Veredelung.<\/p>\n<\/li>\n<li data-start=\"2587\" data-end=\"2730\">\n<p data-start=\"2589\" data-end=\"2730\"><strong data-start=\"2589\" data-end=\"2609\">Mischen Sie nat\u00fcrlich<\/strong> \u2013 Der 50 Euro Schein ist eine der am h\u00e4ufigsten im Umlauf befindlichen St\u00fcckelungen und gew\u00e4hrleistet eine reibungslose Verwendung bei allt\u00e4glichen Transaktionen.<\/p>\n<\/li>\n<li data-start=\"2731\" data-end=\"2813\">\n<p data-start=\"2733\" data-end=\"2813\"><strong data-start=\"2733\" data-end=\"2754\">Sicher und diskret<\/strong> \u2013 Entwickelt, um im normalen Leben ohne Verdacht zu funktionieren.<\/p>\n<\/li>\n<\/ul>\n<hr data-start=\"2815\" data-end=\"2818\" \/>\n<h3 data-start=\"2820\" data-end=\"2871\">Warum gef\u00e4lschte 50 Euro Scheine von Bradmoney kaufen?<\/h3>\n<ul data-start=\"2873\" data-end=\"3293\">\n<li data-start=\"2873\" data-end=\"2968\">\n<p data-start=\"2875\" data-end=\"2968\">Weltweit von Kunden gesch\u00e4tzt f\u00fcr realistische Qualit\u00e4t und nicht erkennbare Merkmale.<\/p>\n<\/li>\n<li data-start=\"2969\" data-end=\"3042\">\n<p data-start=\"2971\" data-end=\"3042\">Perfekte St\u00fcckelung f\u00fcr kleine und gr\u00f6\u00dfere Ausgaben im Alltag.<\/p>\n<\/li>\n<li data-start=\"3043\" data-end=\"3124\">\n<p data-start=\"3045\" data-end=\"3124\">ATM kompatible gef\u00e4lschte Euro-Scheine, die in Geldautomaten und Zahlungssystemen funktionieren.<\/p>\n<\/li>\n<li data-start=\"3125\" data-end=\"3200\">\n<p data-start=\"3127\" data-end=\"3200\">Hochwertiges Falschgeld in Euro mit hoher Haltbarkeit und einwandfreier Verwendbarkeit.<\/p>\n<\/li>\n<li data-start=\"3201\" data-end=\"3293\">\n<p data-start=\"3203\" data-end=\"3293\"><a id=\"Best-fake-50-euro-bills-online\"><\/a>Die besten gef\u00e4lschten 50 Euro Scheine online, die kommerziellen Wert und realistisches Design vereinen.<\/p>\n<\/li>\n<\/ul>\n<p data-start=\"1995\" data-end=\"2347\">Vermeiden Sie betr\u00fcgerische Websites und schlechte Imitationen. Wenn Sie m\u00f6chten, dass <a id=\"buy-fake-money\"><\/a>gef\u00e4lschtes Geld kaufen oder suchen nach <a id=\"counterfeit-money-for-sale\"><\/a>Gef\u00e4lschtes Geld zu verkaufen, Bradmoney liefert das Beste auf dem Markt. Unser <a href=\"https:\/\/bradmoney.com\/de\/produkt\/gefalschter-euro-e200\/\"><strong data-start=\"2169\" data-end=\"2192\">realistischer gef\u00e4lschter Euro<\/strong> Banknoten<\/a> sind diskret, professionell verpackt und basieren auf jahrelanger Erfahrung in der Herstellung von <a href=\"https:\/\/bradmoney.com\/de\/uber-uns\/\"><strong data-start=\"2283\" data-end=\"2313\">Hochwertiger gef\u00e4lschter Euro<\/strong><\/a> die f\u00fcr das Auge nicht erkennbar sind. <a id=\"Buy-fake-euro-for-sale\"><\/a>Kaufen Sie gef\u00e4lschte Euro zum Verkauf!!<\/p>","protected":false},"excerpt":{"rendered":"<div class=\"description woocommerce-product-details__short-description\">\n<div class=\"description woocommerce-product-details__short-description\">\n<p data-start=\"220\" data-end=\"437\">Die gef\u00e4lschte 20-Euro-Note von Bradmoney bietet au\u00dfergew\u00f6hnlichen Realismus mit akkuraten Farben, Sicherheitselementen und naturgetreuer Textur. Eine hochwertige Euro-F\u00e4lschung f\u00fcr Sammler und Profis, die Perfektion verlangen.<\/p>\n<\/div>\n<\/div>","protected":false},"featured_media":70,"comment_status":"open","ping_status":"closed","template":"","meta":[],"product_brand":[],"product_cat":[20],"product_tag":[],"class_list":{"0":"post-68","1":"product","2":"type-product","3":"status-publish","4":"has-post-thumbnail","6":"product_cat-fake-euro","8":"first","9":"instock","10":"taxable","11":"shipping-taxable","12":"purchasable","13":"product-type-simple"},"_links":{"self":[{"href":"https:\/\/bradmoney.com\/de\/wp-json\/wp\/v2\/product\/68","targetHints":{"allow":["GET"]}}],"collection":[{"href":"https:\/\/bradmoney.com\/de\/wp-json\/wp\/v2\/product"}],"about":[{"href":"https:\/\/bradmoney.com\/de\/wp-json\/wp\/v2\/types\/product"}],"replies":[{"embeddable":true,"href":"https:\/\/bradmoney.com\/de\/wp-json\/wp\/v2\/comments?post=68"}],"version-history":[{"count":1,"href":"https:\/\/bradmoney.com\/de\/wp-json\/wp\/v2\/product\/68\/revisions"}],"predecessor-version":[{"id":17825,"href":"https:\/\/bradmoney.com\/de\/wp-json\/wp\/v2\/product\/68\/revisions\/17825"}],"wp:featuredmedia":[{"embeddable":true,"href":"https:\/\/bradmoney.com\/de\/wp-json\/wp\/v2\/media\/70"}],"wp:attachment":[{"href":"https:\/\/bradmoney.com\/de\/wp-json\/wp\/v2\/media?parent=68"}],"wp:term":[{"taxonomy":"product_brand","embeddable":true,"href":"https:\/\/bradmoney.com\/de\/wp-json\/wp\/v2\/product_brand?post=68"},{"taxonomy":"product_cat","embeddable":true,"href":"https:\/\/bradmoney.com\/de\/wp-json\/wp\/v2\/product_cat?post=68"},{"taxonomy":"product_tag","embeddable":true,"href":"https:\/\/bradmoney.com\/de\/wp-json\/wp\/v2\/product_tag?post=68"}],"curies":[{"name":"wp","href":"https:\/\/api.w.org\/{rel}","templated":true}]}}