{"id":64,"date":"2023-06-19T06:20:57","date_gmt":"2023-06-19T06:20:57","guid":{"rendered":"https:\/\/www.bradfakemoney.com\/?post_type=product&#038;p=64"},"modified":"2026-01-23T16:51:22","modified_gmt":"2026-01-24T00:51:22","slug":"gefalschter-euro-e100","status":"publish","type":"product","link":"https:\/\/bradmoney.com\/de\/produkt\/gefalschter-euro-e100\/","title":{"rendered":"Gef\u00e4lschter Euro \u20ac100"},"content":{"rendered":"<h4 data-start=\"482\" data-end=\"889\">Gef\u00e4lschter Euro \u20ac100<\/h4>\n<p data-start=\"482\" data-end=\"889\">Wir pr\u00e4sentieren Ihnen die gef\u00e4lschte 100-Euro-Banknote von Bradmoney, die mit au\u00dfergew\u00f6hnlichem Realismus und Pr\u00e4zision hergestellt wurde. Diese hochwertige Nachbildung entspricht sowohl in Form als auch Funktion der originalen Euro-Banknote. Als eine der vertrauensw\u00fcrdigsten Quellen f\u00fcr <a href=\"https:\/\/bradmoney.com\/de\/produkt\/gefalschter-euro-e20\/\">realistische gef\u00e4lschte Euro Banknoten<\/a>, Bradmoney entwickelt seine Produkte so, dass sie von echten Banknoten nicht zu unterscheiden sind, indem es modernste Drucktechnologie und ma\u00dfstabsgetreue Materialien verwendet.<\/p>\n<p data-start=\"891\" data-end=\"1258\">Diese Nachbildung ist der 100 Euro Banknote der Europa Serie nachempfunden und zeigt auf der Vorderseite klassische Barockarchitektur sowie ein kr\u00e4ftiges Gr\u00fcn, das genau dem Original entspricht. Jedes Detail, von den mikrogravierten Linien \u00fcber die gepr\u00e4gten Strukturen und den holografischen Streifen bis hin zu den UV  und infrarotreaktiven Merkmalen, wurde makellos nachgebildet. <a id=\"Where-to-buy-fake-euro-online\"><\/a><a href=\"https:\/\/bradmoney.com\/de\/\" rel=\"noopener\">Wo kann man gef\u00e4lschte Euro online kaufen<\/a><span class=\"___SBox_epc1q-ko_ ___SText_zko9t-ko_\" data-ui-name=\"Link.Text\">\u00a0? Suchen Sie nicht weiter.<\/span><\/p>\n<p data-start=\"1260\" data-end=\"1661\">Das transparente Portr\u00e4tfenster zeigt Europa in gestochen scharfer Klarheit, w\u00e4hrend das Wasserzeichen und die farbwechselnde Ziffer mit modernster Schichttechnik eingebettet sind, um sicherzustellen, dass sie wie das Original reflektieren. Die Oberfl\u00e4che besteht aus einem Baumwollfaserverbundstoff, der das Papier der offiziellen Euro-W\u00e4hrung nachahmt und der Banknote eine authentische Textur verleiht, die fest, knickfest und von Natur aus matt ist.<\/p>\n<p data-start=\"1663\" data-end=\"1958\">Diese gef\u00e4lschte 100-Euro-Banknote sieht nicht nur echt aus, sie f\u00fchlt sich auch echt an, hat das richtige Gewicht und besteht jeden optischen und haptischen Test wie das Original. Im Gegensatz zu billigen Imitationen, die verblassen oder verschmieren, sind die Banknoten von Bradmoney auf Langlebigkeit ausgelegt und werden mit lichtbest\u00e4ndiger Tinte und druckkalibriertem Druckverfahren hergestellt. <a id=\"Buy-fake-euro\"><\/a><a href=\"https:\/\/bradmoney.com\/de\/shop\/\">Gef\u00e4lschte Euro kaufen<\/a> von der besten Website f\u00fcr Falschgeld<\/p>\n<h3 data-start=\"2021\" data-end=\"2067\">Wichtigste Merkmale der gef\u00e4lschten 100 Euro Banknote<\/h3>\n<ul data-start=\"2069\" data-end=\"2825\">\n<li data-start=\"2069\" data-end=\"2200\">\n<p data-start=\"2071\" data-end=\"2200\"><strong data-start=\"2071\" data-end=\"2106\">Perfekt authentisches Aussehen und Gef\u00fchl<\/strong> \u2013 Gibt jedes Detail der echten 100 Euro Banknote wieder, einschlie\u00dflich Hologrammfeldern und gepr\u00e4gter Tinte.<\/p>\n<\/li>\n<li data-start=\"2201\" data-end=\"2303\">\n<p data-start=\"2203\" data-end=\"2303\"><strong data-start=\"2203\" data-end=\"2221\">ATM kompatibel<\/strong> \u2013 Funktioniert reibungslos in Geldautomaten, Verkaufsautomaten und Bargeld Einzahlungssystemen.<\/p>\n<\/li>\n<li data-start=\"2304\" data-end=\"2422\">\n<p data-start=\"2306\" data-end=\"2422\"><strong data-start=\"2306\" data-end=\"2347\">Ideal f\u00fcr mittlere und gro\u00dfe Transaktionen<\/strong> \u2013 H\u00e4ufig verwendet in den Bereichen Reisen, Einzelhandel, Hotels und Restaurants.<\/p>\n<\/li>\n<li data-start=\"2423\" data-end=\"2512\">\n<p data-start=\"2425\" data-end=\"2512\"><strong data-start=\"2425\" data-end=\"2453\">Von Scannern nicht erkennbar<\/strong> \u2013 Besteht UV-, Infrarot- und Magneterkennungstests.<\/p>\n<\/li>\n<li data-start=\"2513\" data-end=\"2612\">\n<p data-start=\"2515\" data-end=\"2612\"><strong data-start=\"2515\" data-end=\"2541\">Robust und langlebig<\/strong> \u2013 Gedruckt auf Baumwollpapier mit Euro Struktur und hochwertiger Veredelung.<\/p>\n<\/li>\n<li data-start=\"2613\" data-end=\"2730\">\n<p data-start=\"2615\" data-end=\"2730\"><strong data-start=\"2615\" data-end=\"2646\">Weit verbreitete und vertrauensw\u00fcrdige W\u00e4hrungseinheit<\/strong> \u2013 Der 100 Euro Schein wird in allen L\u00e4ndern der Eurozone anerkannt und kann problemlos verwendet werden.<\/p>\n<\/li>\n<li data-start=\"2731\" data-end=\"2825\">\n<p data-start=\"2733\" data-end=\"2825\"><strong data-start=\"2733\" data-end=\"2756\">Sichere und gesch\u00fctzte Nutzung<\/strong> \u2013 F\u00fcgt sich ganz nat\u00fcrlich und ohne Verdacht in den Alltag ein.<\/p>\n<\/li>\n<\/ul>\n<hr data-start=\"2827\" data-end=\"2830\" \/>\n<h3 data-start=\"2832\" data-end=\"2884\">\ud83d\uded2 Warum gef\u00e4lschte 100 Euro Scheine von Bradmoney kaufen?<\/h3>\n<ul data-start=\"2886\" data-end=\"3262\">\n<li data-start=\"2886\" data-end=\"2954\">\n<p data-start=\"2888\" data-end=\"2954\">Hochwertige, nicht nachweisbare gef\u00e4lschte Euro Banknoten, die mit h\u00f6chster Pr\u00e4zision hergestellt wurden.<\/p>\n<\/li>\n<li data-start=\"2955\" data-end=\"3036\">\n<p data-start=\"2957\" data-end=\"3036\">Die besten gef\u00e4lschten 100 Euro Scheine zum Verkauf online mit handels\u00fcblicher Verwendbarkeit.<\/p>\n<\/li>\n<li data-start=\"3037\" data-end=\"3113\">\n<p data-start=\"3039\" data-end=\"3113\">ATM hat gef\u00e4lschte Euro Scheine getestet, die in Geldautomaten und im Einzelhandel funktionieren.<\/p>\n<\/li>\n<li data-start=\"3114\" data-end=\"3187\">\n<p data-start=\"3116\" data-end=\"3187\">Von K\u00e4ufern weltweit gesch\u00e4tzt f\u00fcr Realismus, Diskretion und Langlebigkeit.<\/p>\n<\/li>\n<li data-start=\"3188\" data-end=\"3262\">\n<p data-start=\"3190\" data-end=\"3262\">Perfekte St\u00fcckelung f\u00fcr t\u00e4gliche Ausgaben und Zahlungen mit h\u00f6herem Wert.<\/p>\n<\/li>\n<\/ul>\n<p data-start=\"1960\" data-end=\"2452\">Die gef\u00e4lschte 100 Euro Banknote ist \u00e4u\u00dferst vielseitig und wird in Superm\u00e4rkten, Geldautomaten, Hotels, Autovermietungen, Restaurants, Einzelhandelsgesch\u00e4ften und Tankstellen allgemein akzeptiert. Unsere fortschrittliche Technologie stellt sicher, dass diese Banknoten geldautomatenkompatibel sind, d. h. sie funktionieren einwandfrei in Bargeldabhebungssystemen, Einzahlungsautomaten, Verkaufsautomaten und Geldz\u00e4hlmaschinen. Bradmoney ist weltweit f\u00fchrend im Online Verkauf von Falschgeld und bietet gef\u00e4lschtes Geld mit un\u00fcbertroffener Qualit\u00e4tskontrolle und Kundenzufriedenheit an. Wenn Sie auf der Suche nach dem realistischsten Falschgeld auf dem Markt sind, \u00fcbertrifft unsere gef\u00e4lschte 100 Euro Banknote alle Erwartungen, da sie nicht nur so aussieht, sondern auch den Goldstandard der Branche darstellt. Gef\u00e4lschte 100 Euro Scheine zu verkaufen.<\/p>","protected":false},"excerpt":{"rendered":"<div class=\"description woocommerce-product-details__short-description\">\n<p>&nbsp;<\/p>\n<p>Kaufen Sie gef\u00e4lschte 100-Euro-Scheine \u2013 realistisch, ATM-kompatibel und nicht nachweisbar. Perfekt f\u00fcr Superm\u00e4rkte, Geldautomaten, Reisekosten und Zahlungen im Alltag. Kaufen Sie gef\u00e4lschte 100-Euro-Banknoten, die genau wie das Original aussehen und sich auch so anf\u00fchlen. Bei Bradmoney Inc. Banknotes stehen hochwertige Produkte und Dienstleistungen an erster Stelle. Eine unserer besten Euro-Banknoten, die von uns hergestellt werden, ist die 100-Euro-Banknote.<\/p>\n<\/div>","protected":false},"featured_media":67,"comment_status":"open","ping_status":"closed","template":"","meta":[],"product_brand":[],"product_cat":[20],"product_tag":[],"class_list":{"0":"post-64","1":"product","2":"type-product","3":"status-publish","4":"has-post-thumbnail","6":"product_cat-fake-euro","8":"first","9":"instock","10":"taxable","11":"shipping-taxable","12":"purchasable","13":"product-type-simple"},"_links":{"self":[{"href":"https:\/\/bradmoney.com\/de\/wp-json\/wp\/v2\/product\/64","targetHints":{"allow":["GET"]}}],"collection":[{"href":"https:\/\/bradmoney.com\/de\/wp-json\/wp\/v2\/product"}],"about":[{"href":"https:\/\/bradmoney.com\/de\/wp-json\/wp\/v2\/types\/product"}],"replies":[{"embeddable":true,"href":"https:\/\/bradmoney.com\/de\/wp-json\/wp\/v2\/comments?post=64"}],"version-history":[{"count":1,"href":"https:\/\/bradmoney.com\/de\/wp-json\/wp\/v2\/product\/64\/revisions"}],"predecessor-version":[{"id":17826,"href":"https:\/\/bradmoney.com\/de\/wp-json\/wp\/v2\/product\/64\/revisions\/17826"}],"wp:featuredmedia":[{"embeddable":true,"href":"https:\/\/bradmoney.com\/de\/wp-json\/wp\/v2\/media\/67"}],"wp:attachment":[{"href":"https:\/\/bradmoney.com\/de\/wp-json\/wp\/v2\/media?parent=64"}],"wp:term":[{"taxonomy":"product_brand","embeddable":true,"href":"https:\/\/bradmoney.com\/de\/wp-json\/wp\/v2\/product_brand?post=64"},{"taxonomy":"product_cat","embeddable":true,"href":"https:\/\/bradmoney.com\/de\/wp-json\/wp\/v2\/product_cat?post=64"},{"taxonomy":"product_tag","embeddable":true,"href":"https:\/\/bradmoney.com\/de\/wp-json\/wp\/v2\/product_tag?post=64"}],"curies":[{"name":"wp","href":"https:\/\/api.w.org\/{rel}","templated":true}]}}