{"id":44,"date":"2023-06-19T06:09:36","date_gmt":"2023-06-19T06:09:36","guid":{"rendered":"https:\/\/www.bradfakemoney.com\/?post_type=product&#038;p=44"},"modified":"2026-03-30T12:34:13","modified_gmt":"2026-03-30T20:34:13","slug":"gefalschte-cad-50","status":"publish","type":"product","link":"https:\/\/bradmoney.com\/de\/produkt\/gefalschte-cad-50\/","title":{"rendered":"Gef\u00e4lschter Kanadischer Dollar $50"},"content":{"rendered":"<p data-start=\"421\" data-end=\"928\">Die gef\u00e4lschten kanadischen 50 Dollar Scheine von Bradmoney geh\u00f6ren zu den realistischsten Falschgeldscheinen, die weltweit erh\u00e4ltlich sind. Diese nicht nachweisbaren 50 CAD Scheine wurden mit fortschrittlicher Drucktechnologie und pr\u00e4zisen Details gestaltet und spiegeln alle Sicherheitsmerkmale der echten Banknoten der Bank of Canada wider. Wenn Sie sich f\u00fcr <a id=\"buy-fake-50-Canadian-Dollar-bills-online\"><\/a><a href=\"https:\/\/bradmoney.com\/de\/produktkategorie\/gefalschte-kanadische-dollar\/\">Falsche 50 Dollar Scheine online kaufen<\/a>, Sie investieren in die vertrauensw\u00fcrdigste Quelle f\u00fcr hochwertige kanadische Falschgeld Dollar, die im Alltag einwandfrei funktionieren.<\/p>\n<p data-start=\"930\" data-end=\"1312\">What makes our counterfeit 50 CAD banknotes unique is the perfect replication of the polymer substrate, transparent windows, color shifting metallic strip\u00a0and holographic elements found in real Canadian currency. Each note feels identical to genuine money, complete with raised tactile print and UV\/IR features that ensure detection proof performance.<\/p>\n<p data-start=\"1314\" data-end=\"1786\">Unlike poor quality counterfeits, Bradmoney\u2019s <a id=\"fake-50-Canadian-Dollars-for-sale\"><\/a>fake 50 Canadian Dollars for sale are undetectable by money scanners, counterfeit detectors and ATMs. That means you can use these bills normally in daily life whether withdrawing at an ATM, paying in supermarkets, purchasing fuel at gas stations, dining at restaurants or shopping in malls. The reliability and accuracy of our counterfeit money make it the best fake Canadian dollars you can buy in Canada<strong data-start=\"1732\" data-end=\"1783\">.<\/strong><\/p>\n<p>This Fake Canadian dollar bill is a perfect replica of the original notes. At first glance, you won\u2019t be able to tell the difference.<\/p>\n<p>Wir verf\u00fcgen \u00fcber die modernste Technologie f\u00fcr die Herstellung von <a id=\"fake-Canadian-dollars\"><\/a>gef\u00e4lschte kanadische Dollars, auch wenn der Druck auf hochwertigem Polymer recht schwierig ist. Er weist die gleichen einzigartigen Designs und Texturen auf wie die echten Dollars.<\/p>\n<p>Dar\u00fcber hinaus sorgen die lebendigen Farben und realistischen Details daf\u00fcr, dass es vollkommen authentisch aussieht und keine Anzeichen einer F\u00e4lschung aufweist. Die Banknote hat au\u00dferdem dieselbe Gr\u00f6\u00dfe wie die echte Banknote, sodass sie bei Verwendung an jedem beliebigen Ort nicht zu erkennen ist.<\/p>\n<p>Die Menschen k\u00f6nnen die Rechnung als <a id=\"best-canadian-prop-money\"><\/a><a href=\"https:\/\/bradmoney.com\/de\/produktkategorie\/gefalschte-kanadische-dollar\/\">best canadian prop money<\/a> in movies or simply in everyday life to pay for goods and services. It\u2019s a great way to add a touch of realism and make a statement. In addition to the superior quality of our fake dollars, the value of your purchase is guaranteed.<\/p>\n<p>Wir garantieren Ihnen, dass Sie genau die von Ihnen bestellte Menge an Scheinen erhalten, ohne zus\u00e4tzliche Geb\u00fchren oder versteckte Kosten. Wenn Sie auf der Suche nach einem qualitativ hochwertigen gef\u00e4lschten Dollar sind, bei dem Sie keine Abstriche bei den Details oder dem Wert machen m\u00fcssen, sind Sie bei uns genau richtig. <a id=\"counterfeit-canadian-money\"><\/a>gef\u00e4lschtes kanadisches Geld.<\/p>\n<p>Mit unseren Preisen, \u00fcberragenden Produktionsstandards und unserer Geld-zur\u00fcck-Garantie k\u00f6nnen Sie sicher sein, dass Sie die beste F\u00e4lschung bekommen, die man f\u00fcr Geld kaufen kann.<\/p>\n<p>The company backs the bill with a lifetime guarantee and makes it in a protective sleeve to keep it in great condition.The Fake Canadian Dollar bill is sure to provide you with years of usage . Get your fake money now and start enjoying your life.<\/p>\n<p data-start=\"3456\" data-end=\"3819\">When it comes to buying fake 50 Canadian Dollars, Bradmoney stands above every other supplier. Our counterfeit notes are trusted across Canada and worldwide because they deliver flawless results in real world use. If you\u2019re looking for high quality, undetectable counterfeit 50 CAD bills that you can rely on every day, Bradmoney is the only choice.<\/p>\n<p data-start=\"3821\" data-end=\"3955\">Order now and experience the best fake Canadian dollars online<strong data-start=\"3850\" data-end=\"3888\">. <\/strong>Realistic, secure and trusted by thousands of satisfied buyers. Buy fake dollars online!<\/p>","protected":false},"excerpt":{"rendered":"<p>Kaufen Sie gef\u00e4lschte 50 Kanada Dollar Scheine online bei Bradmoney. Unsere realistischen gef\u00e4lschten 50 CAD Scheine sind nicht zu erkennen, von hoher Qualit\u00e4t und werden von Geldautomaten, Scannern und Detektionsstiften akzeptiert. Sie eignen sich perfekt f\u00fcr den t\u00e4glichen Gebrauch in Gesch\u00e4ften, Superm\u00e4rkten, Restaurants und Tankstellen.<\/p>","protected":false},"featured_media":45,"comment_status":"open","ping_status":"closed","template":"","meta":[],"product_brand":[],"product_cat":[18],"product_tag":[],"class_list":{"0":"post-44","1":"product","2":"type-product","3":"status-publish","4":"has-post-thumbnail","6":"product_cat-fake-canadian-dollars","8":"first","9":"instock","10":"taxable","11":"shipping-taxable","12":"purchasable","13":"product-type-simple"},"_links":{"self":[{"href":"https:\/\/bradmoney.com\/de\/wp-json\/wp\/v2\/product\/44","targetHints":{"allow":["GET"]}}],"collection":[{"href":"https:\/\/bradmoney.com\/de\/wp-json\/wp\/v2\/product"}],"about":[{"href":"https:\/\/bradmoney.com\/de\/wp-json\/wp\/v2\/types\/product"}],"replies":[{"embeddable":true,"href":"https:\/\/bradmoney.com\/de\/wp-json\/wp\/v2\/comments?post=44"}],"version-history":[{"count":1,"href":"https:\/\/bradmoney.com\/de\/wp-json\/wp\/v2\/product\/44\/revisions"}],"predecessor-version":[{"id":17828,"href":"https:\/\/bradmoney.com\/de\/wp-json\/wp\/v2\/product\/44\/revisions\/17828"}],"wp:featuredmedia":[{"embeddable":true,"href":"https:\/\/bradmoney.com\/de\/wp-json\/wp\/v2\/media\/45"}],"wp:attachment":[{"href":"https:\/\/bradmoney.com\/de\/wp-json\/wp\/v2\/media?parent=44"}],"wp:term":[{"taxonomy":"product_brand","embeddable":true,"href":"https:\/\/bradmoney.com\/de\/wp-json\/wp\/v2\/product_brand?post=44"},{"taxonomy":"product_cat","embeddable":true,"href":"https:\/\/bradmoney.com\/de\/wp-json\/wp\/v2\/product_cat?post=44"},{"taxonomy":"product_tag","embeddable":true,"href":"https:\/\/bradmoney.com\/de\/wp-json\/wp\/v2\/product_tag?post=44"}],"curies":[{"name":"wp","href":"https:\/\/api.w.org\/{rel}","templated":true}]}}