{"id":39,"date":"2023-06-19T06:07:10","date_gmt":"2023-06-19T06:07:10","guid":{"rendered":"https:\/\/www.bradfakemoney.com\/?post_type=product&#038;p=39"},"modified":"2026-03-30T12:34:56","modified_gmt":"2026-03-30T20:34:56","slug":"gefalschte-cad-20","status":"publish","type":"product","link":"https:\/\/bradmoney.com\/de\/produkt\/gefalschte-cad-20\/","title":{"rendered":"Gef\u00e4lschter Kanadischer Dollar $20"},"content":{"rendered":"<p>Bradmoney proudly offers the most realistic fake 20 Canadian Dollar bills\u00a0available anywhere in the world. Our undetectable counterfeit Canadian dollar notes are engineered with precision to perfectly replicate the design, security features, and texture of the authentic Bank of Canada polymer bill. When you buy from Bradmoney, you are investing in <a href=\"https:\/\/bradmoney.com\/de\/produkt\/gefalschte-cad-10\/\"><strong data-start=\"686\" data-end=\"722\">high quality fake Canadian dollars<\/strong><\/a> that works flawlessly in daily life.<\/p>\n<p>Buy the highest quality Fake Canadian Dollar bills on the market. Our counterfeit bills are meticulously crafted using polymer, just like the real ones with every single detail embedded by trained experienced professionals .<\/p>\n<p>Get your hands on these realistic looking fake dollars anywhere in canada at your doorstep and experience the convenience and flexibility they offer. The <a id=\"fake-canadian-polymer-notes\"><\/a>fake canadian polymer notes are shipped to your location discreetly without any hassle or hinges.<\/p>\n<p>We also have the added option of meeting in person where you can inspect the quality of the notes before deciding to make any purchase .<\/p>\n<p>Don&#8217;t miss out on this opportunity to <a id=\"buy-fake-canadian-dollar\"><\/a><a href=\"https:\/\/bradmoney.com\/de\/produktkategorie\/gefalschte-kanadische-dollar\/\">gef\u00e4lschte kanadische Dollar kaufen<\/a> at an unbeatable price. the money can be used as <a id=\"canadian-prop-money\"><\/a>canadian prop money for certain events . Order now and enjoy the benefits of having fake money at your disposal. Fake Canadian Dollar $20 on sale!<\/p>\n<h3 data-start=\"2458\" data-end=\"2512\">Why Bradmoney\u2019s Fake 20 CAD Notes are the Best<\/h3>\n<p data-start=\"2514\" data-end=\"2656\">Choosing Bradmoney means choosing quality, security and trust. Here\u2019s why our fake Canadian dollar bills is considered the best worldwide:<\/p>\n<ul data-start=\"2658\" data-end=\"2982\">\n<li data-start=\"2658\" data-end=\"2742\">\n<p data-start=\"2660\" data-end=\"2742\">Unmatched authenticity \u2013 every detail copied from real Bank of Canada bills.<\/p>\n<\/li>\n<li data-start=\"2743\" data-end=\"2815\">\n<p data-start=\"2745\" data-end=\"2815\">Undetectable in ATMs and stores \u2013 passes scanners and detectors.<\/p>\n<\/li>\n<li data-start=\"2816\" data-end=\"2863\">\n<p data-start=\"2818\" data-end=\"2863\">Secure and discreet worldwide shipping.<\/p>\n<\/li>\n<li data-start=\"2864\" data-end=\"2923\">\n<p data-start=\"2866\" data-end=\"2923\">Top supplier of fake money trusted in Canada and internationally.<\/p>\n<\/li>\n<\/ul>\n<p data-start=\"2984\" data-end=\"3141\">No other provider can match Bradmoney\u2019s ability to deliver <a id=\"high-quality-counterfeit-Canadian-dollars\"><\/a><a href=\"https:\/\/bradmoney.com\/de\/produkt\/aud-50-scheine\/\">high quality counterfeit Canadian dollars<\/a>\u00a0that are indistinguishable from real currency.<\/p>","protected":false},"excerpt":{"rendered":"<div class=\"description woocommerce-product-details__short-description\">\n<div class=\"description\">\n<div class=\"description\">\n<div class=\"description\">\n<p>Kaufen Sie gef\u00e4lschtes kanadisches Geld online mit den sichersten Zahlungsmethoden. Die gef\u00e4lschten 20 Dollar Scheine von Bradmoney sind die realistischsten gef\u00e4lschten kanadischen Dollar, die es gibt. Diese nicht nachweisbaren 20 Dollar Scheine wurden mit fortschrittlichen Polymer-, Hologramm-, UV und IR Funktionen entwickelt und werden in Geldautomaten, Banken, Gesch\u00e4ften und Superm\u00e4rkten wie echtes Geld akzeptiert. Kunden weltweit vertrauen Bradmoney, wenn es um die Lieferung hochwertiger gef\u00e4lschter kanadischer Banknoten mit garantierter Echtheit und diskretem Versand geht. Kaufen Sie noch heute gef\u00e4lschte 20 Kanadische Dollar Scheine online und erleben Sie die zuverl\u00e4ssigste gef\u00e4lschte CAD W\u00e4hrung f\u00fcr den t\u00e4glichen Gebrauch.<\/p>\n<\/div>\n<\/div>\n<\/div>\n<\/div>","protected":false},"featured_media":41,"comment_status":"open","ping_status":"closed","template":"","meta":[],"product_brand":[],"product_cat":[18],"product_tag":[],"class_list":{"0":"post-39","1":"product","2":"type-product","3":"status-publish","4":"has-post-thumbnail","6":"product_cat-fake-canadian-dollars","8":"first","9":"instock","10":"taxable","11":"shipping-taxable","12":"purchasable","13":"product-type-simple"},"_links":{"self":[{"href":"https:\/\/bradmoney.com\/de\/wp-json\/wp\/v2\/product\/39","targetHints":{"allow":["GET"]}}],"collection":[{"href":"https:\/\/bradmoney.com\/de\/wp-json\/wp\/v2\/product"}],"about":[{"href":"https:\/\/bradmoney.com\/de\/wp-json\/wp\/v2\/types\/product"}],"replies":[{"embeddable":true,"href":"https:\/\/bradmoney.com\/de\/wp-json\/wp\/v2\/comments?post=39"}],"version-history":[{"count":1,"href":"https:\/\/bradmoney.com\/de\/wp-json\/wp\/v2\/product\/39\/revisions"}],"predecessor-version":[{"id":17830,"href":"https:\/\/bradmoney.com\/de\/wp-json\/wp\/v2\/product\/39\/revisions\/17830"}],"wp:featuredmedia":[{"embeddable":true,"href":"https:\/\/bradmoney.com\/de\/wp-json\/wp\/v2\/media\/41"}],"wp:attachment":[{"href":"https:\/\/bradmoney.com\/de\/wp-json\/wp\/v2\/media?parent=39"}],"wp:term":[{"taxonomy":"product_brand","embeddable":true,"href":"https:\/\/bradmoney.com\/de\/wp-json\/wp\/v2\/product_brand?post=39"},{"taxonomy":"product_cat","embeddable":true,"href":"https:\/\/bradmoney.com\/de\/wp-json\/wp\/v2\/product_cat?post=39"},{"taxonomy":"product_tag","embeddable":true,"href":"https:\/\/bradmoney.com\/de\/wp-json\/wp\/v2\/product_tag?post=39"}],"curies":[{"name":"wp","href":"https:\/\/api.w.org\/{rel}","templated":true}]}}