{"id":29,"date":"2023-06-19T05:56:03","date_gmt":"2023-06-19T05:56:03","guid":{"rendered":"https:\/\/www.bradfakemoney.com\/?post_type=product&#038;p=29"},"modified":"2026-01-23T17:02:04","modified_gmt":"2026-01-24T01:02:04","slug":"aud-100-scheine","status":"publish","type":"product","link":"https:\/\/bradmoney.com\/de\/produkt\/aud-100-scheine\/","title":{"rendered":"Gef\u00e4lschter Australischer Dollar $100"},"content":{"rendered":"<p>Kaufen Sie die meisten <a id=\"realistic-Fake-Australian-Dollar\"><\/a>realistic Fake Australian Dollar available on the market. Our <a id=\"COUNTERFEIT-BILLS\"><\/a>Gef\u00e4lschte Geldscheine werden aus hochwertigem Polymer hergestellt, das sicherstellt, dass sie genauso aussehen und sich anf\u00fchlen wie die Originalscheine, wobei jedes einzelne Detail in die gef\u00e4lschten Scheine integriert ist.<\/p>\n<p>Whether you need them for everyday use , entertainment purposes or for educational use, our counterfeit Australian Dollar notes are perfect for your needs.<\/p>\n<p>Dank unserer Liebe zum Detail und unserer sorgf\u00e4ltigen Verarbeitung ist es fast unm\u00f6glich, diese gef\u00e4lschten Scheine von den echten zu unterscheiden, selbst mit Hilfe von fortschrittlichen Geldpr\u00fcfger\u00e4ten. Verpassen Sie nicht die Gelegenheit, um<a id=\"buy-fake-australian-money-for-sale\"><\/a><a href=\"https:\/\/bradmoney.com\/de\/produktkategorie\/gefalschter-australischer-dollar\/\">Kaufen Sie gef\u00e4lschtes australisches Geld zum Verkauf<\/a> das authentisch aussieht und sich auch so anf\u00fchlt.<\/p>\n<p><a id=\"where-can-i-buy-fake-money\"><\/a>Wo kann ich Falschgeld kaufen? <a id=\"Buy-counterfeit-aud-money\"><\/a>Kaufen Sie jetzt gef\u00e4lschtes Audi-Geld und erleben Sie den Nervenkitzel, wenn Sie gef\u00e4lschtes Audi-Geld in den H\u00e4nden halten und es verwenden, um Ihre finanziellen Probleme mit so viel Leichtigkeit zu l\u00f6sen<\/p>","protected":false},"excerpt":{"rendered":"<div class=\"description woocommerce-product-details__short-description\">\n<div class=\"description\">\n<div class=\"description\">\n<div class=\"description\">\n<p>Bradmoney Inc. is working on the production of fake money from the last 15 years. We deliver fake money to various countries<\/p>\n<\/div>\n<\/div>\n<\/div>\n<\/div>","protected":false},"featured_media":30,"comment_status":"open","ping_status":"closed","template":"","meta":[],"product_brand":[],"product_cat":[17],"product_tag":[],"class_list":{"0":"post-29","1":"product","2":"type-product","3":"status-publish","4":"has-post-thumbnail","6":"product_cat-fake-australian-dollar","8":"first","9":"instock","10":"taxable","11":"shipping-taxable","12":"purchasable","13":"product-type-simple"},"_links":{"self":[{"href":"https:\/\/bradmoney.com\/de\/wp-json\/wp\/v2\/product\/29","targetHints":{"allow":["GET"]}}],"collection":[{"href":"https:\/\/bradmoney.com\/de\/wp-json\/wp\/v2\/product"}],"about":[{"href":"https:\/\/bradmoney.com\/de\/wp-json\/wp\/v2\/types\/product"}],"replies":[{"embeddable":true,"href":"https:\/\/bradmoney.com\/de\/wp-json\/wp\/v2\/comments?post=29"}],"version-history":[{"count":1,"href":"https:\/\/bradmoney.com\/de\/wp-json\/wp\/v2\/product\/29\/revisions"}],"predecessor-version":[{"id":17835,"href":"https:\/\/bradmoney.com\/de\/wp-json\/wp\/v2\/product\/29\/revisions\/17835"}],"wp:featuredmedia":[{"embeddable":true,"href":"https:\/\/bradmoney.com\/de\/wp-json\/wp\/v2\/media\/30"}],"wp:attachment":[{"href":"https:\/\/bradmoney.com\/de\/wp-json\/wp\/v2\/media?parent=29"}],"wp:term":[{"taxonomy":"product_brand","embeddable":true,"href":"https:\/\/bradmoney.com\/de\/wp-json\/wp\/v2\/product_brand?post=29"},{"taxonomy":"product_cat","embeddable":true,"href":"https:\/\/bradmoney.com\/de\/wp-json\/wp\/v2\/product_cat?post=29"},{"taxonomy":"product_tag","embeddable":true,"href":"https:\/\/bradmoney.com\/de\/wp-json\/wp\/v2\/product_tag?post=29"}],"curies":[{"name":"wp","href":"https:\/\/api.w.org\/{rel}","templated":true}]}}