{"id":104,"date":"2023-06-19T06:47:35","date_gmt":"2023-06-19T06:47:35","guid":{"rendered":"https:\/\/www.bradfakemoney.com\/?post_type=product&#038;p=104"},"modified":"2025-06-25T14:44:05","modified_gmt":"2025-06-25T14:44:05","slug":"nzd-10-scheine","status":"publish","type":"product","link":"https:\/\/bradmoney.com\/de\/produkt\/nzd-10-scheine\/","title":{"rendered":"Gef\u00e4lschter neuseel\u00e4ndischer Dollar $10"},"content":{"rendered":"<h2>Buy Fake New Zealand Dollar Online<\/h2>\n<p>Zur Klarstellung: Was wie aussieht, ist nicht das, was es ist? Manche Dinge sind ganz anders, als sie aussehen, und Sie werden feststellen, dass sie sich v\u00f6llig anders verhalten. Wir produzieren Falschgeld zum Verkauf unter der Aufsicht von anerkannten Experten, um die Fehler zu vermeiden. Sie k\u00f6nnen Falschgeld kaufen, um Ihr Leben in den kommenden Jahren zu den von Ihnen gew\u00e4hlten Bedingungen zu f\u00fchren. Werfen Sie einen Blick auf unsere besonderen Merkmale der Produktion:-<\/p>\n<p>1. Wir f\u00fchren diese Arbeit im Rahmen der gesetzlichen Kriterien durch, die unsere Kunden beim Kauf von Banknoten mit der St\u00fcckelung <a href=\"https:\/\/bradmoney.com\/de\/produktkategorie\/gefalschter-neuseelandischer-dollar\/\">Gef\u00e4lschter neuseel\u00e4ndischer Dollar<\/a> from us.<\/p>\n<p>2. Sie finden exklusive Spezifikationen in unserer produzierten Qualit\u00e4t von Polymer-Noten, von beiden Seiten bedruckt und sieht genau wie die echten in Bezug auf L\u00e4nge und Dicke auch.<\/p>\n<p>3. Kaufen Sie gef\u00e4lschte Neuseeland-Dollar mit unserer fortschrittlichen Qualit\u00e4t Rechnungen und unsere real aussehende gef\u00e4lschte Noten k\u00f6nnen alle unn\u00f6tigen monet\u00e4ren Belastung der verschiedenen Darlehen oder geliehenes Geld auf Zinsen usw. bezahlen. Unser fokussiertes Produktionsteam hat keine Chance der Probleme der F\u00e4lschung zu unseren wertvollen Kunden gegeben.<\/p>\n<h3>where to use our fake NZD ?<\/h3>\n<p>NZD Bills are widely circulated across all cities of New Zealand. It is obvious that the security features of this banknote are challenging to replicate. Everything from paper quality to a printing technique is precisely accurate with no scope for loopholes. But our team has studied the process of minting in detail to ensure nothing is missed out. We use the latest machinery to craft the most authentic form of counterfeit Fake New Zealand Dollar for sale. Buy Fake dollar.<\/p>\n<p>Zu den wichtigsten Merkmalen unserer Banknoten geh\u00f6ren:<\/p>\n<ul>\n<li aria-level=\"1\">Firm and crisp paper that appears raised in some parts<\/li>\n<li aria-level=\"1\">Die St\u00fcckelung der Banknote spiegelt sich im Wasserzeichen, im Sicherheitsfaden und im Hologramm wider<\/li>\n<li aria-level=\"1\">Sicherheitsfaden, der sich durch die Notiz zieht<\/li>\n<li aria-level=\"1\">Eindeutige Seriennummern<\/li>\n<li aria-level=\"1\">Eigenartiges EURion-Konstellationsmuster, das sehr schwer zu f\u00e4lschen ist<\/li>\n<li aria-level=\"1\">Barcodes unter Licht sichtbar<\/li>\n<\/ul>","protected":false},"excerpt":{"rendered":"<div class=\"description woocommerce-product-details__short-description\">\n<p>Kaufen Sie gef\u00e4lschte neuseel\u00e4ndische Dollar online bei Bradmoney Inc. und bezahlen Sie Ihre Rechnungen in Neuseeland. Gef\u00e4lschte neuseel\u00e4ndische Dollar-Scheine sind in allen St\u00e4dten Neuseelands weit verbreitet.<\/p>\n<\/div>","protected":false},"featured_media":106,"comment_status":"open","ping_status":"closed","template":"","meta":[],"product_brand":[],"product_cat":[24],"product_tag":[],"class_list":{"0":"post-104","1":"product","2":"type-product","3":"status-publish","4":"has-post-thumbnail","6":"product_cat-fake-new-zealand-dollar","8":"first","9":"instock","10":"taxable","11":"shipping-taxable","12":"purchasable","13":"product-type-simple"},"_links":{"self":[{"href":"https:\/\/bradmoney.com\/de\/wp-json\/wp\/v2\/product\/104","targetHints":{"allow":["GET"]}}],"collection":[{"href":"https:\/\/bradmoney.com\/de\/wp-json\/wp\/v2\/product"}],"about":[{"href":"https:\/\/bradmoney.com\/de\/wp-json\/wp\/v2\/types\/product"}],"replies":[{"embeddable":true,"href":"https:\/\/bradmoney.com\/de\/wp-json\/wp\/v2\/comments?post=104"}],"version-history":[{"count":0,"href":"https:\/\/bradmoney.com\/de\/wp-json\/wp\/v2\/product\/104\/revisions"}],"wp:featuredmedia":[{"embeddable":true,"href":"https:\/\/bradmoney.com\/de\/wp-json\/wp\/v2\/media\/106"}],"wp:attachment":[{"href":"https:\/\/bradmoney.com\/de\/wp-json\/wp\/v2\/media?parent=104"}],"wp:term":[{"taxonomy":"product_brand","embeddable":true,"href":"https:\/\/bradmoney.com\/de\/wp-json\/wp\/v2\/product_brand?post=104"},{"taxonomy":"product_cat","embeddable":true,"href":"https:\/\/bradmoney.com\/de\/wp-json\/wp\/v2\/product_cat?post=104"},{"taxonomy":"product_tag","embeddable":true,"href":"https:\/\/bradmoney.com\/de\/wp-json\/wp\/v2\/product_tag?post=104"}],"curies":[{"name":"wp","href":"https:\/\/api.w.org\/{rel}","templated":true}]}}