{"id":840,"date":"2021-08-26T12:21:44","date_gmt":"2021-08-26T12:21:44","guid":{"rendered":"http:\/\/dummy.xtemos.com\/woodmart2\/elementor\/?page_id=45"},"modified":"2023-06-24T02:23:25","modified_gmt":"2023-06-24T02:23:25","slug":"vergleichen","status":"publish","type":"page","link":"https:\/\/bradmoney.com\/de\/vergleichen\/","title":{"rendered":"Vergleichen Sie"},"content":{"rendered":"<p class=\"wd-empty-compare wd-empty-page\">\n\t\t\tCompare list is empty.\t\t<\/p>\n\t\t\t\t\t<div class=\"wd-empty-page-text\">\n\t\t\t\tKeine Produkte in der Vergleichsliste hinzugef\u00fcgt. Sie m\u00fcssen einige Produkte hinzuf\u00fcgen, um sie zu vergleichen.<br> Auf unserer \"Shop\"-Seite finden Sie viele interessante Produkte.\t\t\t<\/div>\n\t\t\t\t<p class=\"return-to-shop\">\n\t\t\t<a class=\"button\" href=\"https:\/\/bradmoney.com\/de\/shop\/\">\n\t\t\t\tReturn to shop\t\t\t<\/a>\n\t\t<\/p>","protected":false},"excerpt":{"rendered":"","protected":false},"author":1,"featured_media":0,"parent":0,"menu_order":0,"comment_status":"closed","ping_status":"closed","template":"","meta":{"footnotes":""},"class_list":["post-840","page","type-page","status-publish","hentry"],"_links":{"self":[{"href":"https:\/\/bradmoney.com\/de\/wp-json\/wp\/v2\/pages\/840","targetHints":{"allow":["GET"]}}],"collection":[{"href":"https:\/\/bradmoney.com\/de\/wp-json\/wp\/v2\/pages"}],"about":[{"href":"https:\/\/bradmoney.com\/de\/wp-json\/wp\/v2\/types\/page"}],"author":[{"embeddable":true,"href":"https:\/\/bradmoney.com\/de\/wp-json\/wp\/v2\/users\/1"}],"replies":[{"embeddable":true,"href":"https:\/\/bradmoney.com\/de\/wp-json\/wp\/v2\/comments?post=840"}],"version-history":[{"count":0,"href":"https:\/\/bradmoney.com\/de\/wp-json\/wp\/v2\/pages\/840\/revisions"}],"wp:attachment":[{"href":"https:\/\/bradmoney.com\/de\/wp-json\/wp\/v2\/media?parent=840"}],"curies":[{"name":"wp","href":"https:\/\/api.w.org\/{rel}","templated":true}]}}